{"id":4445,"date":"2018-08-30T14:16:14","date_gmt":"2018-08-30T13:16:14","guid":{"rendered":"http:\/\/meeplendice.net\/?page_id=4445"},"modified":"2020-11-22T15:37:17","modified_gmt":"2020-11-22T14:37:17","slug":"freres-de-la-cote","status":"publish","type":"page","link":"https:\/\/meeplendice.net\/?page_id=4445","title":{"rendered":"Fr\u00e8res de la C\u00f4te"},"content":{"rendered":"<p>N.T. 1685 : Sillonnez les Cara\u00efbes et hissez haut le pavillon de l\u2019agence T.I.M.E.<br \/>\nFlibustiers, corsaires et pirates vous attendent !<\/p>\n<p><span id=\"result_box\" class=\"\" lang=\"fr\"><span class=\"\"><br \/>\nD\u00e9veloppement : Ulric Maes &amp; Manuel Rozoy<br \/>\nIllustrateurs : Alexis Sentenac &amp; Pascal Quidault<\/span><\/span><\/p>\n","protected":false},"excerpt":{"rendered":"<p>N.T. 1685 : Sillonnez les Cara\u00efbes et hissez haut le pavillon de l\u2019agence T.I.M.E. Flibustiers, corsaires et pirates vous attendent ! D\u00e9veloppement : Ulric Maes &amp; Manuel Rozoy Illustrateurs : Alexis Sentenac &amp; Pascal Quidault<\/p>\n","protected":false},"author":2,"featured_media":4444,"parent":472,"menu_order":0,"comment_status":"closed","ping_status":"closed","template":"","meta":{"footnotes":""},"class_list":["post-4445","page","type-page","status-publish","has-post-thumbnail","hentry"],"acf":[],"rttpg_featured_image_url":{"full":["https:\/\/meeplendice.net\/wp-content\/uploads\/2018\/08\/TIME_Freres.png",350,350,false],"landscape":["https:\/\/meeplendice.net\/wp-content\/uploads\/2018\/08\/TIME_Freres.png",350,350,false],"portraits":["https:\/\/meeplendice.net\/wp-content\/uploads\/2018\/08\/TIME_Freres.png",350,350,false],"thumbnail":["https:\/\/meeplendice.net\/wp-content\/uploads\/2018\/08\/TIME_Freres-150x150.png",150,150,true],"medium":["https:\/\/meeplendice.net\/wp-content\/uploads\/2018\/08\/TIME_Freres-300x300.png",300,300,true],"large":["https:\/\/meeplendice.net\/wp-content\/uploads\/2018\/08\/TIME_Freres.png",350,350,false],"ug_big":["https:\/\/meeplendice.net\/wp-content\/uploads\/2018\/08\/TIME_Freres.png",350,350,false],"1536x1536":["https:\/\/meeplendice.net\/wp-content\/uploads\/2018\/08\/TIME_Freres.png",350,350,false],"2048x2048":["https:\/\/meeplendice.net\/wp-content\/uploads\/2018\/08\/TIME_Freres.png",350,350,false],"ashe-slider-grid-thumbnail":["https:\/\/meeplendice.net\/wp-content\/uploads\/2018\/08\/TIME_Freres.png",350,350,false],"ashe-full-thumbnail":["https:\/\/meeplendice.net\/wp-content\/uploads\/2018\/08\/TIME_Freres.png",350,350,false],"ashe-grid-thumbnail":["https:\/\/meeplendice.net\/wp-content\/uploads\/2018\/08\/TIME_Freres-350x330.png",350,330,true],"ashe-list-thumbnail":["https:\/\/meeplendice.net\/wp-content\/uploads\/2018\/08\/TIME_Freres-300x300.png",300,300,true],"ashe-single-navigation":["https:\/\/meeplendice.net\/wp-content\/uploads\/2018\/08\/TIME_Freres-75x75.png",75,75,true],"mailpoet_newsletter_max":["https:\/\/meeplendice.net\/wp-content\/uploads\/2018\/08\/TIME_Freres.png",350,350,false],"rpwe-thumbnail":["https:\/\/meeplendice.net\/wp-content\/uploads\/2018\/08\/TIME_Freres-45x45.png",45,45,true],"sow-carousel-default":["https:\/\/meeplendice.net\/wp-content\/uploads\/2018\/08\/TIME_Freres-272x182.png",272,182,true],"rt_custom":["https:\/\/meeplendice.net\/wp-content\/uploads\/2018\/08\/TIME_Freres.png",350,350,false]},"rttpg_author":{"display_name":"Karnby","author_link":"https:\/\/meeplendice.net\/?author=2"},"rttpg_comment":0,"rttpg_category":null,"rttpg_excerpt":"N.T. 1685 : Sillonnez les Cara\u00efbes et hissez haut le pavillon de l\u2019agence T.I.M.E. Flibustiers, corsaires et pirates vous attendent ! D\u00e9veloppement : Ulric Maes &amp; Manuel Rozoy Illustrateurs : Alexis Sentenac &amp; Pascal Quidault","_links":{"self":[{"href":"https:\/\/meeplendice.net\/index.php?rest_route=\/wp\/v2\/pages\/4445","targetHints":{"allow":["GET"]}}],"collection":[{"href":"https:\/\/meeplendice.net\/index.php?rest_route=\/wp\/v2\/pages"}],"about":[{"href":"https:\/\/meeplendice.net\/index.php?rest_route=\/wp\/v2\/types\/page"}],"author":[{"embeddable":true,"href":"https:\/\/meeplendice.net\/index.php?rest_route=\/wp\/v2\/users\/2"}],"replies":[{"embeddable":true,"href":"https:\/\/meeplendice.net\/index.php?rest_route=%2Fwp%2Fv2%2Fcomments&post=4445"}],"version-history":[{"count":2,"href":"https:\/\/meeplendice.net\/index.php?rest_route=\/wp\/v2\/pages\/4445\/revisions"}],"predecessor-version":[{"id":7567,"href":"https:\/\/meeplendice.net\/index.php?rest_route=\/wp\/v2\/pages\/4445\/revisions\/7567"}],"up":[{"embeddable":true,"href":"https:\/\/meeplendice.net\/index.php?rest_route=\/wp\/v2\/pages\/472"}],"wp:featuredmedia":[{"embeddable":true,"href":"https:\/\/meeplendice.net\/index.php?rest_route=\/wp\/v2\/media\/4444"}],"wp:attachment":[{"href":"https:\/\/meeplendice.net\/index.php?rest_route=%2Fwp%2Fv2%2Fmedia&parent=4445"}],"curies":[{"name":"wp","href":"https:\/\/api.w.org\/{rel}","templated":true}]}}