{"id":4449,"date":"2018-08-30T14:40:00","date_gmt":"2018-08-30T13:40:00","guid":{"rendered":"http:\/\/meeplendice.net\/?page_id=4449"},"modified":"2024-11-21T16:48:29","modified_gmt":"2024-11-21T14:48:29","slug":"prelude","status":"publish","type":"page","link":"https:\/\/meeplendice.net\/?page_id=4449","title":{"rendered":"Pr\u00e9lude"},"content":{"rendered":"<p style=\"text-align: justify;\"><em>Avant m\u00eame que les m\u00e9gacorporations se pr\u00e9parent \u00e0 lancer le processus de terraformation, vous avez maintenant la possibilit\u00e9 de faire ces premiers choix qui viendront d\u00e9finir votre entreprise et \u00e9tablir la voie pour le futur de Mars. C&rsquo;est le pr\u00e9lude \u00e0 vos plus grands exploits!<\/em><\/p>\n<p style=\"text-align: justify;\">Dans <em>Pr\u00e9lude<\/em>, vous pouvez choisir parmi les cartes Pr\u00e9lude qui d\u00e9clenchent le processus de terraforming, ou booster les m\u00e9canismes de votre corporation.<\/p>\n<p style=\"text-align: justify;\">Cette extension contient 5 nouvelles Corporations et 7 cartes de Projet qui d\u00e9peignent th\u00e9matiquement les premi\u00e8res \u00e9tapes de la terraformation.<\/p>\n<p style=\"text-align: justify;\"><em>Pr\u00e9lude<\/em> n\u00e9cessite le jeu de base pour jouer et elle peut \u00eatre combin\u00e9e avec n\u2019importe quelle autre extension ou variante.<\/p>\n","protected":false},"excerpt":{"rendered":"<p>Avant m\u00eame que les m\u00e9gacorporations se pr\u00e9parent \u00e0 lancer le processus de terraformation, vous avez maintenant la possibilit\u00e9 de faire ces premiers choix qui viendront d\u00e9finir votre entreprise et \u00e9tablir la voie pour le futur de Mars. C&rsquo;est le pr\u00e9lude \u00e0 vos plus grands exploits! Dans Pr\u00e9lude, vous pouvez choisir parmi les cartes Pr\u00e9lude qui d\u00e9clenchent le processus de terraforming, ou booster les m\u00e9canismes de votre corporation. Cette extension contient 5 nouvelles Corporations et 7 cartes de Projet qui d\u00e9peignent th\u00e9matiquement les premi\u00e8res \u00e9tapes de la terraformation. Pr\u00e9lude n\u00e9cessite le jeu de base pour jouer et elle peut \u00eatre combin\u00e9e avec n\u2019importe quelle autre extension ou variante.<\/p>\n","protected":false},"author":2,"featured_media":5394,"parent":3120,"menu_order":2,"comment_status":"closed","ping_status":"closed","template":"","meta":{"footnotes":""},"class_list":["post-4449","page","type-page","status-publish","has-post-thumbnail","hentry"],"acf":[],"rttpg_featured_image_url":{"full":["https:\/\/meeplendice.net\/wp-content\/uploads\/2019\/12\/Terraformingmars_Prelude.png",350,350,false],"landscape":["https:\/\/meeplendice.net\/wp-content\/uploads\/2019\/12\/Terraformingmars_Prelude.png",350,350,false],"portraits":["https:\/\/meeplendice.net\/wp-content\/uploads\/2019\/12\/Terraformingmars_Prelude.png",350,350,false],"thumbnail":["https:\/\/meeplendice.net\/wp-content\/uploads\/2019\/12\/Terraformingmars_Prelude-150x150.png",150,150,true],"medium":["https:\/\/meeplendice.net\/wp-content\/uploads\/2019\/12\/Terraformingmars_Prelude-300x300.png",300,300,true],"large":["https:\/\/meeplendice.net\/wp-content\/uploads\/2019\/12\/Terraformingmars_Prelude.png",350,350,false],"ug_big":["https:\/\/meeplendice.net\/wp-content\/uploads\/2019\/12\/Terraformingmars_Prelude.png",350,350,false],"1536x1536":["https:\/\/meeplendice.net\/wp-content\/uploads\/2019\/12\/Terraformingmars_Prelude.png",350,350,false],"2048x2048":["https:\/\/meeplendice.net\/wp-content\/uploads\/2019\/12\/Terraformingmars_Prelude.png",350,350,false],"ashe-slider-grid-thumbnail":["https:\/\/meeplendice.net\/wp-content\/uploads\/2019\/12\/Terraformingmars_Prelude.png",350,350,false],"ashe-full-thumbnail":["https:\/\/meeplendice.net\/wp-content\/uploads\/2019\/12\/Terraformingmars_Prelude.png",350,350,false],"ashe-grid-thumbnail":["https:\/\/meeplendice.net\/wp-content\/uploads\/2019\/12\/Terraformingmars_Prelude-350x330.png",350,330,true],"ashe-list-thumbnail":["https:\/\/meeplendice.net\/wp-content\/uploads\/2019\/12\/Terraformingmars_Prelude-300x300.png",300,300,true],"ashe-single-navigation":["https:\/\/meeplendice.net\/wp-content\/uploads\/2019\/12\/Terraformingmars_Prelude-75x75.png",75,75,true],"mailpoet_newsletter_max":["https:\/\/meeplendice.net\/wp-content\/uploads\/2019\/12\/Terraformingmars_Prelude.png",350,350,false],"rpwe-thumbnail":["https:\/\/meeplendice.net\/wp-content\/uploads\/2019\/12\/Terraformingmars_Prelude-45x45.png",45,45,true],"sow-carousel-default":["https:\/\/meeplendice.net\/wp-content\/uploads\/2019\/12\/Terraformingmars_Prelude-272x182.png",272,182,true],"rt_custom":["https:\/\/meeplendice.net\/wp-content\/uploads\/2019\/12\/Terraformingmars_Prelude.png",350,350,false]},"rttpg_author":{"display_name":"Karnby","author_link":"https:\/\/meeplendice.net\/?author=2"},"rttpg_comment":0,"rttpg_category":null,"rttpg_excerpt":"Avant m\u00eame que les m\u00e9gacorporations se pr\u00e9parent \u00e0 lancer le processus de terraformation, vous avez maintenant la possibilit\u00e9 de faire ces premiers choix qui viendront d\u00e9finir votre entreprise et \u00e9tablir la voie pour le futur de Mars. C&rsquo;est le pr\u00e9lude \u00e0 vos plus grands exploits! Dans Pr\u00e9lude, vous pouvez choisir parmi les cartes Pr\u00e9lude qui\u2026","_links":{"self":[{"href":"https:\/\/meeplendice.net\/index.php?rest_route=\/wp\/v2\/pages\/4449","targetHints":{"allow":["GET"]}}],"collection":[{"href":"https:\/\/meeplendice.net\/index.php?rest_route=\/wp\/v2\/pages"}],"about":[{"href":"https:\/\/meeplendice.net\/index.php?rest_route=\/wp\/v2\/types\/page"}],"author":[{"embeddable":true,"href":"https:\/\/meeplendice.net\/index.php?rest_route=\/wp\/v2\/users\/2"}],"replies":[{"embeddable":true,"href":"https:\/\/meeplendice.net\/index.php?rest_route=%2Fwp%2Fv2%2Fcomments&post=4449"}],"version-history":[{"count":6,"href":"https:\/\/meeplendice.net\/index.php?rest_route=\/wp\/v2\/pages\/4449\/revisions"}],"predecessor-version":[{"id":4451,"href":"https:\/\/meeplendice.net\/index.php?rest_route=\/wp\/v2\/pages\/4449\/revisions\/4451"}],"up":[{"embeddable":true,"href":"https:\/\/meeplendice.net\/index.php?rest_route=\/wp\/v2\/pages\/3120"}],"wp:featuredmedia":[{"embeddable":true,"href":"https:\/\/meeplendice.net\/index.php?rest_route=\/wp\/v2\/media\/5394"}],"wp:attachment":[{"href":"https:\/\/meeplendice.net\/index.php?rest_route=%2Fwp%2Fv2%2Fmedia&parent=4449"}],"curies":[{"name":"wp","href":"https:\/\/api.w.org\/{rel}","templated":true}]}}