{"id":4455,"date":"2018-08-31T10:07:35","date_gmt":"2018-08-31T09:07:35","guid":{"rendered":"http:\/\/meeplendice.net\/?page_id=4455"},"modified":"2020-11-13T17:15:11","modified_gmt":"2020-11-13T16:15:11","slug":"reworld","status":"publish","type":"page","link":"https:\/\/meeplendice.net\/?page_id=4455","title":{"rendered":"Reworld"},"content":{"rendered":"<div id=\"pl-4455\"  class=\"panel-layout\" ><div id=\"pg-4455-0\"  class=\"panel-grid panel-no-style\" ><div id=\"pgc-4455-0-0\"  class=\"panel-grid-cell\" ><div id=\"panel-4455-0-0-0\" class=\"so-panel widget widget_sow-editor panel-first-child panel-last-child\" data-index=\"0\" ><div\n\t\t\t\n\t\t\tclass=\"so-widget-sow-editor so-widget-sow-editor-base\"\n\t\t\t\n\t\t>\n<div class=\"siteorigin-widget-tinymce textwidget\">\n\t<p style=\"text-align: center;\"><strong>Nombre de joueurs :<br \/>\n<\/strong>2 - 4<\/p>\n<\/div>\n<\/div><\/div><\/div><div id=\"pgc-4455-0-1\"  class=\"panel-grid-cell\" ><div id=\"panel-4455-0-1-0\" class=\"so-panel widget widget_sow-editor panel-first-child panel-last-child\" data-index=\"1\" ><div\n\t\t\t\n\t\t\tclass=\"so-widget-sow-editor so-widget-sow-editor-base\"\n\t\t\t\n\t\t>\n<div class=\"siteorigin-widget-tinymce textwidget\">\n\t<p style=\"text-align: center;\"><strong>Dur\u00e9e moyenne :<br \/>\n<\/strong>120 min<\/p>\n<\/div>\n<\/div><\/div><\/div><div id=\"pgc-4455-0-2\"  class=\"panel-grid-cell\" ><div id=\"panel-4455-0-2-0\" class=\"so-panel widget widget_sow-editor panel-first-child panel-last-child\" data-index=\"2\" ><div\n\t\t\t\n\t\t\tclass=\"so-widget-sow-editor so-widget-sow-editor-base\"\n\t\t\t\n\t\t>\n<div class=\"siteorigin-widget-tinymce textwidget\">\n\t<p style=\"text-align: center;\"><strong>Age :<\/strong><br \/>\n12 ans et plus<\/p>\n<\/div>\n<\/div><\/div><\/div><\/div><div id=\"pg-4455-1\"  class=\"panel-grid panel-no-style\" ><div id=\"pgc-4455-1-0\"  class=\"panel-grid-cell\" ><div id=\"panel-4455-1-0-0\" class=\"so-panel widget widget_sow-editor panel-first-child panel-last-child\" data-index=\"3\" ><div\n\t\t\t\n\t\t\tclass=\"so-widget-sow-editor so-widget-sow-editor-base\"\n\t\t\t\n\t\t>\n<div class=\"siteorigin-widget-tinymce textwidget\">\n\t<p style=\"text-align: center;\"><strong>Auteur(s) :<br \/>\n<\/strong>Wolfgang Kramer<br \/>\nMichael Kiesling<\/p>\n<\/div>\n<\/div><\/div><\/div><div id=\"pgc-4455-1-1\"  class=\"panel-grid-cell\" ><div id=\"panel-4455-1-1-0\" class=\"so-panel widget widget_sow-editor panel-first-child panel-last-child\" data-index=\"4\" ><div\n\t\t\t\n\t\t\tclass=\"so-widget-sow-editor so-widget-sow-editor-base\"\n\t\t\t\n\t\t>\n<div class=\"siteorigin-widget-tinymce textwidget\">\n\t<p style=\"text-align: center;\"><strong>Illustrations :<br \/>\n<\/strong> Michael Menzel<\/p>\n<\/div>\n<\/div><\/div><\/div><div id=\"pgc-4455-1-2\"  class=\"panel-grid-cell\" ><div id=\"panel-4455-1-2-0\" class=\"so-panel widget widget_sow-editor panel-first-child panel-last-child\" data-index=\"5\" ><div\n\t\t\t\n\t\t\tclass=\"so-widget-sow-editor so-widget-sow-editor-base\"\n\t\t\t\n\t\t>\n<div class=\"siteorigin-widget-tinymce textwidget\">\n\t<p style=\"text-align: center;\"><strong>\u00c9dition :<\/strong><br \/>\nEggertspiele<br \/>\n2017<\/p>\n<\/div>\n<\/div><\/div><\/div><div id=\"pgc-4455-1-3\"  class=\"panel-grid-cell\" ><div id=\"panel-4455-1-3-0\" class=\"so-panel widget widget_sow-editor panel-first-child panel-last-child\" data-index=\"6\" ><div\n\t\t\t\n\t\t\tclass=\"so-widget-sow-editor so-widget-sow-editor-base\"\n\t\t\t\n\t\t>\n<div class=\"siteorigin-widget-tinymce textwidget\">\n\t<p style=\"text-align: center;\"><strong>Version :<\/strong><br \/>\nFran\u00e7aise<\/p>\n<\/div>\n<\/div><\/div><\/div><\/div><div id=\"pg-4455-2\"  class=\"panel-grid panel-no-style\" ><div id=\"pgc-4455-2-0\"  class=\"panel-grid-cell\" ><div id=\"panel-4455-2-0-0\" class=\"so-panel widget widget_sow-editor panel-first-child panel-last-child\" data-index=\"7\" ><div\n\t\t\t\n\t\t\tclass=\"so-widget-sow-editor so-widget-sow-editor-base\"\n\t\t\t\n\t\t>\n<div class=\"siteorigin-widget-tinymce textwidget\">\n\t<hr \/>\n<p>ExoFox 5 a enfin termin\u00e9 d'analyser Eurybia et a confirm\u00e9 que cette plan\u00e8te est la meilleure option pour \u00e9tablir le Projet Reworld. Nous ne pouvons plus attendre. Le temps presse !<\/p>\n<p>Amiral, votre mission est de pr\u00e9parer Eurybia pour que la flotte de vaisseaux de population qui vous suit puisse s'\u00e9tablir sur une plan\u00e8te habitable. Nous planifions de fonder plusieurs villes dans diff\u00e9rentes r\u00e9gions climatiques ainsi que de construire d'immense r\u00e9seau de d\u00e9fense autour de la plan\u00e8te.<\/p>\n<p>Ici \u00e0 la Station Colossus, vous devrez d'abord acqu\u00e9rir les modules de terrabots, de navettes, de satellites et d'unit\u00e9s de transformation que vous amarrerez \u00e0 votre cargo.<\/p>\n<p>Ensuite vous voyagerez vers Eurybia en \u00e9tat d'hibernation. Une fois en orbite, les choses devront progresser rapidement. Vos r\u00e9serves en \u00e9nergie seront limit\u00e9es. Il n'y aura pas beaucoup de place pour les changements ni pour l'improvisation. Plus vous serez pr\u00e9voyant dans le chargement de vos modules sur vos quais, plus l'\u00e9tablissement de notre nouvelle terre sera efficace.<\/p>\n<p>Sachez que vous n'\u00eates pas le seul assign\u00e9 \u00e0 cette mission. Mais si vous donnez tout ce que vous avez, notre sera \u00e0 jamais associ\u00e9 au sauvetage de l'humanit\u00e9<\/p>\n<p>Bonne change !<\/p>\n<\/div>\n<\/div><\/div><\/div><\/div><div id=\"pg-4455-3\"  class=\"panel-grid panel-no-style\" ><div id=\"pgc-4455-3-0\"  class=\"panel-grid-cell\" ><div id=\"panel-4455-3-0-0\" class=\"so-panel widget widget_sow-editor panel-first-child panel-last-child\" data-index=\"8\" ><div\n\t\t\t\n\t\t\tclass=\"so-widget-sow-editor so-widget-sow-editor-base\"\n\t\t\t\n\t\t>\n<div class=\"siteorigin-widget-tinymce textwidget\">\n\t<hr \/>\n<p style=\"text-align: center;\"><strong>En vid\u00e9o<\/strong><\/p>\n<\/div>\n<\/div><\/div><\/div><\/div><div id=\"pg-4455-4\"  class=\"panel-grid panel-no-style\" ><div id=\"pgc-4455-4-0\"  class=\"panel-grid-cell\" ><div id=\"panel-4455-4-0-0\" class=\"so-panel widget widget_sow-editor panel-first-child panel-last-child\" data-index=\"9\" ><div\n\t\t\t\n\t\t\tclass=\"so-widget-sow-editor so-widget-sow-editor-base\"\n\t\t\t\n\t\t>\n<div class=\"siteorigin-widget-tinymce textwidget\">\n\t<hr \/>\n<p style=\"text-align: center;\"><strong>Pour aller plus loin<\/strong><\/p>\n<\/div>\n<\/div><\/div><\/div><\/div><\/div>","protected":false},"excerpt":{"rendered":"<p>Nombre de joueurs : 2 &#8211; 4 Dur\u00e9e moyenne : 120 min Age : 12 ans et plus Auteur(s) : Wolfgang Kramer Michael Kiesling Illustrations : Michael Menzel \u00c9dition : Eggertspiele 2017 Version : Fran\u00e7aise<\/p>\n","protected":false},"author":2,"featured_media":4440,"parent":0,"menu_order":0,"comment_status":"closed","ping_status":"closed","template":"","meta":{"footnotes":""},"class_list":["post-4455","page","type-page","status-publish","has-post-thumbnail","hentry"],"acf":[],"rttpg_featured_image_url":{"full":["https:\/\/meeplendice.net\/wp-content\/uploads\/2018\/08\/Reworld.png",350,350,false],"landscape":["https:\/\/meeplendice.net\/wp-content\/uploads\/2018\/08\/Reworld.png",350,350,false],"portraits":["https:\/\/meeplendice.net\/wp-content\/uploads\/2018\/08\/Reworld.png",350,350,false],"thumbnail":["https:\/\/meeplendice.net\/wp-content\/uploads\/2018\/08\/Reworld-150x150.png",150,150,true],"medium":["https:\/\/meeplendice.net\/wp-content\/uploads\/2018\/08\/Reworld-300x300.png",300,300,true],"large":["https:\/\/meeplendice.net\/wp-content\/uploads\/2018\/08\/Reworld.png",350,350,false],"ug_big":["https:\/\/meeplendice.net\/wp-content\/uploads\/2018\/08\/Reworld.png",350,350,false],"1536x1536":["https:\/\/meeplendice.net\/wp-content\/uploads\/2018\/08\/Reworld.png",350,350,false],"2048x2048":["https:\/\/meeplendice.net\/wp-content\/uploads\/2018\/08\/Reworld.png",350,350,false],"ashe-slider-grid-thumbnail":["https:\/\/meeplendice.net\/wp-content\/uploads\/2018\/08\/Reworld.png",350,350,false],"ashe-full-thumbnail":["https:\/\/meeplendice.net\/wp-content\/uploads\/2018\/08\/Reworld.png",350,350,false],"ashe-grid-thumbnail":["https:\/\/meeplendice.net\/wp-content\/uploads\/2018\/08\/Reworld-350x330.png",350,330,true],"ashe-list-thumbnail":["https:\/\/meeplendice.net\/wp-content\/uploads\/2018\/08\/Reworld-300x300.png",300,300,true],"ashe-single-navigation":["https:\/\/meeplendice.net\/wp-content\/uploads\/2018\/08\/Reworld-75x75.png",75,75,true],"mailpoet_newsletter_max":["https:\/\/meeplendice.net\/wp-content\/uploads\/2018\/08\/Reworld.png",350,350,false],"rpwe-thumbnail":["https:\/\/meeplendice.net\/wp-content\/uploads\/2018\/08\/Reworld-45x45.png",45,45,true],"sow-carousel-default":["https:\/\/meeplendice.net\/wp-content\/uploads\/2018\/08\/Reworld-272x182.png",272,182,true],"rt_custom":["https:\/\/meeplendice.net\/wp-content\/uploads\/2018\/08\/Reworld.png",350,350,false]},"rttpg_author":{"display_name":"Karnby","author_link":"https:\/\/meeplendice.net\/?author=2"},"rttpg_comment":0,"rttpg_category":null,"rttpg_excerpt":"Nombre de joueurs : 2 - 4 Dur\u00e9e moyenne : 120 min Age : 12 ans et plus Auteur(s) : Wolfgang Kramer Michael Kiesling Illustrations : Michael Menzel \u00c9dition : Eggertspiele 2017 Version : Fran\u00e7aise","_links":{"self":[{"href":"https:\/\/meeplendice.net\/index.php?rest_route=\/wp\/v2\/pages\/4455","targetHints":{"allow":["GET"]}}],"collection":[{"href":"https:\/\/meeplendice.net\/index.php?rest_route=\/wp\/v2\/pages"}],"about":[{"href":"https:\/\/meeplendice.net\/index.php?rest_route=\/wp\/v2\/types\/page"}],"author":[{"embeddable":true,"href":"https:\/\/meeplendice.net\/index.php?rest_route=\/wp\/v2\/users\/2"}],"replies":[{"embeddable":true,"href":"https:\/\/meeplendice.net\/index.php?rest_route=%2Fwp%2Fv2%2Fcomments&post=4455"}],"version-history":[{"count":5,"href":"https:\/\/meeplendice.net\/index.php?rest_route=\/wp\/v2\/pages\/4455\/revisions"}],"predecessor-version":[{"id":7372,"href":"https:\/\/meeplendice.net\/index.php?rest_route=\/wp\/v2\/pages\/4455\/revisions\/7372"}],"wp:featuredmedia":[{"embeddable":true,"href":"https:\/\/meeplendice.net\/index.php?rest_route=\/wp\/v2\/media\/4440"}],"wp:attachment":[{"href":"https:\/\/meeplendice.net\/index.php?rest_route=%2Fwp%2Fv2%2Fmedia&parent=4455"}],"curies":[{"name":"wp","href":"https:\/\/api.w.org\/{rel}","templated":true}]}}