{"id":4458,"date":"2018-08-31T10:25:32","date_gmt":"2018-08-31T09:25:32","guid":{"rendered":"http:\/\/meeplendice.net\/?page_id=4458"},"modified":"2023-02-01T20:03:15","modified_gmt":"2023-02-01T19:03:15","slug":"sagrada","status":"publish","type":"page","link":"https:\/\/meeplendice.net\/?page_id=4458","title":{"rendered":"Sagrada"},"content":{"rendered":"<div id=\"pl-4458\"  class=\"panel-layout\" ><div id=\"pg-4458-0\"  class=\"panel-grid panel-no-style\" ><div id=\"pgc-4458-0-0\"  class=\"panel-grid-cell\" ><div id=\"panel-4458-0-0-0\" class=\"so-panel widget widget_sow-editor panel-first-child panel-last-child\" data-index=\"0\" ><div\n\t\t\t\n\t\t\tclass=\"so-widget-sow-editor so-widget-sow-editor-base\"\n\t\t\t\n\t\t>\n<div class=\"siteorigin-widget-tinymce textwidget\">\n\t<p style=\"text-align: center;\"><strong>Nombre de joueurs :<\/strong><br \/>\n2 - 4<\/p>\n<\/div>\n<\/div><\/div><\/div><div id=\"pgc-4458-0-1\"  class=\"panel-grid-cell\" ><div id=\"panel-4458-0-1-0\" class=\"so-panel widget widget_sow-editor panel-first-child panel-last-child\" data-index=\"1\" ><div\n\t\t\t\n\t\t\tclass=\"so-widget-sow-editor so-widget-sow-editor-base\"\n\t\t\t\n\t\t>\n<div class=\"siteorigin-widget-tinymce textwidget\">\n\t<p style=\"text-align: center;\"><strong>Dur\u00e9e moyenne :<\/strong><br \/>\n60 min<\/p>\n<\/div>\n<\/div><\/div><\/div><div id=\"pgc-4458-0-2\"  class=\"panel-grid-cell\" ><div id=\"panel-4458-0-2-0\" class=\"so-panel widget widget_sow-editor panel-first-child panel-last-child\" data-index=\"2\" ><div\n\t\t\t\n\t\t\tclass=\"so-widget-sow-editor so-widget-sow-editor-base\"\n\t\t\t\n\t\t>\n<div class=\"siteorigin-widget-tinymce textwidget\">\n\t<p style=\"text-align: center;\"><strong>Age :<\/strong><br \/>\n12 ans et plus<\/p>\n<\/div>\n<\/div><\/div><\/div><\/div><div id=\"pg-4458-1\"  class=\"panel-grid panel-no-style\" ><div id=\"pgc-4458-1-0\"  class=\"panel-grid-cell\" ><div id=\"panel-4458-1-0-0\" class=\"so-panel widget widget_sow-editor panel-first-child panel-last-child\" data-index=\"3\" ><div\n\t\t\t\n\t\t\tclass=\"so-widget-sow-editor so-widget-sow-editor-base\"\n\t\t\t\n\t\t>\n<div class=\"siteorigin-widget-tinymce textwidget\">\n\t<p style=\"text-align: center;\"><strong>Auteur(s) :<br \/>\n<\/strong>Daryl Andrews<br \/>\nAdrian Adamescu<\/p>\n<\/div>\n<\/div><\/div><\/div><div id=\"pgc-4458-1-1\"  class=\"panel-grid-cell\" ><div id=\"panel-4458-1-1-0\" class=\"so-panel widget widget_sow-editor panel-first-child panel-last-child\" data-index=\"4\" ><div\n\t\t\t\n\t\t\tclass=\"so-widget-sow-editor so-widget-sow-editor-base\"\n\t\t\t\n\t\t>\n<div class=\"siteorigin-widget-tinymce textwidget\">\n\t<p style=\"text-align: center;\"><strong>Illustrations :<\/strong><br \/>\nPeter Wocken (Design LLC)<\/p>\n<\/div>\n<\/div><\/div><\/div><div id=\"pgc-4458-1-2\"  class=\"panel-grid-cell\" ><div id=\"panel-4458-1-2-0\" class=\"so-panel widget widget_sow-editor panel-first-child panel-last-child\" data-index=\"5\" ><div\n\t\t\t\n\t\t\tclass=\"so-widget-sow-editor so-widget-sow-editor-base\"\n\t\t\t\n\t\t>\n<div class=\"siteorigin-widget-tinymce textwidget\">\n\t<p style=\"text-align: center;\"><strong>\u00c9dition :<br \/>\n<\/strong>Matagot<br \/>\n2018<\/p>\n<\/div>\n<\/div><\/div><\/div><div id=\"pgc-4458-1-3\"  class=\"panel-grid-cell\" ><div id=\"panel-4458-1-3-0\" class=\"so-panel widget widget_sow-editor panel-first-child panel-last-child\" data-index=\"6\" ><div\n\t\t\t\n\t\t\tclass=\"so-widget-sow-editor so-widget-sow-editor-base\"\n\t\t\t\n\t\t>\n<div class=\"siteorigin-widget-tinymce textwidget\">\n\t<p style=\"text-align: center;\"><strong>Version :<\/strong><br \/>\nFran\u00e7aise<\/p>\n<\/div>\n<\/div><\/div><\/div><\/div><div id=\"pg-4458-2\"  class=\"panel-grid panel-no-style\" ><div id=\"pgc-4458-2-0\"  class=\"panel-grid-cell\" ><div id=\"panel-4458-2-0-0\" class=\"so-panel widget widget_sow-editor panel-first-child panel-last-child\" data-index=\"7\" ><div\n\t\t\t\n\t\t\tclass=\"so-widget-sow-editor so-widget-sow-editor-base\"\n\t\t\t\n\t\t>\n<div class=\"siteorigin-widget-tinymce textwidget\">\n\t<hr \/>\n<p>Vous \u00eates un artiste en comp\u00e9tition avec d'autres artistes de votre trempe pour cr\u00e9er le plus beau vitrail de la Sagrada Famillia. Vos morceaux de vitrail sont repr\u00e9sent\u00e9s par des d\u00e9s, qui on une couleur et une nuance - \u00e0 savoir les valeurs indiqu\u00e9es sur les d\u00e9s (plus la valeur est basse, plus la nuance est claire).<\/p>\n<\/div>\n<\/div><\/div><\/div><\/div><div id=\"pg-4458-3\"  class=\"panel-grid panel-no-style\" ><div id=\"pgc-4458-3-0\"  class=\"panel-grid-cell\" ><div id=\"panel-4458-3-0-0\" class=\"so-panel widget widget_sow-editor panel-first-child panel-last-child\" data-index=\"8\" ><div\n\t\t\t\n\t\t\tclass=\"so-widget-sow-editor so-widget-sow-editor-base\"\n\t\t\t\n\t\t>\n<div class=\"siteorigin-widget-tinymce textwidget\">\n\t<hr \/>\n<h3 style=\"text-align: center;\">En vid\u00e9o<\/h3>\n<p><a href=\"https:\/\/www.trictrac.net\/actus\/sagrada-de-lexplication\" target=\"_blank\" rel=\"noopener\"><img loading=\"lazy\" decoding=\"async\" class=\"alignnone size-full wp-image-9090\" src=\"https:\/\/meeplendice.net\/wp-content\/uploads\/2022\/01\/Link_CJ_v2.png\" alt=\"\" width=\"200\" height=\"170\" \/><\/a><\/p>\n<\/div>\n<\/div><\/div><\/div><\/div><div id=\"pg-4458-4\"  class=\"panel-grid panel-no-style\" ><div id=\"pgc-4458-4-0\"  class=\"panel-grid-cell\" ><div id=\"panel-4458-4-0-0\" class=\"so-panel widget widget_sow-editor panel-first-child panel-last-child\" data-index=\"9\" ><div\n\t\t\t\n\t\t\tclass=\"so-widget-sow-editor so-widget-sow-editor-base\"\n\t\t\t\n\t\t>\n<div class=\"siteorigin-widget-tinymce textwidget\">\n\t<hr \/>\n<h3 style=\"text-align: center;\">Extension(s)<\/h3>\n<p>&nbsp;<\/p>\n<style type='text\/css' media='all'>#rt-tpg-container-199246591 .read-more a{border-radius:px;}#rt-tpg-container-199246591 .rt-img-holder img.rt-img-responsive,#rt-tpg-container-199246591 .rt-img-holder,\n\t\t\t\t\t#rt-tpg-container-199246591 .rt-post-overlay .post-img,\n\t\t\t\t\t#rt-tpg-container-199246591 .post-sm .post-img,\n\t\t\t\t\t#rt-tpg-container-199246591 .rt-post-grid .post-img,\n\t\t\t\t\t#rt-tpg-container-199246591 .post-img img {border-radius:px;}#rt-tpg-container-199246591 .layout9 .rt-holder h2.entry-title,\n\t\t\t\t\t#rt-tpg-container-199246591 .layout9 .rt-holder h3.entry-title,\n\t\t\t\t\t#rt-tpg-container-199246591 .layout9 .rt-holder h4.entry-title,\n\t\t\t\t\t#rt-tpg-container-199246591 .layout9 .rt-holder h2.entry-title a,\n\t\t\t\t\t#rt-tpg-container-199246591 .layout9 .rt-holder h3.entry-title a,\n\t\t\t\t\t#rt-tpg-container-199246591 .layout9 .rt-holder h4.entry-title a,\n\t\t\t\t\t#rt-tpg-container-199246591 .rt-holder .rt-woo-info h2 a,\n\t\t\t\t\t#rt-tpg-container-199246591 .rt-holder .rt-woo-info h3 a,\n\t\t\t\t\t#rt-tpg-container-199246591 .rt-holder .rt-woo-info h4 a,\n\t\t\t\t\t#rt-tpg-container-199246591 .post-content .post-title,\n\t\t\t\t\t#rt-tpg-container-199246591 .rt-post-grid .post-title,\n\t\t\t\t\t#rt-tpg-container-199246591 .rt-post-grid .post-title a,\n\t\t\t\t\t#rt-tpg-container-199246591 .post-content .post-title a,\n\t\t\t\t\t#rt-tpg-container-199246591 .rt-holder .rt-woo-info h2,\n\t\t\t\t\t#rt-tpg-container-199246591 .rt-holder .rt-woo-info h3,\n\t\t\t\t\t#rt-tpg-container-199246591 .rt-holder .rt-woo-info h4{font-size:16px;line-height:26px;font-weight:normal;text-align:center;}#rt-tpg-container-199246591 .post-grid-lg-style-1 .post-title,\n\t\t\t\t\t\t#rt-tpg-container-199246591 .post-grid-lg-style-1 .post-title a,\n\t\t\t\t\t\t#rt-tpg-container-199246591 .big-layout .post-title,\n\t\t\t\t\t\t#rt-tpg-container-199246591 .big-layout .post-title a,\n\t\t\t\t\t\t#rt-tpg-container-199246591 .post-grid-lg-style-1 .post-title,\n\t\t\t\t\t\t#rt-tpg-container-199246591 .post-grid-lg-style-1 .post-title a {font-size:24px;line-height:34px;}<\/style><div class='rt-container-fluid rt-tpg-container tpg-shortcode-main-wrapper ' id='rt-tpg-container-199246591'   data-layout='layout9' data-grid-style='even' data-desktop-col='3'  data-tab-col='2'  data-mobile-col='1' data-sc-id='5463'><div data-title='Loading ...' class='rt-row rt-content-loader   layout9 tpg-even '><div class=\"rt-col-md-4 rt-col-sm-6 rt-col-xs-12 even-grid-item rt-grid-item img_zoom_in\" data-id=\"5456\"><div class=\"rt-holder\"><div class='overlay'><a data-id='5456' class=' tpg-single-popup' href='https:\/\/meeplendice.net\/?page_id=5456'><img loading=\"lazy\" decoding=\"async\" width=\"350\" height=\"350\" src=\"https:\/\/meeplendice.net\/wp-content\/uploads\/2019\/12\/Sagrada_Passion.png\" class=\"rt-img-responsive \" alt=\"\" \/><\/a><\/div><div class='post-info'><h2 class=\"entry-title\"><a data-id=\"5456\" class=\" tpg-single-popup\" href=\"https:\/\/meeplendice.net\/?page_id=5456\">Passion<\/a><\/h2><div class='post-meta-user '><\/div><\/div><\/div><\/div><div class=\"rt-col-md-4 rt-col-sm-6 rt-col-xs-12 even-grid-item rt-grid-item img_zoom_in\" data-id=\"7840\"><div class=\"rt-holder\"><div class='overlay'><a data-id='7840' class=' tpg-single-popup' href='https:\/\/meeplendice.net\/?page_id=7840'><img loading=\"lazy\" decoding=\"async\" width=\"350\" height=\"350\" src=\"https:\/\/meeplendice.net\/wp-content\/uploads\/2020\/12\/Sagrada_Life.png\" class=\"rt-img-responsive \" alt=\"\" \/><\/a><\/div><div class='post-info'><h2 class=\"entry-title\"><a data-id=\"7840\" class=\" tpg-single-popup\" href=\"https:\/\/meeplendice.net\/?page_id=7840\">Life<\/a><\/h2><div class='post-meta-user '><\/div><\/div><\/div><\/div><div class=\"rt-col-md-4 rt-col-sm-6 rt-col-xs-12 even-grid-item rt-grid-item img_zoom_in\" data-id=\"10587\"><div class=\"rt-holder\"><div class='overlay'><a data-id='10587' class=' tpg-single-popup' href='https:\/\/meeplendice.net\/?page_id=10587'><img loading=\"lazy\" decoding=\"async\" width=\"350\" height=\"350\" src=\"https:\/\/meeplendice.net\/wp-content\/uploads\/2023\/02\/Sagrada_6-5.png\" class=\"rt-img-responsive \" alt=\"\" \/><\/a><\/div><div class='post-info'><h2 class=\"entry-title\"><a data-id=\"10587\" class=\" tpg-single-popup\" href=\"https:\/\/meeplendice.net\/?page_id=10587\">5 &#038; 6 Joueurs<\/a><\/h2><div class='post-meta-user '><\/div><\/div><\/div><\/div><\/div><div class='rt-pagination-wrap' data-total-pages='2' data-posts-per-page='3' data-type='pagination_ajax'  ><div class='rt-page-numbers'><\/div><\/div><\/div>\n<\/div>\n<\/div><\/div><\/div><\/div><div id=\"pg-4458-5\"  class=\"panel-grid panel-no-style\" ><div id=\"pgc-4458-5-0\"  class=\"panel-grid-cell\" ><div id=\"panel-4458-5-0-0\" class=\"so-panel widget widget_sow-editor panel-first-child panel-last-child\" data-index=\"10\" ><div\n\t\t\t\n\t\t\tclass=\"so-widget-sow-editor so-widget-sow-editor-base\"\n\t\t\t\n\t\t>\n<div class=\"siteorigin-widget-tinymce textwidget\">\n\t<hr \/>\n<h3 style=\"text-align: center;\">Pour aller plus loin<\/h3>\n<\/div>\n<\/div><\/div><\/div><\/div><\/div>","protected":false},"excerpt":{"rendered":"<p>Nombre de joueurs : 2 &#8211; 4 Dur\u00e9e moyenne : 60 min Age : 12 ans et plus Auteur(s) : Daryl Andrews Adrian Adamescu Illustrations : Peter Wocken (Design LLC) \u00c9dition : Matagot 2018 Version : Fran\u00e7aise<\/p>\n","protected":false},"author":2,"featured_media":4437,"parent":0,"menu_order":0,"comment_status":"closed","ping_status":"closed","template":"","meta":{"footnotes":""},"class_list":["post-4458","page","type-page","status-publish","has-post-thumbnail","hentry"],"acf":[],"rttpg_featured_image_url":{"full":["https:\/\/meeplendice.net\/wp-content\/uploads\/2018\/08\/Sagrada.png",350,350,false],"landscape":["https:\/\/meeplendice.net\/wp-content\/uploads\/2018\/08\/Sagrada.png",350,350,false],"portraits":["https:\/\/meeplendice.net\/wp-content\/uploads\/2018\/08\/Sagrada.png",350,350,false],"thumbnail":["https:\/\/meeplendice.net\/wp-content\/uploads\/2018\/08\/Sagrada-150x150.png",150,150,true],"medium":["https:\/\/meeplendice.net\/wp-content\/uploads\/2018\/08\/Sagrada-300x300.png",300,300,true],"large":["https:\/\/meeplendice.net\/wp-content\/uploads\/2018\/08\/Sagrada.png",350,350,false],"ug_big":["https:\/\/meeplendice.net\/wp-content\/uploads\/2018\/08\/Sagrada.png",350,350,false],"1536x1536":["https:\/\/meeplendice.net\/wp-content\/uploads\/2018\/08\/Sagrada.png",350,350,false],"2048x2048":["https:\/\/meeplendice.net\/wp-content\/uploads\/2018\/08\/Sagrada.png",350,350,false],"ashe-slider-grid-thumbnail":["https:\/\/meeplendice.net\/wp-content\/uploads\/2018\/08\/Sagrada.png",350,350,false],"ashe-full-thumbnail":["https:\/\/meeplendice.net\/wp-content\/uploads\/2018\/08\/Sagrada.png",350,350,false],"ashe-grid-thumbnail":["https:\/\/meeplendice.net\/wp-content\/uploads\/2018\/08\/Sagrada-350x330.png",350,330,true],"ashe-list-thumbnail":["https:\/\/meeplendice.net\/wp-content\/uploads\/2018\/08\/Sagrada-300x300.png",300,300,true],"ashe-single-navigation":["https:\/\/meeplendice.net\/wp-content\/uploads\/2018\/08\/Sagrada-75x75.png",75,75,true],"mailpoet_newsletter_max":["https:\/\/meeplendice.net\/wp-content\/uploads\/2018\/08\/Sagrada.png",350,350,false],"rpwe-thumbnail":["https:\/\/meeplendice.net\/wp-content\/uploads\/2018\/08\/Sagrada-45x45.png",45,45,true],"sow-carousel-default":["https:\/\/meeplendice.net\/wp-content\/uploads\/2018\/08\/Sagrada-272x182.png",272,182,true],"rt_custom":["https:\/\/meeplendice.net\/wp-content\/uploads\/2018\/08\/Sagrada.png",350,350,false]},"rttpg_author":{"display_name":"Karnby","author_link":"https:\/\/meeplendice.net\/?author=2"},"rttpg_comment":0,"rttpg_category":null,"rttpg_excerpt":"Nombre de joueurs : 2 - 4 Dur\u00e9e moyenne : 60 min Age : 12 ans et plus Auteur(s) : Daryl Andrews Adrian Adamescu Illustrations : Peter Wocken (Design LLC) \u00c9dition : Matagot 2018 Version : Fran\u00e7aise","_links":{"self":[{"href":"https:\/\/meeplendice.net\/index.php?rest_route=\/wp\/v2\/pages\/4458","targetHints":{"allow":["GET"]}}],"collection":[{"href":"https:\/\/meeplendice.net\/index.php?rest_route=\/wp\/v2\/pages"}],"about":[{"href":"https:\/\/meeplendice.net\/index.php?rest_route=\/wp\/v2\/types\/page"}],"author":[{"embeddable":true,"href":"https:\/\/meeplendice.net\/index.php?rest_route=\/wp\/v2\/users\/2"}],"replies":[{"embeddable":true,"href":"https:\/\/meeplendice.net\/index.php?rest_route=%2Fwp%2Fv2%2Fcomments&post=4458"}],"version-history":[{"count":12,"href":"https:\/\/meeplendice.net\/index.php?rest_route=\/wp\/v2\/pages\/4458\/revisions"}],"predecessor-version":[{"id":10592,"href":"https:\/\/meeplendice.net\/index.php?rest_route=\/wp\/v2\/pages\/4458\/revisions\/10592"}],"wp:featuredmedia":[{"embeddable":true,"href":"https:\/\/meeplendice.net\/index.php?rest_route=\/wp\/v2\/media\/4437"}],"wp:attachment":[{"href":"https:\/\/meeplendice.net\/index.php?rest_route=%2Fwp%2Fv2%2Fmedia&parent=4458"}],"curies":[{"name":"wp","href":"https:\/\/api.w.org\/{rel}","templated":true}]}}