{"id":4473,"date":"2018-08-31T13:36:23","date_gmt":"2018-08-31T12:36:23","guid":{"rendered":"http:\/\/meeplendice.net\/?page_id=4473"},"modified":"2020-11-13T16:34:15","modified_gmt":"2020-11-13T15:34:15","slug":"galymede","status":"publish","type":"page","link":"https:\/\/meeplendice.net\/?page_id=4473","title":{"rendered":"Ganym\u00e8de"},"content":{"rendered":"<div id=\"pl-4473\"  class=\"panel-layout\" ><div id=\"pg-4473-0\"  class=\"panel-grid panel-no-style\" ><div id=\"pgc-4473-0-0\"  class=\"panel-grid-cell\" ><div id=\"panel-4473-0-0-0\" class=\"so-panel widget widget_sow-editor panel-first-child panel-last-child\" data-index=\"0\" ><div\n\t\t\t\n\t\t\tclass=\"so-widget-sow-editor so-widget-sow-editor-base\"\n\t\t\t\n\t\t>\n<div class=\"siteorigin-widget-tinymce textwidget\">\n\t<p style=\"text-align: center;\"><strong>Nombre de joueurs :<\/strong><br \/>\n2 - 4<\/p>\n<\/div>\n<\/div><\/div><\/div><div id=\"pgc-4473-0-1\"  class=\"panel-grid-cell\" ><div id=\"panel-4473-0-1-0\" class=\"so-panel widget widget_sow-editor panel-first-child panel-last-child\" data-index=\"1\" ><div\n\t\t\t\n\t\t\tclass=\"so-widget-sow-editor so-widget-sow-editor-base\"\n\t\t\t\n\t\t>\n<div class=\"siteorigin-widget-tinymce textwidget\">\n\t<p style=\"text-align: center;\"><strong>Dur\u00e9e moyenne :<br \/>\n<\/strong> 60 min<\/p>\n<\/div>\n<\/div><\/div><\/div><div id=\"pgc-4473-0-2\"  class=\"panel-grid-cell\" ><div id=\"panel-4473-0-2-0\" class=\"so-panel widget widget_sow-editor panel-first-child panel-last-child\" data-index=\"2\" ><div\n\t\t\t\n\t\t\tclass=\"so-widget-sow-editor so-widget-sow-editor-base\"\n\t\t\t\n\t\t>\n<div class=\"siteorigin-widget-tinymce textwidget\">\n\t<p style=\"text-align: center;\"><strong>Age :<\/strong><br \/>\n14 ans et plus<\/p>\n<\/div>\n<\/div><\/div><\/div><\/div><div id=\"pg-4473-1\"  class=\"panel-grid panel-no-style\" ><div id=\"pgc-4473-1-0\"  class=\"panel-grid-cell\" ><div id=\"panel-4473-1-0-0\" class=\"so-panel widget widget_sow-editor panel-first-child panel-last-child\" data-index=\"3\" ><div\n\t\t\t\n\t\t\tclass=\"so-widget-sow-editor so-widget-sow-editor-base\"\n\t\t\t\n\t\t>\n<div class=\"siteorigin-widget-tinymce textwidget\">\n\t<p style=\"text-align: center;\"><strong>Auteur(s) :<br \/>\n<\/strong>Hope S. Hwang<\/p>\n<\/div>\n<\/div><\/div><\/div><div id=\"pgc-4473-1-1\"  class=\"panel-grid-cell\" ><div id=\"panel-4473-1-1-0\" class=\"so-panel widget widget_sow-editor panel-first-child panel-last-child\" data-index=\"4\" ><div\n\t\t\t\n\t\t\tclass=\"so-widget-sow-editor so-widget-sow-editor-base\"\n\t\t\t\n\t\t>\n<div class=\"siteorigin-widget-tinymce textwidget\">\n\t<p style=\"text-align: center;\"><strong>Illustrations :<\/strong><br \/>\nOliver Mootoo<\/p>\n<\/div>\n<\/div><\/div><\/div><div id=\"pgc-4473-1-2\"  class=\"panel-grid-cell\" ><div id=\"panel-4473-1-2-0\" class=\"so-panel widget widget_sow-editor panel-first-child panel-last-child\" data-index=\"5\" ><div\n\t\t\t\n\t\t\tclass=\"so-widget-sow-editor so-widget-sow-editor-base\"\n\t\t\t\n\t\t>\n<div class=\"siteorigin-widget-tinymce textwidget\">\n\t<p style=\"text-align: center;\"><strong>\u00c9dition :<\/strong><br \/>\nSorry We Are French<br \/>\n2018<\/p>\n<\/div>\n<\/div><\/div><\/div><div id=\"pgc-4473-1-3\"  class=\"panel-grid-cell\" ><div id=\"panel-4473-1-3-0\" class=\"so-panel widget widget_sow-editor panel-first-child panel-last-child\" data-index=\"6\" ><div\n\t\t\t\n\t\t\tclass=\"so-widget-sow-editor so-widget-sow-editor-base\"\n\t\t\t\n\t\t>\n<div class=\"siteorigin-widget-tinymce textwidget\">\n\t<p style=\"text-align: center;\"><strong>Version :<\/strong><br \/>\nFran\u00e7aise<\/p>\n<\/div>\n<\/div><\/div><\/div><\/div><div id=\"pg-4473-2\"  class=\"panel-grid panel-no-style\" ><div id=\"pgc-4473-2-0\"  class=\"panel-grid-cell\" ><div id=\"panel-4473-2-0-0\" class=\"so-panel widget widget_sow-editor panel-first-child panel-last-child\" data-index=\"7\" ><div\n\t\t\t\n\t\t\tclass=\"so-widget-sow-editor so-widget-sow-editor-base\"\n\t\t\t\n\t\t>\n<div class=\"siteorigin-widget-tinymce textwidget\">\n\t<hr \/>\n<div>Chaque joueur incarne une Corporation du futur sp\u00e9cialis\u00e9e dans le transport de Colons destin\u00e9s \u00e0 explorer des plan\u00e8tes inexplor\u00e9es de la galaxie. Ces Corporations recherchent des Colons de diff\u00e9rents corps de m\u00e9tiers :<\/div>\n<div>\n<ul>\n<li>Les Colons bleus travaillent dans le secteur du marketing et de la communication. Ils aident les Corporations \u00e0 recruter davantage de Colons.<\/li>\n<li>Les Colons rouges sont sp\u00e9cialis\u00e9s dans les fonctions de commandement et de leadership. Ils aident les Corporations \u00e0 adapter leur demande sp\u00e9cifique en Colons.<\/li>\n<li>Les Colons jaunes sont des Ing\u00e9nieurs qui aident les Colons \u00e0 voyager plus rapidement.<\/li>\n<li>Les Colons violets travaillent dans le secteur social. Ils aident les Corporations \u00e0 am\u00e9liorer leur R\u00e9putation.<\/li>\n<\/ul>\n<\/div>\n<div>Les Corporations sont charg\u00e9es d\u2019organiser la 1\u00e8re \u00e9tape du voyage des Colons, \u00e0 savoir le transport vers Ganym\u00e8de, l\u2019un des<\/div>\n<div>satellites de Jupiter, o\u00f9 se trouve la base de lancement des Vaisseaux de Colons.<\/div>\n<\/div>\n<\/div><\/div><\/div><\/div><div id=\"pg-4473-3\"  class=\"panel-grid panel-no-style\" ><div id=\"pgc-4473-3-0\"  class=\"panel-grid-cell\" ><div id=\"panel-4473-3-0-0\" class=\"so-panel widget widget_sow-editor panel-first-child panel-last-child\" data-index=\"8\" ><div\n\t\t\t\n\t\t\tclass=\"so-widget-sow-editor so-widget-sow-editor-base\"\n\t\t\t\n\t\t>\n<div class=\"siteorigin-widget-tinymce textwidget\">\n\t<hr \/>\n<p style=\"text-align: center;\"><strong>En vid\u00e9o<\/strong><\/p>\n<\/div>\n<\/div><\/div><\/div><div id=\"pgc-4473-3-1\"  class=\"panel-grid-cell\" ><div id=\"panel-4473-3-1-0\" class=\"so-panel widget widget_sow-editor panel-first-child panel-last-child\" data-index=\"9\" ><div\n\t\t\t\n\t\t\tclass=\"so-widget-sow-editor so-widget-sow-editor-base\"\n\t\t\t\n\t\t>\n<div class=\"siteorigin-widget-tinymce textwidget\">\n\t<hr \/>\n<p style=\"text-align: center;\"><strong>Extension(s)<\/strong><\/p>\n<p style=\"text-align: center;\"><style type='text\/css' media='all'>#rt-tpg-container-3826385878 .read-more a{border-radius:px;}#rt-tpg-container-3826385878 .rt-img-holder img.rt-img-responsive,#rt-tpg-container-3826385878 .rt-img-holder,\n\t\t\t\t\t#rt-tpg-container-3826385878 .rt-post-overlay .post-img,\n\t\t\t\t\t#rt-tpg-container-3826385878 .post-sm .post-img,\n\t\t\t\t\t#rt-tpg-container-3826385878 .rt-post-grid .post-img,\n\t\t\t\t\t#rt-tpg-container-3826385878 .post-img img {border-radius:px;}#rt-tpg-container-3826385878 .layout9 .rt-holder h2.entry-title,\n\t\t\t\t\t#rt-tpg-container-3826385878 .layout9 .rt-holder h3.entry-title,\n\t\t\t\t\t#rt-tpg-container-3826385878 .layout9 .rt-holder h4.entry-title,\n\t\t\t\t\t#rt-tpg-container-3826385878 .layout9 .rt-holder h2.entry-title a,\n\t\t\t\t\t#rt-tpg-container-3826385878 .layout9 .rt-holder h3.entry-title a,\n\t\t\t\t\t#rt-tpg-container-3826385878 .layout9 .rt-holder h4.entry-title a,\n\t\t\t\t\t#rt-tpg-container-3826385878 .rt-holder .rt-woo-info h2 a,\n\t\t\t\t\t#rt-tpg-container-3826385878 .rt-holder .rt-woo-info h3 a,\n\t\t\t\t\t#rt-tpg-container-3826385878 .rt-holder .rt-woo-info h4 a,\n\t\t\t\t\t#rt-tpg-container-3826385878 .post-content .post-title,\n\t\t\t\t\t#rt-tpg-container-3826385878 .rt-post-grid .post-title,\n\t\t\t\t\t#rt-tpg-container-3826385878 .rt-post-grid .post-title a,\n\t\t\t\t\t#rt-tpg-container-3826385878 .post-content .post-title a,\n\t\t\t\t\t#rt-tpg-container-3826385878 .rt-holder .rt-woo-info h2,\n\t\t\t\t\t#rt-tpg-container-3826385878 .rt-holder .rt-woo-info h3,\n\t\t\t\t\t#rt-tpg-container-3826385878 .rt-holder .rt-woo-info h4{font-size:16px;line-height:26px;font-weight:normal;text-align:center;}#rt-tpg-container-3826385878 .post-grid-lg-style-1 .post-title,\n\t\t\t\t\t\t#rt-tpg-container-3826385878 .post-grid-lg-style-1 .post-title a,\n\t\t\t\t\t\t#rt-tpg-container-3826385878 .big-layout .post-title,\n\t\t\t\t\t\t#rt-tpg-container-3826385878 .big-layout .post-title a,\n\t\t\t\t\t\t#rt-tpg-container-3826385878 .post-grid-lg-style-1 .post-title,\n\t\t\t\t\t\t#rt-tpg-container-3826385878 .post-grid-lg-style-1 .post-title a {font-size:24px;line-height:34px;}<\/style><div class='rt-container-fluid rt-tpg-container tpg-shortcode-main-wrapper ' id='rt-tpg-container-3826385878'   data-layout='layout9' data-grid-style='even' data-desktop-col='3'  data-tab-col='2'  data-mobile-col='1' data-sc-id='5314'><div data-title='Loading ...' class='rt-row rt-content-loader   layout9 tpg-even '><div class=\"rt-col-md-4 rt-col-sm-6 rt-col-xs-12 even-grid-item rt-grid-item img_zoom_in\" data-id=\"5312\"><div class=\"rt-holder\"><div class='overlay'><a data-id='5312' class=' tpg-single-popup' href='https:\/\/meeplendice.net\/?page_id=5312'><img loading=\"lazy\" decoding=\"async\" width=\"350\" height=\"350\" src=\"https:\/\/meeplendice.net\/wp-content\/uploads\/2019\/11\/Ganymede_Moon.png\" class=\"rt-img-responsive \" alt=\"\" \/><\/a><\/div><div class='post-info'><h2 class=\"entry-title\"><a data-id=\"5312\" class=\" tpg-single-popup\" href=\"https:\/\/meeplendice.net\/?page_id=5312\">Moon<\/a><\/h2><div class='post-meta-user '><\/div><\/div><\/div><\/div><\/div><div class='rt-pagination-wrap' data-total-pages='1' data-posts-per-page='3' data-type='pagination_ajax'  ><div class='rt-page-numbers'><\/div><\/div><\/div><\/p>\n<\/div>\n<\/div><\/div><\/div><\/div><div id=\"pg-4473-4\"  class=\"panel-grid panel-no-style\" ><div id=\"pgc-4473-4-0\"  class=\"panel-grid-cell\" ><div id=\"panel-4473-4-0-0\" class=\"so-panel widget widget_sow-editor panel-first-child panel-last-child\" data-index=\"10\" ><div\n\t\t\t\n\t\t\tclass=\"so-widget-sow-editor so-widget-sow-editor-base\"\n\t\t\t\n\t\t>\n<div class=\"siteorigin-widget-tinymce textwidget\">\n\t<hr \/>\n<p style=\"text-align: center;\"><strong>Pour aller plus loin<\/strong><\/p>\n<\/div>\n<\/div><\/div><\/div><\/div><\/div>","protected":false},"excerpt":{"rendered":"<p>Nombre de joueurs : 2 &#8211; 4 Dur\u00e9e moyenne : 60 min Age : 14 ans et plus Auteur(s) : Hope S. Hwang Illustrations : Oliver Mootoo \u00c9dition : Sorry We Are French 2018 Version : Fran\u00e7aise<\/p>\n","protected":false},"author":2,"featured_media":4436,"parent":0,"menu_order":0,"comment_status":"closed","ping_status":"closed","template":"","meta":{"footnotes":""},"class_list":["post-4473","page","type-page","status-publish","has-post-thumbnail","hentry"],"acf":[],"rttpg_featured_image_url":{"full":["https:\/\/meeplendice.net\/wp-content\/uploads\/2018\/08\/Ganymede.png",350,350,false],"landscape":["https:\/\/meeplendice.net\/wp-content\/uploads\/2018\/08\/Ganymede.png",350,350,false],"portraits":["https:\/\/meeplendice.net\/wp-content\/uploads\/2018\/08\/Ganymede.png",350,350,false],"thumbnail":["https:\/\/meeplendice.net\/wp-content\/uploads\/2018\/08\/Ganymede-150x150.png",150,150,true],"medium":["https:\/\/meeplendice.net\/wp-content\/uploads\/2018\/08\/Ganymede-300x300.png",300,300,true],"large":["https:\/\/meeplendice.net\/wp-content\/uploads\/2018\/08\/Ganymede.png",350,350,false],"ug_big":["https:\/\/meeplendice.net\/wp-content\/uploads\/2018\/08\/Ganymede.png",350,350,false],"1536x1536":["https:\/\/meeplendice.net\/wp-content\/uploads\/2018\/08\/Ganymede.png",350,350,false],"2048x2048":["https:\/\/meeplendice.net\/wp-content\/uploads\/2018\/08\/Ganymede.png",350,350,false],"ashe-slider-grid-thumbnail":["https:\/\/meeplendice.net\/wp-content\/uploads\/2018\/08\/Ganymede.png",350,350,false],"ashe-full-thumbnail":["https:\/\/meeplendice.net\/wp-content\/uploads\/2018\/08\/Ganymede.png",350,350,false],"ashe-grid-thumbnail":["https:\/\/meeplendice.net\/wp-content\/uploads\/2018\/08\/Ganymede-350x330.png",350,330,true],"ashe-list-thumbnail":["https:\/\/meeplendice.net\/wp-content\/uploads\/2018\/08\/Ganymede-300x300.png",300,300,true],"ashe-single-navigation":["https:\/\/meeplendice.net\/wp-content\/uploads\/2018\/08\/Ganymede-75x75.png",75,75,true],"mailpoet_newsletter_max":["https:\/\/meeplendice.net\/wp-content\/uploads\/2018\/08\/Ganymede.png",350,350,false],"rpwe-thumbnail":["https:\/\/meeplendice.net\/wp-content\/uploads\/2018\/08\/Ganymede-45x45.png",45,45,true],"sow-carousel-default":["https:\/\/meeplendice.net\/wp-content\/uploads\/2018\/08\/Ganymede-272x182.png",272,182,true],"rt_custom":["https:\/\/meeplendice.net\/wp-content\/uploads\/2018\/08\/Ganymede.png",350,350,false]},"rttpg_author":{"display_name":"Karnby","author_link":"https:\/\/meeplendice.net\/?author=2"},"rttpg_comment":0,"rttpg_category":null,"rttpg_excerpt":"Nombre de joueurs : 2 - 4 Dur\u00e9e moyenne : 60 min Age : 14 ans et plus Auteur(s) : Hope S. Hwang Illustrations : Oliver Mootoo \u00c9dition : Sorry We Are French 2018 Version : Fran\u00e7aise","_links":{"self":[{"href":"https:\/\/meeplendice.net\/index.php?rest_route=\/wp\/v2\/pages\/4473","targetHints":{"allow":["GET"]}}],"collection":[{"href":"https:\/\/meeplendice.net\/index.php?rest_route=\/wp\/v2\/pages"}],"about":[{"href":"https:\/\/meeplendice.net\/index.php?rest_route=\/wp\/v2\/types\/page"}],"author":[{"embeddable":true,"href":"https:\/\/meeplendice.net\/index.php?rest_route=\/wp\/v2\/users\/2"}],"replies":[{"embeddable":true,"href":"https:\/\/meeplendice.net\/index.php?rest_route=%2Fwp%2Fv2%2Fcomments&post=4473"}],"version-history":[{"count":9,"href":"https:\/\/meeplendice.net\/index.php?rest_route=\/wp\/v2\/pages\/4473\/revisions"}],"predecessor-version":[{"id":7252,"href":"https:\/\/meeplendice.net\/index.php?rest_route=\/wp\/v2\/pages\/4473\/revisions\/7252"}],"wp:featuredmedia":[{"embeddable":true,"href":"https:\/\/meeplendice.net\/index.php?rest_route=\/wp\/v2\/media\/4436"}],"wp:attachment":[{"href":"https:\/\/meeplendice.net\/index.php?rest_route=%2Fwp%2Fv2%2Fmedia&parent=4473"}],"curies":[{"name":"wp","href":"https:\/\/api.w.org\/{rel}","templated":true}]}}