{"id":4541,"date":"2018-11-04T17:14:48","date_gmt":"2018-11-04T16:14:48","guid":{"rendered":"http:\/\/meeplendice.net\/?page_id=4541"},"modified":"2020-11-13T16:29:09","modified_gmt":"2020-11-13T15:29:09","slug":"dicetopia","status":"publish","type":"page","link":"https:\/\/meeplendice.net\/?page_id=4541","title":{"rendered":"Dicetopia"},"content":{"rendered":"<div id=\"pl-4541\"  class=\"panel-layout\" ><div id=\"pg-4541-0\"  class=\"panel-grid panel-no-style\" ><div id=\"pgc-4541-0-0\"  class=\"panel-grid-cell\" ><div id=\"panel-4541-0-0-0\" class=\"so-panel widget widget_sow-editor panel-first-child panel-last-child\" data-index=\"0\" ><div\n\t\t\t\n\t\t\tclass=\"so-widget-sow-editor so-widget-sow-editor-base\"\n\t\t\t\n\t\t>\n<div class=\"siteorigin-widget-tinymce textwidget\">\n\t<p style=\"text-align: center;\"><strong>Nombre de joueurs :<\/strong><br \/>\n2 - 4<\/p>\n<\/div>\n<\/div><\/div><\/div><div id=\"pgc-4541-0-1\"  class=\"panel-grid-cell\" ><div id=\"panel-4541-0-1-0\" class=\"so-panel widget widget_sow-editor panel-first-child panel-last-child\" data-index=\"1\" ><div\n\t\t\t\n\t\t\tclass=\"so-widget-sow-editor so-widget-sow-editor-base\"\n\t\t\t\n\t\t>\n<div class=\"siteorigin-widget-tinymce textwidget\">\n\t<p style=\"text-align: center;\"><strong>Dur\u00e9e moyenne :<\/strong><br \/>\n30 min<\/p>\n<\/div>\n<\/div><\/div><\/div><div id=\"pgc-4541-0-2\"  class=\"panel-grid-cell\" ><div id=\"panel-4541-0-2-0\" class=\"so-panel widget widget_sow-editor panel-first-child panel-last-child\" data-index=\"2\" ><div\n\t\t\t\n\t\t\tclass=\"so-widget-sow-editor so-widget-sow-editor-base\"\n\t\t\t\n\t\t>\n<div class=\"siteorigin-widget-tinymce textwidget\">\n\t<p style=\"text-align: center;\"><strong>Age :<\/strong><br \/>\n14 ans et plus<\/p>\n<\/div>\n<\/div><\/div><\/div><\/div><div id=\"pg-4541-1\"  class=\"panel-grid panel-no-style\" ><div id=\"pgc-4541-1-0\"  class=\"panel-grid-cell\" ><div id=\"panel-4541-1-0-0\" class=\"so-panel widget widget_sow-editor panel-first-child panel-last-child\" data-index=\"3\" ><div\n\t\t\t\n\t\t\tclass=\"so-widget-sow-editor so-widget-sow-editor-base\"\n\t\t\t\n\t\t>\n<div class=\"siteorigin-widget-tinymce textwidget\">\n\t<p style=\"text-align: center;\"><strong>Auteur(s) :<br \/>\n<\/strong>Tobias Hall<\/p>\n<\/div>\n<\/div><\/div><\/div><div id=\"pgc-4541-1-1\"  class=\"panel-grid-cell\" ><div id=\"panel-4541-1-1-0\" class=\"so-panel widget widget_sow-editor panel-first-child panel-last-child\" data-index=\"4\" ><div\n\t\t\t\n\t\t\tclass=\"so-widget-sow-editor so-widget-sow-editor-base\"\n\t\t\t\n\t\t>\n<div class=\"siteorigin-widget-tinymce textwidget\">\n\t<p style=\"text-align: center;\"><strong>Illustrations :<\/strong><br \/>\nAnthony Cournoyer<\/p>\n<\/div>\n<\/div><\/div><\/div><div id=\"pgc-4541-1-2\"  class=\"panel-grid-cell\" ><div id=\"panel-4541-1-2-0\" class=\"so-panel widget widget_sow-editor panel-first-child panel-last-child\" data-index=\"5\" ><div\n\t\t\t\n\t\t\tclass=\"so-widget-sow-editor so-widget-sow-editor-base\"\n\t\t\t\n\t\t>\n<div class=\"siteorigin-widget-tinymce textwidget\">\n\t<p style=\"text-align: center;\"><strong>\u00c9dition :<\/strong><br \/>\nAll Or None Games<br \/>\n2018<\/p>\n<\/div>\n<\/div><\/div><\/div><div id=\"pgc-4541-1-3\"  class=\"panel-grid-cell\" ><div id=\"panel-4541-1-3-0\" class=\"so-panel widget widget_sow-editor panel-first-child panel-last-child\" data-index=\"6\" ><div\n\t\t\t\n\t\t\tclass=\"so-widget-sow-editor so-widget-sow-editor-base\"\n\t\t\t\n\t\t>\n<div class=\"siteorigin-widget-tinymce textwidget\">\n\t<p style=\"text-align: center;\"><strong>Version :<\/strong><br \/>\nFran\u00e7aise<\/p>\n<\/div>\n<\/div><\/div><\/div><\/div><div id=\"pg-4541-2\"  class=\"panel-grid panel-no-style\" ><div id=\"pgc-4541-2-0\"  class=\"panel-grid-cell\" ><div id=\"panel-4541-2-0-0\" class=\"so-panel widget widget_sow-editor panel-first-child panel-last-child\" data-index=\"7\" ><div\n\t\t\t\n\t\t\tclass=\"so-widget-sow-editor so-widget-sow-editor-base\"\n\t\t\t\n\t\t>\n<div class=\"siteorigin-widget-tinymce textwidget\">\n\t<hr \/>\n<p>Dicetopia s'\u00e9tend devant vous, drap\u00e9e d'un voile de n\u00e9ons. Dans ses rues bouilloantes se presse une foule de petites frappes, de voleurs et d'agents aux motivations troubles. Un terrain de jeu id\u00e9al pour poursuivre les desseins de votre faction !<\/p>\n<p>L\u00e2chez vos agents dans les quartiers. Faites main basse sur tout ce qui a de la valeur. Op\u00e9rez secr\u00e8tement, et sournoisement. Soyez le pr\u00e9dateur sans scrupule que vous avez toujours r\u00eavez d'\u00eatre, et soumettez la ville \u00e0 votre ambition !<\/p>\n<\/div>\n<\/div><\/div><\/div><\/div><div id=\"pg-4541-3\"  class=\"panel-grid panel-no-style\" ><div id=\"pgc-4541-3-0\"  class=\"panel-grid-cell\" ><div id=\"panel-4541-3-0-0\" class=\"so-panel widget widget_sow-editor panel-first-child panel-last-child\" data-index=\"8\" ><div\n\t\t\t\n\t\t\tclass=\"so-widget-sow-editor so-widget-sow-editor-base\"\n\t\t\t\n\t\t>\n<div class=\"siteorigin-widget-tinymce textwidget\">\n\t<hr \/>\n<p style=\"text-align: center;\"><strong>En vid\u00e9o<\/strong><\/p>\n<\/div>\n<\/div><\/div><\/div><div id=\"pgc-4541-3-1\"  class=\"panel-grid-cell\" ><div id=\"panel-4541-3-1-0\" class=\"so-panel widget widget_sow-editor panel-first-child panel-last-child\" data-index=\"9\" ><div\n\t\t\t\n\t\t\tclass=\"so-widget-sow-editor so-widget-sow-editor-base\"\n\t\t\t\n\t\t>\n<div class=\"siteorigin-widget-tinymce textwidget\">\n\t<hr \/>\n<p style=\"text-align: center;\"><strong>Extension(s)<\/strong><\/p>\n<p style=\"text-align: center;\"><style type='text\/css' media='all'>#rt-tpg-container-4032332755 .read-more a{border-radius:px;}#rt-tpg-container-4032332755 .rt-img-holder img.rt-img-responsive,#rt-tpg-container-4032332755 .rt-img-holder,\n\t\t\t\t\t#rt-tpg-container-4032332755 .rt-post-overlay .post-img,\n\t\t\t\t\t#rt-tpg-container-4032332755 .post-sm .post-img,\n\t\t\t\t\t#rt-tpg-container-4032332755 .rt-post-grid .post-img,\n\t\t\t\t\t#rt-tpg-container-4032332755 .post-img img {border-radius:px;}#rt-tpg-container-4032332755 .layout9 .rt-holder h2.entry-title,\n\t\t\t\t\t#rt-tpg-container-4032332755 .layout9 .rt-holder h3.entry-title,\n\t\t\t\t\t#rt-tpg-container-4032332755 .layout9 .rt-holder h4.entry-title,\n\t\t\t\t\t#rt-tpg-container-4032332755 .layout9 .rt-holder h2.entry-title a,\n\t\t\t\t\t#rt-tpg-container-4032332755 .layout9 .rt-holder h3.entry-title a,\n\t\t\t\t\t#rt-tpg-container-4032332755 .layout9 .rt-holder h4.entry-title a,\n\t\t\t\t\t#rt-tpg-container-4032332755 .rt-holder .rt-woo-info h2 a,\n\t\t\t\t\t#rt-tpg-container-4032332755 .rt-holder .rt-woo-info h3 a,\n\t\t\t\t\t#rt-tpg-container-4032332755 .rt-holder .rt-woo-info h4 a,\n\t\t\t\t\t#rt-tpg-container-4032332755 .post-content .post-title,\n\t\t\t\t\t#rt-tpg-container-4032332755 .rt-post-grid .post-title,\n\t\t\t\t\t#rt-tpg-container-4032332755 .rt-post-grid .post-title a,\n\t\t\t\t\t#rt-tpg-container-4032332755 .post-content .post-title a,\n\t\t\t\t\t#rt-tpg-container-4032332755 .rt-holder .rt-woo-info h2,\n\t\t\t\t\t#rt-tpg-container-4032332755 .rt-holder .rt-woo-info h3,\n\t\t\t\t\t#rt-tpg-container-4032332755 .rt-holder .rt-woo-info h4{font-size:16px;line-height:26px;font-weight:normal;text-align:center;}#rt-tpg-container-4032332755 .post-grid-lg-style-1 .post-title,\n\t\t\t\t\t\t#rt-tpg-container-4032332755 .post-grid-lg-style-1 .post-title a,\n\t\t\t\t\t\t#rt-tpg-container-4032332755 .big-layout .post-title,\n\t\t\t\t\t\t#rt-tpg-container-4032332755 .big-layout .post-title a,\n\t\t\t\t\t\t#rt-tpg-container-4032332755 .post-grid-lg-style-1 .post-title,\n\t\t\t\t\t\t#rt-tpg-container-4032332755 .post-grid-lg-style-1 .post-title a {font-size:24px;line-height:34px;}<\/style><div class='rt-container-fluid rt-tpg-container tpg-shortcode-main-wrapper ' id='rt-tpg-container-4032332755'   data-layout='layout9' data-grid-style='even' data-desktop-col='3'  data-tab-col='2'  data-mobile-col='1' data-sc-id='7087'><div data-title='Loading ...' class='rt-row rt-content-loader   layout9 tpg-even '><div class=\"rt-col-md-4 rt-col-sm-6 rt-col-xs-12 even-grid-item rt-grid-item img_zoom_in\" data-id=\"7088\"><div class=\"rt-holder\"><div class='overlay'><a data-id='7088' class=' tpg-single-popup' href='https:\/\/meeplendice.net\/?page_id=7088'><img loading=\"lazy\" decoding=\"async\" width=\"350\" height=\"350\" src=\"https:\/\/meeplendice.net\/wp-content\/uploads\/2020\/09\/Dicetopia_Solo.png\" class=\"rt-img-responsive \" alt=\"\" \/><\/a><\/div><div class='post-info'><h2 class=\"entry-title\"><a data-id=\"7088\" class=\" tpg-single-popup\" href=\"https:\/\/meeplendice.net\/?page_id=7088\">Solo Pack<\/a><\/h2><div class='post-meta-user '><\/div><\/div><\/div><\/div><div class=\"rt-col-md-4 rt-col-sm-6 rt-col-xs-12 even-grid-item rt-grid-item img_zoom_in\" data-id=\"7095\"><div class=\"rt-holder\"><div class='overlay'><a data-id='7095' class=' tpg-single-popup' href='https:\/\/meeplendice.net\/?page_id=7095'><img loading=\"lazy\" decoding=\"async\" width=\"350\" height=\"350\" src=\"https:\/\/meeplendice.net\/wp-content\/uploads\/2020\/09\/Dicetopia_Heist.png\" class=\"rt-img-responsive \" alt=\"\" \/><\/a><\/div><div class='post-info'><h2 class=\"entry-title\"><a data-id=\"7095\" class=\" tpg-single-popup\" href=\"https:\/\/meeplendice.net\/?page_id=7095\">Heist Pack<\/a><\/h2><div class='post-meta-user '><\/div><\/div><\/div><\/div><div class=\"rt-col-md-4 rt-col-sm-6 rt-col-xs-12 even-grid-item rt-grid-item img_zoom_in\" data-id=\"7097\"><div class=\"rt-holder\"><div class='overlay'><a data-id='7097' class=' tpg-single-popup' href='https:\/\/meeplendice.net\/?page_id=7097'><img loading=\"lazy\" decoding=\"async\" width=\"350\" height=\"350\" src=\"https:\/\/meeplendice.net\/wp-content\/uploads\/2020\/09\/Dicetopia_Faction.png\" class=\"rt-img-responsive \" alt=\"\" \/><\/a><\/div><div class='post-info'><h2 class=\"entry-title\"><a data-id=\"7097\" class=\" tpg-single-popup\" href=\"https:\/\/meeplendice.net\/?page_id=7097\">Faction Pack<\/a><\/h2><div class='post-meta-user '><\/div><\/div><\/div><\/div><\/div><div class='rt-pagination-wrap' data-total-pages='3' data-posts-per-page='3' data-type='pagination_ajax'  ><div class='rt-page-numbers'><\/div><\/div><\/div><\/p>\n<\/div>\n<\/div><\/div><\/div><\/div><div id=\"pg-4541-4\"  class=\"panel-grid panel-no-style\" ><div id=\"pgc-4541-4-0\"  class=\"panel-grid-cell\" ><div id=\"panel-4541-4-0-0\" class=\"so-panel widget widget_sow-editor panel-first-child panel-last-child\" data-index=\"10\" ><div\n\t\t\t\n\t\t\tclass=\"so-widget-sow-editor so-widget-sow-editor-base\"\n\t\t\t\n\t\t>\n<div class=\"siteorigin-widget-tinymce textwidget\">\n\t<hr \/>\n<p style=\"text-align: center;\"><strong>Pour aller plus loin<\/strong><\/p>\n<\/div>\n<\/div><\/div><\/div><\/div><\/div>","protected":false},"excerpt":{"rendered":"<p>Nombre de joueurs : 2 &#8211; 4 Dur\u00e9e moyenne : 30 min Age : 14 ans et plus Auteur(s) : Tobias Hall Illustrations : Anthony Cournoyer \u00c9dition : All Or None Games 2018 Version : Fran\u00e7aise<\/p>\n","protected":false},"author":2,"featured_media":4565,"parent":0,"menu_order":0,"comment_status":"closed","ping_status":"closed","template":"","meta":{"footnotes":""},"class_list":["post-4541","page","type-page","status-publish","has-post-thumbnail","hentry"],"acf":[],"rttpg_featured_image_url":{"full":["https:\/\/meeplendice.net\/wp-content\/uploads\/2018\/11\/Dicetopia.png",350,350,false],"landscape":["https:\/\/meeplendice.net\/wp-content\/uploads\/2018\/11\/Dicetopia.png",350,350,false],"portraits":["https:\/\/meeplendice.net\/wp-content\/uploads\/2018\/11\/Dicetopia.png",350,350,false],"thumbnail":["https:\/\/meeplendice.net\/wp-content\/uploads\/2018\/11\/Dicetopia-150x150.png",150,150,true],"medium":["https:\/\/meeplendice.net\/wp-content\/uploads\/2018\/11\/Dicetopia-300x300.png",300,300,true],"large":["https:\/\/meeplendice.net\/wp-content\/uploads\/2018\/11\/Dicetopia.png",350,350,false],"ug_big":["https:\/\/meeplendice.net\/wp-content\/uploads\/2018\/11\/Dicetopia.png",350,350,false],"1536x1536":["https:\/\/meeplendice.net\/wp-content\/uploads\/2018\/11\/Dicetopia.png",350,350,false],"2048x2048":["https:\/\/meeplendice.net\/wp-content\/uploads\/2018\/11\/Dicetopia.png",350,350,false],"ashe-slider-grid-thumbnail":["https:\/\/meeplendice.net\/wp-content\/uploads\/2018\/11\/Dicetopia.png",350,350,false],"ashe-full-thumbnail":["https:\/\/meeplendice.net\/wp-content\/uploads\/2018\/11\/Dicetopia.png",350,350,false],"ashe-grid-thumbnail":["https:\/\/meeplendice.net\/wp-content\/uploads\/2018\/11\/Dicetopia-350x330.png",350,330,true],"ashe-list-thumbnail":["https:\/\/meeplendice.net\/wp-content\/uploads\/2018\/11\/Dicetopia-300x300.png",300,300,true],"ashe-single-navigation":["https:\/\/meeplendice.net\/wp-content\/uploads\/2018\/11\/Dicetopia-75x75.png",75,75,true],"mailpoet_newsletter_max":["https:\/\/meeplendice.net\/wp-content\/uploads\/2018\/11\/Dicetopia.png",350,350,false],"rpwe-thumbnail":["https:\/\/meeplendice.net\/wp-content\/uploads\/2018\/11\/Dicetopia-45x45.png",45,45,true],"sow-carousel-default":["https:\/\/meeplendice.net\/wp-content\/uploads\/2018\/11\/Dicetopia-272x182.png",272,182,true],"rt_custom":["https:\/\/meeplendice.net\/wp-content\/uploads\/2018\/11\/Dicetopia.png",350,350,false]},"rttpg_author":{"display_name":"Karnby","author_link":"https:\/\/meeplendice.net\/?author=2"},"rttpg_comment":0,"rttpg_category":null,"rttpg_excerpt":"Nombre de joueurs : 2 - 4 Dur\u00e9e moyenne : 30 min Age : 14 ans et plus Auteur(s) : Tobias Hall Illustrations : Anthony Cournoyer \u00c9dition : All Or None Games 2018 Version : Fran\u00e7aise","_links":{"self":[{"href":"https:\/\/meeplendice.net\/index.php?rest_route=\/wp\/v2\/pages\/4541","targetHints":{"allow":["GET"]}}],"collection":[{"href":"https:\/\/meeplendice.net\/index.php?rest_route=\/wp\/v2\/pages"}],"about":[{"href":"https:\/\/meeplendice.net\/index.php?rest_route=\/wp\/v2\/types\/page"}],"author":[{"embeddable":true,"href":"https:\/\/meeplendice.net\/index.php?rest_route=\/wp\/v2\/users\/2"}],"replies":[{"embeddable":true,"href":"https:\/\/meeplendice.net\/index.php?rest_route=%2Fwp%2Fv2%2Fcomments&post=4541"}],"version-history":[{"count":7,"href":"https:\/\/meeplendice.net\/index.php?rest_route=\/wp\/v2\/pages\/4541\/revisions"}],"predecessor-version":[{"id":7234,"href":"https:\/\/meeplendice.net\/index.php?rest_route=\/wp\/v2\/pages\/4541\/revisions\/7234"}],"wp:featuredmedia":[{"embeddable":true,"href":"https:\/\/meeplendice.net\/index.php?rest_route=\/wp\/v2\/media\/4565"}],"wp:attachment":[{"href":"https:\/\/meeplendice.net\/index.php?rest_route=%2Fwp%2Fv2%2Fmedia&parent=4541"}],"curies":[{"name":"wp","href":"https:\/\/api.w.org\/{rel}","templated":true}]}}