{"id":4543,"date":"2018-11-04T17:21:58","date_gmt":"2018-11-04T16:21:58","guid":{"rendered":"http:\/\/meeplendice.net\/?page_id=4543"},"modified":"2018-11-04T17:40:38","modified_gmt":"2018-11-04T16:40:38","slug":"kero","status":"publish","type":"page","link":"https:\/\/meeplendice.net\/?page_id=4543","title":{"rendered":"Kero"},"content":{"rendered":"<p><img loading=\"lazy\" decoding=\"async\" class=\"alignleft wp-image-4441 size-full\" src=\"https:\/\/meeplendice.net\/wp-content\/uploads\/2018\/08\/Kero.png\" alt=\"\" width=\"350\" height=\"350\" srcset=\"https:\/\/meeplendice.net\/wp-content\/uploads\/2018\/08\/Kero.png 350w, https:\/\/meeplendice.net\/wp-content\/uploads\/2018\/08\/Kero-300x300.png 300w, https:\/\/meeplendice.net\/wp-content\/uploads\/2018\/08\/Kero-150x150.png 150w, https:\/\/meeplendice.net\/wp-content\/uploads\/2018\/08\/Kero-75x75.png 75w, https:\/\/meeplendice.net\/wp-content\/uploads\/2018\/08\/Kero-45x45.png 45w, https:\/\/meeplendice.net\/wp-content\/uploads\/2018\/08\/Kero-80x80.png 80w, https:\/\/meeplendice.net\/wp-content\/uploads\/2018\/08\/Kero-118x118.png 118w, https:\/\/meeplendice.net\/wp-content\/uploads\/2018\/08\/Kero-239x239.png 239w\" sizes=\"auto, (max-width: 350px) 100vw, 350px\" \/><br \/>\n<strong>Nombre de joueurs :<\/strong> 2 &#8211; 2 \u00a0\u00a0\u00a0\u00a0\u00a0\u00a0\u00a0\u00a0\u00a0\u00a0\u00a0\u00a0\u00a0\u00a0\u00a0\u00a0\u00a0\u00a0\u00a0\u00a0\u00a0 <strong>Dur\u00e9e moyenne :<\/strong> 30 min\u00a0\u00a0\u00a0\u00a0\u00a0\u00a0\u00a0\u00a0\u00a0 <strong>Age :<\/strong> 9 ans et plus<\/p>\n<p><strong>Auteur(s) : <\/strong>Prospero Hall<br \/>\n<strong>Illustrations :<\/strong> Pier\u00f4<br \/>\n<strong>\u00c9dition :<\/strong>\u00a0 Hurrican &#8211; 2018<br \/>\n<strong>Distribution :<\/strong> Asmodee<\/p>\n<p>JUIN 2471<br \/>\nLe k\u00e9ros\u00e8ne &#8211; KERO &#8211; est devenu tr\u00e8s rare ; vous devez en trouver et l\u2019\u00e9conomiser. Chacun des deux clans veille \u00e0 sa survie en explorant les Nouvelles Terres \u00e0 la recherche de ressources inexploit\u00e9es pour am\u00e9liorer son quotidien. Sortir du camp avec son camion-citerne est risqu\u00e9, car on n\u2019est jamais \u00e0 l\u2019abri de la panne s\u00e8che&#8230; Surtout que le clan rival n\u2019est pas loin et convoite les m\u00eames terres que vous !<\/p>\n<hr \/>\n<p style=\"text-align: center;\"><strong>En vid\u00e9o<\/strong><\/p>\n<p>De l&rsquo;explication des r\u00e8gles :<\/p>\n<ul>\n<li>Tric Trac<\/li>\n<\/ul>\n<p><a href=\"https:\/\/www.trictrac.net\/actus\/kero-de-lexplication\" target=\"_blank\" rel=\"noopener\"><img loading=\"lazy\" decoding=\"async\" class=\"alignnone size-full wp-image-107\" src=\"https:\/\/meeplendice.net\/wp-content\/uploads\/2016\/08\/TT_explication.png\" alt=\"TT_explication\" width=\"200\" height=\"170\" \/><\/a><\/p>\n<p>De la partie :<\/p>\n<ul>\n<li>Tric Trac<\/li>\n<\/ul>\n<p><a href=\"https:\/\/www.trictrac.net\/actus\/kero-de-la-partie\" target=\"_blank\" rel=\"noopener\"><img loading=\"lazy\" decoding=\"async\" class=\"alignnone size-full wp-image-117\" src=\"https:\/\/meeplendice.net\/wp-content\/uploads\/2016\/08\/TT_partie_1.png\" alt=\"TT_partie_1\" width=\"200\" height=\"170\" \/><\/a><\/p>\n<hr \/>\n<p style=\"text-align: center;\"><strong>Pour aller plus loin&#8230;<\/strong><\/p>\n","protected":false},"excerpt":{"rendered":"<p>Nombre de joueurs : 2 &#8211; 2 \u00a0\u00a0\u00a0\u00a0\u00a0\u00a0\u00a0\u00a0\u00a0\u00a0\u00a0\u00a0\u00a0\u00a0\u00a0\u00a0\u00a0\u00a0\u00a0\u00a0\u00a0 Dur\u00e9e moyenne : 30 min\u00a0\u00a0\u00a0\u00a0\u00a0\u00a0\u00a0\u00a0\u00a0 Age : 9 ans et plus Auteur(s) : Prospero Hall Illustrations : Pier\u00f4 \u00c9dition :\u00a0 Hurrican &#8211; 2018 Distribution : Asmodee JUIN 2471 Le k\u00e9ros\u00e8ne &#8211; KERO &#8211; est devenu tr\u00e8s rare ; vous devez en trouver et l\u2019\u00e9conomiser. Chacun des deux clans veille \u00e0 sa survie en explorant les Nouvelles Terres \u00e0 la recherche de ressources inexploit\u00e9es pour am\u00e9liorer son quotidien. Sortir du camp avec son camion-citerne est risqu\u00e9, car on n\u2019est jamais \u00e0 l\u2019abri de la panne s\u00e8che&#8230; Surtout que le clan rival n\u2019est pas loin et convoite les m\u00eames terres que vous ! En vid\u00e9o De l&rsquo;explication des r\u00e8gles : Tric Trac De la partie : Tric Trac Pour aller plus loin&#8230;<\/p>\n","protected":false},"author":2,"featured_media":4441,"parent":0,"menu_order":0,"comment_status":"closed","ping_status":"closed","template":"","meta":{"footnotes":""},"class_list":["post-4543","page","type-page","status-publish","has-post-thumbnail","hentry"],"acf":[],"rttpg_featured_image_url":{"full":["https:\/\/meeplendice.net\/wp-content\/uploads\/2018\/08\/Kero.png",350,350,false],"landscape":["https:\/\/meeplendice.net\/wp-content\/uploads\/2018\/08\/Kero.png",350,350,false],"portraits":["https:\/\/meeplendice.net\/wp-content\/uploads\/2018\/08\/Kero.png",350,350,false],"thumbnail":["https:\/\/meeplendice.net\/wp-content\/uploads\/2018\/08\/Kero-150x150.png",150,150,true],"medium":["https:\/\/meeplendice.net\/wp-content\/uploads\/2018\/08\/Kero-300x300.png",300,300,true],"large":["https:\/\/meeplendice.net\/wp-content\/uploads\/2018\/08\/Kero.png",350,350,false],"ug_big":["https:\/\/meeplendice.net\/wp-content\/uploads\/2018\/08\/Kero.png",350,350,false],"1536x1536":["https:\/\/meeplendice.net\/wp-content\/uploads\/2018\/08\/Kero.png",350,350,false],"2048x2048":["https:\/\/meeplendice.net\/wp-content\/uploads\/2018\/08\/Kero.png",350,350,false],"ashe-slider-grid-thumbnail":["https:\/\/meeplendice.net\/wp-content\/uploads\/2018\/08\/Kero.png",350,350,false],"ashe-full-thumbnail":["https:\/\/meeplendice.net\/wp-content\/uploads\/2018\/08\/Kero.png",350,350,false],"ashe-grid-thumbnail":["https:\/\/meeplendice.net\/wp-content\/uploads\/2018\/08\/Kero-350x330.png",350,330,true],"ashe-list-thumbnail":["https:\/\/meeplendice.net\/wp-content\/uploads\/2018\/08\/Kero-300x300.png",300,300,true],"ashe-single-navigation":["https:\/\/meeplendice.net\/wp-content\/uploads\/2018\/08\/Kero-75x75.png",75,75,true],"mailpoet_newsletter_max":["https:\/\/meeplendice.net\/wp-content\/uploads\/2018\/08\/Kero.png",350,350,false],"rpwe-thumbnail":["https:\/\/meeplendice.net\/wp-content\/uploads\/2018\/08\/Kero-45x45.png",45,45,true],"sow-carousel-default":["https:\/\/meeplendice.net\/wp-content\/uploads\/2018\/08\/Kero-272x182.png",272,182,true],"rt_custom":["https:\/\/meeplendice.net\/wp-content\/uploads\/2018\/08\/Kero.png",350,350,false]},"rttpg_author":{"display_name":"Karnby","author_link":"https:\/\/meeplendice.net\/?author=2"},"rttpg_comment":0,"rttpg_category":null,"rttpg_excerpt":"Nombre de joueurs : 2 &#8211; 2 \u00a0\u00a0\u00a0\u00a0\u00a0\u00a0\u00a0\u00a0\u00a0\u00a0\u00a0\u00a0\u00a0\u00a0\u00a0\u00a0\u00a0\u00a0\u00a0\u00a0\u00a0 Dur\u00e9e moyenne : 30 min\u00a0\u00a0\u00a0\u00a0\u00a0\u00a0\u00a0\u00a0\u00a0 Age : 9 ans et plus Auteur(s) : Prospero Hall Illustrations : Pier\u00f4 \u00c9dition :\u00a0 Hurrican &#8211; 2018 Distribution : Asmodee JUIN 2471 Le k\u00e9ros\u00e8ne &#8211; KERO &#8211; est devenu tr\u00e8s rare ; vous devez en trouver et l\u2019\u00e9conomiser. Chacun des deux\u2026","_links":{"self":[{"href":"https:\/\/meeplendice.net\/index.php?rest_route=\/wp\/v2\/pages\/4543","targetHints":{"allow":["GET"]}}],"collection":[{"href":"https:\/\/meeplendice.net\/index.php?rest_route=\/wp\/v2\/pages"}],"about":[{"href":"https:\/\/meeplendice.net\/index.php?rest_route=\/wp\/v2\/types\/page"}],"author":[{"embeddable":true,"href":"https:\/\/meeplendice.net\/index.php?rest_route=\/wp\/v2\/users\/2"}],"replies":[{"embeddable":true,"href":"https:\/\/meeplendice.net\/index.php?rest_route=%2Fwp%2Fv2%2Fcomments&post=4543"}],"version-history":[{"count":4,"href":"https:\/\/meeplendice.net\/index.php?rest_route=\/wp\/v2\/pages\/4543\/revisions"}],"predecessor-version":[{"id":4578,"href":"https:\/\/meeplendice.net\/index.php?rest_route=\/wp\/v2\/pages\/4543\/revisions\/4578"}],"wp:featuredmedia":[{"embeddable":true,"href":"https:\/\/meeplendice.net\/index.php?rest_route=\/wp\/v2\/media\/4441"}],"wp:attachment":[{"href":"https:\/\/meeplendice.net\/index.php?rest_route=%2Fwp%2Fv2%2Fmedia&parent=4543"}],"curies":[{"name":"wp","href":"https:\/\/api.w.org\/{rel}","templated":true}]}}