{"id":4545,"date":"2018-11-04T18:02:52","date_gmt":"2018-11-04T17:02:52","guid":{"rendered":"http:\/\/meeplendice.net\/?page_id=4545"},"modified":"2020-11-13T17:09:17","modified_gmt":"2020-11-13T16:09:17","slug":"planet","status":"publish","type":"page","link":"https:\/\/meeplendice.net\/?page_id=4545","title":{"rendered":"Planet"},"content":{"rendered":"<div id=\"pl-4545\"  class=\"panel-layout\" ><div id=\"pg-4545-0\"  class=\"panel-grid panel-no-style\" ><div id=\"pgc-4545-0-0\"  class=\"panel-grid-cell\" ><div id=\"panel-4545-0-0-0\" class=\"so-panel widget widget_sow-editor panel-first-child panel-last-child\" data-index=\"0\" ><div\n\t\t\t\n\t\t\tclass=\"so-widget-sow-editor so-widget-sow-editor-base\"\n\t\t\t\n\t\t>\n<div class=\"siteorigin-widget-tinymce textwidget\">\n\t<p style=\"text-align: center;\"><strong>Nombre de joueurs :<br \/>\n<\/strong> 2 - 4<\/p>\n<\/div>\n<\/div><\/div><\/div><div id=\"pgc-4545-0-1\"  class=\"panel-grid-cell\" ><div id=\"panel-4545-0-1-0\" class=\"so-panel widget widget_sow-editor panel-first-child panel-last-child\" data-index=\"1\" ><div\n\t\t\t\n\t\t\tclass=\"so-widget-sow-editor so-widget-sow-editor-base\"\n\t\t\t\n\t\t>\n<div class=\"siteorigin-widget-tinymce textwidget\">\n\t<p style=\"text-align: center;\"><strong>Dur\u00e9e moyenne :<br \/>\n<\/strong>30 min<\/p>\n<\/div>\n<\/div><\/div><\/div><div id=\"pgc-4545-0-2\"  class=\"panel-grid-cell\" ><div id=\"panel-4545-0-2-0\" class=\"so-panel widget widget_sow-editor panel-first-child panel-last-child\" data-index=\"2\" ><div\n\t\t\t\n\t\t\tclass=\"so-widget-sow-editor so-widget-sow-editor-base\"\n\t\t\t\n\t\t>\n<div class=\"siteorigin-widget-tinymce textwidget\">\n\t<p style=\"text-align: center;\"><strong>Age :<\/strong><br \/>\n8 ans et plus<\/p>\n<\/div>\n<\/div><\/div><\/div><\/div><div id=\"pg-4545-1\"  class=\"panel-grid panel-no-style\" ><div id=\"pgc-4545-1-0\"  class=\"panel-grid-cell\" ><div id=\"panel-4545-1-0-0\" class=\"so-panel widget widget_sow-editor panel-first-child panel-last-child\" data-index=\"3\" ><div\n\t\t\t\n\t\t\tclass=\"so-widget-sow-editor so-widget-sow-editor-base\"\n\t\t\t\n\t\t>\n<div class=\"siteorigin-widget-tinymce textwidget\">\n\t<p style=\"text-align: center;\"><strong>Auteur(s) :<br \/>\n<\/strong>Urtis Sulinskas<\/p>\n<\/div>\n<\/div><\/div><\/div><div id=\"pgc-4545-1-1\"  class=\"panel-grid-cell\" ><div id=\"panel-4545-1-1-0\" class=\"so-panel widget widget_sow-editor panel-first-child panel-last-child\" data-index=\"4\" ><div\n\t\t\t\n\t\t\tclass=\"so-widget-sow-editor so-widget-sow-editor-base\"\n\t\t\t\n\t\t>\n<div class=\"siteorigin-widget-tinymce textwidget\">\n\t<p style=\"text-align: center;\"><strong>Illustration :<br \/>\n<\/strong>Sabrina Miramon<\/p>\n<\/div>\n<\/div><\/div><\/div><div id=\"pgc-4545-1-2\"  class=\"panel-grid-cell\" ><div id=\"panel-4545-1-2-0\" class=\"so-panel widget widget_sow-editor panel-first-child panel-last-child\" data-index=\"5\" ><div\n\t\t\t\n\t\t\tclass=\"so-widget-sow-editor so-widget-sow-editor-base\"\n\t\t\t\n\t\t>\n<div class=\"siteorigin-widget-tinymce textwidget\">\n\t<p style=\"text-align: center;\"><strong>\u00c9dition :<br \/>\n<\/strong>Blue Orange<br \/>\n2018<\/p>\n<\/div>\n<\/div><\/div><\/div><div id=\"pgc-4545-1-3\"  class=\"panel-grid-cell\" ><div id=\"panel-4545-1-3-0\" class=\"so-panel widget widget_sow-editor panel-first-child panel-last-child\" data-index=\"6\" ><div\n\t\t\t\n\t\t\tclass=\"so-widget-sow-editor so-widget-sow-editor-base\"\n\t\t\t\n\t\t>\n<div class=\"siteorigin-widget-tinymce textwidget\">\n\t<p style=\"text-align: center;\"><strong>Version :<\/strong><br \/>\nFran\u00e7aise<\/p>\n<\/div>\n<\/div><\/div><\/div><\/div><div id=\"pg-4545-2\"  class=\"panel-grid panel-no-style\" ><div id=\"pgc-4545-2-0\"  class=\"panel-grid-cell\" ><div id=\"panel-4545-2-0-0\" class=\"so-panel widget widget_sow-editor panel-first-child panel-last-child\" data-index=\"7\" ><div\n\t\t\t\n\t\t\tclass=\"so-widget-sow-editor so-widget-sow-editor-base\"\n\t\t\t\n\t\t>\n<div class=\"siteorigin-widget-tinymce textwidget\">\n\t<hr \/>\n<p>Un monde va prendre vie au creux de vos mains.<br \/>\nD\u00e9ployez vos cha\u00eenes montagneuses et vos d\u00e9serts ; \u00e9tendez vos for\u00eats, vos oc\u00e9ans et vos glaciers.<br \/>\nPositionnez judicieusement vos continents pour former les environnements propices \u00e0 l'apparition de la vie animale et pour tenter de cr\u00e9er la plus peupl\u00e9e des Plan\u00e8tes !<\/p>\n<\/div>\n<\/div><\/div><\/div><\/div><div id=\"pg-4545-3\"  class=\"panel-grid panel-no-style\" ><div id=\"pgc-4545-3-0\"  class=\"panel-grid-cell\" ><div id=\"panel-4545-3-0-0\" class=\"so-panel widget widget_sow-editor panel-first-child panel-last-child\" data-index=\"8\" ><div\n\t\t\t\n\t\t\tclass=\"so-widget-sow-editor so-widget-sow-editor-base\"\n\t\t\t\n\t\t>\n<div class=\"siteorigin-widget-tinymce textwidget\">\n\t<hr \/>\n<p style=\"text-align: center;\"><strong>En vid\u00e9o<\/strong><\/p>\n<p>De l'explication des r\u00e8gles &amp; de la partie :<\/p>\n<ul>\n<li>Tric Trac<\/li>\n<\/ul>\n<p><a href=\"https:\/\/www.trictrac.net\/actus\/planet-de-lexplipartie\" target=\"_blank\" rel=\"noopener noreferrer\"><img loading=\"lazy\" decoding=\"async\" class=\"alignnone wp-image-513 size-full\" src=\"http:\/\/meeplendice.net\/wp-content\/uploads\/2016\/08\/TT_explipartie_1.png\" alt=\"TT_explipartie_1\" width=\"200\" height=\"170\" \/><\/a><\/p>\n<\/div>\n<\/div><\/div><\/div><\/div><div id=\"pg-4545-4\"  class=\"panel-grid panel-no-style\" ><div id=\"pgc-4545-4-0\"  class=\"panel-grid-cell\" ><div id=\"panel-4545-4-0-0\" class=\"so-panel widget widget_sow-editor panel-first-child panel-last-child\" data-index=\"9\" ><div\n\t\t\t\n\t\t\tclass=\"so-widget-sow-editor so-widget-sow-editor-base\"\n\t\t\t\n\t\t>\n<div class=\"siteorigin-widget-tinymce textwidget\">\n\t<hr \/>\n<p style=\"text-align: center;\"><strong>Pour aller plus loin<\/strong><\/p>\n<\/div>\n<\/div><\/div><\/div><\/div><\/div>","protected":false},"excerpt":{"rendered":"<p>Nombre de joueurs : 2 &#8211; 4 Dur\u00e9e moyenne : 30 min Age : 8 ans et plus Auteur(s) : Urtis Sulinskas Illustration : Sabrina Miramon \u00c9dition : Blue Orange 2018 Version : Fran\u00e7aise<\/p>\n","protected":false},"author":2,"featured_media":4587,"parent":0,"menu_order":0,"comment_status":"closed","ping_status":"closed","template":"","meta":{"footnotes":""},"class_list":["post-4545","page","type-page","status-publish","has-post-thumbnail","hentry"],"acf":[],"rttpg_featured_image_url":{"full":["https:\/\/meeplendice.net\/wp-content\/uploads\/2018\/11\/Planet.png",350,350,false],"landscape":["https:\/\/meeplendice.net\/wp-content\/uploads\/2018\/11\/Planet.png",350,350,false],"portraits":["https:\/\/meeplendice.net\/wp-content\/uploads\/2018\/11\/Planet.png",350,350,false],"thumbnail":["https:\/\/meeplendice.net\/wp-content\/uploads\/2018\/11\/Planet-150x150.png",150,150,true],"medium":["https:\/\/meeplendice.net\/wp-content\/uploads\/2018\/11\/Planet-300x300.png",300,300,true],"large":["https:\/\/meeplendice.net\/wp-content\/uploads\/2018\/11\/Planet.png",350,350,false],"ug_big":["https:\/\/meeplendice.net\/wp-content\/uploads\/2018\/11\/Planet.png",350,350,false],"1536x1536":["https:\/\/meeplendice.net\/wp-content\/uploads\/2018\/11\/Planet.png",350,350,false],"2048x2048":["https:\/\/meeplendice.net\/wp-content\/uploads\/2018\/11\/Planet.png",350,350,false],"ashe-slider-grid-thumbnail":["https:\/\/meeplendice.net\/wp-content\/uploads\/2018\/11\/Planet.png",350,350,false],"ashe-full-thumbnail":["https:\/\/meeplendice.net\/wp-content\/uploads\/2018\/11\/Planet.png",350,350,false],"ashe-grid-thumbnail":["https:\/\/meeplendice.net\/wp-content\/uploads\/2018\/11\/Planet-350x330.png",350,330,true],"ashe-list-thumbnail":["https:\/\/meeplendice.net\/wp-content\/uploads\/2018\/11\/Planet-300x300.png",300,300,true],"ashe-single-navigation":["https:\/\/meeplendice.net\/wp-content\/uploads\/2018\/11\/Planet-75x75.png",75,75,true],"mailpoet_newsletter_max":["https:\/\/meeplendice.net\/wp-content\/uploads\/2018\/11\/Planet.png",350,350,false],"rpwe-thumbnail":["https:\/\/meeplendice.net\/wp-content\/uploads\/2018\/11\/Planet-45x45.png",45,45,true],"sow-carousel-default":["https:\/\/meeplendice.net\/wp-content\/uploads\/2018\/11\/Planet-272x182.png",272,182,true],"rt_custom":["https:\/\/meeplendice.net\/wp-content\/uploads\/2018\/11\/Planet.png",350,350,false]},"rttpg_author":{"display_name":"Karnby","author_link":"https:\/\/meeplendice.net\/?author=2"},"rttpg_comment":0,"rttpg_category":null,"rttpg_excerpt":"Nombre de joueurs : 2 - 4 Dur\u00e9e moyenne : 30 min Age : 8 ans et plus Auteur(s) : Urtis Sulinskas Illustration : Sabrina Miramon \u00c9dition : Blue Orange 2018 Version : Fran\u00e7aise","_links":{"self":[{"href":"https:\/\/meeplendice.net\/index.php?rest_route=\/wp\/v2\/pages\/4545","targetHints":{"allow":["GET"]}}],"collection":[{"href":"https:\/\/meeplendice.net\/index.php?rest_route=\/wp\/v2\/pages"}],"about":[{"href":"https:\/\/meeplendice.net\/index.php?rest_route=\/wp\/v2\/types\/page"}],"author":[{"embeddable":true,"href":"https:\/\/meeplendice.net\/index.php?rest_route=\/wp\/v2\/users\/2"}],"replies":[{"embeddable":true,"href":"https:\/\/meeplendice.net\/index.php?rest_route=%2Fwp%2Fv2%2Fcomments&post=4545"}],"version-history":[{"count":6,"href":"https:\/\/meeplendice.net\/index.php?rest_route=\/wp\/v2\/pages\/4545\/revisions"}],"predecessor-version":[{"id":7351,"href":"https:\/\/meeplendice.net\/index.php?rest_route=\/wp\/v2\/pages\/4545\/revisions\/7351"}],"wp:featuredmedia":[{"embeddable":true,"href":"https:\/\/meeplendice.net\/index.php?rest_route=\/wp\/v2\/media\/4587"}],"wp:attachment":[{"href":"https:\/\/meeplendice.net\/index.php?rest_route=%2Fwp%2Fv2%2Fmedia&parent=4545"}],"curies":[{"name":"wp","href":"https:\/\/api.w.org\/{rel}","templated":true}]}}