{"id":4554,"date":"2018-11-04T18:15:19","date_gmt":"2018-11-04T17:15:19","guid":{"rendered":"http:\/\/meeplendice.net\/?page_id=4554"},"modified":"2020-08-31T15:22:28","modified_gmt":"2020-08-31T14:22:28","slug":"coup-de-theatre","status":"publish","type":"page","link":"https:\/\/meeplendice.net\/?page_id=4554","title":{"rendered":"Coup de Th\u00e9\u00e2tre"},"content":{"rendered":"<p><span id=\"result_box\" class=\"\" lang=\"fr\"><span class=\"\">D\u00e9sormais, vous pouvez quitter l\u2019a\u00e9ronef en empruntant sa chaloupe. Avec son unique place, il faut \u00eatre le plus rapide \u00e0 embarquer\u2026 mais voyager en solitaire, est-ce vraiment une si bonne id\u00e9e ?<\/span><\/span><\/p>\n","protected":false},"excerpt":{"rendered":"<p>D\u00e9sormais, vous pouvez quitter l\u2019a\u00e9ronef en empruntant sa chaloupe. Avec son unique place, il faut \u00eatre le plus rapide \u00e0 embarquer\u2026 mais voyager en solitaire, est-ce vraiment une si bonne id\u00e9e ?<\/p>\n","protected":false},"author":2,"featured_media":4591,"parent":198,"menu_order":1,"comment_status":"closed","ping_status":"closed","template":"","meta":{"footnotes":""},"class_list":["post-4554","page","type-page","status-publish","has-post-thumbnail","hentry"],"acf":[],"rttpg_featured_image_url":{"full":["https:\/\/meeplendice.net\/wp-content\/uploads\/2018\/11\/Celestia_Coupdetheatre.png",350,350,false],"landscape":["https:\/\/meeplendice.net\/wp-content\/uploads\/2018\/11\/Celestia_Coupdetheatre.png",350,350,false],"portraits":["https:\/\/meeplendice.net\/wp-content\/uploads\/2018\/11\/Celestia_Coupdetheatre.png",350,350,false],"thumbnail":["https:\/\/meeplendice.net\/wp-content\/uploads\/2018\/11\/Celestia_Coupdetheatre-150x150.png",150,150,true],"medium":["https:\/\/meeplendice.net\/wp-content\/uploads\/2018\/11\/Celestia_Coupdetheatre-300x300.png",300,300,true],"large":["https:\/\/meeplendice.net\/wp-content\/uploads\/2018\/11\/Celestia_Coupdetheatre.png",350,350,false],"ug_big":["https:\/\/meeplendice.net\/wp-content\/uploads\/2018\/11\/Celestia_Coupdetheatre.png",350,350,false],"1536x1536":["https:\/\/meeplendice.net\/wp-content\/uploads\/2018\/11\/Celestia_Coupdetheatre.png",350,350,false],"2048x2048":["https:\/\/meeplendice.net\/wp-content\/uploads\/2018\/11\/Celestia_Coupdetheatre.png",350,350,false],"ashe-slider-grid-thumbnail":["https:\/\/meeplendice.net\/wp-content\/uploads\/2018\/11\/Celestia_Coupdetheatre.png",350,350,false],"ashe-full-thumbnail":["https:\/\/meeplendice.net\/wp-content\/uploads\/2018\/11\/Celestia_Coupdetheatre.png",350,350,false],"ashe-grid-thumbnail":["https:\/\/meeplendice.net\/wp-content\/uploads\/2018\/11\/Celestia_Coupdetheatre-350x330.png",350,330,true],"ashe-list-thumbnail":["https:\/\/meeplendice.net\/wp-content\/uploads\/2018\/11\/Celestia_Coupdetheatre-300x300.png",300,300,true],"ashe-single-navigation":["https:\/\/meeplendice.net\/wp-content\/uploads\/2018\/11\/Celestia_Coupdetheatre-75x75.png",75,75,true],"mailpoet_newsletter_max":["https:\/\/meeplendice.net\/wp-content\/uploads\/2018\/11\/Celestia_Coupdetheatre.png",350,350,false],"rpwe-thumbnail":["https:\/\/meeplendice.net\/wp-content\/uploads\/2018\/11\/Celestia_Coupdetheatre-45x45.png",45,45,true],"sow-carousel-default":["https:\/\/meeplendice.net\/wp-content\/uploads\/2018\/11\/Celestia_Coupdetheatre-272x182.png",272,182,true],"rt_custom":["https:\/\/meeplendice.net\/wp-content\/uploads\/2018\/11\/Celestia_Coupdetheatre.png",350,350,false]},"rttpg_author":{"display_name":"Karnby","author_link":"https:\/\/meeplendice.net\/?author=2"},"rttpg_comment":0,"rttpg_category":null,"rttpg_excerpt":"D\u00e9sormais, vous pouvez quitter l\u2019a\u00e9ronef en empruntant sa chaloupe. Avec son unique place, il faut \u00eatre le plus rapide \u00e0 embarquer\u2026 mais voyager en solitaire, est-ce vraiment une si bonne id\u00e9e ?","_links":{"self":[{"href":"https:\/\/meeplendice.net\/index.php?rest_route=\/wp\/v2\/pages\/4554","targetHints":{"allow":["GET"]}}],"collection":[{"href":"https:\/\/meeplendice.net\/index.php?rest_route=\/wp\/v2\/pages"}],"about":[{"href":"https:\/\/meeplendice.net\/index.php?rest_route=\/wp\/v2\/types\/page"}],"author":[{"embeddable":true,"href":"https:\/\/meeplendice.net\/index.php?rest_route=\/wp\/v2\/users\/2"}],"replies":[{"embeddable":true,"href":"https:\/\/meeplendice.net\/index.php?rest_route=%2Fwp%2Fv2%2Fcomments&post=4554"}],"version-history":[{"count":3,"href":"https:\/\/meeplendice.net\/index.php?rest_route=\/wp\/v2\/pages\/4554\/revisions"}],"predecessor-version":[{"id":6303,"href":"https:\/\/meeplendice.net\/index.php?rest_route=\/wp\/v2\/pages\/4554\/revisions\/6303"}],"up":[{"embeddable":true,"href":"https:\/\/meeplendice.net\/index.php?rest_route=\/wp\/v2\/pages\/198"}],"wp:featuredmedia":[{"embeddable":true,"href":"https:\/\/meeplendice.net\/index.php?rest_route=\/wp\/v2\/media\/4591"}],"wp:attachment":[{"href":"https:\/\/meeplendice.net\/index.php?rest_route=%2Fwp%2Fv2%2Fmedia&parent=4554"}],"curies":[{"name":"wp","href":"https:\/\/api.w.org\/{rel}","templated":true}]}}