{"id":4558,"date":"2018-11-04T18:16:29","date_gmt":"2018-11-04T17:16:29","guid":{"rendered":"http:\/\/meeplendice.net\/?page_id=4558"},"modified":"2020-09-07T11:44:15","modified_gmt":"2020-09-07T10:44:15","slug":"presages-du-pharaon","status":"publish","type":"page","link":"https:\/\/meeplendice.net\/?page_id=4558","title":{"rendered":"Pr\u00e9sages du Pharaon"},"content":{"rendered":"<p><em>D\u00e9couvrez les Myst\u00e8res de l\u2019\u00c9gypte !<\/em><\/p>\n<p><em>Une exp\u00e9dition en \u00c9gypte pour s\u2019aventurer dans les t\u00e9n\u00e8bres de la Pyramide Lugubre ? \u00c2mes sensibles, s\u2019abstenir. La l\u00e9gende du Pharaon Noir n\u2019est probablement qu\u2019un mythe\u2026 mais peut-\u00eatre les chambres oubli\u00e9es abritent-elles de terribles secrets qu\u2019il vaudrait mieux ne pas d\u00e9ranger.<\/em><\/p>\n<p>Le Signe des Anciens : Pr\u00e9sages du Pharaon entra\u00eene les joueurs jusqu\u2019aux souks anim\u00e9s du Caire afin qu\u2019ils s\u2019y pr\u00e9parent pour leur p\u00e9riple imminent vers la n\u00e9cropole royale de Dahchour, derni\u00e8re demeure d\u2019un \u00eatre mal\u00e9fique \u00e2g\u00e9 de plusieurs mill\u00e9naires qui menace d\u2019arpenter \u00e0 nouveau la Terre. Six investigateurs collectent de pr\u00e9cieuses reliques, esp\u00e9rant ainsi repousser le mal tapi dans les chambres secr\u00e8tes de la pyramide qu\u2019ils explorent. Cette extension introduit \u00e9galement de nouveaux monstres et alli\u00e9s, ainsi qu\u2019un paquet Mythe in\u00e9dit. Saurez-vous triompher de la menace qui se terre sous les sables ? Lib\u00e9rez le pouvoir des reliques et des ruines d\u2019\u00c9gypte avec <em>Pr\u00e9sages du Pharaon<\/em> !<\/p>\n<p>&nbsp;<\/p>\n","protected":false},"excerpt":{"rendered":"<p>D\u00e9couvrez les Myst\u00e8res de l\u2019\u00c9gypte ! Une exp\u00e9dition en \u00c9gypte pour s\u2019aventurer dans les t\u00e9n\u00e8bres de la Pyramide Lugubre ? \u00c2mes sensibles, s\u2019abstenir. La l\u00e9gende du Pharaon Noir n\u2019est probablement qu\u2019un mythe\u2026 mais peut-\u00eatre les chambres oubli\u00e9es abritent-elles de terribles secrets qu\u2019il vaudrait mieux ne pas d\u00e9ranger. Le Signe des Anciens : Pr\u00e9sages du Pharaon entra\u00eene les joueurs jusqu\u2019aux souks anim\u00e9s du Caire afin qu\u2019ils s\u2019y pr\u00e9parent pour leur p\u00e9riple imminent vers la n\u00e9cropole royale de Dahchour, derni\u00e8re demeure d\u2019un \u00eatre mal\u00e9fique \u00e2g\u00e9 de plusieurs mill\u00e9naires qui menace d\u2019arpenter \u00e0 nouveau la Terre. Six investigateurs collectent de pr\u00e9cieuses reliques, esp\u00e9rant ainsi repousser le mal tapi dans les chambres secr\u00e8tes de la pyramide qu\u2019ils explorent. Cette extension introduit \u00e9galement de nouveaux monstres et alli\u00e9s, ainsi qu\u2019un paquet Mythe in\u00e9dit. Saurez-vous triompher de la menace qui se terre sous les sables ? Lib\u00e9rez le pouvoir des reliques et des ruines d\u2019\u00c9gypte avec Pr\u00e9sages du Pharaon ! &nbsp;<\/p>\n","protected":false},"author":2,"featured_media":4592,"parent":338,"menu_order":5,"comment_status":"closed","ping_status":"closed","template":"","meta":{"footnotes":""},"class_list":["post-4558","page","type-page","status-publish","has-post-thumbnail","hentry"],"acf":[],"rttpg_featured_image_url":{"full":["https:\/\/meeplendice.net\/wp-content\/uploads\/2018\/11\/LsdA_Pharaon.png",350,350,false],"landscape":["https:\/\/meeplendice.net\/wp-content\/uploads\/2018\/11\/LsdA_Pharaon.png",350,350,false],"portraits":["https:\/\/meeplendice.net\/wp-content\/uploads\/2018\/11\/LsdA_Pharaon.png",350,350,false],"thumbnail":["https:\/\/meeplendice.net\/wp-content\/uploads\/2018\/11\/LsdA_Pharaon-150x150.png",150,150,true],"medium":["https:\/\/meeplendice.net\/wp-content\/uploads\/2018\/11\/LsdA_Pharaon-300x300.png",300,300,true],"large":["https:\/\/meeplendice.net\/wp-content\/uploads\/2018\/11\/LsdA_Pharaon.png",350,350,false],"ug_big":["https:\/\/meeplendice.net\/wp-content\/uploads\/2018\/11\/LsdA_Pharaon.png",350,350,false],"1536x1536":["https:\/\/meeplendice.net\/wp-content\/uploads\/2018\/11\/LsdA_Pharaon.png",350,350,false],"2048x2048":["https:\/\/meeplendice.net\/wp-content\/uploads\/2018\/11\/LsdA_Pharaon.png",350,350,false],"ashe-slider-grid-thumbnail":["https:\/\/meeplendice.net\/wp-content\/uploads\/2018\/11\/LsdA_Pharaon.png",350,350,false],"ashe-full-thumbnail":["https:\/\/meeplendice.net\/wp-content\/uploads\/2018\/11\/LsdA_Pharaon.png",350,350,false],"ashe-grid-thumbnail":["https:\/\/meeplendice.net\/wp-content\/uploads\/2018\/11\/LsdA_Pharaon-350x330.png",350,330,true],"ashe-list-thumbnail":["https:\/\/meeplendice.net\/wp-content\/uploads\/2018\/11\/LsdA_Pharaon-300x300.png",300,300,true],"ashe-single-navigation":["https:\/\/meeplendice.net\/wp-content\/uploads\/2018\/11\/LsdA_Pharaon-75x75.png",75,75,true],"mailpoet_newsletter_max":["https:\/\/meeplendice.net\/wp-content\/uploads\/2018\/11\/LsdA_Pharaon.png",350,350,false],"rpwe-thumbnail":["https:\/\/meeplendice.net\/wp-content\/uploads\/2018\/11\/LsdA_Pharaon-45x45.png",45,45,true],"sow-carousel-default":["https:\/\/meeplendice.net\/wp-content\/uploads\/2018\/11\/LsdA_Pharaon-272x182.png",272,182,true],"rt_custom":["https:\/\/meeplendice.net\/wp-content\/uploads\/2018\/11\/LsdA_Pharaon.png",350,350,false]},"rttpg_author":{"display_name":"Karnby","author_link":"https:\/\/meeplendice.net\/?author=2"},"rttpg_comment":0,"rttpg_category":null,"rttpg_excerpt":"D\u00e9couvrez les Myst\u00e8res de l\u2019\u00c9gypte ! Une exp\u00e9dition en \u00c9gypte pour s\u2019aventurer dans les t\u00e9n\u00e8bres de la Pyramide Lugubre ? \u00c2mes sensibles, s\u2019abstenir. La l\u00e9gende du Pharaon Noir n\u2019est probablement qu\u2019un mythe\u2026 mais peut-\u00eatre les chambres oubli\u00e9es abritent-elles de terribles secrets qu\u2019il vaudrait mieux ne pas d\u00e9ranger. Le Signe des Anciens : Pr\u00e9sages du Pharaon\u2026","_links":{"self":[{"href":"https:\/\/meeplendice.net\/index.php?rest_route=\/wp\/v2\/pages\/4558","targetHints":{"allow":["GET"]}}],"collection":[{"href":"https:\/\/meeplendice.net\/index.php?rest_route=\/wp\/v2\/pages"}],"about":[{"href":"https:\/\/meeplendice.net\/index.php?rest_route=\/wp\/v2\/types\/page"}],"author":[{"embeddable":true,"href":"https:\/\/meeplendice.net\/index.php?rest_route=\/wp\/v2\/users\/2"}],"replies":[{"embeddable":true,"href":"https:\/\/meeplendice.net\/index.php?rest_route=%2Fwp%2Fv2%2Fcomments&post=4558"}],"version-history":[{"count":6,"href":"https:\/\/meeplendice.net\/index.php?rest_route=\/wp\/v2\/pages\/4558\/revisions"}],"predecessor-version":[{"id":6800,"href":"https:\/\/meeplendice.net\/index.php?rest_route=\/wp\/v2\/pages\/4558\/revisions\/6800"}],"up":[{"embeddable":true,"href":"https:\/\/meeplendice.net\/index.php?rest_route=\/wp\/v2\/pages\/338"}],"wp:featuredmedia":[{"embeddable":true,"href":"https:\/\/meeplendice.net\/index.php?rest_route=\/wp\/v2\/media\/4592"}],"wp:attachment":[{"href":"https:\/\/meeplendice.net\/index.php?rest_route=%2Fwp%2Fv2%2Fmedia&parent=4558"}],"curies":[{"name":"wp","href":"https:\/\/api.w.org\/{rel}","templated":true}]}}