{"id":4707,"date":"2019-01-05T15:07:47","date_gmt":"2019-01-05T14:07:47","guid":{"rendered":"http:\/\/meeplendice.net\/?page_id=4707"},"modified":"2021-07-09T18:23:23","modified_gmt":"2021-07-09T17:23:23","slug":"histoires-de-peluches","status":"publish","type":"page","link":"https:\/\/meeplendice.net\/?page_id=4707","title":{"rendered":"Histoires de Peluches"},"content":{"rendered":"<div id=\"pl-4707\"  class=\"panel-layout\" ><div id=\"pg-4707-0\"  class=\"panel-grid panel-no-style\" ><div id=\"pgc-4707-0-0\"  class=\"panel-grid-cell\" ><div id=\"panel-4707-0-0-0\" class=\"so-panel widget widget_sow-editor panel-first-child panel-last-child\" data-index=\"0\" ><div\n\t\t\t\n\t\t\tclass=\"so-widget-sow-editor so-widget-sow-editor-base\"\n\t\t\t\n\t\t>\n<div class=\"siteorigin-widget-tinymce textwidget\">\n\t<p style=\"text-align: center;\"><strong>Nombre de joueurs :<\/strong><br \/>\n2 - 4<\/p>\n<\/div>\n<\/div><\/div><\/div><div id=\"pgc-4707-0-1\"  class=\"panel-grid-cell\" ><div id=\"panel-4707-0-1-0\" class=\"so-panel widget widget_sow-editor panel-first-child panel-last-child\" data-index=\"1\" ><div\n\t\t\t\n\t\t\tclass=\"so-widget-sow-editor so-widget-sow-editor-base\"\n\t\t\t\n\t\t>\n<div class=\"siteorigin-widget-tinymce textwidget\">\n\t<p style=\"text-align: center;\"><strong>Dur\u00e9e moyenne :<\/strong><br \/>\n90 min<\/p>\n<\/div>\n<\/div><\/div><\/div><div id=\"pgc-4707-0-2\"  class=\"panel-grid-cell\" ><div id=\"panel-4707-0-2-0\" class=\"so-panel widget widget_sow-editor panel-first-child panel-last-child\" data-index=\"2\" ><div\n\t\t\t\n\t\t\tclass=\"so-widget-sow-editor so-widget-sow-editor-base\"\n\t\t\t\n\t\t>\n<div class=\"siteorigin-widget-tinymce textwidget\">\n\t<p style=\"text-align: center;\"><strong>Age :<\/strong><br \/>\n7 ans et plus<\/p>\n<\/div>\n<\/div><\/div><\/div><\/div><div id=\"pg-4707-1\"  class=\"panel-grid panel-no-style\" ><div id=\"pgc-4707-1-0\"  class=\"panel-grid-cell\" ><div id=\"panel-4707-1-0-0\" class=\"so-panel widget widget_sow-editor panel-first-child panel-last-child\" data-index=\"3\" ><div\n\t\t\t\n\t\t\tclass=\"so-widget-sow-editor so-widget-sow-editor-base\"\n\t\t\t\n\t\t>\n<div class=\"siteorigin-widget-tinymce textwidget\">\n\t<p style=\"text-align: center;\"><strong>Auteur(s) :<br \/>\n<\/strong>Jerry Hawthrone<\/p>\n<\/div>\n<\/div><\/div><\/div><div id=\"pgc-4707-1-1\"  class=\"panel-grid-cell\" ><div id=\"panel-4707-1-1-0\" class=\"so-panel widget widget_sow-editor panel-first-child panel-last-child\" data-index=\"4\" ><div\n\t\t\t\n\t\t\tclass=\"so-widget-sow-editor so-widget-sow-editor-base\"\n\t\t\t\n\t\t>\n<div class=\"siteorigin-widget-tinymce textwidget\">\n\t<p style=\"text-align: center;\"><strong>Illustrations :<\/strong><br \/>\nKristen Pauline<br \/>\nTregis<\/p>\n<\/div>\n<\/div><\/div><\/div><div id=\"pgc-4707-1-2\"  class=\"panel-grid-cell\" ><div id=\"panel-4707-1-2-0\" class=\"so-panel widget widget_sow-editor panel-first-child panel-last-child\" data-index=\"5\" ><div\n\t\t\t\n\t\t\tclass=\"so-widget-sow-editor so-widget-sow-editor-base\"\n\t\t\t\n\t\t>\n<div class=\"siteorigin-widget-tinymce textwidget\">\n\t<p style=\"text-align: center;\"><strong>\u00c9dition :<\/strong><br \/>\nPlaid Hat Games<br \/>\nEdge Entertainment<br \/>\n2018<\/p>\n<\/div>\n<\/div><\/div><\/div><div id=\"pgc-4707-1-3\"  class=\"panel-grid-cell\" ><div id=\"panel-4707-1-3-0\" class=\"so-panel widget widget_sow-editor panel-first-child panel-last-child\" data-index=\"6\" ><div\n\t\t\t\n\t\t\tclass=\"so-widget-sow-editor so-widget-sow-editor-base\"\n\t\t\t\n\t\t>\n<div class=\"siteorigin-widget-tinymce textwidget\">\n\t<p style=\"text-align: center;\"><strong>Version :<\/strong><br \/>\nFran\u00e7aise<\/p>\n<\/div>\n<\/div><\/div><\/div><\/div><div id=\"pg-4707-2\"  class=\"panel-grid panel-no-style\" ><div id=\"pgc-4707-2-0\"  class=\"panel-grid-cell\" ><div id=\"panel-4707-2-0-0\" class=\"so-panel widget widget_sow-editor panel-first-child panel-last-child\" data-index=\"7\" ><div\n\t\t\t\n\t\t\tclass=\"so-widget-sow-editor so-widget-sow-editor-base\"\n\t\t\t\n\t\t>\n<div class=\"siteorigin-widget-tinymce textwidget\">\n\t<hr \/>\n<p><strong>Vivez des aventures audacieuses dans un terrible monde de cauchemars\u00a0!<br \/>\n<\/strong>Ayant jur\u00e9 de prot\u00e9ger la petite fille qui les aime, des jouets en peluche ont \u00e9t\u00e9 entrain\u00e9s dans la D\u00e9charge, un royaume surnaturel et fantastique sur lequel r\u00e8gne le Seigneur des Cauchemars.<\/p>\n<p><em>Histoires de Peluches<\/em>\u00a0est un jeu d\u2019aventure dans lequel les joueurs endossent le r\u00f4le de courageuses peluches qui cherchent \u00e0 sauver leur pr\u00e9cieuse fillette d\u2019un g\u00e9nie mal\u00e9fique et sournois. Elles lancent et utilisent des d\u00e9s de couleur pour effectuer toute une vari\u00e9t\u00e9 d\u2019actions, allant des intr\u00e9pides attaques de m\u00eal\u00e9e aux bonds d\u00e9sesp\u00e9r\u00e9s par-dessus des gouffres. Toute l\u2019action se d\u00e9roule gr\u00e2ce \u00e0 un livre d\u2019histoires unique qui sert \u00e0 la fois de r\u00e8gles du jeu, de guide d\u2019aventure et de plateau\u00a0!<\/p>\n<\/div>\n<\/div><\/div><\/div><\/div><div id=\"pg-4707-3\"  class=\"panel-grid panel-no-style\" ><div id=\"pgc-4707-3-0\"  class=\"panel-grid-cell\" ><div id=\"panel-4707-3-0-0\" class=\"so-panel widget widget_sow-editor panel-first-child panel-last-child\" data-index=\"8\" ><div\n\t\t\t\n\t\t\tclass=\"so-widget-sow-editor so-widget-sow-editor-base\"\n\t\t\t\n\t\t>\n<div class=\"siteorigin-widget-tinymce textwidget\">\n\t<hr \/>\n<p style=\"text-align: center;\"><strong>En vid\u00e9o<\/strong><\/p>\n<p>De l'explication des r\u00e8gles :<\/p>\n<ul>\n<li>Tric Trac<\/li>\n<\/ul>\n<p><a href=\"https:\/\/www.trictrac.net\/actus\/histoires-de-peluches-de-lexplication\" target=\"_blank\" rel=\"noopener noreferrer\"><img loading=\"lazy\" decoding=\"async\" class=\"alignnone size-full wp-image-107\" src=\"http:\/\/meeplendice.net\/wp-content\/uploads\/2016\/08\/TT_explication.png\" alt=\"TT_explication\" width=\"200\" height=\"170\" \/><\/a><\/p>\n<\/div>\n<\/div><\/div><\/div><div id=\"pgc-4707-3-1\"  class=\"panel-grid-cell\" ><div id=\"panel-4707-3-1-0\" class=\"so-panel widget widget_sow-editor panel-first-child panel-last-child\" data-index=\"9\" ><div\n\t\t\t\n\t\t\tclass=\"so-widget-sow-editor so-widget-sow-editor-base\"\n\t\t\t\n\t\t>\n<div class=\"siteorigin-widget-tinymce textwidget\">\n\t<hr \/>\n<p style=\"text-align: center;\"><strong>Extension(s)<\/strong><\/p>\n<style type='text\/css' media='all'>#rt-tpg-container-2906351968 .read-more a{border-radius:px;}#rt-tpg-container-2906351968 .rt-img-holder img.rt-img-responsive,#rt-tpg-container-2906351968 .rt-img-holder,\n\t\t\t\t\t#rt-tpg-container-2906351968 .rt-post-overlay .post-img,\n\t\t\t\t\t#rt-tpg-container-2906351968 .post-sm .post-img,\n\t\t\t\t\t#rt-tpg-container-2906351968 .rt-post-grid .post-img,\n\t\t\t\t\t#rt-tpg-container-2906351968 .post-img img {border-radius:px;}#rt-tpg-container-2906351968 .layout9 .rt-holder h2.entry-title,\n\t\t\t\t\t#rt-tpg-container-2906351968 .layout9 .rt-holder h3.entry-title,\n\t\t\t\t\t#rt-tpg-container-2906351968 .layout9 .rt-holder h4.entry-title,\n\t\t\t\t\t#rt-tpg-container-2906351968 .layout9 .rt-holder h2.entry-title a,\n\t\t\t\t\t#rt-tpg-container-2906351968 .layout9 .rt-holder h3.entry-title a,\n\t\t\t\t\t#rt-tpg-container-2906351968 .layout9 .rt-holder h4.entry-title a,\n\t\t\t\t\t#rt-tpg-container-2906351968 .rt-holder .rt-woo-info h2 a,\n\t\t\t\t\t#rt-tpg-container-2906351968 .rt-holder .rt-woo-info h3 a,\n\t\t\t\t\t#rt-tpg-container-2906351968 .rt-holder .rt-woo-info h4 a,\n\t\t\t\t\t#rt-tpg-container-2906351968 .post-content .post-title,\n\t\t\t\t\t#rt-tpg-container-2906351968 .rt-post-grid .post-title,\n\t\t\t\t\t#rt-tpg-container-2906351968 .rt-post-grid .post-title a,\n\t\t\t\t\t#rt-tpg-container-2906351968 .post-content .post-title a,\n\t\t\t\t\t#rt-tpg-container-2906351968 .rt-holder .rt-woo-info h2,\n\t\t\t\t\t#rt-tpg-container-2906351968 .rt-holder .rt-woo-info h3,\n\t\t\t\t\t#rt-tpg-container-2906351968 .rt-holder .rt-woo-info h4{font-size:16px;line-height:26px;font-weight:normal;text-align:center;}#rt-tpg-container-2906351968 .post-grid-lg-style-1 .post-title,\n\t\t\t\t\t\t#rt-tpg-container-2906351968 .post-grid-lg-style-1 .post-title a,\n\t\t\t\t\t\t#rt-tpg-container-2906351968 .big-layout .post-title,\n\t\t\t\t\t\t#rt-tpg-container-2906351968 .big-layout .post-title a,\n\t\t\t\t\t\t#rt-tpg-container-2906351968 .post-grid-lg-style-1 .post-title,\n\t\t\t\t\t\t#rt-tpg-container-2906351968 .post-grid-lg-style-1 .post-title a {font-size:24px;line-height:34px;}<\/style><div class='rt-container-fluid rt-tpg-container tpg-shortcode-main-wrapper ' id='rt-tpg-container-2906351968'   data-layout='layout9' data-grid-style='even' data-desktop-col='4'  data-tab-col='2'  data-mobile-col='1' data-sc-id='8642'><div data-title='Loading ...' class='rt-row rt-content-loader   layout9 tpg-even '><div class=\"rt-col-md-3 rt-col-sm-6 rt-col-xs-12 even-grid-item rt-grid-item img_zoom_in\" data-id=\"8643\"><div class=\"rt-holder\"><div class='overlay'><a data-id='8643' class=' tpg-single-popup' href='https:\/\/meeplendice.net\/?page_id=8643'><img loading=\"lazy\" decoding=\"async\" width=\"350\" height=\"350\" src=\"https:\/\/meeplendice.net\/wp-content\/uploads\/2021\/07\/HdP_Petit_Frere.png\" class=\"rt-img-responsive \" alt=\"\" \/><\/a><\/div><div class='post-info'><h2 class=\"entry-title\"><a data-id=\"8643\" class=\" tpg-single-popup\" href=\"https:\/\/meeplendice.net\/?page_id=8643\">Petit Fr\u00e8re<\/a><\/h2><div class='post-meta-user '><\/div><\/div><\/div><\/div><\/div><div class='rt-pagination-wrap' data-total-pages='1' data-posts-per-page='3' data-type='pagination_ajax'  ><div class='rt-page-numbers'><\/div><\/div><\/div>\n<\/div>\n<\/div><\/div><\/div><\/div><div id=\"pg-4707-4\"  class=\"panel-grid panel-no-style\" ><div id=\"pgc-4707-4-0\"  class=\"panel-grid-cell\" ><div id=\"panel-4707-4-0-0\" class=\"so-panel widget widget_sow-editor panel-first-child panel-last-child\" data-index=\"10\" ><div\n\t\t\t\n\t\t\tclass=\"so-widget-sow-editor so-widget-sow-editor-base\"\n\t\t\t\n\t\t>\n<div class=\"siteorigin-widget-tinymce textwidget\">\n\t<hr \/>\n<p style=\"text-align: center;\"><strong>Pour aller plus loin<\/strong><\/p>\n<\/div>\n<\/div><\/div><\/div><\/div><\/div>","protected":false},"excerpt":{"rendered":"<p>Nombre de joueurs : 2 &#8211; 4 Dur\u00e9e moyenne : 90 min Age : 7 ans et plus Auteur(s) : Jerry Hawthrone Illustrations : Kristen Pauline Tregis \u00c9dition : Plaid Hat Games Edge Entertainment 2018 Version : Fran\u00e7aise<\/p>\n","protected":false},"author":2,"featured_media":4673,"parent":0,"menu_order":0,"comment_status":"closed","ping_status":"closed","template":"","meta":{"footnotes":""},"class_list":["post-4707","page","type-page","status-publish","has-post-thumbnail","hentry"],"acf":[],"rttpg_featured_image_url":{"full":["https:\/\/meeplendice.net\/wp-content\/uploads\/2019\/01\/Histoirespeluches.png",350,350,false],"landscape":["https:\/\/meeplendice.net\/wp-content\/uploads\/2019\/01\/Histoirespeluches.png",350,350,false],"portraits":["https:\/\/meeplendice.net\/wp-content\/uploads\/2019\/01\/Histoirespeluches.png",350,350,false],"thumbnail":["https:\/\/meeplendice.net\/wp-content\/uploads\/2019\/01\/Histoirespeluches-150x150.png",150,150,true],"medium":["https:\/\/meeplendice.net\/wp-content\/uploads\/2019\/01\/Histoirespeluches-300x300.png",300,300,true],"large":["https:\/\/meeplendice.net\/wp-content\/uploads\/2019\/01\/Histoirespeluches.png",350,350,false],"ug_big":["https:\/\/meeplendice.net\/wp-content\/uploads\/2019\/01\/Histoirespeluches.png",350,350,false],"1536x1536":["https:\/\/meeplendice.net\/wp-content\/uploads\/2019\/01\/Histoirespeluches.png",350,350,false],"2048x2048":["https:\/\/meeplendice.net\/wp-content\/uploads\/2019\/01\/Histoirespeluches.png",350,350,false],"ashe-slider-grid-thumbnail":["https:\/\/meeplendice.net\/wp-content\/uploads\/2019\/01\/Histoirespeluches.png",350,350,false],"ashe-full-thumbnail":["https:\/\/meeplendice.net\/wp-content\/uploads\/2019\/01\/Histoirespeluches.png",350,350,false],"ashe-grid-thumbnail":["https:\/\/meeplendice.net\/wp-content\/uploads\/2019\/01\/Histoirespeluches-350x330.png",350,330,true],"ashe-list-thumbnail":["https:\/\/meeplendice.net\/wp-content\/uploads\/2019\/01\/Histoirespeluches-300x300.png",300,300,true],"ashe-single-navigation":["https:\/\/meeplendice.net\/wp-content\/uploads\/2019\/01\/Histoirespeluches-75x75.png",75,75,true],"mailpoet_newsletter_max":["https:\/\/meeplendice.net\/wp-content\/uploads\/2019\/01\/Histoirespeluches.png",350,350,false],"rpwe-thumbnail":["https:\/\/meeplendice.net\/wp-content\/uploads\/2019\/01\/Histoirespeluches-45x45.png",45,45,true],"sow-carousel-default":["https:\/\/meeplendice.net\/wp-content\/uploads\/2019\/01\/Histoirespeluches-272x182.png",272,182,true],"rt_custom":["https:\/\/meeplendice.net\/wp-content\/uploads\/2019\/01\/Histoirespeluches.png",350,350,false]},"rttpg_author":{"display_name":"Karnby","author_link":"https:\/\/meeplendice.net\/?author=2"},"rttpg_comment":0,"rttpg_category":null,"rttpg_excerpt":"Nombre de joueurs : 2 - 4 Dur\u00e9e moyenne : 90 min Age : 7 ans et plus Auteur(s) : Jerry Hawthrone Illustrations : Kristen Pauline Tregis \u00c9dition : Plaid Hat Games Edge Entertainment 2018 Version : Fran\u00e7aise","_links":{"self":[{"href":"https:\/\/meeplendice.net\/index.php?rest_route=\/wp\/v2\/pages\/4707","targetHints":{"allow":["GET"]}}],"collection":[{"href":"https:\/\/meeplendice.net\/index.php?rest_route=\/wp\/v2\/pages"}],"about":[{"href":"https:\/\/meeplendice.net\/index.php?rest_route=\/wp\/v2\/types\/page"}],"author":[{"embeddable":true,"href":"https:\/\/meeplendice.net\/index.php?rest_route=\/wp\/v2\/users\/2"}],"replies":[{"embeddable":true,"href":"https:\/\/meeplendice.net\/index.php?rest_route=%2Fwp%2Fv2%2Fcomments&post=4707"}],"version-history":[{"count":8,"href":"https:\/\/meeplendice.net\/index.php?rest_route=\/wp\/v2\/pages\/4707\/revisions"}],"predecessor-version":[{"id":8647,"href":"https:\/\/meeplendice.net\/index.php?rest_route=\/wp\/v2\/pages\/4707\/revisions\/8647"}],"wp:featuredmedia":[{"embeddable":true,"href":"https:\/\/meeplendice.net\/index.php?rest_route=\/wp\/v2\/media\/4673"}],"wp:attachment":[{"href":"https:\/\/meeplendice.net\/index.php?rest_route=%2Fwp%2Fv2%2Fmedia&parent=4707"}],"curies":[{"name":"wp","href":"https:\/\/api.w.org\/{rel}","templated":true}]}}