{"id":4721,"date":"2019-01-05T16:00:18","date_gmt":"2019-01-05T15:00:18","guid":{"rendered":"http:\/\/meeplendice.net\/?page_id=4721"},"modified":"2025-12-15T16:57:37","modified_gmt":"2025-12-15T14:57:37","slug":"unlock-heroic-adventures","status":"publish","type":"page","link":"https:\/\/meeplendice.net\/?page_id=4721","title":{"rendered":"Heroic Adventures"},"content":{"rendered":"<div id=\"pl-4721\"  class=\"panel-layout\" ><div id=\"pg-4721-0\"  class=\"panel-grid panel-no-style\" ><div id=\"pgc-4721-0-0\"  class=\"panel-grid-cell\" ><div id=\"panel-4721-0-0-0\" class=\"so-panel widget widget_sow-editor panel-first-child panel-last-child\" data-index=\"0\" ><div\n\t\t\t\n\t\t\tclass=\"so-widget-sow-editor so-widget-sow-editor-base\"\n\t\t\t\n\t\t>\n<div class=\"siteorigin-widget-tinymce textwidget\">\n\t<p style=\"text-align: center;\"><strong>Auteur(s) :<br \/>\n<\/strong>Cyril Demaegd<br \/>\nThomas Cauet<br \/>\nMathieu Casnin<br \/>\nDavid Neagle<br \/>\nVincent Goyat<\/p>\n<\/div>\n<\/div><\/div><\/div><div id=\"pgc-4721-0-1\"  class=\"panel-grid-cell\" ><div id=\"panel-4721-0-1-0\" class=\"so-panel widget widget_sow-editor panel-first-child panel-last-child\" data-index=\"1\" ><div\n\t\t\t\n\t\t\tclass=\"so-widget-sow-editor so-widget-sow-editor-base\"\n\t\t\t\n\t\t>\n<div class=\"siteorigin-widget-tinymce textwidget\">\n\t<p style=\"text-align: center;\"><strong>Illustrations :<\/strong><br \/>\nArnaud Demaegd<br \/>\nLaurent Bazart<br \/>\nMahulda Jelly<\/p>\n<\/div>\n<\/div><\/div><\/div><div id=\"pgc-4721-0-2\"  class=\"panel-grid-cell\" ><div id=\"panel-4721-0-2-0\" class=\"so-panel widget widget_sow-editor panel-first-child panel-last-child\" data-index=\"2\" ><div\n\t\t\t\n\t\t\tclass=\"so-widget-sow-editor so-widget-sow-editor-base\"\n\t\t\t\n\t\t>\n<div class=\"siteorigin-widget-tinymce textwidget\">\n\t<p style=\"text-align: center;\"><strong>\u00c9dition :<\/strong><br \/>\nSpace Cowboys<br \/>\n2018<\/p>\n<\/div>\n<\/div><\/div><\/div><div id=\"pgc-4721-0-3\"  class=\"panel-grid-cell\" ><div id=\"panel-4721-0-3-0\" class=\"so-panel widget widget_sow-editor panel-first-child panel-last-child\" data-index=\"3\" ><div\n\t\t\t\n\t\t\tclass=\"so-widget-sow-editor so-widget-sow-editor-base\"\n\t\t\t\n\t\t>\n<div class=\"siteorigin-widget-tinymce textwidget\">\n\t<p style=\"text-align: center;\"><strong>Version :<\/strong><br \/>\nFran\u00e7aise<\/p>\n<\/div>\n<\/div><\/div><\/div><\/div><div id=\"pg-4721-1\"  class=\"panel-grid panel-no-style\" ><div id=\"pgc-4721-1-0\"  class=\"panel-grid-cell\" ><div id=\"panel-4721-1-0-0\" class=\"so-panel widget widget_sow-editor panel-first-child panel-last-child\" data-index=\"4\" ><div\n\t\t\t\n\t\t\tclass=\"so-widget-sow-editor so-widget-sow-editor-base\"\n\t\t\t\n\t\t>\n<div class=\"siteorigin-widget-tinymce textwidget\">\n\t<p>La bo\u00eete <em>Unlock! Heroic Adventures<\/em> contient trois aventures :<\/p>\n<p><em><strong>Insert Coin<\/strong><\/em><br \/>\nPassez les niveaux successifs d'une aventure virtuelle. Evitez le Game Over pour vous \u00e9chapper !<\/p>\n<p><em><strong>Sherlock Holmes sur le fils<\/strong><\/em><br \/>\nLe ma\u00eetre des d\u00e9tectives fait face \u00e0 une affaire des plus \u00e9tranges. Pouvez-vous l'aider dans les m\u00e9andres de son enqu\u00eates ?<\/p>\n<p><em><strong>A la poursuite du lapin blanc<\/strong><\/em><br \/>\nD\u00e9couvrez le pays des Merveilles et ses \u00e9tranges personnages. Ne tardez pas, aidez Alice \u00e0 s'en \u00e9chapper \u00e0 temps !<\/p>\n<\/div>\n<\/div><\/div><\/div><\/div><\/div>","protected":false},"excerpt":{"rendered":"<p>Auteur(s) : Cyril Demaegd Thomas Cauet Mathieu Casnin David Neagle Vincent Goyat Illustrations : Arnaud Demaegd Laurent Bazart Mahulda Jelly \u00c9dition : Space Cowboys 2018 Version : Fran\u00e7aise La bo\u00eete Unlock! Heroic Adventures contient trois aventures : Insert Coin Passez les niveaux successifs d&rsquo;une aventure virtuelle. Evitez le Game Over pour vous \u00e9chapper ! Sherlock Holmes sur le fils Le ma\u00eetre des d\u00e9tectives fait face \u00e0 une affaire des plus \u00e9tranges. Pouvez-vous l&rsquo;aider dans les m\u00e9andres de son enqu\u00eates ? A la poursuite du lapin blanc D\u00e9couvrez le pays des Merveilles et ses \u00e9tranges personnages. Ne tardez pas, aidez Alice \u00e0 s&rsquo;en \u00e9chapper \u00e0 temps !<\/p>\n","protected":false},"author":2,"featured_media":13780,"parent":2446,"menu_order":5,"comment_status":"closed","ping_status":"closed","template":"","meta":{"footnotes":""},"class_list":["post-4721","page","type-page","status-publish","has-post-thumbnail","hentry"],"acf":[],"rttpg_featured_image_url":{"full":["https:\/\/meeplendice.net\/wp-content\/uploads\/2025\/12\/Unlock_Heroic.png",350,350,false],"landscape":["https:\/\/meeplendice.net\/wp-content\/uploads\/2025\/12\/Unlock_Heroic.png",350,350,false],"portraits":["https:\/\/meeplendice.net\/wp-content\/uploads\/2025\/12\/Unlock_Heroic.png",350,350,false],"thumbnail":["https:\/\/meeplendice.net\/wp-content\/uploads\/2025\/12\/Unlock_Heroic-150x150.png",150,150,true],"medium":["https:\/\/meeplendice.net\/wp-content\/uploads\/2025\/12\/Unlock_Heroic-300x300.png",300,300,true],"large":["https:\/\/meeplendice.net\/wp-content\/uploads\/2025\/12\/Unlock_Heroic.png",350,350,false],"ug_big":["https:\/\/meeplendice.net\/wp-content\/uploads\/2025\/12\/Unlock_Heroic.png",350,350,false],"1536x1536":["https:\/\/meeplendice.net\/wp-content\/uploads\/2025\/12\/Unlock_Heroic.png",350,350,false],"2048x2048":["https:\/\/meeplendice.net\/wp-content\/uploads\/2025\/12\/Unlock_Heroic.png",350,350,false],"ashe-slider-grid-thumbnail":["https:\/\/meeplendice.net\/wp-content\/uploads\/2025\/12\/Unlock_Heroic.png",350,350,false],"ashe-full-thumbnail":["https:\/\/meeplendice.net\/wp-content\/uploads\/2025\/12\/Unlock_Heroic.png",350,350,false],"ashe-grid-thumbnail":["https:\/\/meeplendice.net\/wp-content\/uploads\/2025\/12\/Unlock_Heroic-350x330.png",350,330,true],"ashe-list-thumbnail":["https:\/\/meeplendice.net\/wp-content\/uploads\/2025\/12\/Unlock_Heroic-300x300.png",300,300,true],"ashe-single-navigation":["https:\/\/meeplendice.net\/wp-content\/uploads\/2025\/12\/Unlock_Heroic-75x75.png",75,75,true],"mailpoet_newsletter_max":["https:\/\/meeplendice.net\/wp-content\/uploads\/2025\/12\/Unlock_Heroic.png",350,350,false],"rpwe-thumbnail":["https:\/\/meeplendice.net\/wp-content\/uploads\/2025\/12\/Unlock_Heroic-45x45.png",45,45,true],"sow-carousel-default":["https:\/\/meeplendice.net\/wp-content\/uploads\/2025\/12\/Unlock_Heroic-272x182.png",272,182,true],"rt_custom":["https:\/\/meeplendice.net\/wp-content\/uploads\/2025\/12\/Unlock_Heroic.png",350,350,false]},"rttpg_author":{"display_name":"Karnby","author_link":"https:\/\/meeplendice.net\/?author=2"},"rttpg_comment":0,"rttpg_category":null,"rttpg_excerpt":"Auteur(s) : Cyril Demaegd Thomas Cauet Mathieu Casnin David Neagle Vincent Goyat Illustrations : Arnaud Demaegd Laurent Bazart Mahulda Jelly \u00c9dition : Space Cowboys 2018 Version : Fran\u00e7aise La bo\u00eete Unlock! Heroic Adventures contient trois aventures : Insert Coin Passez les niveaux successifs d'une aventure virtuelle. Evitez le Game Over pour vous \u00e9chapper ! Sherlock\u2026","_links":{"self":[{"href":"https:\/\/meeplendice.net\/index.php?rest_route=\/wp\/v2\/pages\/4721","targetHints":{"allow":["GET"]}}],"collection":[{"href":"https:\/\/meeplendice.net\/index.php?rest_route=\/wp\/v2\/pages"}],"about":[{"href":"https:\/\/meeplendice.net\/index.php?rest_route=\/wp\/v2\/types\/page"}],"author":[{"embeddable":true,"href":"https:\/\/meeplendice.net\/index.php?rest_route=\/wp\/v2\/users\/2"}],"replies":[{"embeddable":true,"href":"https:\/\/meeplendice.net\/index.php?rest_route=%2Fwp%2Fv2%2Fcomments&post=4721"}],"version-history":[{"count":7,"href":"https:\/\/meeplendice.net\/index.php?rest_route=\/wp\/v2\/pages\/4721\/revisions"}],"predecessor-version":[{"id":13806,"href":"https:\/\/meeplendice.net\/index.php?rest_route=\/wp\/v2\/pages\/4721\/revisions\/13806"}],"up":[{"embeddable":true,"href":"https:\/\/meeplendice.net\/index.php?rest_route=\/wp\/v2\/pages\/2446"}],"wp:featuredmedia":[{"embeddable":true,"href":"https:\/\/meeplendice.net\/index.php?rest_route=\/wp\/v2\/media\/13780"}],"wp:attachment":[{"href":"https:\/\/meeplendice.net\/index.php?rest_route=%2Fwp%2Fv2%2Fmedia&parent=4721"}],"curies":[{"name":"wp","href":"https:\/\/api.w.org\/{rel}","templated":true}]}}