{"id":4734,"date":"2019-01-05T16:38:00","date_gmt":"2019-01-05T15:38:00","guid":{"rendered":"http:\/\/meeplendice.net\/?page_id=4734"},"modified":"2024-11-21T16:49:00","modified_gmt":"2024-11-21T14:49:00","slug":"colonies","status":"publish","type":"page","link":"https:\/\/meeplendice.net\/?page_id=4734","title":{"rendered":"Colonies"},"content":{"rendered":"<p><em>Notre monde s&rsquo;est \u00e9largi bien avant nous. Les Corporations \u00e9tendent leurs activit\u00e9s aux confins du syst\u00e8me solaire, en qu\u00eate de min\u00e9raux et de ressources. Rares sont les lieux adapt\u00e9s \u00e0 la terraformation, mais l&rsquo;\u00e9tablissement de colonies peut grandement am\u00e9liorer vos revenus et ainsi faciliter l&rsquo;atteinte d&rsquo;un objectif bien plus grand : la terraformation de Mars. Envoyez votre flotte marchande sur des lunes \u00e9loign\u00e9es, colonisez les nuages de Jupiter et laissez vos actifs sur Terre vous propulser vers le succ\u00e8s !<\/em><\/p>\n<p><em>Colonies<\/em> vous permet d&rsquo;explorer le syst\u00e8me solaire ext\u00e9rieur. Cette extension vous propose de toutes nouvelles tuiles Colonie o\u00f9 vous pourrez \u00e9tablir et avec lesquelles votre flotte marchande pourra commercer. Elle inclut \u00e9galement de nouvelles cartes Projet et Corporation.<\/p>\n<p><em>Colonies<\/em> n\u00e9cessite le jeu de base et peut \u00eatre combin\u00e9e avec n&rsquo;importe quelle autre extension ou variante.<\/p>\n","protected":false},"excerpt":{"rendered":"<p>Notre monde s&rsquo;est \u00e9largi bien avant nous. Les Corporations \u00e9tendent leurs activit\u00e9s aux confins du syst\u00e8me solaire, en qu\u00eate de min\u00e9raux et de ressources. Rares sont les lieux adapt\u00e9s \u00e0 la terraformation, mais l&rsquo;\u00e9tablissement de colonies peut grandement am\u00e9liorer vos revenus et ainsi faciliter l&rsquo;atteinte d&rsquo;un objectif bien plus grand : la terraformation de Mars. Envoyez votre flotte marchande sur des lunes \u00e9loign\u00e9es, colonisez les nuages de Jupiter et laissez vos actifs sur Terre vous propulser vers le succ\u00e8s ! Colonies vous permet d&rsquo;explorer le syst\u00e8me solaire ext\u00e9rieur. Cette extension vous propose de toutes nouvelles tuiles Colonie o\u00f9 vous pourrez \u00e9tablir et avec lesquelles votre flotte marchande pourra commercer. Elle inclut \u00e9galement de nouvelles cartes Projet et Corporation. Colonies n\u00e9cessite le jeu de base et peut \u00eatre combin\u00e9e avec n&rsquo;importe quelle autre extension ou variante.<\/p>\n","protected":false},"author":2,"featured_media":5393,"parent":3120,"menu_order":4,"comment_status":"closed","ping_status":"closed","template":"","meta":{"footnotes":""},"class_list":["post-4734","page","type-page","status-publish","has-post-thumbnail","hentry"],"acf":[],"rttpg_featured_image_url":{"full":["https:\/\/meeplendice.net\/wp-content\/uploads\/2019\/12\/Terraformingmars_Colonies.png",350,350,false],"landscape":["https:\/\/meeplendice.net\/wp-content\/uploads\/2019\/12\/Terraformingmars_Colonies.png",350,350,false],"portraits":["https:\/\/meeplendice.net\/wp-content\/uploads\/2019\/12\/Terraformingmars_Colonies.png",350,350,false],"thumbnail":["https:\/\/meeplendice.net\/wp-content\/uploads\/2019\/12\/Terraformingmars_Colonies-150x150.png",150,150,true],"medium":["https:\/\/meeplendice.net\/wp-content\/uploads\/2019\/12\/Terraformingmars_Colonies-300x300.png",300,300,true],"large":["https:\/\/meeplendice.net\/wp-content\/uploads\/2019\/12\/Terraformingmars_Colonies.png",350,350,false],"ug_big":["https:\/\/meeplendice.net\/wp-content\/uploads\/2019\/12\/Terraformingmars_Colonies.png",350,350,false],"1536x1536":["https:\/\/meeplendice.net\/wp-content\/uploads\/2019\/12\/Terraformingmars_Colonies.png",350,350,false],"2048x2048":["https:\/\/meeplendice.net\/wp-content\/uploads\/2019\/12\/Terraformingmars_Colonies.png",350,350,false],"ashe-slider-grid-thumbnail":["https:\/\/meeplendice.net\/wp-content\/uploads\/2019\/12\/Terraformingmars_Colonies.png",350,350,false],"ashe-full-thumbnail":["https:\/\/meeplendice.net\/wp-content\/uploads\/2019\/12\/Terraformingmars_Colonies.png",350,350,false],"ashe-grid-thumbnail":["https:\/\/meeplendice.net\/wp-content\/uploads\/2019\/12\/Terraformingmars_Colonies-350x330.png",350,330,true],"ashe-list-thumbnail":["https:\/\/meeplendice.net\/wp-content\/uploads\/2019\/12\/Terraformingmars_Colonies-300x300.png",300,300,true],"ashe-single-navigation":["https:\/\/meeplendice.net\/wp-content\/uploads\/2019\/12\/Terraformingmars_Colonies-75x75.png",75,75,true],"mailpoet_newsletter_max":["https:\/\/meeplendice.net\/wp-content\/uploads\/2019\/12\/Terraformingmars_Colonies.png",350,350,false],"rpwe-thumbnail":["https:\/\/meeplendice.net\/wp-content\/uploads\/2019\/12\/Terraformingmars_Colonies-45x45.png",45,45,true],"sow-carousel-default":["https:\/\/meeplendice.net\/wp-content\/uploads\/2019\/12\/Terraformingmars_Colonies-272x182.png",272,182,true],"rt_custom":["https:\/\/meeplendice.net\/wp-content\/uploads\/2019\/12\/Terraformingmars_Colonies.png",350,350,false]},"rttpg_author":{"display_name":"Karnby","author_link":"https:\/\/meeplendice.net\/?author=2"},"rttpg_comment":0,"rttpg_category":null,"rttpg_excerpt":"Notre monde s&rsquo;est \u00e9largi bien avant nous. Les Corporations \u00e9tendent leurs activit\u00e9s aux confins du syst\u00e8me solaire, en qu\u00eate de min\u00e9raux et de ressources. Rares sont les lieux adapt\u00e9s \u00e0 la terraformation, mais l&rsquo;\u00e9tablissement de colonies peut grandement am\u00e9liorer vos revenus et ainsi faciliter l&rsquo;atteinte d&rsquo;un objectif bien plus grand : la terraformation de Mars.\u2026","_links":{"self":[{"href":"https:\/\/meeplendice.net\/index.php?rest_route=\/wp\/v2\/pages\/4734","targetHints":{"allow":["GET"]}}],"collection":[{"href":"https:\/\/meeplendice.net\/index.php?rest_route=\/wp\/v2\/pages"}],"about":[{"href":"https:\/\/meeplendice.net\/index.php?rest_route=\/wp\/v2\/types\/page"}],"author":[{"embeddable":true,"href":"https:\/\/meeplendice.net\/index.php?rest_route=\/wp\/v2\/users\/2"}],"replies":[{"embeddable":true,"href":"https:\/\/meeplendice.net\/index.php?rest_route=%2Fwp%2Fv2%2Fcomments&post=4734"}],"version-history":[{"count":6,"href":"https:\/\/meeplendice.net\/index.php?rest_route=\/wp\/v2\/pages\/4734\/revisions"}],"predecessor-version":[{"id":12946,"href":"https:\/\/meeplendice.net\/index.php?rest_route=\/wp\/v2\/pages\/4734\/revisions\/12946"}],"up":[{"embeddable":true,"href":"https:\/\/meeplendice.net\/index.php?rest_route=\/wp\/v2\/pages\/3120"}],"wp:featuredmedia":[{"embeddable":true,"href":"https:\/\/meeplendice.net\/index.php?rest_route=\/wp\/v2\/media\/5393"}],"wp:attachment":[{"href":"https:\/\/meeplendice.net\/index.php?rest_route=%2Fwp%2Fv2%2Fmedia&parent=4734"}],"curies":[{"name":"wp","href":"https:\/\/api.w.org\/{rel}","templated":true}]}}