{"id":4791,"date":"2019-02-03T12:59:44","date_gmt":"2019-02-03T11:59:44","guid":{"rendered":"http:\/\/meeplendice.net\/?page_id=4791"},"modified":"2020-11-22T15:37:53","modified_gmt":"2020-11-22T14:37:53","slug":"madame","status":"publish","type":"page","link":"https:\/\/meeplendice.net\/?page_id=4791","title":{"rendered":"Madame"},"content":{"rendered":"<p>N.T. 1673 : Ah ! Versailles. Sa cour. Son \u00e9lteTqtue. sOn p1SG3Tre. DO. Hdesba rgasezfl.<br \/>\nFATAL 3RROR : 3ND OF TR4NSMISSION. 1011100101._____<\/p>\n<p><span id=\"result_box\" class=\"\" lang=\"fr\"><span class=\"\">A contribu\u00e9 \u00e0 l\u2019\u00e9laboration de ce sc\u00e9nario : Fabien Rittaud &amp; Jun Rodriguez<br \/>\nD\u00e9veloppement : Manuel Rozoy<br \/>\nIllustrateurs : John McCambridge &amp; Pascal Quidault<\/span><\/span><\/p>\n","protected":false},"excerpt":{"rendered":"<p>N.T. 1673 : Ah ! Versailles. Sa cour. Son \u00e9lteTqtue. sOn p1SG3Tre. DO. Hdesba rgasezfl. FATAL 3RROR : 3ND OF TR4NSMISSION. 1011100101._____ A contribu\u00e9 \u00e0 l\u2019\u00e9laboration de ce sc\u00e9nario : Fabien Rittaud &amp; Jun Rodriguez D\u00e9veloppement : Manuel Rozoy Illustrateurs : John McCambridge &amp; Pascal Quidault<\/p>\n","protected":false},"author":2,"featured_media":4787,"parent":472,"menu_order":0,"comment_status":"closed","ping_status":"closed","template":"","meta":{"footnotes":""},"class_list":["post-4791","page","type-page","status-publish","has-post-thumbnail","hentry"],"acf":[],"rttpg_featured_image_url":{"full":["https:\/\/meeplendice.net\/wp-content\/uploads\/2019\/02\/TIME_Madame.png",350,350,false],"landscape":["https:\/\/meeplendice.net\/wp-content\/uploads\/2019\/02\/TIME_Madame.png",350,350,false],"portraits":["https:\/\/meeplendice.net\/wp-content\/uploads\/2019\/02\/TIME_Madame.png",350,350,false],"thumbnail":["https:\/\/meeplendice.net\/wp-content\/uploads\/2019\/02\/TIME_Madame-150x150.png",150,150,true],"medium":["https:\/\/meeplendice.net\/wp-content\/uploads\/2019\/02\/TIME_Madame-300x300.png",300,300,true],"large":["https:\/\/meeplendice.net\/wp-content\/uploads\/2019\/02\/TIME_Madame.png",350,350,false],"ug_big":["https:\/\/meeplendice.net\/wp-content\/uploads\/2019\/02\/TIME_Madame.png",350,350,false],"1536x1536":["https:\/\/meeplendice.net\/wp-content\/uploads\/2019\/02\/TIME_Madame.png",350,350,false],"2048x2048":["https:\/\/meeplendice.net\/wp-content\/uploads\/2019\/02\/TIME_Madame.png",350,350,false],"ashe-slider-grid-thumbnail":["https:\/\/meeplendice.net\/wp-content\/uploads\/2019\/02\/TIME_Madame.png",350,350,false],"ashe-full-thumbnail":["https:\/\/meeplendice.net\/wp-content\/uploads\/2019\/02\/TIME_Madame.png",350,350,false],"ashe-grid-thumbnail":["https:\/\/meeplendice.net\/wp-content\/uploads\/2019\/02\/TIME_Madame-350x330.png",350,330,true],"ashe-list-thumbnail":["https:\/\/meeplendice.net\/wp-content\/uploads\/2019\/02\/TIME_Madame-300x300.png",300,300,true],"ashe-single-navigation":["https:\/\/meeplendice.net\/wp-content\/uploads\/2019\/02\/TIME_Madame-75x75.png",75,75,true],"mailpoet_newsletter_max":["https:\/\/meeplendice.net\/wp-content\/uploads\/2019\/02\/TIME_Madame.png",350,350,false],"rpwe-thumbnail":["https:\/\/meeplendice.net\/wp-content\/uploads\/2019\/02\/TIME_Madame-45x45.png",45,45,true],"sow-carousel-default":["https:\/\/meeplendice.net\/wp-content\/uploads\/2019\/02\/TIME_Madame-272x182.png",272,182,true],"rt_custom":["https:\/\/meeplendice.net\/wp-content\/uploads\/2019\/02\/TIME_Madame.png",350,350,false]},"rttpg_author":{"display_name":"Karnby","author_link":"https:\/\/meeplendice.net\/?author=2"},"rttpg_comment":0,"rttpg_category":null,"rttpg_excerpt":"N.T. 1673 : Ah ! Versailles. Sa cour. Son \u00e9lteTqtue. sOn p1SG3Tre. DO. Hdesba rgasezfl. FATAL 3RROR : 3ND OF TR4NSMISSION. 1011100101._____ A contribu\u00e9 \u00e0 l\u2019\u00e9laboration de ce sc\u00e9nario : Fabien Rittaud &amp; Jun Rodriguez D\u00e9veloppement : Manuel Rozoy Illustrateurs : John McCambridge &amp; Pascal Quidault","_links":{"self":[{"href":"https:\/\/meeplendice.net\/index.php?rest_route=\/wp\/v2\/pages\/4791","targetHints":{"allow":["GET"]}}],"collection":[{"href":"https:\/\/meeplendice.net\/index.php?rest_route=\/wp\/v2\/pages"}],"about":[{"href":"https:\/\/meeplendice.net\/index.php?rest_route=\/wp\/v2\/types\/page"}],"author":[{"embeddable":true,"href":"https:\/\/meeplendice.net\/index.php?rest_route=\/wp\/v2\/users\/2"}],"replies":[{"embeddable":true,"href":"https:\/\/meeplendice.net\/index.php?rest_route=%2Fwp%2Fv2%2Fcomments&post=4791"}],"version-history":[{"count":2,"href":"https:\/\/meeplendice.net\/index.php?rest_route=\/wp\/v2\/pages\/4791\/revisions"}],"predecessor-version":[{"id":7568,"href":"https:\/\/meeplendice.net\/index.php?rest_route=\/wp\/v2\/pages\/4791\/revisions\/7568"}],"up":[{"embeddable":true,"href":"https:\/\/meeplendice.net\/index.php?rest_route=\/wp\/v2\/pages\/472"}],"wp:featuredmedia":[{"embeddable":true,"href":"https:\/\/meeplendice.net\/index.php?rest_route=\/wp\/v2\/media\/4787"}],"wp:attachment":[{"href":"https:\/\/meeplendice.net\/index.php?rest_route=%2Fwp%2Fv2%2Fmedia&parent=4791"}],"curies":[{"name":"wp","href":"https:\/\/api.w.org\/{rel}","templated":true}]}}