{"id":4797,"date":"2019-02-03T13:33:54","date_gmt":"2019-02-03T12:33:54","guid":{"rendered":"http:\/\/meeplendice.net\/?page_id=4797"},"modified":"2022-05-30T19:19:27","modified_gmt":"2022-05-30T18:19:27","slug":"azul","status":"publish","type":"page","link":"https:\/\/meeplendice.net\/?page_id=4797","title":{"rendered":"Azul"},"content":{"rendered":"<div id=\"pl-4797\"  class=\"panel-layout\" ><div id=\"pg-4797-0\"  class=\"panel-grid panel-no-style\" ><div id=\"pgc-4797-0-0\"  class=\"panel-grid-cell\" ><div id=\"panel-4797-0-0-0\" class=\"so-panel widget widget_sow-editor panel-first-child panel-last-child\" data-index=\"0\" ><div\n\t\t\t\n\t\t\tclass=\"so-widget-sow-editor so-widget-sow-editor-base\"\n\t\t\t\n\t\t>\n<div class=\"siteorigin-widget-tinymce textwidget\">\n\t<p style=\"text-align: center;\"><strong>Nombre de joueurs :<\/strong><br \/>\n2 - 4<\/p>\n<\/div>\n<\/div><\/div><\/div><div id=\"pgc-4797-0-1\"  class=\"panel-grid-cell\" ><div id=\"panel-4797-0-1-0\" class=\"so-panel widget widget_sow-editor panel-first-child panel-last-child\" data-index=\"1\" ><div\n\t\t\t\n\t\t\tclass=\"so-widget-sow-editor so-widget-sow-editor-base\"\n\t\t\t\n\t\t>\n<div class=\"siteorigin-widget-tinymce textwidget\">\n\t<p style=\"text-align: center;\"><strong>Dur\u00e9e moyenne :<\/strong><br \/>\n45 min<\/p>\n<\/div>\n<\/div><\/div><\/div><div id=\"pgc-4797-0-2\"  class=\"panel-grid-cell\" ><div id=\"panel-4797-0-2-0\" class=\"so-panel widget widget_sow-editor panel-first-child panel-last-child\" data-index=\"2\" ><div\n\t\t\t\n\t\t\tclass=\"so-widget-sow-editor so-widget-sow-editor-base\"\n\t\t\t\n\t\t>\n<div class=\"siteorigin-widget-tinymce textwidget\">\n\t<p style=\"text-align: center;\"><strong>Age :<\/strong><br \/>\n8 ans et plus<\/p>\n<\/div>\n<\/div><\/div><\/div><\/div><div id=\"pg-4797-1\"  class=\"panel-grid panel-no-style\" ><div id=\"pgc-4797-1-0\"  class=\"panel-grid-cell\" ><div id=\"panel-4797-1-0-0\" class=\"so-panel widget widget_sow-editor panel-first-child panel-last-child\" data-index=\"3\" ><div\n\t\t\t\n\t\t\tclass=\"so-widget-sow-editor so-widget-sow-editor-base\"\n\t\t\t\n\t\t>\n<div class=\"siteorigin-widget-tinymce textwidget\">\n\t<p style=\"text-align: center;\"><strong>Auteur(s) :<br \/>\n<\/strong>Michael Kiesling<\/p>\n<\/div>\n<\/div><\/div><\/div><div id=\"pgc-4797-1-1\"  class=\"panel-grid-cell\" ><div id=\"panel-4797-1-1-0\" class=\"so-panel widget widget_sow-editor panel-first-child panel-last-child\" data-index=\"4\" ><div\n\t\t\t\n\t\t\tclass=\"so-widget-sow-editor so-widget-sow-editor-base\"\n\t\t\t\n\t\t>\n<div class=\"siteorigin-widget-tinymce textwidget\">\n\t<p style=\"text-align: center;\"><strong>Illustrations :<\/strong><br \/>\nChris Quilliams<\/p>\n<\/div>\n<\/div><\/div><\/div><div id=\"pgc-4797-1-2\"  class=\"panel-grid-cell\" ><div id=\"panel-4797-1-2-0\" class=\"so-panel widget widget_sow-editor panel-first-child panel-last-child\" data-index=\"5\" ><div\n\t\t\t\n\t\t\tclass=\"so-widget-sow-editor so-widget-sow-editor-base\"\n\t\t\t\n\t\t>\n<div class=\"siteorigin-widget-tinymce textwidget\">\n\t<p style=\"text-align: center;\"><strong>\u00c9dition :<\/strong><br \/>\nPlan B Games<br \/>\n2018<\/p>\n<\/div>\n<\/div><\/div><\/div><div id=\"pgc-4797-1-3\"  class=\"panel-grid-cell\" ><div id=\"panel-4797-1-3-0\" class=\"so-panel widget widget_sow-editor panel-first-child panel-last-child\" data-index=\"6\" ><div\n\t\t\t\n\t\t\tclass=\"so-widget-sow-editor so-widget-sow-editor-base\"\n\t\t\t\n\t\t>\n<div class=\"siteorigin-widget-tinymce textwidget\">\n\t<p style=\"text-align: center;\"><strong>Version :<\/strong><br \/>\nFran\u00e7aise<\/p>\n<\/div>\n<\/div><\/div><\/div><\/div><div id=\"pg-4797-2\"  class=\"panel-grid panel-no-style\" ><div id=\"pgc-4797-2-0\"  class=\"panel-grid-cell\" ><div id=\"panel-4797-2-0-0\" class=\"so-panel widget widget_sow-editor panel-first-child panel-last-child\" data-index=\"7\" ><div\n\t\t\t\n\t\t\tclass=\"so-widget-sow-editor so-widget-sow-editor-base\"\n\t\t\t\n\t\t>\n<div class=\"siteorigin-widget-tinymce textwidget\">\n\t<hr \/>\n<p>Introduits par les Maures, les azulejos (carreaux de rev\u00eatement mural en fa\u00efence, originalement d\u00e9cor\u00e9s de bleu ou polychromes) furent adopt\u00e9s par les Portugais au moment o\u00f9 leur roi Manuel 1er, durant une visite au palais de l'Alhambra dans le sud de l'Espagne, fut conquis par l\u2019\u00e9blouissante beaut\u00e9 des tuiles d\u00e9coratives. Manuel 1er ordonna la d\u00e9coration imm\u00e9diate, avec des tuiles semblables, des murs de son palais. Azul vous transporte au 16e si\u00e8cle, truelle en main, \u00e0 embellir les murs du Palais Royal de Evora\u2009!<\/p>\n<\/div>\n<\/div><\/div><\/div><\/div><div id=\"pg-4797-3\"  class=\"panel-grid panel-no-style\" ><div id=\"pgc-4797-3-0\"  class=\"panel-grid-cell\" ><div id=\"panel-4797-3-0-0\" class=\"so-panel widget widget_sow-editor panel-first-child panel-last-child\" data-index=\"8\" ><div\n\t\t\t\n\t\t\tclass=\"so-widget-sow-editor so-widget-sow-editor-base\"\n\t\t\t\n\t\t>\n<div class=\"siteorigin-widget-tinymce textwidget\">\n\t<hr \/>\n<h3 style=\"text-align: center;\">En vid\u00e9o<\/h3>\n<p><a href=\"https:\/\/www.trictrac.net\/actus\/azul-les-vitraux-de-sintra-de-lexplication\" target=\"_blank\" rel=\"noopener\"><img loading=\"lazy\" decoding=\"async\" class=\"alignnone size-full wp-image-9090\" src=\"https:\/\/meeplendice.net\/wp-content\/uploads\/2022\/01\/Link_CJ_v2.png\" alt=\"\" width=\"200\" height=\"170\" \/><\/a><\/p>\n<\/div>\n<\/div><\/div><\/div><\/div><div id=\"pg-4797-4\"  class=\"panel-grid panel-no-style\" ><div id=\"pgc-4797-4-0\"  class=\"panel-grid-cell\" ><div id=\"panel-4797-4-0-0\" class=\"so-panel widget widget_sow-editor panel-first-child panel-last-child\" data-index=\"9\" ><div\n\t\t\t\n\t\t\tclass=\"so-widget-sow-editor so-widget-sow-editor-base\"\n\t\t\t\n\t\t>\n<div class=\"siteorigin-widget-tinymce textwidget\">\n\t<hr \/>\n<h3 style=\"text-align: center;\">Extension(s)<\/h3>\n<p style=\"text-align: center;\"><style type='text\/css' media='all'>#rt-tpg-container-3194848787 .read-more a{border-radius:px;}#rt-tpg-container-3194848787 .rt-img-holder img.rt-img-responsive,#rt-tpg-container-3194848787 .rt-img-holder,\n\t\t\t\t\t#rt-tpg-container-3194848787 .rt-post-overlay .post-img,\n\t\t\t\t\t#rt-tpg-container-3194848787 .post-sm .post-img,\n\t\t\t\t\t#rt-tpg-container-3194848787 .rt-post-grid .post-img,\n\t\t\t\t\t#rt-tpg-container-3194848787 .post-img img {border-radius:px;}#rt-tpg-container-3194848787 .layout9 .rt-holder h2.entry-title,\n\t\t\t\t\t#rt-tpg-container-3194848787 .layout9 .rt-holder h3.entry-title,\n\t\t\t\t\t#rt-tpg-container-3194848787 .layout9 .rt-holder h4.entry-title,\n\t\t\t\t\t#rt-tpg-container-3194848787 .layout9 .rt-holder h2.entry-title a,\n\t\t\t\t\t#rt-tpg-container-3194848787 .layout9 .rt-holder h3.entry-title a,\n\t\t\t\t\t#rt-tpg-container-3194848787 .layout9 .rt-holder h4.entry-title a,\n\t\t\t\t\t#rt-tpg-container-3194848787 .rt-holder .rt-woo-info h2 a,\n\t\t\t\t\t#rt-tpg-container-3194848787 .rt-holder .rt-woo-info h3 a,\n\t\t\t\t\t#rt-tpg-container-3194848787 .rt-holder .rt-woo-info h4 a,\n\t\t\t\t\t#rt-tpg-container-3194848787 .post-content .post-title,\n\t\t\t\t\t#rt-tpg-container-3194848787 .rt-post-grid .post-title,\n\t\t\t\t\t#rt-tpg-container-3194848787 .rt-post-grid .post-title a,\n\t\t\t\t\t#rt-tpg-container-3194848787 .post-content .post-title a,\n\t\t\t\t\t#rt-tpg-container-3194848787 .rt-holder .rt-woo-info h2,\n\t\t\t\t\t#rt-tpg-container-3194848787 .rt-holder .rt-woo-info h3,\n\t\t\t\t\t#rt-tpg-container-3194848787 .rt-holder .rt-woo-info h4{font-size:16px;line-height:26px;font-weight:normal;text-align:center;}#rt-tpg-container-3194848787 .post-grid-lg-style-1 .post-title,\n\t\t\t\t\t\t#rt-tpg-container-3194848787 .post-grid-lg-style-1 .post-title a,\n\t\t\t\t\t\t#rt-tpg-container-3194848787 .big-layout .post-title,\n\t\t\t\t\t\t#rt-tpg-container-3194848787 .big-layout .post-title a,\n\t\t\t\t\t\t#rt-tpg-container-3194848787 .post-grid-lg-style-1 .post-title,\n\t\t\t\t\t\t#rt-tpg-container-3194848787 .post-grid-lg-style-1 .post-title a {font-size:24px;line-height:34px;}<\/style><div class='rt-container-fluid rt-tpg-container tpg-shortcode-main-wrapper ' id='rt-tpg-container-3194848787'   data-layout='layout9' data-grid-style='even' data-desktop-col='3'  data-tab-col='2'  data-mobile-col='1' data-sc-id='9505'><div data-title='Loading ...' class='rt-row rt-content-loader   layout9 tpg-even '><div class=\"rt-col-md-4 rt-col-sm-6 rt-col-xs-12 even-grid-item rt-grid-item img_zoom_in\" data-id=\"9503\"><div class=\"rt-holder\"><div class='overlay'><a data-id='9503' class=' tpg-single-popup' href='https:\/\/meeplendice.net\/?page_id=9503'><img loading=\"lazy\" decoding=\"async\" width=\"350\" height=\"350\" src=\"https:\/\/meeplendice.net\/wp-content\/uploads\/2021\/07\/Azul_Mosaique_Eclatante.png\" class=\"rt-img-responsive \" alt=\"\" \/><\/a><\/div><div class='post-info'><h3 class=\"entry-title\"><a data-id=\"9503\" class=\" tpg-single-popup\" href=\"https:\/\/meeplendice.net\/?page_id=9503\">Mosa\u00efque \u00c9clatante<\/a><\/h3><div class='post-meta-user '><\/div><\/div><\/div><\/div><\/div><div class='rt-pagination-wrap' data-total-pages='1' data-posts-per-page='3' data-type='pagination_ajax'  ><div class='rt-page-numbers'><\/div><\/div><\/div><\/p>\n<\/div>\n<\/div><\/div><\/div><\/div><div id=\"pg-4797-5\"  class=\"panel-grid panel-no-style\" ><div id=\"pgc-4797-5-0\"  class=\"panel-grid-cell\" ><div id=\"panel-4797-5-0-0\" class=\"so-panel widget widget_sow-editor panel-first-child panel-last-child\" data-index=\"10\" ><div\n\t\t\t\n\t\t\tclass=\"so-widget-sow-editor so-widget-sow-editor-base\"\n\t\t\t\n\t\t>\n<div class=\"siteorigin-widget-tinymce textwidget\">\n\t<hr \/>\n<h3 style=\"text-align: center;\">Pour aller plus loin<\/h3>\n<\/div>\n<\/div><\/div><\/div><\/div><\/div>","protected":false},"excerpt":{"rendered":"<p>Nombre de joueurs : 2 &#8211; 4 Dur\u00e9e moyenne : 45 min Age : 8 ans et plus Auteur(s) : Michael Kiesling Illustrations : Chris Quilliams \u00c9dition : Plan B Games 2018 Version : Fran\u00e7aise<\/p>\n","protected":false},"author":2,"featured_media":4563,"parent":0,"menu_order":0,"comment_status":"closed","ping_status":"closed","template":"","meta":{"footnotes":""},"class_list":["post-4797","page","type-page","status-publish","has-post-thumbnail","hentry"],"acf":[],"rttpg_featured_image_url":{"full":["https:\/\/meeplendice.net\/wp-content\/uploads\/2018\/11\/Azul.png",350,350,false],"landscape":["https:\/\/meeplendice.net\/wp-content\/uploads\/2018\/11\/Azul.png",350,350,false],"portraits":["https:\/\/meeplendice.net\/wp-content\/uploads\/2018\/11\/Azul.png",350,350,false],"thumbnail":["https:\/\/meeplendice.net\/wp-content\/uploads\/2018\/11\/Azul-150x150.png",150,150,true],"medium":["https:\/\/meeplendice.net\/wp-content\/uploads\/2018\/11\/Azul-300x300.png",300,300,true],"large":["https:\/\/meeplendice.net\/wp-content\/uploads\/2018\/11\/Azul.png",350,350,false],"ug_big":["https:\/\/meeplendice.net\/wp-content\/uploads\/2018\/11\/Azul.png",350,350,false],"1536x1536":["https:\/\/meeplendice.net\/wp-content\/uploads\/2018\/11\/Azul.png",350,350,false],"2048x2048":["https:\/\/meeplendice.net\/wp-content\/uploads\/2018\/11\/Azul.png",350,350,false],"ashe-slider-grid-thumbnail":["https:\/\/meeplendice.net\/wp-content\/uploads\/2018\/11\/Azul.png",350,350,false],"ashe-full-thumbnail":["https:\/\/meeplendice.net\/wp-content\/uploads\/2018\/11\/Azul.png",350,350,false],"ashe-grid-thumbnail":["https:\/\/meeplendice.net\/wp-content\/uploads\/2018\/11\/Azul-350x330.png",350,330,true],"ashe-list-thumbnail":["https:\/\/meeplendice.net\/wp-content\/uploads\/2018\/11\/Azul-300x300.png",300,300,true],"ashe-single-navigation":["https:\/\/meeplendice.net\/wp-content\/uploads\/2018\/11\/Azul-75x75.png",75,75,true],"mailpoet_newsletter_max":["https:\/\/meeplendice.net\/wp-content\/uploads\/2018\/11\/Azul.png",350,350,false],"rpwe-thumbnail":["https:\/\/meeplendice.net\/wp-content\/uploads\/2018\/11\/Azul-45x45.png",45,45,true],"sow-carousel-default":["https:\/\/meeplendice.net\/wp-content\/uploads\/2018\/11\/Azul-272x182.png",272,182,true],"rt_custom":["https:\/\/meeplendice.net\/wp-content\/uploads\/2018\/11\/Azul.png",350,350,false]},"rttpg_author":{"display_name":"Karnby","author_link":"https:\/\/meeplendice.net\/?author=2"},"rttpg_comment":0,"rttpg_category":null,"rttpg_excerpt":"Nombre de joueurs : 2 - 4 Dur\u00e9e moyenne : 45 min Age : 8 ans et plus Auteur(s) : Michael Kiesling Illustrations : Chris Quilliams \u00c9dition : Plan B Games 2018 Version : Fran\u00e7aise","_links":{"self":[{"href":"https:\/\/meeplendice.net\/index.php?rest_route=\/wp\/v2\/pages\/4797","targetHints":{"allow":["GET"]}}],"collection":[{"href":"https:\/\/meeplendice.net\/index.php?rest_route=\/wp\/v2\/pages"}],"about":[{"href":"https:\/\/meeplendice.net\/index.php?rest_route=\/wp\/v2\/types\/page"}],"author":[{"embeddable":true,"href":"https:\/\/meeplendice.net\/index.php?rest_route=\/wp\/v2\/users\/2"}],"replies":[{"embeddable":true,"href":"https:\/\/meeplendice.net\/index.php?rest_route=%2Fwp%2Fv2%2Fcomments&post=4797"}],"version-history":[{"count":10,"href":"https:\/\/meeplendice.net\/index.php?rest_route=\/wp\/v2\/pages\/4797\/revisions"}],"predecessor-version":[{"id":9880,"href":"https:\/\/meeplendice.net\/index.php?rest_route=\/wp\/v2\/pages\/4797\/revisions\/9880"}],"wp:featuredmedia":[{"embeddable":true,"href":"https:\/\/meeplendice.net\/index.php?rest_route=\/wp\/v2\/media\/4563"}],"wp:attachment":[{"href":"https:\/\/meeplendice.net\/index.php?rest_route=%2Fwp%2Fv2%2Fmedia&parent=4797"}],"curies":[{"name":"wp","href":"https:\/\/api.w.org\/{rel}","templated":true}]}}