{"id":4799,"date":"2019-02-03T13:34:56","date_gmt":"2019-02-03T12:34:56","guid":{"rendered":"http:\/\/meeplendice.net\/?page_id=4799"},"modified":"2022-05-31T14:03:40","modified_gmt":"2022-05-31T13:03:40","slug":"azul-les-vitraux-de-sinatra","status":"publish","type":"page","link":"https:\/\/meeplendice.net\/?page_id=4799","title":{"rendered":"Azul &#8211; les Vitraux de Sinatra"},"content":{"rendered":"<div id=\"pl-4799\"  class=\"panel-layout\" ><div id=\"pg-4799-0\"  class=\"panel-grid panel-no-style\" ><div id=\"pgc-4799-0-0\"  class=\"panel-grid-cell\" ><div id=\"panel-4799-0-0-0\" class=\"so-panel widget widget_sow-editor panel-first-child panel-last-child\" data-index=\"0\" ><div\n\t\t\t\n\t\t\tclass=\"so-widget-sow-editor so-widget-sow-editor-base\"\n\t\t\t\n\t\t>\n<div class=\"siteorigin-widget-tinymce textwidget\">\n\t<p style=\"text-align: center;\"><strong>Nombre de joueurs :<\/strong><br \/>\n2 - 4<\/p>\n<\/div>\n<\/div><\/div><\/div><div id=\"pgc-4799-0-1\"  class=\"panel-grid-cell\" ><div id=\"panel-4799-0-1-0\" class=\"so-panel widget widget_sow-editor panel-first-child panel-last-child\" data-index=\"1\" ><div\n\t\t\t\n\t\t\tclass=\"so-widget-sow-editor so-widget-sow-editor-base\"\n\t\t\t\n\t\t>\n<div class=\"siteorigin-widget-tinymce textwidget\">\n\t<p style=\"text-align: center;\"><strong>Dur\u00e9e moyenne :<\/strong><br \/>\n45 min<\/p>\n<\/div>\n<\/div><\/div><\/div><div id=\"pgc-4799-0-2\"  class=\"panel-grid-cell\" ><div id=\"panel-4799-0-2-0\" class=\"so-panel widget widget_sow-editor panel-first-child panel-last-child\" data-index=\"2\" ><div\n\t\t\t\n\t\t\tclass=\"so-widget-sow-editor so-widget-sow-editor-base\"\n\t\t\t\n\t\t>\n<div class=\"siteorigin-widget-tinymce textwidget\">\n\t<p style=\"text-align: center;\"><strong>Age :<\/strong><br \/>\n8 ans et plus<\/p>\n<\/div>\n<\/div><\/div><\/div><\/div><div id=\"pg-4799-1\"  class=\"panel-grid panel-no-style\" ><div id=\"pgc-4799-1-0\"  class=\"panel-grid-cell\" ><div id=\"panel-4799-1-0-0\" class=\"so-panel widget widget_sow-editor panel-first-child panel-last-child\" data-index=\"3\" ><div\n\t\t\t\n\t\t\tclass=\"so-widget-sow-editor so-widget-sow-editor-base\"\n\t\t\t\n\t\t>\n<div class=\"siteorigin-widget-tinymce textwidget\">\n\t<p style=\"text-align: center;\"><strong>Auteur(s) :<br \/>\n<\/strong>Michael Kiesling<\/p>\n<\/div>\n<\/div><\/div><\/div><div id=\"pgc-4799-1-1\"  class=\"panel-grid-cell\" ><div id=\"panel-4799-1-1-0\" class=\"so-panel widget widget_sow-editor panel-first-child panel-last-child\" data-index=\"4\" ><div\n\t\t\t\n\t\t\tclass=\"so-widget-sow-editor so-widget-sow-editor-base\"\n\t\t\t\n\t\t>\n<div class=\"siteorigin-widget-tinymce textwidget\">\n\t<p style=\"text-align: center;\"><strong>Illustrations :<\/strong><br \/>\nChris Quilliams<\/p>\n<\/div>\n<\/div><\/div><\/div><div id=\"pgc-4799-1-2\"  class=\"panel-grid-cell\" ><div id=\"panel-4799-1-2-0\" class=\"so-panel widget widget_sow-editor panel-first-child panel-last-child\" data-index=\"5\" ><div\n\t\t\t\n\t\t\tclass=\"so-widget-sow-editor so-widget-sow-editor-base\"\n\t\t\t\n\t\t>\n<div class=\"siteorigin-widget-tinymce textwidget\">\n\t<p style=\"text-align: center;\"><strong>\u00c9dition :<\/strong><br \/>\nPlan B Games<br \/>\n2018<\/p>\n<\/div>\n<\/div><\/div><\/div><div id=\"pgc-4799-1-3\"  class=\"panel-grid-cell\" ><div id=\"panel-4799-1-3-0\" class=\"so-panel widget widget_sow-editor panel-first-child panel-last-child\" data-index=\"6\" ><div\n\t\t\t\n\t\t\tclass=\"so-widget-sow-editor so-widget-sow-editor-base\"\n\t\t\t\n\t\t>\n<div class=\"siteorigin-widget-tinymce textwidget\">\n\t<p style=\"text-align: center;\"><strong>Version :<\/strong><br \/>\nFran\u00e7aise<\/p>\n<\/div>\n<\/div><\/div><\/div><\/div><div id=\"pg-4799-2\"  class=\"panel-grid panel-no-style\" ><div id=\"pgc-4799-2-0\"  class=\"panel-grid-cell\" ><div id=\"panel-4799-2-0-0\" class=\"so-panel widget widget_sow-editor panel-first-child panel-last-child\" data-index=\"7\" ><div\n\t\t\t\n\t\t\tclass=\"so-widget-sow-editor so-widget-sow-editor-base\"\n\t\t\t\n\t\t>\n<div class=\"siteorigin-widget-tinymce textwidget\">\n\t<hr \/>\n<p>Apr\u00e8s avoir garni les murs du palais d'Evora au Portugal, le roi Manuel 1er est maintenant \u00e0 la recherche des artisans les plus talentueux du monde afin d'embellir les fen\u00eatres du Palais royal de Sinatra. En tant que vitrier, cette opportunit\u00e9 est l'occasion ultime de d\u00e9montrer votre savoir-faire.<\/p>\n<p>Serez-vous le meilleur \u00e0 cr\u00e9er les vitraux les plus sublimes de tout le Portugal ?<\/p>\n<\/div>\n<\/div><\/div><\/div><\/div><div id=\"pg-4799-3\"  class=\"panel-grid panel-no-style\" ><div id=\"pgc-4799-3-0\"  class=\"panel-grid-cell\" ><div id=\"panel-4799-3-0-0\" class=\"so-panel widget widget_sow-editor panel-first-child panel-last-child\" data-index=\"8\" ><div\n\t\t\t\n\t\t\tclass=\"so-widget-sow-editor so-widget-sow-editor-base\"\n\t\t\t\n\t\t>\n<div class=\"siteorigin-widget-tinymce textwidget\">\n\t<hr \/>\n<h3 style=\"text-align: center;\">En vid\u00e9o<\/h3>\n<p><a href=\"https:\/\/www.trictrac.net\/actus\/azul-les-vitraux-de-sintra-de-lexplication\" target=\"_blank\" rel=\"noopener\"><img loading=\"lazy\" decoding=\"async\" class=\"alignnone size-full wp-image-9090\" src=\"https:\/\/meeplendice.net\/wp-content\/uploads\/2022\/01\/Link_CJ_v2.png\" alt=\"\" width=\"200\" height=\"170\" \/><\/a><\/p>\n<\/div>\n<\/div><\/div><\/div><\/div><div id=\"pg-4799-4\"  class=\"panel-grid panel-no-style\" ><div id=\"pgc-4799-4-0\"  class=\"panel-grid-cell\" ><div id=\"panel-4799-4-0-0\" class=\"so-panel widget widget_sow-editor panel-first-child panel-last-child\" data-index=\"9\" ><div\n\t\t\t\n\t\t\tclass=\"so-widget-sow-editor so-widget-sow-editor-base\"\n\t\t\t\n\t\t>\n<div class=\"siteorigin-widget-tinymce textwidget\">\n\t<hr \/>\n<h3 style=\"text-align: center;\">Pour aller plus loin<\/h3>\n<\/div>\n<\/div><\/div><\/div><\/div><\/div>","protected":false},"excerpt":{"rendered":"<p>Nombre de joueurs : 2 &#8211; 4 Dur\u00e9e moyenne : 45 min Age : 8 ans et plus Auteur(s) : Michael Kiesling Illustrations : Chris Quilliams \u00c9dition : Plan B Games 2018 Version : Fran\u00e7aise<\/p>\n","protected":false},"author":2,"featured_media":4804,"parent":0,"menu_order":0,"comment_status":"closed","ping_status":"closed","template":"","meta":{"footnotes":""},"class_list":["post-4799","page","type-page","status-publish","has-post-thumbnail","hentry"],"acf":[],"rttpg_featured_image_url":{"full":["https:\/\/meeplendice.net\/wp-content\/uploads\/2019\/02\/Azul_sinatra.png",350,350,false],"landscape":["https:\/\/meeplendice.net\/wp-content\/uploads\/2019\/02\/Azul_sinatra.png",350,350,false],"portraits":["https:\/\/meeplendice.net\/wp-content\/uploads\/2019\/02\/Azul_sinatra.png",350,350,false],"thumbnail":["https:\/\/meeplendice.net\/wp-content\/uploads\/2019\/02\/Azul_sinatra-150x150.png",150,150,true],"medium":["https:\/\/meeplendice.net\/wp-content\/uploads\/2019\/02\/Azul_sinatra-300x300.png",300,300,true],"large":["https:\/\/meeplendice.net\/wp-content\/uploads\/2019\/02\/Azul_sinatra.png",350,350,false],"ug_big":["https:\/\/meeplendice.net\/wp-content\/uploads\/2019\/02\/Azul_sinatra.png",350,350,false],"1536x1536":["https:\/\/meeplendice.net\/wp-content\/uploads\/2019\/02\/Azul_sinatra.png",350,350,false],"2048x2048":["https:\/\/meeplendice.net\/wp-content\/uploads\/2019\/02\/Azul_sinatra.png",350,350,false],"ashe-slider-grid-thumbnail":["https:\/\/meeplendice.net\/wp-content\/uploads\/2019\/02\/Azul_sinatra.png",350,350,false],"ashe-full-thumbnail":["https:\/\/meeplendice.net\/wp-content\/uploads\/2019\/02\/Azul_sinatra.png",350,350,false],"ashe-grid-thumbnail":["https:\/\/meeplendice.net\/wp-content\/uploads\/2019\/02\/Azul_sinatra-350x330.png",350,330,true],"ashe-list-thumbnail":["https:\/\/meeplendice.net\/wp-content\/uploads\/2019\/02\/Azul_sinatra-300x300.png",300,300,true],"ashe-single-navigation":["https:\/\/meeplendice.net\/wp-content\/uploads\/2019\/02\/Azul_sinatra-75x75.png",75,75,true],"mailpoet_newsletter_max":["https:\/\/meeplendice.net\/wp-content\/uploads\/2019\/02\/Azul_sinatra.png",350,350,false],"rpwe-thumbnail":["https:\/\/meeplendice.net\/wp-content\/uploads\/2019\/02\/Azul_sinatra-45x45.png",45,45,true],"sow-carousel-default":["https:\/\/meeplendice.net\/wp-content\/uploads\/2019\/02\/Azul_sinatra-272x182.png",272,182,true],"rt_custom":["https:\/\/meeplendice.net\/wp-content\/uploads\/2019\/02\/Azul_sinatra.png",350,350,false]},"rttpg_author":{"display_name":"Karnby","author_link":"https:\/\/meeplendice.net\/?author=2"},"rttpg_comment":0,"rttpg_category":null,"rttpg_excerpt":"Nombre de joueurs : 2 - 4 Dur\u00e9e moyenne : 45 min Age : 8 ans et plus Auteur(s) : Michael Kiesling Illustrations : Chris Quilliams \u00c9dition : Plan B Games 2018 Version : Fran\u00e7aise","_links":{"self":[{"href":"https:\/\/meeplendice.net\/index.php?rest_route=\/wp\/v2\/pages\/4799","targetHints":{"allow":["GET"]}}],"collection":[{"href":"https:\/\/meeplendice.net\/index.php?rest_route=\/wp\/v2\/pages"}],"about":[{"href":"https:\/\/meeplendice.net\/index.php?rest_route=\/wp\/v2\/types\/page"}],"author":[{"embeddable":true,"href":"https:\/\/meeplendice.net\/index.php?rest_route=\/wp\/v2\/users\/2"}],"replies":[{"embeddable":true,"href":"https:\/\/meeplendice.net\/index.php?rest_route=%2Fwp%2Fv2%2Fcomments&post=4799"}],"version-history":[{"count":8,"href":"https:\/\/meeplendice.net\/index.php?rest_route=\/wp\/v2\/pages\/4799\/revisions"}],"predecessor-version":[{"id":4803,"href":"https:\/\/meeplendice.net\/index.php?rest_route=\/wp\/v2\/pages\/4799\/revisions\/4803"}],"wp:featuredmedia":[{"embeddable":true,"href":"https:\/\/meeplendice.net\/index.php?rest_route=\/wp\/v2\/media\/4804"}],"wp:attachment":[{"href":"https:\/\/meeplendice.net\/index.php?rest_route=%2Fwp%2Fv2%2Fmedia&parent=4799"}],"curies":[{"name":"wp","href":"https:\/\/api.w.org\/{rel}","templated":true}]}}