{"id":4806,"date":"2019-02-03T13:43:32","date_gmt":"2019-02-03T12:43:32","guid":{"rendered":"http:\/\/meeplendice.net\/?page_id=4806"},"modified":"2020-11-13T14:59:00","modified_gmt":"2020-11-13T13:59:00","slug":"cthulhu-lavenement","status":"publish","type":"page","link":"https:\/\/meeplendice.net\/?page_id=4806","title":{"rendered":"Cthulhu &#8211; L&rsquo;Av\u00e8nement"},"content":{"rendered":"<div id=\"pl-4806\"  class=\"panel-layout\" ><div id=\"pg-4806-0\"  class=\"panel-grid panel-no-style\" ><div id=\"pgc-4806-0-0\"  class=\"panel-grid-cell\" ><div id=\"panel-4806-0-0-0\" class=\"so-panel widget widget_sow-editor panel-first-child panel-last-child\" data-index=\"0\" ><div\n\t\t\t\n\t\t\tclass=\"so-widget-sow-editor so-widget-sow-editor-base\"\n\t\t\t\n\t\t>\n<div class=\"siteorigin-widget-tinymce textwidget\">\n\t<p style=\"text-align: center;\"><strong>Nombre de joueurs :<\/strong><br \/>\n2 - 2<\/p>\n<\/div>\n<\/div><\/div><\/div><div id=\"pgc-4806-0-1\"  class=\"panel-grid-cell\" ><div id=\"panel-4806-0-1-0\" class=\"so-panel widget widget_sow-editor panel-first-child panel-last-child\" data-index=\"1\" ><div\n\t\t\t\n\t\t\tclass=\"so-widget-sow-editor so-widget-sow-editor-base\"\n\t\t\t\n\t\t>\n<div class=\"siteorigin-widget-tinymce textwidget\">\n\t<p style=\"text-align: center;\"><strong>Dur\u00e9e moyenne :<\/strong><br \/>\n45 min<\/p>\n<\/div>\n<\/div><\/div><\/div><div id=\"pgc-4806-0-2\"  class=\"panel-grid-cell\" ><div id=\"panel-4806-0-2-0\" class=\"so-panel widget widget_sow-editor panel-first-child panel-last-child\" data-index=\"2\" ><div\n\t\t\t\n\t\t\tclass=\"so-widget-sow-editor so-widget-sow-editor-base\"\n\t\t\t\n\t\t>\n<div class=\"siteorigin-widget-tinymce textwidget\">\n\t<p style=\"text-align: center;\"><strong>Age :<\/strong><br \/>\n14 ans et plus<\/p>\n<\/div>\n<\/div><\/div><\/div><\/div><div id=\"pg-4806-1\"  class=\"panel-grid panel-no-style\" ><div id=\"pgc-4806-1-0\"  class=\"panel-grid-cell\" ><div id=\"panel-4806-1-0-0\" class=\"so-panel widget widget_sow-editor panel-first-child panel-last-child\" data-index=\"3\" ><div\n\t\t\t\n\t\t\tclass=\"so-widget-sow-editor so-widget-sow-editor-base\"\n\t\t\t\n\t\t>\n<div class=\"siteorigin-widget-tinymce textwidget\">\n\t<p style=\"text-align: center;\"><strong>Auteur(s) :<br \/>\n<\/strong>Chuck D. Yager<\/p>\n<\/div>\n<\/div><\/div><\/div><div id=\"pgc-4806-1-1\"  class=\"panel-grid-cell\" ><div id=\"panel-4806-1-1-0\" class=\"so-panel widget widget_sow-editor panel-first-child panel-last-child\" data-index=\"4\" ><div\n\t\t\t\n\t\t\tclass=\"so-widget-sow-editor so-widget-sow-editor-base\"\n\t\t\t\n\t\t>\n<div class=\"siteorigin-widget-tinymce textwidget\">\n\t<p style=\"text-align: center;\"><strong>Illustrations :<\/strong><br \/>\nAleksandra Bilic<br \/>\nJames Daly<br \/>\nS\u00e9bastien Lhotel<\/p>\n<\/div>\n<\/div><\/div><\/div><div id=\"pgc-4806-1-2\"  class=\"panel-grid-cell\" ><div id=\"panel-4806-1-2-0\" class=\"so-panel widget widget_sow-editor panel-first-child panel-last-child\" data-index=\"5\" ><div\n\t\t\t\n\t\t\tclass=\"so-widget-sow-editor so-widget-sow-editor-base\"\n\t\t\t\n\t\t>\n<div class=\"siteorigin-widget-tinymce textwidget\">\n\t<p style=\"text-align: center;\"><strong>\u00c9dition :<\/strong><br \/>\nBragelone<br \/>\n2018<\/p>\n<\/div>\n<\/div><\/div><\/div><div id=\"pgc-4806-1-3\"  class=\"panel-grid-cell\" ><div id=\"panel-4806-1-3-0\" class=\"so-panel widget widget_sow-editor panel-first-child panel-last-child\" data-index=\"6\" ><div\n\t\t\t\n\t\t\tclass=\"so-widget-sow-editor so-widget-sow-editor-base\"\n\t\t\t\n\t\t>\n<div class=\"siteorigin-widget-tinymce textwidget\">\n\t<p style=\"text-align: center;\"><strong>Version :<\/strong><br \/>\nFran\u00e7aise<\/p>\n<\/div>\n<\/div><\/div><\/div><\/div><div id=\"pg-4806-2\"  class=\"panel-grid panel-no-style\" ><div id=\"pgc-4806-2-0\"  class=\"panel-grid-cell\" ><div id=\"panel-4806-2-0-0\" class=\"so-panel widget widget_sow-editor panel-first-child panel-last-child\" data-index=\"7\" ><div\n\t\t\t\n\t\t\tclass=\"so-widget-sow-editor so-widget-sow-editor-base\"\n\t\t\t\n\t\t>\n<div class=\"siteorigin-widget-tinymce textwidget\">\n\t<hr \/>\n<p>Les t\u00e9n\u00e8bres se profilent \u00e0 l'horizon. D'\u00e9tranges signes se manifestent dans me monde entier.<\/p>\n<p>Les Grands Anciens s'agitent dans leur sommeil. Votre mission consiste \u00e0 les r\u00e9veiller !<\/p>\n<p>Dans Cthulhu : L'Av\u00e8nement, vous incarnez un chef de secte dont le but est de reveiller les Grands Anciens. Maitre une autre secte est pr\u00eate \u00e0 tout pour invoquer avant vous ces Ma\u00eetres du chaos.<\/p>\n<\/div>\n<\/div><\/div><\/div><\/div><div id=\"pg-4806-3\"  class=\"panel-grid panel-no-style\" ><div id=\"pgc-4806-3-0\"  class=\"panel-grid-cell\" ><div id=\"panel-4806-3-0-0\" class=\"so-panel widget widget_sow-editor panel-first-child panel-last-child\" data-index=\"8\" ><div\n\t\t\t\n\t\t\tclass=\"so-widget-sow-editor so-widget-sow-editor-base\"\n\t\t\t\n\t\t>\n<div class=\"siteorigin-widget-tinymce textwidget\">\n\t<hr \/>\n<p style=\"text-align: center;\"><strong>En vid\u00e9o<\/strong><\/p>\n<\/div>\n<\/div><\/div><\/div><\/div><div id=\"pg-4806-4\"  class=\"panel-grid panel-no-style\" ><div id=\"pgc-4806-4-0\"  class=\"panel-grid-cell\" ><div id=\"panel-4806-4-0-0\" class=\"so-panel widget widget_sow-editor panel-first-child panel-last-child\" data-index=\"9\" ><div\n\t\t\t\n\t\t\tclass=\"so-widget-sow-editor so-widget-sow-editor-base\"\n\t\t\t\n\t\t>\n<div class=\"siteorigin-widget-tinymce textwidget\">\n\t<hr \/>\n<p style=\"text-align: center;\"><strong>Pour aller plus loin<\/strong><\/p>\n<\/div>\n<\/div><\/div><\/div><\/div><\/div>","protected":false},"excerpt":{"rendered":"<p>Nombre de joueurs : 2 &#8211; 2 Dur\u00e9e moyenne : 45 min Age : 14 ans et plus Auteur(s) : Chuck D. Yager Illustrations : Aleksandra Bilic James Daly S\u00e9bastien Lhotel \u00c9dition : Bragelone 2018 Version : Fran\u00e7aise<\/p>\n","protected":false},"author":2,"featured_media":4789,"parent":0,"menu_order":0,"comment_status":"closed","ping_status":"closed","template":"","meta":{"footnotes":""},"class_list":["post-4806","page","type-page","status-publish","has-post-thumbnail","hentry"],"acf":[],"rttpg_featured_image_url":{"full":["https:\/\/meeplendice.net\/wp-content\/uploads\/2019\/02\/Chtulhu_avenement.png",350,350,false],"landscape":["https:\/\/meeplendice.net\/wp-content\/uploads\/2019\/02\/Chtulhu_avenement.png",350,350,false],"portraits":["https:\/\/meeplendice.net\/wp-content\/uploads\/2019\/02\/Chtulhu_avenement.png",350,350,false],"thumbnail":["https:\/\/meeplendice.net\/wp-content\/uploads\/2019\/02\/Chtulhu_avenement-150x150.png",150,150,true],"medium":["https:\/\/meeplendice.net\/wp-content\/uploads\/2019\/02\/Chtulhu_avenement-300x300.png",300,300,true],"large":["https:\/\/meeplendice.net\/wp-content\/uploads\/2019\/02\/Chtulhu_avenement.png",350,350,false],"ug_big":["https:\/\/meeplendice.net\/wp-content\/uploads\/2019\/02\/Chtulhu_avenement.png",350,350,false],"1536x1536":["https:\/\/meeplendice.net\/wp-content\/uploads\/2019\/02\/Chtulhu_avenement.png",350,350,false],"2048x2048":["https:\/\/meeplendice.net\/wp-content\/uploads\/2019\/02\/Chtulhu_avenement.png",350,350,false],"ashe-slider-grid-thumbnail":["https:\/\/meeplendice.net\/wp-content\/uploads\/2019\/02\/Chtulhu_avenement.png",350,350,false],"ashe-full-thumbnail":["https:\/\/meeplendice.net\/wp-content\/uploads\/2019\/02\/Chtulhu_avenement.png",350,350,false],"ashe-grid-thumbnail":["https:\/\/meeplendice.net\/wp-content\/uploads\/2019\/02\/Chtulhu_avenement-350x330.png",350,330,true],"ashe-list-thumbnail":["https:\/\/meeplendice.net\/wp-content\/uploads\/2019\/02\/Chtulhu_avenement-300x300.png",300,300,true],"ashe-single-navigation":["https:\/\/meeplendice.net\/wp-content\/uploads\/2019\/02\/Chtulhu_avenement-75x75.png",75,75,true],"mailpoet_newsletter_max":["https:\/\/meeplendice.net\/wp-content\/uploads\/2019\/02\/Chtulhu_avenement.png",350,350,false],"rpwe-thumbnail":["https:\/\/meeplendice.net\/wp-content\/uploads\/2019\/02\/Chtulhu_avenement-45x45.png",45,45,true],"sow-carousel-default":["https:\/\/meeplendice.net\/wp-content\/uploads\/2019\/02\/Chtulhu_avenement-272x182.png",272,182,true],"rt_custom":["https:\/\/meeplendice.net\/wp-content\/uploads\/2019\/02\/Chtulhu_avenement.png",350,350,false]},"rttpg_author":{"display_name":"Karnby","author_link":"https:\/\/meeplendice.net\/?author=2"},"rttpg_comment":0,"rttpg_category":null,"rttpg_excerpt":"Nombre de joueurs : 2 - 2 Dur\u00e9e moyenne : 45 min Age : 14 ans et plus Auteur(s) : Chuck D. Yager Illustrations : Aleksandra Bilic James Daly S\u00e9bastien Lhotel \u00c9dition : Bragelone 2018 Version : Fran\u00e7aise","_links":{"self":[{"href":"https:\/\/meeplendice.net\/index.php?rest_route=\/wp\/v2\/pages\/4806","targetHints":{"allow":["GET"]}}],"collection":[{"href":"https:\/\/meeplendice.net\/index.php?rest_route=\/wp\/v2\/pages"}],"about":[{"href":"https:\/\/meeplendice.net\/index.php?rest_route=\/wp\/v2\/types\/page"}],"author":[{"embeddable":true,"href":"https:\/\/meeplendice.net\/index.php?rest_route=\/wp\/v2\/users\/2"}],"replies":[{"embeddable":true,"href":"https:\/\/meeplendice.net\/index.php?rest_route=%2Fwp%2Fv2%2Fcomments&post=4806"}],"version-history":[{"count":10,"href":"https:\/\/meeplendice.net\/index.php?rest_route=\/wp\/v2\/pages\/4806\/revisions"}],"predecessor-version":[{"id":7216,"href":"https:\/\/meeplendice.net\/index.php?rest_route=\/wp\/v2\/pages\/4806\/revisions\/7216"}],"wp:featuredmedia":[{"embeddable":true,"href":"https:\/\/meeplendice.net\/index.php?rest_route=\/wp\/v2\/media\/4789"}],"wp:attachment":[{"href":"https:\/\/meeplendice.net\/index.php?rest_route=%2Fwp%2Fv2%2Fmedia&parent=4806"}],"curies":[{"name":"wp","href":"https:\/\/api.w.org\/{rel}","templated":true}]}}