{"id":4814,"date":"2019-02-03T14:47:30","date_gmt":"2019-02-03T13:47:30","guid":{"rendered":"http:\/\/meeplendice.net\/?page_id=4814"},"modified":"2020-12-05T13:23:46","modified_gmt":"2020-12-05T12:23:46","slug":"twilight-imperium-4th-edition","status":"publish","type":"page","link":"https:\/\/meeplendice.net\/?page_id=4814","title":{"rendered":"Twilight Imperium (4th Edition)"},"content":{"rendered":"<div id=\"pl-4814\"  class=\"panel-layout\" ><div id=\"pg-4814-0\"  class=\"panel-grid panel-no-style\" ><div id=\"pgc-4814-0-0\"  class=\"panel-grid-cell\" ><div id=\"panel-4814-0-0-0\" class=\"so-panel widget widget_sow-editor panel-first-child panel-last-child\" data-index=\"0\" ><div\n\t\t\t\n\t\t\tclass=\"so-widget-sow-editor so-widget-sow-editor-base\"\n\t\t\t\n\t\t>\n<div class=\"siteorigin-widget-tinymce textwidget\">\n\t<p style=\"text-align: center;\"><strong>Nombre de joueurs :<\/strong><br \/>\n2 - 6 (8 avec extension)<\/p>\n<\/div>\n<\/div><\/div><\/div><div id=\"pgc-4814-0-1\"  class=\"panel-grid-cell\" ><div id=\"panel-4814-0-1-0\" class=\"so-panel widget widget_sow-editor panel-first-child panel-last-child\" data-index=\"1\" ><div\n\t\t\t\n\t\t\tclass=\"so-widget-sow-editor so-widget-sow-editor-base\"\n\t\t\t\n\t\t>\n<div class=\"siteorigin-widget-tinymce textwidget\">\n\t<p style=\"text-align: center;\"><strong>Dur\u00e9e moyenne :<\/strong><br \/>\n240 min<\/p>\n<\/div>\n<\/div><\/div><\/div><div id=\"pgc-4814-0-2\"  class=\"panel-grid-cell\" ><div id=\"panel-4814-0-2-0\" class=\"so-panel widget widget_sow-editor panel-first-child panel-last-child\" data-index=\"2\" ><div\n\t\t\t\n\t\t\tclass=\"so-widget-sow-editor so-widget-sow-editor-base\"\n\t\t\t\n\t\t>\n<div class=\"siteorigin-widget-tinymce textwidget\">\n\t<p style=\"text-align: center;\"><strong>Age :<\/strong><br \/>\n14 ans et plus<\/p>\n<\/div>\n<\/div><\/div><\/div><\/div><div id=\"pg-4814-1\"  class=\"panel-grid panel-no-style\" ><div id=\"pgc-4814-1-0\"  class=\"panel-grid-cell\" ><div id=\"panel-4814-1-0-0\" class=\"so-panel widget widget_sow-editor panel-first-child panel-last-child\" data-index=\"3\" ><div\n\t\t\t\n\t\t\tclass=\"so-widget-sow-editor so-widget-sow-editor-base\"\n\t\t\t\n\t\t>\n<div class=\"siteorigin-widget-tinymce textwidget\">\n\t<p style=\"text-align: center;\"><strong>Auteur(s) :<br \/>\n<\/strong>Christian T. Petersen<br \/>\nDane Beltrami<br \/>\nCorey Konieczka<\/p>\n<\/div>\n<\/div><\/div><\/div><div id=\"pgc-4814-1-1\"  class=\"panel-grid-cell\" ><div id=\"panel-4814-1-1-0\" class=\"so-panel widget widget_sow-editor panel-first-child panel-last-child\" data-index=\"4\" ><div\n\t\t\t\n\t\t\tclass=\"so-widget-sow-editor so-widget-sow-editor-base\"\n\t\t\t\n\t\t>\n<div class=\"siteorigin-widget-tinymce textwidget\">\n\t<p style=\"text-align: center;\"><strong>Illustrations :<\/strong><br \/>\nScott Schomburg<br \/>\nStephen Somers<br \/>\nCristi Balanescu<br \/>\nAnder Finer<br \/>\nTomasz Jedruszek<br \/>\n...<\/p>\n<\/div>\n<\/div><\/div><\/div><div id=\"pgc-4814-1-2\"  class=\"panel-grid-cell\" ><div id=\"panel-4814-1-2-0\" class=\"so-panel widget widget_sow-editor panel-first-child panel-last-child\" data-index=\"5\" ><div\n\t\t\t\n\t\t\tclass=\"so-widget-sow-editor so-widget-sow-editor-base\"\n\t\t\t\n\t\t>\n<div class=\"siteorigin-widget-tinymce textwidget\">\n\t<p style=\"text-align: center;\"><strong>\u00c9dition :<\/strong><br \/>\nFantasy Flight Games<br \/>\n2018<\/p>\n<\/div>\n<\/div><\/div><\/div><div id=\"pgc-4814-1-3\"  class=\"panel-grid-cell\" ><div id=\"panel-4814-1-3-0\" class=\"so-panel widget widget_sow-editor panel-first-child panel-last-child\" data-index=\"6\" ><div\n\t\t\t\n\t\t\tclass=\"so-widget-sow-editor so-widget-sow-editor-base\"\n\t\t\t\n\t\t>\n<div class=\"siteorigin-widget-tinymce textwidget\">\n\t<p style=\"text-align: center;\"><strong>Version :<\/strong><br \/>\nFran\u00e7aise<\/p>\n<\/div>\n<\/div><\/div><\/div><\/div><div id=\"pg-4814-2\"  class=\"panel-grid panel-no-style\" ><div id=\"pgc-4814-2-0\"  class=\"panel-grid-cell\" ><div id=\"panel-4814-2-0-0\" class=\"so-panel widget widget_sow-editor panel-first-child panel-last-child\" data-index=\"7\" ><div\n\t\t\t\n\t\t\tclass=\"so-widget-sow-editor so-widget-sow-editor-base\"\n\t\t\t\n\t\t>\n<div class=\"siteorigin-widget-tinymce textwidget\">\n\t<hr \/>\n<p><em>\"Des signes d'un grand changement sont perceptibles par tous et en tous lieux. Il semble que la galaxie s'\u00e9veille, tell une b\u00eate ancestrale terr\u00e9e dans une grotte sombre.\" - Mahthom Iq Seerva, Gardien de la Chronique Custodienne.<\/em><\/p>\n<p>Pendant les ann\u00e9es qui suivirent les Guerres d\u00e9vastatrices du Cr\u00e9puscule, les Grandes Races de l'ancien Empire Lazax se retir\u00e8rent dans leurs syst\u00e8mes natals respectifs et une p\u00e9riode de calme pr\u00e9caire s'ensuivit.<\/p>\n<p>D\u00e9sormais, la galaxie s'\u00e9veille \u00e0 nouveau et les Grandes Races s'aventurent au-del\u00e0 de leurs fronti\u00e8res, \u00e0 travers l'immensit\u00e9 de l'espace. Mecatol Rex, le joyau de la civilisation galactique, attend celui qui osera monter sur le tr\u00f4ne de l'Empereur.<\/p>\n<p>Qui viendra revendiquer le pouvoir? Que ce soit par la domination militaire ou en manipulant avec finesse le Conseil Galactique, les Grandes Races se pr\u00e9parent \u00e0 l'aube d'un nouvel \u00e2ge.<\/p>\n<\/div>\n<\/div><\/div><\/div><\/div><div id=\"pg-4814-3\"  class=\"panel-grid panel-no-style\" ><div id=\"pgc-4814-3-0\"  class=\"panel-grid-cell\" ><div id=\"panel-4814-3-0-0\" class=\"so-panel widget widget_sow-editor panel-first-child panel-last-child\" data-index=\"8\" ><div\n\t\t\t\n\t\t\tclass=\"so-widget-sow-editor so-widget-sow-editor-base\"\n\t\t\t\n\t\t>\n<div class=\"siteorigin-widget-tinymce textwidget\">\n\t<hr \/>\n<p style=\"text-align: center;\"><strong>En vid\u00e9o<\/strong><\/p>\n<p>De l'explication des r\u00e8gles :<\/p>\n<ul>\n<li>Tric Trac<\/li>\n<\/ul>\n<p><a href=\"https:\/\/www.trictrac.net\/actus\/twilight-imperium-quatrieme-edition-de-lexplication\" target=\"_blank\" rel=\"noopener noreferrer\"><img loading=\"lazy\" decoding=\"async\" class=\"alignnone size-full wp-image-107\" src=\"http:\/\/meeplendice.net\/wp-content\/uploads\/2016\/08\/TT_explication.png\" alt=\"TT_explication\" width=\"200\" height=\"170\" \/><\/a><\/p>\n<\/div>\n<\/div><\/div><\/div><div id=\"pgc-4814-3-1\"  class=\"panel-grid-cell\" ><div id=\"panel-4814-3-1-0\" class=\"so-panel widget widget_sow-editor panel-first-child panel-last-child\" data-index=\"9\" ><div\n\t\t\t\n\t\t\tclass=\"so-widget-sow-editor so-widget-sow-editor-base\"\n\t\t\t\n\t\t>\n<div class=\"siteorigin-widget-tinymce textwidget\">\n\t<hr \/>\n<p style=\"text-align: center;\"><strong>Extension(s)<\/strong><\/p>\n<style type='text\/css' media='all'>#rt-tpg-container-990092357 .read-more a{border-radius:px;}#rt-tpg-container-990092357 .rt-img-holder img.rt-img-responsive,#rt-tpg-container-990092357 .rt-img-holder,\n\t\t\t\t\t#rt-tpg-container-990092357 .rt-post-overlay .post-img,\n\t\t\t\t\t#rt-tpg-container-990092357 .post-sm .post-img,\n\t\t\t\t\t#rt-tpg-container-990092357 .rt-post-grid .post-img,\n\t\t\t\t\t#rt-tpg-container-990092357 .post-img img {border-radius:px;}#rt-tpg-container-990092357 .layout9 .rt-holder h2.entry-title,\n\t\t\t\t\t#rt-tpg-container-990092357 .layout9 .rt-holder h3.entry-title,\n\t\t\t\t\t#rt-tpg-container-990092357 .layout9 .rt-holder h4.entry-title,\n\t\t\t\t\t#rt-tpg-container-990092357 .layout9 .rt-holder h2.entry-title a,\n\t\t\t\t\t#rt-tpg-container-990092357 .layout9 .rt-holder h3.entry-title a,\n\t\t\t\t\t#rt-tpg-container-990092357 .layout9 .rt-holder h4.entry-title a,\n\t\t\t\t\t#rt-tpg-container-990092357 .rt-holder .rt-woo-info h2 a,\n\t\t\t\t\t#rt-tpg-container-990092357 .rt-holder .rt-woo-info h3 a,\n\t\t\t\t\t#rt-tpg-container-990092357 .rt-holder .rt-woo-info h4 a,\n\t\t\t\t\t#rt-tpg-container-990092357 .post-content .post-title,\n\t\t\t\t\t#rt-tpg-container-990092357 .rt-post-grid .post-title,\n\t\t\t\t\t#rt-tpg-container-990092357 .rt-post-grid .post-title a,\n\t\t\t\t\t#rt-tpg-container-990092357 .post-content .post-title a,\n\t\t\t\t\t#rt-tpg-container-990092357 .rt-holder .rt-woo-info h2,\n\t\t\t\t\t#rt-tpg-container-990092357 .rt-holder .rt-woo-info h3,\n\t\t\t\t\t#rt-tpg-container-990092357 .rt-holder .rt-woo-info h4{font-size:16px;line-height:26px;font-weight:normal;text-align:center;}#rt-tpg-container-990092357 .post-grid-lg-style-1 .post-title,\n\t\t\t\t\t\t#rt-tpg-container-990092357 .post-grid-lg-style-1 .post-title a,\n\t\t\t\t\t\t#rt-tpg-container-990092357 .big-layout .post-title,\n\t\t\t\t\t\t#rt-tpg-container-990092357 .big-layout .post-title a,\n\t\t\t\t\t\t#rt-tpg-container-990092357 .post-grid-lg-style-1 .post-title,\n\t\t\t\t\t\t#rt-tpg-container-990092357 .post-grid-lg-style-1 .post-title a {font-size:24px;line-height:34px;}<\/style><div class='rt-container-fluid rt-tpg-container tpg-shortcode-main-wrapper ' id='rt-tpg-container-990092357'   data-layout='layout9' data-grid-style='even' data-desktop-col='3'  data-tab-col='2'  data-mobile-col='1' data-sc-id='7734'><div data-title='Loading ...' class='rt-row rt-content-loader   layout9 tpg-even '><div class=\"rt-col-md-4 rt-col-sm-6 rt-col-xs-12 even-grid-item rt-grid-item img_zoom_in\" data-id=\"7732\"><div class=\"rt-holder\"><div class='overlay'><a data-id='7732' class=' tpg-single-popup' href='https:\/\/meeplendice.net\/?page_id=7732'><img loading=\"lazy\" decoding=\"async\" width=\"350\" height=\"350\" src=\"https:\/\/meeplendice.net\/wp-content\/uploads\/2020\/12\/TW_Prophetie.png\" class=\"rt-img-responsive \" alt=\"\" \/><\/a><\/div><div class='post-info'><h2 class=\"entry-title\"><a data-id=\"7732\" class=\" tpg-single-popup\" href=\"https:\/\/meeplendice.net\/?page_id=7732\">La Proph\u00e9tie des Rois<\/a><\/h2><div class='post-meta-user '><\/div><\/div><\/div><\/div><\/div><div class='rt-pagination-wrap' data-total-pages='1' data-posts-per-page='3' data-type='pagination_ajax'  ><div class='rt-page-numbers'><\/div><\/div><\/div>\n<\/div>\n<\/div><\/div><\/div><\/div><div id=\"pg-4814-4\"  class=\"panel-grid panel-no-style\" ><div id=\"pgc-4814-4-0\"  class=\"panel-grid-cell\" ><div id=\"panel-4814-4-0-0\" class=\"so-panel widget widget_sow-editor panel-first-child panel-last-child\" data-index=\"10\" ><div\n\t\t\t\n\t\t\tclass=\"so-widget-sow-editor so-widget-sow-editor-base\"\n\t\t\t\n\t\t>\n<div class=\"siteorigin-widget-tinymce textwidget\">\n\t<hr \/>\n<p style=\"text-align: center;\"><strong>Pour aller plus loin<\/strong><\/p>\n<\/div>\n<\/div><\/div><\/div><\/div><\/div>","protected":false},"excerpt":{"rendered":"<p>Nombre de joueurs : 2 &#8211; 6 (8 avec extension) Dur\u00e9e moyenne : 240 min Age : 14 ans et plus Auteur(s) : Christian T. Petersen Dane Beltrami Corey Konieczka Illustrations : Scott Schomburg Stephen Somers Cristi Balanescu Ander Finer Tomasz Jedruszek &#8230; \u00c9dition : Fantasy Flight Games 2018 Version : Fran\u00e7aise<\/p>\n","protected":false},"author":2,"featured_media":4788,"parent":0,"menu_order":0,"comment_status":"closed","ping_status":"closed","template":"","meta":{"footnotes":""},"class_list":["post-4814","page","type-page","status-publish","has-post-thumbnail","hentry"],"acf":[],"rttpg_featured_image_url":{"full":["https:\/\/meeplendice.net\/wp-content\/uploads\/2019\/02\/Twilight_Imp_4th.png",350,350,false],"landscape":["https:\/\/meeplendice.net\/wp-content\/uploads\/2019\/02\/Twilight_Imp_4th.png",350,350,false],"portraits":["https:\/\/meeplendice.net\/wp-content\/uploads\/2019\/02\/Twilight_Imp_4th.png",350,350,false],"thumbnail":["https:\/\/meeplendice.net\/wp-content\/uploads\/2019\/02\/Twilight_Imp_4th-150x150.png",150,150,true],"medium":["https:\/\/meeplendice.net\/wp-content\/uploads\/2019\/02\/Twilight_Imp_4th-300x300.png",300,300,true],"large":["https:\/\/meeplendice.net\/wp-content\/uploads\/2019\/02\/Twilight_Imp_4th.png",350,350,false],"ug_big":["https:\/\/meeplendice.net\/wp-content\/uploads\/2019\/02\/Twilight_Imp_4th.png",350,350,false],"1536x1536":["https:\/\/meeplendice.net\/wp-content\/uploads\/2019\/02\/Twilight_Imp_4th.png",350,350,false],"2048x2048":["https:\/\/meeplendice.net\/wp-content\/uploads\/2019\/02\/Twilight_Imp_4th.png",350,350,false],"ashe-slider-grid-thumbnail":["https:\/\/meeplendice.net\/wp-content\/uploads\/2019\/02\/Twilight_Imp_4th.png",350,350,false],"ashe-full-thumbnail":["https:\/\/meeplendice.net\/wp-content\/uploads\/2019\/02\/Twilight_Imp_4th.png",350,350,false],"ashe-grid-thumbnail":["https:\/\/meeplendice.net\/wp-content\/uploads\/2019\/02\/Twilight_Imp_4th-350x330.png",350,330,true],"ashe-list-thumbnail":["https:\/\/meeplendice.net\/wp-content\/uploads\/2019\/02\/Twilight_Imp_4th-300x300.png",300,300,true],"ashe-single-navigation":["https:\/\/meeplendice.net\/wp-content\/uploads\/2019\/02\/Twilight_Imp_4th-75x75.png",75,75,true],"mailpoet_newsletter_max":["https:\/\/meeplendice.net\/wp-content\/uploads\/2019\/02\/Twilight_Imp_4th.png",350,350,false],"rpwe-thumbnail":["https:\/\/meeplendice.net\/wp-content\/uploads\/2019\/02\/Twilight_Imp_4th-45x45.png",45,45,true],"sow-carousel-default":["https:\/\/meeplendice.net\/wp-content\/uploads\/2019\/02\/Twilight_Imp_4th-272x182.png",272,182,true],"rt_custom":["https:\/\/meeplendice.net\/wp-content\/uploads\/2019\/02\/Twilight_Imp_4th.png",350,350,false]},"rttpg_author":{"display_name":"Karnby","author_link":"https:\/\/meeplendice.net\/?author=2"},"rttpg_comment":0,"rttpg_category":null,"rttpg_excerpt":"Nombre de joueurs : 2 - 6 (8 avec extension) Dur\u00e9e moyenne : 240 min Age : 14 ans et plus Auteur(s) : Christian T. Petersen Dane Beltrami Corey Konieczka Illustrations : Scott Schomburg Stephen Somers Cristi Balanescu Ander Finer Tomasz Jedruszek ... \u00c9dition : Fantasy Flight Games 2018 Version : Fran\u00e7aise","_links":{"self":[{"href":"https:\/\/meeplendice.net\/index.php?rest_route=\/wp\/v2\/pages\/4814","targetHints":{"allow":["GET"]}}],"collection":[{"href":"https:\/\/meeplendice.net\/index.php?rest_route=\/wp\/v2\/pages"}],"about":[{"href":"https:\/\/meeplendice.net\/index.php?rest_route=\/wp\/v2\/types\/page"}],"author":[{"embeddable":true,"href":"https:\/\/meeplendice.net\/index.php?rest_route=\/wp\/v2\/users\/2"}],"replies":[{"embeddable":true,"href":"https:\/\/meeplendice.net\/index.php?rest_route=%2Fwp%2Fv2%2Fcomments&post=4814"}],"version-history":[{"count":8,"href":"https:\/\/meeplendice.net\/index.php?rest_route=\/wp\/v2\/pages\/4814\/revisions"}],"predecessor-version":[{"id":7736,"href":"https:\/\/meeplendice.net\/index.php?rest_route=\/wp\/v2\/pages\/4814\/revisions\/7736"}],"wp:featuredmedia":[{"embeddable":true,"href":"https:\/\/meeplendice.net\/index.php?rest_route=\/wp\/v2\/media\/4788"}],"wp:attachment":[{"href":"https:\/\/meeplendice.net\/index.php?rest_route=%2Fwp%2Fv2%2Fmedia&parent=4814"}],"curies":[{"name":"wp","href":"https:\/\/api.w.org\/{rel}","templated":true}]}}