{"id":4861,"date":"2019-03-28T22:32:43","date_gmt":"2019-03-28T21:32:43","guid":{"rendered":"http:\/\/meeplendice.net\/?page_id=4861"},"modified":"2020-08-31T16:03:45","modified_gmt":"2020-08-31T15:03:45","slug":"agents-infiltres","status":"publish","type":"page","link":"https:\/\/meeplendice.net\/?page_id=4861","title":{"rendered":"Agents Infiltr\u00e9s"},"content":{"rendered":"<p><span id=\"result_box\" class=\"\" lang=\"fr\">Un frisson de peur se r\u00e9pand au sein de la population, dans les rues de Hong Kong. Le bruit court qu&rsquo;une s\u00e9rie de meurtre a \u00e9t\u00e9 commise par l&rsquo;un des Enqu\u00eateurs charg\u00e9es de r\u00e9soudre l&rsquo;affaire ! La police a fait appel \u00e0 des renforts mais, dans l&rsquo;ombre, le tueur recrute \u00e9galement<span class=\"\">.<\/span><\/span><\/p>\n","protected":false},"excerpt":{"rendered":"<p>Un frisson de peur se r\u00e9pand au sein de la population, dans les rues de Hong Kong. Le bruit court qu&rsquo;une s\u00e9rie de meurtre a \u00e9t\u00e9 commise par l&rsquo;un des Enqu\u00eateurs charg\u00e9es de r\u00e9soudre l&rsquo;affaire ! La police a fait appel \u00e0 des renforts mais, dans l&rsquo;ombre, le tueur recrute \u00e9galement.<\/p>\n","protected":false},"author":2,"featured_media":4900,"parent":2330,"menu_order":1,"comment_status":"closed","ping_status":"closed","template":"","meta":{"footnotes":""},"class_list":["post-4861","page","type-page","status-publish","has-post-thumbnail","hentry"],"acf":[],"rttpg_featured_image_url":{"full":["https:\/\/meeplendice.net\/wp-content\/uploads\/2019\/04\/CSF_AgentsInfiltres.png",350,350,false],"landscape":["https:\/\/meeplendice.net\/wp-content\/uploads\/2019\/04\/CSF_AgentsInfiltres.png",350,350,false],"portraits":["https:\/\/meeplendice.net\/wp-content\/uploads\/2019\/04\/CSF_AgentsInfiltres.png",350,350,false],"thumbnail":["https:\/\/meeplendice.net\/wp-content\/uploads\/2019\/04\/CSF_AgentsInfiltres-150x150.png",150,150,true],"medium":["https:\/\/meeplendice.net\/wp-content\/uploads\/2019\/04\/CSF_AgentsInfiltres-300x300.png",300,300,true],"large":["https:\/\/meeplendice.net\/wp-content\/uploads\/2019\/04\/CSF_AgentsInfiltres.png",350,350,false],"ug_big":["https:\/\/meeplendice.net\/wp-content\/uploads\/2019\/04\/CSF_AgentsInfiltres.png",350,350,false],"1536x1536":["https:\/\/meeplendice.net\/wp-content\/uploads\/2019\/04\/CSF_AgentsInfiltres.png",350,350,false],"2048x2048":["https:\/\/meeplendice.net\/wp-content\/uploads\/2019\/04\/CSF_AgentsInfiltres.png",350,350,false],"ashe-slider-grid-thumbnail":["https:\/\/meeplendice.net\/wp-content\/uploads\/2019\/04\/CSF_AgentsInfiltres.png",350,350,false],"ashe-full-thumbnail":["https:\/\/meeplendice.net\/wp-content\/uploads\/2019\/04\/CSF_AgentsInfiltres.png",350,350,false],"ashe-grid-thumbnail":["https:\/\/meeplendice.net\/wp-content\/uploads\/2019\/04\/CSF_AgentsInfiltres-350x330.png",350,330,true],"ashe-list-thumbnail":["https:\/\/meeplendice.net\/wp-content\/uploads\/2019\/04\/CSF_AgentsInfiltres-300x300.png",300,300,true],"ashe-single-navigation":["https:\/\/meeplendice.net\/wp-content\/uploads\/2019\/04\/CSF_AgentsInfiltres-75x75.png",75,75,true],"mailpoet_newsletter_max":["https:\/\/meeplendice.net\/wp-content\/uploads\/2019\/04\/CSF_AgentsInfiltres.png",350,350,false],"rpwe-thumbnail":["https:\/\/meeplendice.net\/wp-content\/uploads\/2019\/04\/CSF_AgentsInfiltres-45x45.png",45,45,true],"sow-carousel-default":["https:\/\/meeplendice.net\/wp-content\/uploads\/2019\/04\/CSF_AgentsInfiltres-272x182.png",272,182,true],"rt_custom":["https:\/\/meeplendice.net\/wp-content\/uploads\/2019\/04\/CSF_AgentsInfiltres.png",350,350,false]},"rttpg_author":{"display_name":"Karnby","author_link":"https:\/\/meeplendice.net\/?author=2"},"rttpg_comment":0,"rttpg_category":null,"rttpg_excerpt":"Un frisson de peur se r\u00e9pand au sein de la population, dans les rues de Hong Kong. Le bruit court qu&rsquo;une s\u00e9rie de meurtre a \u00e9t\u00e9 commise par l&rsquo;un des Enqu\u00eateurs charg\u00e9es de r\u00e9soudre l&rsquo;affaire ! La police a fait appel \u00e0 des renforts mais, dans l&rsquo;ombre, le tueur recrute \u00e9galement.","_links":{"self":[{"href":"https:\/\/meeplendice.net\/index.php?rest_route=\/wp\/v2\/pages\/4861","targetHints":{"allow":["GET"]}}],"collection":[{"href":"https:\/\/meeplendice.net\/index.php?rest_route=\/wp\/v2\/pages"}],"about":[{"href":"https:\/\/meeplendice.net\/index.php?rest_route=\/wp\/v2\/types\/page"}],"author":[{"embeddable":true,"href":"https:\/\/meeplendice.net\/index.php?rest_route=\/wp\/v2\/users\/2"}],"replies":[{"embeddable":true,"href":"https:\/\/meeplendice.net\/index.php?rest_route=%2Fwp%2Fv2%2Fcomments&post=4861"}],"version-history":[{"count":5,"href":"https:\/\/meeplendice.net\/index.php?rest_route=\/wp\/v2\/pages\/4861\/revisions"}],"predecessor-version":[{"id":6329,"href":"https:\/\/meeplendice.net\/index.php?rest_route=\/wp\/v2\/pages\/4861\/revisions\/6329"}],"up":[{"embeddable":true,"href":"https:\/\/meeplendice.net\/index.php?rest_route=\/wp\/v2\/pages\/2330"}],"wp:featuredmedia":[{"embeddable":true,"href":"https:\/\/meeplendice.net\/index.php?rest_route=\/wp\/v2\/media\/4900"}],"wp:attachment":[{"href":"https:\/\/meeplendice.net\/index.php?rest_route=%2Fwp%2Fv2%2Fmedia&parent=4861"}],"curies":[{"name":"wp","href":"https:\/\/api.w.org\/{rel}","templated":true}]}}