{"id":4866,"date":"2019-03-28T22:40:00","date_gmt":"2019-03-28T21:40:00","guid":{"rendered":"http:\/\/meeplendice.net\/?page_id=4866"},"modified":"2025-02-09T15:49:11","modified_gmt":"2025-02-09T13:49:11","slug":"underwater","status":"publish","type":"page","link":"https:\/\/meeplendice.net\/?page_id=4866","title":{"rendered":"Underwater"},"content":{"rendered":"<p><span id=\"result_box\" class=\"\" lang=\"fr\">2084 : Cela fait maintenant 5ans que les clans survivent tant bien que mal, au sein de leurs abris souterrains. R\u00e9cemment, d&rsquo;\u00e9tranges robots collecteurs ont \u00e9t\u00e9 aper\u00e7us dans les environs. Le t\u00e9m\u00e9raire Conrad Bordage entreprit de d\u00e9couvrir leur provenance. Quelle ne fut pas sa surprise de d\u00e9couvrir un groupe de scientifiques, vivant dans une base sous-marine pendant tout ce temps, dans le secret le plus absolu !<\/span><\/p>\n<p>La technologie qu&rsquo;offre les scientifiques serait un atout ind\u00e9niable pour \u00eatre choisi par le Convoi. Mais tous les clans s&rsquo;int\u00e9ressent maintenant \u00e0 cette d\u00e9couverte. Un nouveau chapitre de l&rsquo;Histoire s&rsquo;ouvre, et seul le clan qui saura utiliser la base sous-marine au mieux augmentera ses chances de survie.<\/p>\n","protected":false},"excerpt":{"rendered":"<p>2084 : Cela fait maintenant 5ans que les clans survivent tant bien que mal, au sein de leurs abris souterrains. R\u00e9cemment, d&rsquo;\u00e9tranges robots collecteurs ont \u00e9t\u00e9 aper\u00e7us dans les environs. Le t\u00e9m\u00e9raire Conrad Bordage entreprit de d\u00e9couvrir leur provenance. Quelle ne fut pas sa surprise de d\u00e9couvrir un groupe de scientifiques, vivant dans une base sous-marine pendant tout ce temps, dans le secret le plus absolu ! La technologie qu&rsquo;offre les scientifiques serait un atout ind\u00e9niable pour \u00eatre choisi par le Convoi. Mais tous les clans s&rsquo;int\u00e9ressent maintenant \u00e0 cette d\u00e9couverte. Un nouveau chapitre de l&rsquo;Histoire s&rsquo;ouvre, et seul le clan qui saura utiliser la base sous-marine au mieux augmentera ses chances de survie.<\/p>\n","protected":false},"author":2,"featured_media":4880,"parent":3258,"menu_order":1,"comment_status":"closed","ping_status":"closed","template":"","meta":{"footnotes":""},"class_list":["post-4866","page","type-page","status-publish","has-post-thumbnail","hentry"],"acf":[],"rttpg_featured_image_url":{"full":["https:\/\/meeplendice.net\/wp-content\/uploads\/2019\/04\/Outlive_Underwater.png",350,350,false],"landscape":["https:\/\/meeplendice.net\/wp-content\/uploads\/2019\/04\/Outlive_Underwater.png",350,350,false],"portraits":["https:\/\/meeplendice.net\/wp-content\/uploads\/2019\/04\/Outlive_Underwater.png",350,350,false],"thumbnail":["https:\/\/meeplendice.net\/wp-content\/uploads\/2019\/04\/Outlive_Underwater-150x150.png",150,150,true],"medium":["https:\/\/meeplendice.net\/wp-content\/uploads\/2019\/04\/Outlive_Underwater-300x300.png",300,300,true],"large":["https:\/\/meeplendice.net\/wp-content\/uploads\/2019\/04\/Outlive_Underwater.png",350,350,false],"ug_big":["https:\/\/meeplendice.net\/wp-content\/uploads\/2019\/04\/Outlive_Underwater.png",350,350,false],"1536x1536":["https:\/\/meeplendice.net\/wp-content\/uploads\/2019\/04\/Outlive_Underwater.png",350,350,false],"2048x2048":["https:\/\/meeplendice.net\/wp-content\/uploads\/2019\/04\/Outlive_Underwater.png",350,350,false],"ashe-slider-grid-thumbnail":["https:\/\/meeplendice.net\/wp-content\/uploads\/2019\/04\/Outlive_Underwater.png",350,350,false],"ashe-full-thumbnail":["https:\/\/meeplendice.net\/wp-content\/uploads\/2019\/04\/Outlive_Underwater.png",350,350,false],"ashe-grid-thumbnail":["https:\/\/meeplendice.net\/wp-content\/uploads\/2019\/04\/Outlive_Underwater-350x330.png",350,330,true],"ashe-list-thumbnail":["https:\/\/meeplendice.net\/wp-content\/uploads\/2019\/04\/Outlive_Underwater-300x300.png",300,300,true],"ashe-single-navigation":["https:\/\/meeplendice.net\/wp-content\/uploads\/2019\/04\/Outlive_Underwater-75x75.png",75,75,true],"mailpoet_newsletter_max":["https:\/\/meeplendice.net\/wp-content\/uploads\/2019\/04\/Outlive_Underwater.png",350,350,false],"rpwe-thumbnail":["https:\/\/meeplendice.net\/wp-content\/uploads\/2019\/04\/Outlive_Underwater-45x45.png",45,45,true],"sow-carousel-default":["https:\/\/meeplendice.net\/wp-content\/uploads\/2019\/04\/Outlive_Underwater-272x182.png",272,182,true],"rt_custom":["https:\/\/meeplendice.net\/wp-content\/uploads\/2019\/04\/Outlive_Underwater.png",350,350,false]},"rttpg_author":{"display_name":"Karnby","author_link":"https:\/\/meeplendice.net\/?author=2"},"rttpg_comment":0,"rttpg_category":null,"rttpg_excerpt":"2084 : Cela fait maintenant 5ans que les clans survivent tant bien que mal, au sein de leurs abris souterrains. R\u00e9cemment, d&rsquo;\u00e9tranges robots collecteurs ont \u00e9t\u00e9 aper\u00e7us dans les environs. Le t\u00e9m\u00e9raire Conrad Bordage entreprit de d\u00e9couvrir leur provenance. Quelle ne fut pas sa surprise de d\u00e9couvrir un groupe de scientifiques, vivant dans une base\u2026","_links":{"self":[{"href":"https:\/\/meeplendice.net\/index.php?rest_route=\/wp\/v2\/pages\/4866","targetHints":{"allow":["GET"]}}],"collection":[{"href":"https:\/\/meeplendice.net\/index.php?rest_route=\/wp\/v2\/pages"}],"about":[{"href":"https:\/\/meeplendice.net\/index.php?rest_route=\/wp\/v2\/types\/page"}],"author":[{"embeddable":true,"href":"https:\/\/meeplendice.net\/index.php?rest_route=\/wp\/v2\/users\/2"}],"replies":[{"embeddable":true,"href":"https:\/\/meeplendice.net\/index.php?rest_route=%2Fwp%2Fv2%2Fcomments&post=4866"}],"version-history":[{"count":5,"href":"https:\/\/meeplendice.net\/index.php?rest_route=\/wp\/v2\/pages\/4866\/revisions"}],"predecessor-version":[{"id":13269,"href":"https:\/\/meeplendice.net\/index.php?rest_route=\/wp\/v2\/pages\/4866\/revisions\/13269"}],"up":[{"embeddable":true,"href":"https:\/\/meeplendice.net\/index.php?rest_route=\/wp\/v2\/pages\/3258"}],"wp:featuredmedia":[{"embeddable":true,"href":"https:\/\/meeplendice.net\/index.php?rest_route=\/wp\/v2\/media\/4880"}],"wp:attachment":[{"href":"https:\/\/meeplendice.net\/index.php?rest_route=%2Fwp%2Fv2%2Fmedia&parent=4866"}],"curies":[{"name":"wp","href":"https:\/\/api.w.org\/{rel}","templated":true}]}}