{"id":4868,"date":"2019-03-28T22:43:59","date_gmt":"2019-03-28T21:43:59","guid":{"rendered":"http:\/\/meeplendice.net\/?page_id=4868"},"modified":"2020-09-01T11:18:15","modified_gmt":"2020-09-01T10:18:15","slug":"rebellion","status":"publish","type":"page","link":"https:\/\/meeplendice.net\/?page_id=4868","title":{"rendered":"Rebellion"},"content":{"rendered":"<p><em><span id=\"result_box\" class=\"\" lang=\"fr\">M\u00e9ritez votre place parmi les Dieux et les D\u00e9esse et les Titans<span class=\"\">.<\/span><\/span><\/em><\/p>\n<p><em>Bon retour dans notre monde. Ta r\u00e9ussite et ton exp\u00e9rience t&rsquo;ont permis de revenir jusqu&rsquo;\u00e0 nous. Mais tout ne fait que (re)commencer.<\/em><\/p>\n<p>Les d\u00e9s, les \u00eeles, le Temple. Tout \u00e9tait pr\u00eat pour la prochaine \u00e9dition du Tournoi des Dieux. C&rsquo;\u00e9tait sans compter sur les adversaires. Entre la D\u00e9esse et les Titans, le spectacle va pendre une toute autre envergure.<\/p>\n","protected":false},"excerpt":{"rendered":"<p>M\u00e9ritez votre place parmi les Dieux et les D\u00e9esse et les Titans. Bon retour dans notre monde. Ta r\u00e9ussite et ton exp\u00e9rience t&rsquo;ont permis de revenir jusqu&rsquo;\u00e0 nous. Mais tout ne fait que (re)commencer. Les d\u00e9s, les \u00eeles, le Temple. Tout \u00e9tait pr\u00eat pour la prochaine \u00e9dition du Tournoi des Dieux. C&rsquo;\u00e9tait sans compter sur les adversaires. Entre la D\u00e9esse et les Titans, le spectacle va pendre une toute autre envergure.<\/p>\n","protected":false},"author":2,"featured_media":4881,"parent":3256,"menu_order":1,"comment_status":"closed","ping_status":"closed","template":"","meta":{"footnotes":""},"class_list":["post-4868","page","type-page","status-publish","has-post-thumbnail","hentry"],"acf":[],"rttpg_featured_image_url":{"full":["https:\/\/meeplendice.net\/wp-content\/uploads\/2019\/04\/DF_Rebellion.png",350,350,false],"landscape":["https:\/\/meeplendice.net\/wp-content\/uploads\/2019\/04\/DF_Rebellion.png",350,350,false],"portraits":["https:\/\/meeplendice.net\/wp-content\/uploads\/2019\/04\/DF_Rebellion.png",350,350,false],"thumbnail":["https:\/\/meeplendice.net\/wp-content\/uploads\/2019\/04\/DF_Rebellion-150x150.png",150,150,true],"medium":["https:\/\/meeplendice.net\/wp-content\/uploads\/2019\/04\/DF_Rebellion-300x300.png",300,300,true],"large":["https:\/\/meeplendice.net\/wp-content\/uploads\/2019\/04\/DF_Rebellion.png",350,350,false],"ug_big":["https:\/\/meeplendice.net\/wp-content\/uploads\/2019\/04\/DF_Rebellion.png",350,350,false],"1536x1536":["https:\/\/meeplendice.net\/wp-content\/uploads\/2019\/04\/DF_Rebellion.png",350,350,false],"2048x2048":["https:\/\/meeplendice.net\/wp-content\/uploads\/2019\/04\/DF_Rebellion.png",350,350,false],"ashe-slider-grid-thumbnail":["https:\/\/meeplendice.net\/wp-content\/uploads\/2019\/04\/DF_Rebellion.png",350,350,false],"ashe-full-thumbnail":["https:\/\/meeplendice.net\/wp-content\/uploads\/2019\/04\/DF_Rebellion.png",350,350,false],"ashe-grid-thumbnail":["https:\/\/meeplendice.net\/wp-content\/uploads\/2019\/04\/DF_Rebellion-350x330.png",350,330,true],"ashe-list-thumbnail":["https:\/\/meeplendice.net\/wp-content\/uploads\/2019\/04\/DF_Rebellion-300x300.png",300,300,true],"ashe-single-navigation":["https:\/\/meeplendice.net\/wp-content\/uploads\/2019\/04\/DF_Rebellion-75x75.png",75,75,true],"mailpoet_newsletter_max":["https:\/\/meeplendice.net\/wp-content\/uploads\/2019\/04\/DF_Rebellion.png",350,350,false],"rpwe-thumbnail":["https:\/\/meeplendice.net\/wp-content\/uploads\/2019\/04\/DF_Rebellion-45x45.png",45,45,true],"sow-carousel-default":["https:\/\/meeplendice.net\/wp-content\/uploads\/2019\/04\/DF_Rebellion-272x182.png",272,182,true],"rt_custom":["https:\/\/meeplendice.net\/wp-content\/uploads\/2019\/04\/DF_Rebellion.png",350,350,false]},"rttpg_author":{"display_name":"Karnby","author_link":"https:\/\/meeplendice.net\/?author=2"},"rttpg_comment":0,"rttpg_category":null,"rttpg_excerpt":"M\u00e9ritez votre place parmi les Dieux et les D\u00e9esse et les Titans. Bon retour dans notre monde. Ta r\u00e9ussite et ton exp\u00e9rience t&rsquo;ont permis de revenir jusqu&rsquo;\u00e0 nous. Mais tout ne fait que (re)commencer. Les d\u00e9s, les \u00eeles, le Temple. Tout \u00e9tait pr\u00eat pour la prochaine \u00e9dition du Tournoi des Dieux. C&rsquo;\u00e9tait sans compter sur\u2026","_links":{"self":[{"href":"https:\/\/meeplendice.net\/index.php?rest_route=\/wp\/v2\/pages\/4868","targetHints":{"allow":["GET"]}}],"collection":[{"href":"https:\/\/meeplendice.net\/index.php?rest_route=\/wp\/v2\/pages"}],"about":[{"href":"https:\/\/meeplendice.net\/index.php?rest_route=\/wp\/v2\/types\/page"}],"author":[{"embeddable":true,"href":"https:\/\/meeplendice.net\/index.php?rest_route=\/wp\/v2\/users\/2"}],"replies":[{"embeddable":true,"href":"https:\/\/meeplendice.net\/index.php?rest_route=%2Fwp%2Fv2%2Fcomments&post=4868"}],"version-history":[{"count":5,"href":"https:\/\/meeplendice.net\/index.php?rest_route=\/wp\/v2\/pages\/4868\/revisions"}],"predecessor-version":[{"id":6500,"href":"https:\/\/meeplendice.net\/index.php?rest_route=\/wp\/v2\/pages\/4868\/revisions\/6500"}],"up":[{"embeddable":true,"href":"https:\/\/meeplendice.net\/index.php?rest_route=\/wp\/v2\/pages\/3256"}],"wp:featuredmedia":[{"embeddable":true,"href":"https:\/\/meeplendice.net\/index.php?rest_route=\/wp\/v2\/media\/4881"}],"wp:attachment":[{"href":"https:\/\/meeplendice.net\/index.php?rest_route=%2Fwp%2Fv2%2Fmedia&parent=4868"}],"curies":[{"name":"wp","href":"https:\/\/api.w.org\/{rel}","templated":true}]}}