{"id":4871,"date":"2019-03-28T22:54:56","date_gmt":"2019-03-28T21:54:56","guid":{"rendered":"http:\/\/meeplendice.net\/?page_id=4871"},"modified":"2020-11-22T15:55:19","modified_gmt":"2020-11-22T14:55:19","slug":"journaux-de-guerre-memoires-de-la-cite-en-ruine","status":"publish","type":"page","link":"https:\/\/meeplendice.net\/?page_id=4871","title":{"rendered":"Journaux de Guerre : M\u00e9moires de la Cit\u00e9 en Ruine"},"content":{"rendered":"<p><em><span id=\"result_box\" class=\"\" lang=\"fr\">L&rsquo;hostilit\u00e9 dans la ville assi\u00e9g\u00e9e de Pogoren augmente de jour en jour. Ses habitants cherchent sans cesse de nouvelles solutions pour survivre. Certains explorent le r\u00e9seau labyrinthique des \u00e9gouts, tandis que d&rsquo;autres se rendent au march\u00e9 avec l&rsquo;espoir que les visiteurs venus des r\u00e9gions rurales apporteront de la nourriture et d&rsquo;autre marchandises.<\/span><\/em><\/p>\n<p><em><span id=\"result_box\" class=\"\" lang=\"fr\"><span class=\"\">De terribles \u00e9preuves nous attendent. Nous devons rester unis et plus r\u00e9solus que jamais si nous voulons voir la fin de cette guerre abominable. Et surtout, conserver notre humanit\u00e9 intacte.<\/span><\/span><\/em><\/p>\n<p>Enrichissez votre exp\u00e9rience de jeu, d\u00e9couvrez de nouveaux r\u00e9cits et faites face \u00e0 de cruels dilemmes gr\u00e2ce \u00e0 l&rsquo;extension M\u00e9moires de la Cit\u00e9 en Ruine pour This War of Mine : le jeu de plateau. Celle-ci introduit une s\u00e9rie de modules qui viendront compl\u00e9ter le jeu de base. Emira est le 13eme personnage du jeu, qu&rsquo;elle enrichit gr\u00e2ce \u00e0 sa propre histoire. Les cartes Mesure d\u00e9sesp\u00e9r\u00e9e vous permettront de remonter la pente d\u00e8s que vous perdrez un membre du groupe. Le module Fermiers contient le March\u00e9, au sein duquel vos choix influenceront l&rsquo;opinion des gens sur votre compte. Quand aux Egouts, ils regorgent de dangers inconnus et offrent d&rsquo;incroyables rebondissements.<\/p>\n<p>Remportez un des 5 sc\u00e9narios pleins d&rsquo;\u00e9motion, de l&rsquo;extension, chacun accompagn\u00e9 de r\u00e8gles et d&rsquo;\u00e9l\u00e9ments uniques, pour ouvrir une enveloppe de r\u00e9compense. Elle contient du mat\u00e9riel sp\u00e9cial qui compl\u00e8tera votre exemplaire de This War of Mine : le jeu de plateau de fa\u00e7on permanente.<\/p>\n<p>Affrontez les horreurs de la guerre, et prouvez votre courage en ces temps de d\u00e9sespoir.<\/p>\n","protected":false},"excerpt":{"rendered":"<p>L&rsquo;hostilit\u00e9 dans la ville assi\u00e9g\u00e9e de Pogoren augmente de jour en jour. Ses habitants cherchent sans cesse de nouvelles solutions pour survivre. Certains explorent le r\u00e9seau labyrinthique des \u00e9gouts, tandis que d&rsquo;autres se rendent au march\u00e9 avec l&rsquo;espoir que les visiteurs venus des r\u00e9gions rurales apporteront de la nourriture et d&rsquo;autre marchandises. De terribles \u00e9preuves nous attendent. Nous devons rester unis et plus r\u00e9solus que jamais si nous voulons voir la fin de cette guerre abominable. Et surtout, conserver notre humanit\u00e9 intacte. Enrichissez votre exp\u00e9rience de jeu, d\u00e9couvrez de nouveaux r\u00e9cits et faites face \u00e0 de cruels dilemmes gr\u00e2ce \u00e0 l&rsquo;extension M\u00e9moires de la Cit\u00e9 en Ruine pour This War of Mine : le jeu de plateau. Celle-ci introduit une s\u00e9rie de modules qui viendront compl\u00e9ter le jeu de base. Emira est le 13eme personnage du jeu, qu&rsquo;elle enrichit gr\u00e2ce \u00e0 sa propre histoire. Les cartes Mesure d\u00e9sesp\u00e9r\u00e9e vous permettront de remonter la pente d\u00e8s que vous perdrez un membre du groupe. Le module Fermiers contient le March\u00e9, au sein duquel vos choix influenceront l&rsquo;opinion des gens sur votre compte. Quand aux Egouts, ils regorgent de dangers inconnus et offrent d&rsquo;incroyables rebondissements. Remportez un des 5 sc\u00e9narios pleins d&rsquo;\u00e9motion, de l&rsquo;extension, chacun accompagn\u00e9 de r\u00e8gles et d&rsquo;\u00e9l\u00e9ments uniques, pour ouvrir une enveloppe de r\u00e9compense. Elle contient du mat\u00e9riel sp\u00e9cial qui compl\u00e8tera votre exemplaire de This War of Mine : le jeu de plateau de fa\u00e7on permanente. Affrontez les horreurs de la guerre, et prouvez votre courage en ces temps de d\u00e9sespoir.<\/p>\n","protected":false},"author":2,"featured_media":4879,"parent":4008,"menu_order":1,"comment_status":"closed","ping_status":"closed","template":"","meta":{"footnotes":""},"class_list":["post-4871","page","type-page","status-publish","has-post-thumbnail","hentry"],"acf":[],"rttpg_featured_image_url":{"full":["https:\/\/meeplendice.net\/wp-content\/uploads\/2019\/04\/TWOM_Memoires.png",350,350,false],"landscape":["https:\/\/meeplendice.net\/wp-content\/uploads\/2019\/04\/TWOM_Memoires.png",350,350,false],"portraits":["https:\/\/meeplendice.net\/wp-content\/uploads\/2019\/04\/TWOM_Memoires.png",350,350,false],"thumbnail":["https:\/\/meeplendice.net\/wp-content\/uploads\/2019\/04\/TWOM_Memoires-150x150.png",150,150,true],"medium":["https:\/\/meeplendice.net\/wp-content\/uploads\/2019\/04\/TWOM_Memoires-300x300.png",300,300,true],"large":["https:\/\/meeplendice.net\/wp-content\/uploads\/2019\/04\/TWOM_Memoires.png",350,350,false],"ug_big":["https:\/\/meeplendice.net\/wp-content\/uploads\/2019\/04\/TWOM_Memoires.png",350,350,false],"1536x1536":["https:\/\/meeplendice.net\/wp-content\/uploads\/2019\/04\/TWOM_Memoires.png",350,350,false],"2048x2048":["https:\/\/meeplendice.net\/wp-content\/uploads\/2019\/04\/TWOM_Memoires.png",350,350,false],"ashe-slider-grid-thumbnail":["https:\/\/meeplendice.net\/wp-content\/uploads\/2019\/04\/TWOM_Memoires.png",350,350,false],"ashe-full-thumbnail":["https:\/\/meeplendice.net\/wp-content\/uploads\/2019\/04\/TWOM_Memoires.png",350,350,false],"ashe-grid-thumbnail":["https:\/\/meeplendice.net\/wp-content\/uploads\/2019\/04\/TWOM_Memoires-350x330.png",350,330,true],"ashe-list-thumbnail":["https:\/\/meeplendice.net\/wp-content\/uploads\/2019\/04\/TWOM_Memoires-300x300.png",300,300,true],"ashe-single-navigation":["https:\/\/meeplendice.net\/wp-content\/uploads\/2019\/04\/TWOM_Memoires-75x75.png",75,75,true],"mailpoet_newsletter_max":["https:\/\/meeplendice.net\/wp-content\/uploads\/2019\/04\/TWOM_Memoires.png",350,350,false],"rpwe-thumbnail":["https:\/\/meeplendice.net\/wp-content\/uploads\/2019\/04\/TWOM_Memoires-45x45.png",45,45,true],"sow-carousel-default":["https:\/\/meeplendice.net\/wp-content\/uploads\/2019\/04\/TWOM_Memoires-272x182.png",272,182,true],"rt_custom":["https:\/\/meeplendice.net\/wp-content\/uploads\/2019\/04\/TWOM_Memoires.png",350,350,false]},"rttpg_author":{"display_name":"Karnby","author_link":"https:\/\/meeplendice.net\/?author=2"},"rttpg_comment":0,"rttpg_category":null,"rttpg_excerpt":"L&rsquo;hostilit\u00e9 dans la ville assi\u00e9g\u00e9e de Pogoren augmente de jour en jour. Ses habitants cherchent sans cesse de nouvelles solutions pour survivre. Certains explorent le r\u00e9seau labyrinthique des \u00e9gouts, tandis que d&rsquo;autres se rendent au march\u00e9 avec l&rsquo;espoir que les visiteurs venus des r\u00e9gions rurales apporteront de la nourriture et d&rsquo;autre marchandises. De terribles \u00e9preuves\u2026","_links":{"self":[{"href":"https:\/\/meeplendice.net\/index.php?rest_route=\/wp\/v2\/pages\/4871","targetHints":{"allow":["GET"]}}],"collection":[{"href":"https:\/\/meeplendice.net\/index.php?rest_route=\/wp\/v2\/pages"}],"about":[{"href":"https:\/\/meeplendice.net\/index.php?rest_route=\/wp\/v2\/types\/page"}],"author":[{"embeddable":true,"href":"https:\/\/meeplendice.net\/index.php?rest_route=\/wp\/v2\/users\/2"}],"replies":[{"embeddable":true,"href":"https:\/\/meeplendice.net\/index.php?rest_route=%2Fwp%2Fv2%2Fcomments&post=4871"}],"version-history":[{"count":4,"href":"https:\/\/meeplendice.net\/index.php?rest_route=\/wp\/v2\/pages\/4871\/revisions"}],"predecessor-version":[{"id":7588,"href":"https:\/\/meeplendice.net\/index.php?rest_route=\/wp\/v2\/pages\/4871\/revisions\/7588"}],"up":[{"embeddable":true,"href":"https:\/\/meeplendice.net\/index.php?rest_route=\/wp\/v2\/pages\/4008"}],"wp:featuredmedia":[{"embeddable":true,"href":"https:\/\/meeplendice.net\/index.php?rest_route=\/wp\/v2\/media\/4879"}],"wp:attachment":[{"href":"https:\/\/meeplendice.net\/index.php?rest_route=%2Fwp%2Fv2%2Fmedia&parent=4871"}],"curies":[{"name":"wp","href":"https:\/\/api.w.org\/{rel}","templated":true}]}}