{"id":4876,"date":"2019-04-21T10:22:25","date_gmt":"2019-04-21T09:22:25","guid":{"rendered":"http:\/\/meeplendice.net\/?page_id=4876"},"modified":"2020-09-07T16:12:54","modified_gmt":"2020-09-07T15:12:54","slug":"effroyables-excursions","status":"publish","type":"page","link":"https:\/\/meeplendice.net\/?page_id=4876","title":{"rendered":"Effroyables Excursions"},"content":{"rendered":"<p>L\u2019extension Effroyables Excursions propose trois nouveaux sc\u00e9narios qui entra\u00eenent les investigateurs bien loin d\u2019Arkham. \u00c9lucidez de dangereux myst\u00e8res \u00e0 bord d\u2019un a\u00e9rostat transatlantique bond\u00e9, d\u2019un paquebot luxueux ou d\u2019un pittoresque train rural. Les investigateurs doivent affronter de hideuses cr\u00e9atures amphibies qui jaillissent des profondeurs de l\u2019oc\u00e9an, des \u00eatres interdimensionnels occup\u00e9s \u00e0 d\u00e9chirer le tissu de la r\u00e9alit\u00e9, et le risque permanent de savoir qu\u2019un seul faux pas pourrait d\u00e9truire le v\u00e9hicule qu\u2019ils essaient justement de prot\u00e9ger. Des rituels \u00e9sot\u00e9riques dangereux \u00e0 leurs propres valises, les investigateurs devront employer tous les outils \u00e0 leur disposition pour vaincre ces nouvelles menaces. Avant d\u2019atteindre leur destination, il leur faudra d\u2019abord survivre au voyage\u00a0!<\/p>\n<p>&nbsp;<\/p>\n<p>&nbsp;<\/p>\n<p><span id=\"result_box\" class=\"\" lang=\"fr\"><span class=\"\">\u00a0<\/span><\/span><\/p>\n","protected":false},"excerpt":{"rendered":"<p>L\u2019extension Effroyables Excursions propose trois nouveaux sc\u00e9narios qui entra\u00eenent les investigateurs bien loin d\u2019Arkham. \u00c9lucidez de dangereux myst\u00e8res \u00e0 bord d\u2019un a\u00e9rostat transatlantique bond\u00e9, d\u2019un paquebot luxueux ou d\u2019un pittoresque train rural. Les investigateurs doivent affronter de hideuses cr\u00e9atures amphibies qui jaillissent des profondeurs de l\u2019oc\u00e9an, des \u00eatres interdimensionnels occup\u00e9s \u00e0 d\u00e9chirer le tissu de la r\u00e9alit\u00e9, et le risque permanent de savoir qu\u2019un seul faux pas pourrait d\u00e9truire le v\u00e9hicule qu\u2019ils essaient justement de prot\u00e9ger. Des rituels \u00e9sot\u00e9riques dangereux \u00e0 leurs propres valises, les investigateurs devront employer tous les outils \u00e0 leur disposition pour vaincre ces nouvelles menaces. Avant d\u2019atteindre leur destination, il leur faudra d\u2019abord survivre au voyage\u00a0! &nbsp; &nbsp; \u00a0<\/p>\n","protected":false},"author":2,"featured_media":4878,"parent":4340,"menu_order":4,"comment_status":"closed","ping_status":"closed","template":"","meta":{"footnotes":""},"class_list":["post-4876","page","type-page","status-publish","has-post-thumbnail","hentry"],"acf":[],"rttpg_featured_image_url":{"full":["https:\/\/meeplendice.net\/wp-content\/uploads\/2019\/04\/LdLv2_Effroyablesl.png",350,350,false],"landscape":["https:\/\/meeplendice.net\/wp-content\/uploads\/2019\/04\/LdLv2_Effroyablesl.png",350,350,false],"portraits":["https:\/\/meeplendice.net\/wp-content\/uploads\/2019\/04\/LdLv2_Effroyablesl.png",350,350,false],"thumbnail":["https:\/\/meeplendice.net\/wp-content\/uploads\/2019\/04\/LdLv2_Effroyablesl-150x150.png",150,150,true],"medium":["https:\/\/meeplendice.net\/wp-content\/uploads\/2019\/04\/LdLv2_Effroyablesl-300x300.png",300,300,true],"large":["https:\/\/meeplendice.net\/wp-content\/uploads\/2019\/04\/LdLv2_Effroyablesl.png",350,350,false],"ug_big":["https:\/\/meeplendice.net\/wp-content\/uploads\/2019\/04\/LdLv2_Effroyablesl.png",350,350,false],"1536x1536":["https:\/\/meeplendice.net\/wp-content\/uploads\/2019\/04\/LdLv2_Effroyablesl.png",350,350,false],"2048x2048":["https:\/\/meeplendice.net\/wp-content\/uploads\/2019\/04\/LdLv2_Effroyablesl.png",350,350,false],"ashe-slider-grid-thumbnail":["https:\/\/meeplendice.net\/wp-content\/uploads\/2019\/04\/LdLv2_Effroyablesl.png",350,350,false],"ashe-full-thumbnail":["https:\/\/meeplendice.net\/wp-content\/uploads\/2019\/04\/LdLv2_Effroyablesl.png",350,350,false],"ashe-grid-thumbnail":["https:\/\/meeplendice.net\/wp-content\/uploads\/2019\/04\/LdLv2_Effroyablesl-350x330.png",350,330,true],"ashe-list-thumbnail":["https:\/\/meeplendice.net\/wp-content\/uploads\/2019\/04\/LdLv2_Effroyablesl-300x300.png",300,300,true],"ashe-single-navigation":["https:\/\/meeplendice.net\/wp-content\/uploads\/2019\/04\/LdLv2_Effroyablesl-75x75.png",75,75,true],"mailpoet_newsletter_max":["https:\/\/meeplendice.net\/wp-content\/uploads\/2019\/04\/LdLv2_Effroyablesl.png",350,350,false],"rpwe-thumbnail":["https:\/\/meeplendice.net\/wp-content\/uploads\/2019\/04\/LdLv2_Effroyablesl-45x45.png",45,45,true],"sow-carousel-default":["https:\/\/meeplendice.net\/wp-content\/uploads\/2019\/04\/LdLv2_Effroyablesl-272x182.png",272,182,true],"rt_custom":["https:\/\/meeplendice.net\/wp-content\/uploads\/2019\/04\/LdLv2_Effroyablesl.png",350,350,false]},"rttpg_author":{"display_name":"Karnby","author_link":"https:\/\/meeplendice.net\/?author=2"},"rttpg_comment":0,"rttpg_category":null,"rttpg_excerpt":"L\u2019extension Effroyables Excursions propose trois nouveaux sc\u00e9narios qui entra\u00eenent les investigateurs bien loin d\u2019Arkham. \u00c9lucidez de dangereux myst\u00e8res \u00e0 bord d\u2019un a\u00e9rostat transatlantique bond\u00e9, d\u2019un paquebot luxueux ou d\u2019un pittoresque train rural. Les investigateurs doivent affronter de hideuses cr\u00e9atures amphibies qui jaillissent des profondeurs de l\u2019oc\u00e9an, des \u00eatres interdimensionnels occup\u00e9s \u00e0 d\u00e9chirer le tissu de\u2026","_links":{"self":[{"href":"https:\/\/meeplendice.net\/index.php?rest_route=\/wp\/v2\/pages\/4876","targetHints":{"allow":["GET"]}}],"collection":[{"href":"https:\/\/meeplendice.net\/index.php?rest_route=\/wp\/v2\/pages"}],"about":[{"href":"https:\/\/meeplendice.net\/index.php?rest_route=\/wp\/v2\/types\/page"}],"author":[{"embeddable":true,"href":"https:\/\/meeplendice.net\/index.php?rest_route=\/wp\/v2\/users\/2"}],"replies":[{"embeddable":true,"href":"https:\/\/meeplendice.net\/index.php?rest_route=%2Fwp%2Fv2%2Fcomments&post=4876"}],"version-history":[{"count":4,"href":"https:\/\/meeplendice.net\/index.php?rest_route=\/wp\/v2\/pages\/4876\/revisions"}],"predecessor-version":[{"id":6864,"href":"https:\/\/meeplendice.net\/index.php?rest_route=\/wp\/v2\/pages\/4876\/revisions\/6864"}],"up":[{"embeddable":true,"href":"https:\/\/meeplendice.net\/index.php?rest_route=\/wp\/v2\/pages\/4340"}],"wp:featuredmedia":[{"embeddable":true,"href":"https:\/\/meeplendice.net\/index.php?rest_route=\/wp\/v2\/media\/4878"}],"wp:attachment":[{"href":"https:\/\/meeplendice.net\/index.php?rest_route=%2Fwp%2Fv2%2Fmedia&parent=4876"}],"curies":[{"name":"wp","href":"https:\/\/api.w.org\/{rel}","templated":true}]}}