{"id":4910,"date":"2019-04-21T21:48:48","date_gmt":"2019-04-21T20:48:48","guid":{"rendered":"http:\/\/meeplendice.net\/?page_id=4910"},"modified":"2020-11-13T16:51:15","modified_gmt":"2020-11-13T15:51:15","slug":"mysthea","status":"publish","type":"page","link":"https:\/\/meeplendice.net\/?page_id=4910","title":{"rendered":"Mysthea"},"content":{"rendered":"<div id=\"pl-4910\"  class=\"panel-layout\" ><div id=\"pg-4910-0\"  class=\"panel-grid panel-no-style\" ><div id=\"pgc-4910-0-0\"  class=\"panel-grid-cell\" ><div id=\"panel-4910-0-0-0\" class=\"so-panel widget widget_sow-editor panel-first-child panel-last-child\" data-index=\"0\" ><div\n\t\t\t\n\t\t\tclass=\"so-widget-sow-editor so-widget-sow-editor-base\"\n\t\t\t\n\t\t>\n<div class=\"siteorigin-widget-tinymce textwidget\">\n\t<p style=\"text-align: center;\"><strong>Nombre de joueurs :<\/strong><br \/>\n2 - 5<\/p>\n<\/div>\n<\/div><\/div><\/div><div id=\"pgc-4910-0-1\"  class=\"panel-grid-cell\" ><div id=\"panel-4910-0-1-0\" class=\"so-panel widget widget_sow-editor panel-first-child panel-last-child\" data-index=\"1\" ><div\n\t\t\t\n\t\t\tclass=\"so-widget-sow-editor so-widget-sow-editor-base\"\n\t\t\t\n\t\t>\n<div class=\"siteorigin-widget-tinymce textwidget\">\n\t<p style=\"text-align: center;\"><strong>Dur\u00e9e moyenne :<\/strong><br \/>\n120 min<\/p>\n<\/div>\n<\/div><\/div><\/div><div id=\"pgc-4910-0-2\"  class=\"panel-grid-cell\" ><div id=\"panel-4910-0-2-0\" class=\"so-panel widget widget_sow-editor panel-first-child panel-last-child\" data-index=\"2\" ><div\n\t\t\t\n\t\t\tclass=\"so-widget-sow-editor so-widget-sow-editor-base\"\n\t\t\t\n\t\t>\n<div class=\"siteorigin-widget-tinymce textwidget\">\n\t<p style=\"text-align: center;\"><strong>Age :<\/strong><br \/>\n14 ans et plus<\/p>\n<\/div>\n<\/div><\/div><\/div><\/div><div id=\"pg-4910-1\"  class=\"panel-grid panel-no-style\" ><div id=\"pgc-4910-1-0\"  class=\"panel-grid-cell\" ><div id=\"panel-4910-1-0-0\" class=\"so-panel widget widget_sow-editor panel-first-child panel-last-child\" data-index=\"3\" ><div\n\t\t\t\n\t\t\tclass=\"so-widget-sow-editor so-widget-sow-editor-base\"\n\t\t\t\n\t\t>\n<div class=\"siteorigin-widget-tinymce textwidget\">\n\t<p style=\"text-align: center;\"><strong>Auteur(s) :<br \/>\n<\/strong> Martino Chiacchiera<br \/>\nMarta Ciaccasassi<\/p>\n<\/div>\n<\/div><\/div><\/div><div id=\"pgc-4910-1-1\"  class=\"panel-grid-cell\" ><div id=\"panel-4910-1-1-0\" class=\"so-panel widget widget_sow-editor panel-first-child panel-last-child\" data-index=\"4\" ><div\n\t\t\t\n\t\t\tclass=\"so-widget-sow-editor so-widget-sow-editor-base\"\n\t\t\t\n\t\t>\n<div class=\"siteorigin-widget-tinymce textwidget\">\n\t<p style=\"text-align: center;\"><strong>Illustrations :<\/strong><br \/>\nTravis Anderson<\/p>\n<\/div>\n<\/div><\/div><\/div><div id=\"pgc-4910-1-2\"  class=\"panel-grid-cell\" ><div id=\"panel-4910-1-2-0\" class=\"so-panel widget widget_sow-editor panel-first-child panel-last-child\" data-index=\"5\" ><div\n\t\t\t\n\t\t\tclass=\"so-widget-sow-editor so-widget-sow-editor-base\"\n\t\t\t\n\t\t>\n<div class=\"siteorigin-widget-tinymce textwidget\">\n\t<p style=\"text-align: center;\"><strong>\u00c9dition :<\/strong><br \/>\nTabula Games<br \/>\n2019<\/p>\n<\/div>\n<\/div><\/div><\/div><div id=\"pgc-4910-1-3\"  class=\"panel-grid-cell\" ><div id=\"panel-4910-1-3-0\" class=\"so-panel widget widget_sow-editor panel-first-child panel-last-child\" data-index=\"6\" ><div\n\t\t\t\n\t\t\tclass=\"so-widget-sow-editor so-widget-sow-editor-base\"\n\t\t\t\n\t\t>\n<div class=\"siteorigin-widget-tinymce textwidget\">\n\t<p style=\"text-align: center;\"><strong>Version :<\/strong><br \/>\nFran\u00e7aise<\/p>\n<\/div>\n<\/div><\/div><\/div><\/div><div id=\"pg-4910-2\"  class=\"panel-grid panel-no-style\" ><div id=\"pgc-4910-2-0\"  class=\"panel-grid-cell\" ><div id=\"panel-4910-2-0-0\" class=\"so-panel widget widget_sow-editor panel-first-child panel-last-child\" data-index=\"7\" ><div\n\t\t\t\n\t\t\tclass=\"so-widget-sow-editor so-widget-sow-editor-base\"\n\t\t\t\n\t\t>\n<div class=\"siteorigin-widget-tinymce textwidget\">\n\t<hr \/>\n<p style=\"text-align: left;\" align=\"center\">D\u00e9couvrez une plan\u00e8te ancienne parcourue par des forces \u00e9tranges, o\u00f9 les anomalies violent les lois de la physique et o\u00f9 la vie a \u00e9volu\u00e9 de mani\u00e8re \u00e9trange gr\u00e2ce au pouvoir de cristaux myst\u00e9rieux. Vous \u00eates charg\u00e9 d\u2019explorer des terres inconnues dans ce jeu de contr\u00f4le de zone et de gestion tactique de cartes.<\/p>\n<p style=\"text-align: left;\" align=\"center\">Dans Mysthea, devenez un champion d\u2019Ilvash engag\u00e9 par les guildes du Royaume pour explorer et prendre le contr\u00f4le des \u00eeles inexplor\u00e9es flottant sur les champs gravitationnels \u00e9mis par l\u2019\u00e9norme cristal au c\u0153ur de la plan\u00e8te. Sur ces \u00eeles inconnues, affrontez des b\u00eates inimaginables, choisissez votre chemin et trouvez un moyen de survivre aux myst\u00e8res et aux p\u00e9rils d\u2019Icaion.<\/p>\n<\/div>\n<\/div><\/div><\/div><\/div><div id=\"pg-4910-3\"  class=\"panel-grid panel-no-style\" ><div id=\"pgc-4910-3-0\"  class=\"panel-grid-cell\" ><div id=\"panel-4910-3-0-0\" class=\"so-panel widget widget_sow-editor panel-first-child panel-last-child\" data-index=\"8\" ><div\n\t\t\t\n\t\t\tclass=\"so-widget-sow-editor so-widget-sow-editor-base\"\n\t\t\t\n\t\t>\n<div class=\"siteorigin-widget-tinymce textwidget\">\n\t<hr \/>\n<p style=\"text-align: center;\"><strong>En vid\u00e9o<\/strong><\/p>\n<\/div>\n<\/div><\/div><\/div><\/div><div id=\"pg-4910-4\"  class=\"panel-grid panel-no-style\" ><div id=\"pgc-4910-4-0\"  class=\"panel-grid-cell\" ><div id=\"panel-4910-4-0-0\" class=\"so-panel widget widget_sow-editor panel-first-child panel-last-child\" data-index=\"9\" ><div\n\t\t\t\n\t\t\tclass=\"so-widget-sow-editor so-widget-sow-editor-base\"\n\t\t\t\n\t\t>\n<div class=\"siteorigin-widget-tinymce textwidget\">\n\t<hr \/>\n<p style=\"text-align: center;\"><strong>Pour aller plus loin<\/strong><\/p>\n<\/div>\n<\/div><\/div><\/div><\/div><\/div>","protected":false},"excerpt":{"rendered":"<p>Nombre de joueurs : 2 &#8211; 5 Dur\u00e9e moyenne : 120 min Age : 14 ans et plus Auteur(s) : Martino Chiacchiera Marta Ciaccasassi Illustrations : Travis Anderson \u00c9dition : Tabula Games 2019 Version : Fran\u00e7aise<\/p>\n","protected":false},"author":2,"featured_media":4906,"parent":0,"menu_order":0,"comment_status":"closed","ping_status":"closed","template":"","meta":{"footnotes":""},"class_list":["post-4910","page","type-page","status-publish","has-post-thumbnail","hentry"],"acf":[],"rttpg_featured_image_url":{"full":["https:\/\/meeplendice.net\/wp-content\/uploads\/2019\/04\/Mysthea.png",350,350,false],"landscape":["https:\/\/meeplendice.net\/wp-content\/uploads\/2019\/04\/Mysthea.png",350,350,false],"portraits":["https:\/\/meeplendice.net\/wp-content\/uploads\/2019\/04\/Mysthea.png",350,350,false],"thumbnail":["https:\/\/meeplendice.net\/wp-content\/uploads\/2019\/04\/Mysthea-150x150.png",150,150,true],"medium":["https:\/\/meeplendice.net\/wp-content\/uploads\/2019\/04\/Mysthea-300x300.png",300,300,true],"large":["https:\/\/meeplendice.net\/wp-content\/uploads\/2019\/04\/Mysthea.png",350,350,false],"ug_big":["https:\/\/meeplendice.net\/wp-content\/uploads\/2019\/04\/Mysthea.png",350,350,false],"1536x1536":["https:\/\/meeplendice.net\/wp-content\/uploads\/2019\/04\/Mysthea.png",350,350,false],"2048x2048":["https:\/\/meeplendice.net\/wp-content\/uploads\/2019\/04\/Mysthea.png",350,350,false],"ashe-slider-grid-thumbnail":["https:\/\/meeplendice.net\/wp-content\/uploads\/2019\/04\/Mysthea.png",350,350,false],"ashe-full-thumbnail":["https:\/\/meeplendice.net\/wp-content\/uploads\/2019\/04\/Mysthea.png",350,350,false],"ashe-grid-thumbnail":["https:\/\/meeplendice.net\/wp-content\/uploads\/2019\/04\/Mysthea-350x330.png",350,330,true],"ashe-list-thumbnail":["https:\/\/meeplendice.net\/wp-content\/uploads\/2019\/04\/Mysthea-300x300.png",300,300,true],"ashe-single-navigation":["https:\/\/meeplendice.net\/wp-content\/uploads\/2019\/04\/Mysthea-75x75.png",75,75,true],"mailpoet_newsletter_max":["https:\/\/meeplendice.net\/wp-content\/uploads\/2019\/04\/Mysthea.png",350,350,false],"rpwe-thumbnail":["https:\/\/meeplendice.net\/wp-content\/uploads\/2019\/04\/Mysthea-45x45.png",45,45,true],"sow-carousel-default":["https:\/\/meeplendice.net\/wp-content\/uploads\/2019\/04\/Mysthea-272x182.png",272,182,true],"rt_custom":["https:\/\/meeplendice.net\/wp-content\/uploads\/2019\/04\/Mysthea.png",350,350,false]},"rttpg_author":{"display_name":"Karnby","author_link":"https:\/\/meeplendice.net\/?author=2"},"rttpg_comment":0,"rttpg_category":null,"rttpg_excerpt":"Nombre de joueurs : 2 - 5 Dur\u00e9e moyenne : 120 min Age : 14 ans et plus Auteur(s) : Martino Chiacchiera Marta Ciaccasassi Illustrations : Travis Anderson \u00c9dition : Tabula Games 2019 Version : Fran\u00e7aise","_links":{"self":[{"href":"https:\/\/meeplendice.net\/index.php?rest_route=\/wp\/v2\/pages\/4910","targetHints":{"allow":["GET"]}}],"collection":[{"href":"https:\/\/meeplendice.net\/index.php?rest_route=\/wp\/v2\/pages"}],"about":[{"href":"https:\/\/meeplendice.net\/index.php?rest_route=\/wp\/v2\/types\/page"}],"author":[{"embeddable":true,"href":"https:\/\/meeplendice.net\/index.php?rest_route=\/wp\/v2\/users\/2"}],"replies":[{"embeddable":true,"href":"https:\/\/meeplendice.net\/index.php?rest_route=%2Fwp%2Fv2%2Fcomments&post=4910"}],"version-history":[{"count":6,"href":"https:\/\/meeplendice.net\/index.php?rest_route=\/wp\/v2\/pages\/4910\/revisions"}],"predecessor-version":[{"id":7323,"href":"https:\/\/meeplendice.net\/index.php?rest_route=\/wp\/v2\/pages\/4910\/revisions\/7323"}],"wp:featuredmedia":[{"embeddable":true,"href":"https:\/\/meeplendice.net\/index.php?rest_route=\/wp\/v2\/media\/4906"}],"wp:attachment":[{"href":"https:\/\/meeplendice.net\/index.php?rest_route=%2Fwp%2Fv2%2Fmedia&parent=4910"}],"curies":[{"name":"wp","href":"https:\/\/api.w.org\/{rel}","templated":true}]}}