{"id":4915,"date":"2019-04-21T22:12:37","date_gmt":"2019-04-21T21:12:37","guid":{"rendered":"http:\/\/meeplendice.net\/?page_id=4915"},"modified":"2021-03-13T13:32:00","modified_gmt":"2021-03-13T12:32:00","slug":"heros-de-terrinoth","status":"publish","type":"page","link":"https:\/\/meeplendice.net\/?page_id=4915","title":{"rendered":"H\u00e9ros de Terrinoth"},"content":{"rendered":"<div id=\"pl-4915\"  class=\"panel-layout\" ><div id=\"pg-4915-0\"  class=\"panel-grid panel-no-style\" ><div id=\"pgc-4915-0-0\"  class=\"panel-grid-cell\" ><div id=\"panel-4915-0-0-0\" class=\"so-panel widget widget_sow-editor panel-first-child panel-last-child\" data-index=\"0\" ><div\n\t\t\t\n\t\t\tclass=\"so-widget-sow-editor so-widget-sow-editor-base\"\n\t\t\t\n\t\t>\n<div class=\"siteorigin-widget-tinymce textwidget\">\n\t<p style=\"text-align: center;\"><strong>Nombre de joueurs :<\/strong><br \/>\n1 - 4<\/p>\n<\/div>\n<\/div><\/div><\/div><div id=\"pgc-4915-0-1\"  class=\"panel-grid-cell\" ><div id=\"panel-4915-0-1-0\" class=\"so-panel widget widget_sow-editor panel-first-child panel-last-child\" data-index=\"1\" ><div\n\t\t\t\n\t\t\tclass=\"so-widget-sow-editor so-widget-sow-editor-base\"\n\t\t\t\n\t\t>\n<div class=\"siteorigin-widget-tinymce textwidget\">\n\t<p style=\"text-align: center;\"><strong>Dur\u00e9e moyenne :<\/strong><br \/>\n45 min<\/p>\n<\/div>\n<\/div><\/div><\/div><div id=\"pgc-4915-0-2\"  class=\"panel-grid-cell\" ><div id=\"panel-4915-0-2-0\" class=\"so-panel widget widget_sow-editor panel-first-child panel-last-child\" data-index=\"2\" ><div\n\t\t\t\n\t\t\tclass=\"so-widget-sow-editor so-widget-sow-editor-base\"\n\t\t\t\n\t\t>\n<div class=\"siteorigin-widget-tinymce textwidget\">\n\t<p style=\"text-align: center;\"><strong>Age :<\/strong><br \/>\n14 ans et plus<\/p>\n<\/div>\n<\/div><\/div><\/div><\/div><div id=\"pg-4915-1\"  class=\"panel-grid panel-no-style\" ><div id=\"pgc-4915-1-0\"  class=\"panel-grid-cell\" ><div id=\"panel-4915-1-0-0\" class=\"so-panel widget widget_sow-editor panel-first-child panel-last-child\" data-index=\"3\" ><div\n\t\t\t\n\t\t\tclass=\"so-widget-sow-editor so-widget-sow-editor-base\"\n\t\t\t\n\t\t>\n<div class=\"siteorigin-widget-tinymce textwidget\">\n\t<p style=\"text-align: center;\"><strong>Auteur(s) :<br \/>\n<\/strong>Adam Salder<br \/>\nBrady Sadler<\/p>\n<\/div>\n<\/div><\/div><\/div><div id=\"pgc-4915-1-1\"  class=\"panel-grid-cell\" ><div id=\"panel-4915-1-1-0\" class=\"so-panel widget widget_sow-editor panel-first-child panel-last-child\" data-index=\"4\" ><div\n\t\t\t\n\t\t\tclass=\"so-widget-sow-editor so-widget-sow-editor-base\"\n\t\t\t\n\t\t>\n<div class=\"siteorigin-widget-tinymce textwidget\">\n\t<p style=\"text-align: center;\"><strong>Illustrations :<\/strong><br \/>\nJordan Kerbow<br \/>\nAlex Aparin<br \/>\nJacob Atienza<br \/>\nBeijing Novtilus...<\/p>\n<\/div>\n<\/div><\/div><\/div><div id=\"pgc-4915-1-2\"  class=\"panel-grid-cell\" ><div id=\"panel-4915-1-2-0\" class=\"so-panel widget widget_sow-editor panel-first-child panel-last-child\" data-index=\"5\" ><div\n\t\t\t\n\t\t\tclass=\"so-widget-sow-editor so-widget-sow-editor-base\"\n\t\t\t\n\t\t>\n<div class=\"siteorigin-widget-tinymce textwidget\">\n\t<p style=\"text-align: center;\"><strong>\u00c9dition :<\/strong><br \/>\nFantasy Flight Games<br \/>\nEdge Entertainment<br \/>\n2019<\/p>\n<\/div>\n<\/div><\/div><\/div><div id=\"pgc-4915-1-3\"  class=\"panel-grid-cell\" ><div id=\"panel-4915-1-3-0\" class=\"so-panel widget widget_sow-editor panel-first-child panel-last-child\" data-index=\"6\" ><div\n\t\t\t\n\t\t\tclass=\"so-widget-sow-editor so-widget-sow-editor-base\"\n\t\t\t\n\t\t>\n<div class=\"siteorigin-widget-tinymce textwidget\">\n\t<p style=\"text-align: center;\"><strong>Version :<\/strong><br \/>\nFran\u00e7aise<\/p>\n<\/div>\n<\/div><\/div><\/div><\/div><div id=\"pg-4915-2\"  class=\"panel-grid panel-no-style\" ><div id=\"pgc-4915-2-0\"  class=\"panel-grid-cell\" ><div id=\"panel-4915-2-0-0\" class=\"so-panel widget widget_sow-editor panel-first-child panel-last-child\" data-index=\"7\" ><div\n\t\t\t\n\t\t\tclass=\"so-widget-sow-editor so-widget-sow-editor-base\"\n\t\t\t\n\t\t>\n<div class=\"siteorigin-widget-tinymce textwidget\">\n\t<hr \/>\n<div>Affrontez les Ennemis de Terrinoth !<\/div>\n<p><\/p>\n<div><em>Alors que l\u2019ancienne Garde de Sang s\u00e8me la discorde dans les Cit\u00e9s Libres, une arm\u00e9e de morts-vivants menace les Terres des Brumes. Terrinoth attend ses nouveaux h\u00e9ros !<\/em><\/div>\n<p><\/p>\n<div>Dans\u00a0H\u00e9ros de Terrinoth, vos amis et vous devrez repousser de terribles cr\u00e9atures et de redoutables ennemis. Incarnez des h\u00e9ros uniques, am\u00e9liorez-les en les faisant passer \u00e0 de nouvelles classes plus puissantes pour d\u00e9velopper vos comp\u00e9tences et lancez-vous dans 8 dangereuses qu\u00eates, pr\u00e9sentant toutes des menaces diff\u00e9rentes !<\/div>\n<\/div>\n<\/div><\/div><\/div><\/div><div id=\"pg-4915-3\"  class=\"panel-grid panel-no-style\" ><div id=\"pgc-4915-3-0\"  class=\"panel-grid-cell\" ><div id=\"panel-4915-3-0-0\" class=\"so-panel widget widget_sow-editor panel-first-child panel-last-child\" data-index=\"8\" ><div\n\t\t\t\n\t\t\tclass=\"so-widget-sow-editor so-widget-sow-editor-base\"\n\t\t\t\n\t\t>\n<div class=\"siteorigin-widget-tinymce textwidget\">\n\t<hr \/>\n<p style=\"text-align: center;\"><strong>En vid\u00e9o<\/strong><\/p>\n<p>De l'explication des r\u00e8gles :<\/p>\n<ul>\n<li>Tric Trac<\/li>\n<\/ul>\n<p><a href=\"https:\/\/www.trictrac.net\/actus\/heros-de-terrinoth-de-lexplication\" target=\"_blank\" rel=\"noopener noreferrer\"><img loading=\"lazy\" decoding=\"async\" class=\"alignnone size-full wp-image-107\" src=\"http:\/\/meeplendice.net\/wp-content\/uploads\/2016\/08\/TT_explication.png\" alt=\"TT_explication\" width=\"200\" height=\"170\" \/><\/a><\/p>\n<p>De la partie :<\/p>\n<ul>\n<li>Tric Trac<\/li>\n<\/ul>\n<p><a href=\"https:\/\/www.trictrac.net\/actus\/heros-de-terrinoth-de-la-partie\" target=\"_blank\" rel=\"noopener noreferrer\"><img loading=\"lazy\" decoding=\"async\" class=\"alignnone size-full wp-image-117\" src=\"http:\/\/meeplendice.net\/wp-content\/uploads\/2016\/08\/TT_partie_1.png\" alt=\"TT_partie_1\" width=\"200\" height=\"170\" \/><\/a><\/p>\n<\/div>\n<\/div><\/div><\/div><\/div><div id=\"pg-4915-4\"  class=\"panel-grid panel-no-style\" ><div id=\"pgc-4915-4-0\"  class=\"panel-grid-cell\" ><div id=\"panel-4915-4-0-0\" class=\"so-panel widget widget_sow-editor panel-first-child panel-last-child\" data-index=\"9\" ><div\n\t\t\t\n\t\t\tclass=\"so-widget-sow-editor so-widget-sow-editor-base\"\n\t\t\t\n\t\t>\n<div class=\"siteorigin-widget-tinymce textwidget\">\n\t<hr \/>\n<p style=\"text-align: center;\"><strong>Pour aller plus loin<\/strong><\/p>\n<\/div>\n<\/div><\/div><\/div><\/div><\/div>","protected":false},"excerpt":{"rendered":"<p>Nombre de joueurs : 1 &#8211; 4 Dur\u00e9e moyenne : 45 min Age : 14 ans et plus Auteur(s) : Adam Salder Brady Sadler Illustrations : Jordan Kerbow Alex Aparin Jacob Atienza Beijing Novtilus&#8230; \u00c9dition : Fantasy Flight Games Edge Entertainment 2019 Version : Fran\u00e7aise<\/p>\n","protected":false},"author":2,"featured_media":4904,"parent":0,"menu_order":0,"comment_status":"closed","ping_status":"closed","template":"","meta":{"footnotes":""},"class_list":["post-4915","page","type-page","status-publish","has-post-thumbnail","hentry"],"acf":[],"rttpg_featured_image_url":{"full":["https:\/\/meeplendice.net\/wp-content\/uploads\/2019\/04\/Heroes_Terrinoth.png",350,350,false],"landscape":["https:\/\/meeplendice.net\/wp-content\/uploads\/2019\/04\/Heroes_Terrinoth.png",350,350,false],"portraits":["https:\/\/meeplendice.net\/wp-content\/uploads\/2019\/04\/Heroes_Terrinoth.png",350,350,false],"thumbnail":["https:\/\/meeplendice.net\/wp-content\/uploads\/2019\/04\/Heroes_Terrinoth-150x150.png",150,150,true],"medium":["https:\/\/meeplendice.net\/wp-content\/uploads\/2019\/04\/Heroes_Terrinoth-300x300.png",300,300,true],"large":["https:\/\/meeplendice.net\/wp-content\/uploads\/2019\/04\/Heroes_Terrinoth.png",350,350,false],"ug_big":["https:\/\/meeplendice.net\/wp-content\/uploads\/2019\/04\/Heroes_Terrinoth.png",350,350,false],"1536x1536":["https:\/\/meeplendice.net\/wp-content\/uploads\/2019\/04\/Heroes_Terrinoth.png",350,350,false],"2048x2048":["https:\/\/meeplendice.net\/wp-content\/uploads\/2019\/04\/Heroes_Terrinoth.png",350,350,false],"ashe-slider-grid-thumbnail":["https:\/\/meeplendice.net\/wp-content\/uploads\/2019\/04\/Heroes_Terrinoth.png",350,350,false],"ashe-full-thumbnail":["https:\/\/meeplendice.net\/wp-content\/uploads\/2019\/04\/Heroes_Terrinoth.png",350,350,false],"ashe-grid-thumbnail":["https:\/\/meeplendice.net\/wp-content\/uploads\/2019\/04\/Heroes_Terrinoth-350x330.png",350,330,true],"ashe-list-thumbnail":["https:\/\/meeplendice.net\/wp-content\/uploads\/2019\/04\/Heroes_Terrinoth-300x300.png",300,300,true],"ashe-single-navigation":["https:\/\/meeplendice.net\/wp-content\/uploads\/2019\/04\/Heroes_Terrinoth-75x75.png",75,75,true],"mailpoet_newsletter_max":["https:\/\/meeplendice.net\/wp-content\/uploads\/2019\/04\/Heroes_Terrinoth.png",350,350,false],"rpwe-thumbnail":["https:\/\/meeplendice.net\/wp-content\/uploads\/2019\/04\/Heroes_Terrinoth-45x45.png",45,45,true],"sow-carousel-default":["https:\/\/meeplendice.net\/wp-content\/uploads\/2019\/04\/Heroes_Terrinoth-272x182.png",272,182,true],"rt_custom":["https:\/\/meeplendice.net\/wp-content\/uploads\/2019\/04\/Heroes_Terrinoth.png",350,350,false]},"rttpg_author":{"display_name":"Karnby","author_link":"https:\/\/meeplendice.net\/?author=2"},"rttpg_comment":0,"rttpg_category":null,"rttpg_excerpt":"Nombre de joueurs : 1 - 4 Dur\u00e9e moyenne : 45 min Age : 14 ans et plus Auteur(s) : Adam Salder Brady Sadler Illustrations : Jordan Kerbow Alex Aparin Jacob Atienza Beijing Novtilus... \u00c9dition : Fantasy Flight Games Edge Entertainment 2019 Version : Fran\u00e7aise","_links":{"self":[{"href":"https:\/\/meeplendice.net\/index.php?rest_route=\/wp\/v2\/pages\/4915","targetHints":{"allow":["GET"]}}],"collection":[{"href":"https:\/\/meeplendice.net\/index.php?rest_route=\/wp\/v2\/pages"}],"about":[{"href":"https:\/\/meeplendice.net\/index.php?rest_route=\/wp\/v2\/types\/page"}],"author":[{"embeddable":true,"href":"https:\/\/meeplendice.net\/index.php?rest_route=\/wp\/v2\/users\/2"}],"replies":[{"embeddable":true,"href":"https:\/\/meeplendice.net\/index.php?rest_route=%2Fwp%2Fv2%2Fcomments&post=4915"}],"version-history":[{"count":11,"href":"https:\/\/meeplendice.net\/index.php?rest_route=\/wp\/v2\/pages\/4915\/revisions"}],"predecessor-version":[{"id":8143,"href":"https:\/\/meeplendice.net\/index.php?rest_route=\/wp\/v2\/pages\/4915\/revisions\/8143"}],"wp:featuredmedia":[{"embeddable":true,"href":"https:\/\/meeplendice.net\/index.php?rest_route=\/wp\/v2\/media\/4904"}],"wp:attachment":[{"href":"https:\/\/meeplendice.net\/index.php?rest_route=%2Fwp%2Fv2%2Fmedia&parent=4915"}],"curies":[{"name":"wp","href":"https:\/\/api.w.org\/{rel}","templated":true}]}}