{"id":492,"date":"2016-08-30T20:56:12","date_gmt":"2016-08-30T19:56:12","guid":{"rendered":"http:\/\/meeplendice.net\/?page_id=492"},"modified":"2020-11-13T17:24:55","modified_gmt":"2020-11-13T16:24:55","slug":"xenoshyft-oneslaught","status":"publish","type":"page","link":"https:\/\/meeplendice.net\/?page_id=492","title":{"rendered":"Xenoshyft : Oneslaught"},"content":{"rendered":"<div id=\"pl-492\"  class=\"panel-layout\" ><div id=\"pg-492-0\"  class=\"panel-grid panel-no-style\" ><div id=\"pgc-492-0-0\"  class=\"panel-grid-cell\" ><div id=\"panel-492-0-0-0\" class=\"so-panel widget widget_sow-editor panel-first-child panel-last-child\" data-index=\"0\" ><div\n\t\t\t\n\t\t\tclass=\"so-widget-sow-editor so-widget-sow-editor-base\"\n\t\t\t\n\t\t>\n<div class=\"siteorigin-widget-tinymce textwidget\">\n\t<p style=\"text-align: center;\"><strong>Nombre de joueurs :<\/strong><br \/>\n1 - 4<\/p>\n<\/div>\n<\/div><\/div><\/div><div id=\"pgc-492-0-1\"  class=\"panel-grid-cell\" ><div id=\"panel-492-0-1-0\" class=\"so-panel widget widget_sow-editor panel-first-child panel-last-child\" data-index=\"1\" ><div\n\t\t\t\n\t\t\tclass=\"so-widget-sow-editor so-widget-sow-editor-base\"\n\t\t\t\n\t\t>\n<div class=\"siteorigin-widget-tinymce textwidget\">\n\t<p style=\"text-align: center;\"><strong>Dur\u00e9e moyenne :<\/strong><br \/>\n90 min<\/p>\n<\/div>\n<\/div><\/div><\/div><div id=\"pgc-492-0-2\"  class=\"panel-grid-cell\" ><div id=\"panel-492-0-2-0\" class=\"so-panel widget widget_sow-editor panel-first-child panel-last-child\" data-index=\"2\" ><div\n\t\t\t\n\t\t\tclass=\"so-widget-sow-editor so-widget-sow-editor-base\"\n\t\t\t\n\t\t>\n<div class=\"siteorigin-widget-tinymce textwidget\">\n\t<p style=\"text-align: center;\"><strong>Age :<\/strong><br \/>\n14 ans et plus<\/p>\n<\/div>\n<\/div><\/div><\/div><\/div><div id=\"pg-492-1\"  class=\"panel-grid panel-no-style\" ><div id=\"pgc-492-1-0\"  class=\"panel-grid-cell\" ><div id=\"panel-492-1-0-0\" class=\"so-panel widget widget_sow-editor panel-first-child panel-last-child\" data-index=\"3\" ><div\n\t\t\t\n\t\t\tclass=\"so-widget-sow-editor so-widget-sow-editor-base\"\n\t\t\t\n\t\t>\n<div class=\"siteorigin-widget-tinymce textwidget\">\n\t<p style=\"text-align: center;\"><strong>Auteur(s) :<br \/>\n<\/strong>Michael Shinall<br \/>\nKeren Philosophales<\/p>\n<\/div>\n<\/div><\/div><\/div><div id=\"pgc-492-1-1\"  class=\"panel-grid-cell\" ><div id=\"panel-492-1-1-0\" class=\"so-panel widget widget_sow-editor panel-first-child panel-last-child\" data-index=\"4\" ><div\n\t\t\t\n\t\t\tclass=\"so-widget-sow-editor so-widget-sow-editor-base\"\n\t\t\t\n\t\t>\n<div class=\"siteorigin-widget-tinymce textwidget\">\n\t<p style=\"text-align: center;\"><strong>Illustrations :<\/strong><br \/>\nAlejandro Raul Mirabal<br \/>\nJonathan Gonzalez Gomez<br \/>\nJeff Yu<\/p>\n<\/div>\n<\/div><\/div><\/div><div id=\"pgc-492-1-2\"  class=\"panel-grid-cell\" ><div id=\"panel-492-1-2-0\" class=\"so-panel widget widget_sow-editor panel-first-child panel-last-child\" data-index=\"5\" ><div\n\t\t\t\n\t\t\tclass=\"so-widget-sow-editor so-widget-sow-editor-base\"\n\t\t\t\n\t\t>\n<div class=\"siteorigin-widget-tinymce textwidget\">\n\t<p style=\"text-align: center;\"><strong>\u00c9dition :<\/strong><br \/>\nCoolMiniOrNot<br \/>\nEdge Entertainement<br \/>\n2015<\/p>\n<\/div>\n<\/div><\/div><\/div><div id=\"pgc-492-1-3\"  class=\"panel-grid-cell\" ><div id=\"panel-492-1-3-0\" class=\"so-panel widget widget_sow-editor panel-first-child panel-last-child\" data-index=\"6\" ><div\n\t\t\t\n\t\t\tclass=\"so-widget-sow-editor so-widget-sow-editor-base\"\n\t\t\t\n\t\t>\n<div class=\"siteorigin-widget-tinymce textwidget\">\n\t<p style=\"text-align: center;\"><strong>Version :<\/strong><br \/>\nFran\u00e7aise<\/p>\n<\/div>\n<\/div><\/div><\/div><\/div><div id=\"pg-492-2\"  class=\"panel-grid panel-no-style\" ><div id=\"pgc-492-2-0\"  class=\"panel-grid-cell\" ><div id=\"panel-492-2-0-0\" class=\"so-panel widget widget_sow-editor panel-first-child panel-last-child\" data-index=\"7\" ><div\n\t\t\t\n\t\t\tclass=\"so-widget-sow-editor so-widget-sow-editor-base\"\n\t\t\t\n\t\t>\n<div class=\"siteorigin-widget-tinymce textwidget\">\n\t<hr \/>\n<p>\u00ab La Ruche \u00bb, comme l\u2019appellent les agents de terrain, n\u2019est en r\u00e9alit\u00e9 que le dernier ennemi d\u2019une longue liste \u00e0 laquelle l\u2019arm\u00e9e NorTec a d\u00fb faire face. Chaque plan\u00e8te satur\u00e9e de Xenosathem a engendr\u00e9 ses propres hordes x\u00e9nomorphes, aussi hostiles que f\u00e9roces. La situation actuelle n\u2019est donc pas inconnue.<br \/>\nQuand vous donnerez vos instructions, n\u2019oubliez pas que nos fid\u00e8les troupes sont comme toutes les ressources de l\u2019entreprise : les pertes enregistr\u00e9es doivent rester en dessous d\u2019un certain ratio perte\/profit, afin de ne pas grever les r\u00e9sultats financiers.<\/p>\n<p>\u2013 RAPPORT INITIAL SUR LA PLAN\u00c8TE D\u00c9SIGN\u00c9E COMME R72A12<\/p>\n<p>Xenoshyft est un jeu con\u00e7u pour 1 \u00e0 4 joueurs, chacun dirigeant l'une des Divisions de l'arm\u00e9e de NorTec : le Laboratoire, l'Infirmerie, l'Armurerie, l'Atelier de Recherche, la Caserne et l'Amiraut\u00e9. Chacun de ces d\u00e9partements repr\u00e9sente l'une des sections de la Base NorTec. A vous de la prot\u00e9ger pendant qu'elle m\u00e8ne \u00e0 bien ses op\u00e9rations sur le terrain.<br \/>\nVous allez devoir coop\u00e9rer efficacement avec vos \u00e9quipiers pour ne pas succomber aux assauts incessants d'impitoyables abominations. Le but de votre mission n'est pas d'\u00e9radiquer cette menace, mais simplement d'y r\u00e9sister assez longtemps ! Tenez bon pendant neuf rounds contre ces horreurs afin que la Base accomplisse sa mission : vous pourrez ainsi survivre avec vos alli\u00e9s pour continuer la lutte !<\/p>\n<\/div>\n<\/div><\/div><\/div><\/div><div id=\"pg-492-3\"  class=\"panel-grid panel-no-style\" ><div id=\"pgc-492-3-0\"  class=\"panel-grid-cell\" ><div id=\"panel-492-3-0-0\" class=\"so-panel widget widget_sow-editor panel-first-child panel-last-child\" data-index=\"8\" ><div\n\t\t\t\n\t\t\tclass=\"so-widget-sow-editor so-widget-sow-editor-base\"\n\t\t\t\n\t\t>\n<div class=\"siteorigin-widget-tinymce textwidget\">\n\t<hr \/>\n<p style=\"text-align: center;\"><strong>En vid\u00e9o<\/strong><\/p>\n<p style=\"text-align: left;\">De l'explication des r\u00e8gles :<\/p>\n<ul>\n<li style=\"text-align: left;\">Tric Trac<\/li>\n<\/ul>\n<p style=\"text-align: left;\"><a href=\"https:\/\/www.trictrac.net\/videos\/Xenoshift_Onslaught_de_le_comment_ca_marche\" target=\"_blank\" rel=\"noopener noreferrer\"><img loading=\"lazy\" decoding=\"async\" class=\"alignnone size-full wp-image-107\" src=\"http:\/\/meeplendice.net\/wp-content\/uploads\/2016\/08\/TT_explication.png\" alt=\"TT_explication\" width=\"200\" height=\"170\" \/><\/a><\/p>\n<p style=\"text-align: left;\">\u00a0De la partie :<\/p>\n<ul>\n<li style=\"text-align: left;\">Tric Trac<\/li>\n<\/ul>\n<p><a href=\"https:\/\/www.trictrac.net\/videos\/Xenoshift_Onslaught_de_la_Partie\" target=\"_blank\" rel=\"noopener noreferrer\"><img loading=\"lazy\" decoding=\"async\" class=\"alignnone size-full wp-image-117\" src=\"http:\/\/meeplendice.net\/wp-content\/uploads\/2016\/08\/TT_partie_1.png\" alt=\"TT_partie_1\" width=\"200\" height=\"170\" \/><\/a><\/p>\n<\/div>\n<\/div><\/div><\/div><\/div><div id=\"pg-492-4\"  class=\"panel-grid panel-no-style\" ><div id=\"pgc-492-4-0\"  class=\"panel-grid-cell\" ><div id=\"panel-492-4-0-0\" class=\"so-panel widget widget_sow-editor panel-first-child panel-last-child\" data-index=\"9\" ><div\n\t\t\t\n\t\t\tclass=\"so-widget-sow-editor so-widget-sow-editor-base\"\n\t\t\t\n\t\t>\n<div class=\"siteorigin-widget-tinymce textwidget\">\n\t<hr \/>\n<p style=\"text-align: center;\"><strong>Pour aller plus loin<\/strong><\/p>\n<\/div>\n<\/div><\/div><\/div><\/div><\/div>","protected":false},"excerpt":{"rendered":"<p>Nombre de joueurs : 1 &#8211; 4 Dur\u00e9e moyenne : 90 min Age : 14 ans et plus Auteur(s) : Michael Shinall Keren Philosophales Illustrations : Alejandro Raul Mirabal Jonathan Gonzalez Gomez Jeff Yu \u00c9dition : CoolMiniOrNot Edge Entertainement 2015 Version : Fran\u00e7aise<\/p>\n","protected":false},"author":2,"featured_media":1126,"parent":0,"menu_order":0,"comment_status":"closed","ping_status":"closed","template":"","meta":{"footnotes":""},"class_list":["post-492","page","type-page","status-publish","has-post-thumbnail","hentry"],"acf":[],"rttpg_featured_image_url":{"full":["https:\/\/meeplendice.net\/wp-content\/uploads\/2016\/08\/Xenoshyftoneslaught.png",350,350,false],"landscape":["https:\/\/meeplendice.net\/wp-content\/uploads\/2016\/08\/Xenoshyftoneslaught.png",350,350,false],"portraits":["https:\/\/meeplendice.net\/wp-content\/uploads\/2016\/08\/Xenoshyftoneslaught.png",350,350,false],"thumbnail":["https:\/\/meeplendice.net\/wp-content\/uploads\/2016\/08\/Xenoshyftoneslaught-150x150.png",150,150,true],"medium":["https:\/\/meeplendice.net\/wp-content\/uploads\/2016\/08\/Xenoshyftoneslaught-300x300.png",300,300,true],"large":["https:\/\/meeplendice.net\/wp-content\/uploads\/2016\/08\/Xenoshyftoneslaught.png",350,350,false],"ug_big":["https:\/\/meeplendice.net\/wp-content\/uploads\/2016\/08\/Xenoshyftoneslaught.png",350,350,false],"1536x1536":["https:\/\/meeplendice.net\/wp-content\/uploads\/2016\/08\/Xenoshyftoneslaught.png",350,350,false],"2048x2048":["https:\/\/meeplendice.net\/wp-content\/uploads\/2016\/08\/Xenoshyftoneslaught.png",350,350,false],"ashe-slider-grid-thumbnail":["https:\/\/meeplendice.net\/wp-content\/uploads\/2016\/08\/Xenoshyftoneslaught.png",350,350,false],"ashe-full-thumbnail":["https:\/\/meeplendice.net\/wp-content\/uploads\/2016\/08\/Xenoshyftoneslaught.png",350,350,false],"ashe-grid-thumbnail":["https:\/\/meeplendice.net\/wp-content\/uploads\/2016\/08\/Xenoshyftoneslaught-350x330.png",350,330,true],"ashe-list-thumbnail":["https:\/\/meeplendice.net\/wp-content\/uploads\/2016\/08\/Xenoshyftoneslaught-300x300.png",300,300,true],"ashe-single-navigation":["https:\/\/meeplendice.net\/wp-content\/uploads\/2016\/08\/Xenoshyftoneslaught-75x75.png",75,75,true],"mailpoet_newsletter_max":["https:\/\/meeplendice.net\/wp-content\/uploads\/2016\/08\/Xenoshyftoneslaught.png",350,350,false],"rpwe-thumbnail":["https:\/\/meeplendice.net\/wp-content\/uploads\/2016\/08\/Xenoshyftoneslaught-45x45.png",45,45,true],"sow-carousel-default":["https:\/\/meeplendice.net\/wp-content\/uploads\/2016\/08\/Xenoshyftoneslaught-272x182.png",272,182,true],"rt_custom":["https:\/\/meeplendice.net\/wp-content\/uploads\/2016\/08\/Xenoshyftoneslaught.png",350,350,false]},"rttpg_author":{"display_name":"Karnby","author_link":"https:\/\/meeplendice.net\/?author=2"},"rttpg_comment":0,"rttpg_category":null,"rttpg_excerpt":"Nombre de joueurs : 1 - 4 Dur\u00e9e moyenne : 90 min Age : 14 ans et plus Auteur(s) : Michael Shinall Keren Philosophales Illustrations : Alejandro Raul Mirabal Jonathan Gonzalez Gomez Jeff Yu \u00c9dition : CoolMiniOrNot Edge Entertainement 2015 Version : Fran\u00e7aise","_links":{"self":[{"href":"https:\/\/meeplendice.net\/index.php?rest_route=\/wp\/v2\/pages\/492","targetHints":{"allow":["GET"]}}],"collection":[{"href":"https:\/\/meeplendice.net\/index.php?rest_route=\/wp\/v2\/pages"}],"about":[{"href":"https:\/\/meeplendice.net\/index.php?rest_route=\/wp\/v2\/types\/page"}],"author":[{"embeddable":true,"href":"https:\/\/meeplendice.net\/index.php?rest_route=\/wp\/v2\/users\/2"}],"replies":[{"embeddable":true,"href":"https:\/\/meeplendice.net\/index.php?rest_route=%2Fwp%2Fv2%2Fcomments&post=492"}],"version-history":[{"count":8,"href":"https:\/\/meeplendice.net\/index.php?rest_route=\/wp\/v2\/pages\/492\/revisions"}],"predecessor-version":[{"id":7388,"href":"https:\/\/meeplendice.net\/index.php?rest_route=\/wp\/v2\/pages\/492\/revisions\/7388"}],"wp:featuredmedia":[{"embeddable":true,"href":"https:\/\/meeplendice.net\/index.php?rest_route=\/wp\/v2\/media\/1126"}],"wp:attachment":[{"href":"https:\/\/meeplendice.net\/index.php?rest_route=%2Fwp%2Fv2%2Fmedia&parent=492"}],"curies":[{"name":"wp","href":"https:\/\/api.w.org\/{rel}","templated":true}]}}