{"id":4922,"date":"2019-04-24T19:50:27","date_gmt":"2019-04-24T18:50:27","guid":{"rendered":"http:\/\/meeplendice.net\/?page_id=4922"},"modified":"2022-01-24T11:57:01","modified_gmt":"2022-01-24T10:57:01","slug":"railroad-ink-rouge-ardent","status":"publish","type":"page","link":"https:\/\/meeplendice.net\/?page_id=4922","title":{"rendered":"Railroad Ink &#8211; Rouge Ardent"},"content":{"rendered":"<div id=\"pl-4922\"  class=\"panel-layout\" ><div id=\"pg-4922-0\"  class=\"panel-grid panel-no-style\" ><div id=\"pgc-4922-0-0\"  class=\"panel-grid-cell\" ><div id=\"panel-4922-0-0-0\" class=\"so-panel widget widget_sow-editor panel-first-child panel-last-child\" data-index=\"0\" ><div\n\t\t\t\n\t\t\tclass=\"so-widget-sow-editor so-widget-sow-editor-base\"\n\t\t\t\n\t\t>\n<div class=\"siteorigin-widget-tinymce textwidget\">\n\t<p style=\"text-align: center;\"><strong>Nombre de joueurs :<\/strong><br \/>\n2 - 6<\/p>\n<\/div>\n<\/div><\/div><\/div><div id=\"pgc-4922-0-1\"  class=\"panel-grid-cell\" ><div id=\"panel-4922-0-1-0\" class=\"so-panel widget widget_sow-editor panel-first-child panel-last-child\" data-index=\"1\" ><div\n\t\t\t\n\t\t\tclass=\"so-widget-sow-editor so-widget-sow-editor-base\"\n\t\t\t\n\t\t>\n<div class=\"siteorigin-widget-tinymce textwidget\">\n\t<p style=\"text-align: center;\"><strong>Dur\u00e9e moyenne :<\/strong><br \/>\n30 min<\/p>\n<\/div>\n<\/div><\/div><\/div><div id=\"pgc-4922-0-2\"  class=\"panel-grid-cell\" ><div id=\"panel-4922-0-2-0\" class=\"so-panel widget widget_sow-editor panel-first-child panel-last-child\" data-index=\"2\" ><div\n\t\t\t\n\t\t\tclass=\"so-widget-sow-editor so-widget-sow-editor-base\"\n\t\t\t\n\t\t>\n<div class=\"siteorigin-widget-tinymce textwidget\">\n\t<p style=\"text-align: center;\"><strong>Age :<\/strong><br \/>\n8 ans et plus<\/p>\n<\/div>\n<\/div><\/div><\/div><\/div><div id=\"pg-4922-1\"  class=\"panel-grid panel-no-style\" ><div id=\"pgc-4922-1-0\"  class=\"panel-grid-cell\" ><div id=\"panel-4922-1-0-0\" class=\"so-panel widget widget_sow-editor panel-first-child panel-last-child\" data-index=\"3\" ><div\n\t\t\t\n\t\t\tclass=\"so-widget-sow-editor so-widget-sow-editor-base\"\n\t\t\t\n\t\t>\n<div class=\"siteorigin-widget-tinymce textwidget\">\n\t<p style=\"text-align: center;\"><strong>Auteur(s) :<br \/>\n<\/strong>Lorenzo Silva<br \/>\nHjalmar Hach<\/p>\n<\/div>\n<\/div><\/div><\/div><div id=\"pgc-4922-1-1\"  class=\"panel-grid-cell\" ><div id=\"panel-4922-1-1-0\" class=\"so-panel widget widget_sow-editor panel-first-child panel-last-child\" data-index=\"4\" ><div\n\t\t\t\n\t\t\tclass=\"so-widget-sow-editor so-widget-sow-editor-base\"\n\t\t\t\n\t\t>\n<div class=\"siteorigin-widget-tinymce textwidget\">\n\t<p style=\"text-align: center;\"><strong>Illustrations :<\/strong><br \/>\nMarta Tanquilli<\/p>\n<\/div>\n<\/div><\/div><\/div><div id=\"pgc-4922-1-2\"  class=\"panel-grid-cell\" ><div id=\"panel-4922-1-2-0\" class=\"so-panel widget widget_sow-editor panel-first-child panel-last-child\" data-index=\"5\" ><div\n\t\t\t\n\t\t\tclass=\"so-widget-sow-editor so-widget-sow-editor-base\"\n\t\t\t\n\t\t>\n<div class=\"siteorigin-widget-tinymce textwidget\">\n\t<p style=\"text-align: center;\"><strong>\u00c9dition :<\/strong><br \/>\nHorrible Games<br \/>\nEdge Entertainment<br \/>\n2019<\/p>\n<\/div>\n<\/div><\/div><\/div><div id=\"pgc-4922-1-3\"  class=\"panel-grid-cell\" ><div id=\"panel-4922-1-3-0\" class=\"so-panel widget widget_sow-editor panel-first-child panel-last-child\" data-index=\"6\" ><div\n\t\t\t\n\t\t\tclass=\"so-widget-sow-editor so-widget-sow-editor-base\"\n\t\t\t\n\t\t>\n<div class=\"siteorigin-widget-tinymce textwidget\">\n\t<p style=\"text-align: center;\"><strong>Version :<\/strong><br \/>\nFran\u00e7aise<\/p>\n<\/div>\n<\/div><\/div><\/div><\/div><div id=\"pg-4922-2\"  class=\"panel-grid panel-no-style\" ><div id=\"pgc-4922-2-0\"  class=\"panel-grid-cell\" ><div id=\"panel-4922-2-0-0\" class=\"so-panel widget widget_sow-editor panel-first-child panel-last-child\" data-index=\"7\" ><div\n\t\t\t\n\t\t\tclass=\"so-widget-sow-editor so-widget-sow-editor-base\"\n\t\t\t\n\t\t>\n<div class=\"siteorigin-widget-tinymce textwidget\">\n\t<hr \/>\n<p><em>Railroad Ink<\/em> est un jeu de r\u00e9flexion comp\u00e9titif pour toute la famille. Lancez les d\u00e9s et tracez des Voies sur votre Plateau. Cr\u00e9ez des R\u00e9seaux de transport pour relier les Sorties et gagner des points \u00e0 la fin de la partie. Int\u00e9grez l\u2019une des deux Extensions incluses pour corser vos parties !<\/p>\n<\/div>\n<\/div><\/div><\/div><\/div><div id=\"pg-4922-3\"  class=\"panel-grid panel-no-style\" ><div id=\"pgc-4922-3-0\"  class=\"panel-grid-cell\" ><div id=\"panel-4922-3-0-0\" class=\"so-panel widget widget_sow-editor panel-first-child panel-last-child\" data-index=\"8\" ><div\n\t\t\t\n\t\t\tclass=\"so-widget-sow-editor so-widget-sow-editor-base\"\n\t\t\t\n\t\t>\n<div class=\"siteorigin-widget-tinymce textwidget\">\n\t<hr \/>\n<h3 style=\"text-align: center;\">En vid\u00e9o<\/h3>\n<p><a href=\"https:\/\/www.trictrac.net\/actus\/greenville-1989-de-lexplipartie\" target=\"_blank\" rel=\"noopener\"><img loading=\"lazy\" decoding=\"async\" class=\"alignnone size-full wp-image-9090\" src=\"https:\/\/meeplendice.net\/wp-content\/uploads\/2022\/01\/Link_CJ_v2.png\" alt=\"\" width=\"200\" height=\"170\" \/><\/a><\/p>\n<\/div>\n<\/div><\/div><\/div><\/div><div id=\"pg-4922-4\"  class=\"panel-grid panel-no-style\" ><div id=\"pgc-4922-4-0\"  class=\"panel-grid-cell\" ><div id=\"panel-4922-4-0-0\" class=\"so-panel widget widget_sow-editor panel-first-child panel-last-child\" data-index=\"9\" ><div\n\t\t\t\n\t\t\tclass=\"so-widget-sow-editor so-widget-sow-editor-base\"\n\t\t\t\n\t\t>\n<div class=\"siteorigin-widget-tinymce textwidget\">\n\t<hr \/>\n<h3 style=\"text-align: center;\">Extension(s)<\/h3>\n<p style=\"text-align: center;\"><style type='text\/css' media='all'>#rt-tpg-container-85580872 .read-more a{border-radius:px;}#rt-tpg-container-85580872 .rt-img-holder img.rt-img-responsive,#rt-tpg-container-85580872 .rt-img-holder,\n\t\t\t\t\t#rt-tpg-container-85580872 .rt-post-overlay .post-img,\n\t\t\t\t\t#rt-tpg-container-85580872 .post-sm .post-img,\n\t\t\t\t\t#rt-tpg-container-85580872 .rt-post-grid .post-img,\n\t\t\t\t\t#rt-tpg-container-85580872 .post-img img {border-radius:px;}#rt-tpg-container-85580872 .layout9 .rt-holder h2.entry-title,\n\t\t\t\t\t#rt-tpg-container-85580872 .layout9 .rt-holder h3.entry-title,\n\t\t\t\t\t#rt-tpg-container-85580872 .layout9 .rt-holder h4.entry-title,\n\t\t\t\t\t#rt-tpg-container-85580872 .layout9 .rt-holder h2.entry-title a,\n\t\t\t\t\t#rt-tpg-container-85580872 .layout9 .rt-holder h3.entry-title a,\n\t\t\t\t\t#rt-tpg-container-85580872 .layout9 .rt-holder h4.entry-title a,\n\t\t\t\t\t#rt-tpg-container-85580872 .rt-holder .rt-woo-info h2 a,\n\t\t\t\t\t#rt-tpg-container-85580872 .rt-holder .rt-woo-info h3 a,\n\t\t\t\t\t#rt-tpg-container-85580872 .rt-holder .rt-woo-info h4 a,\n\t\t\t\t\t#rt-tpg-container-85580872 .post-content .post-title,\n\t\t\t\t\t#rt-tpg-container-85580872 .rt-post-grid .post-title,\n\t\t\t\t\t#rt-tpg-container-85580872 .rt-post-grid .post-title a,\n\t\t\t\t\t#rt-tpg-container-85580872 .post-content .post-title a,\n\t\t\t\t\t#rt-tpg-container-85580872 .rt-holder .rt-woo-info h2,\n\t\t\t\t\t#rt-tpg-container-85580872 .rt-holder .rt-woo-info h3,\n\t\t\t\t\t#rt-tpg-container-85580872 .rt-holder .rt-woo-info h4{font-size:16px;line-height:26px;font-weight:normal;text-align:center;}#rt-tpg-container-85580872 .post-grid-lg-style-1 .post-title,\n\t\t\t\t\t\t#rt-tpg-container-85580872 .post-grid-lg-style-1 .post-title a,\n\t\t\t\t\t\t#rt-tpg-container-85580872 .big-layout .post-title,\n\t\t\t\t\t\t#rt-tpg-container-85580872 .big-layout .post-title a,\n\t\t\t\t\t\t#rt-tpg-container-85580872 .post-grid-lg-style-1 .post-title,\n\t\t\t\t\t\t#rt-tpg-container-85580872 .post-grid-lg-style-1 .post-title a {font-size:24px;line-height:34px;}<\/style><div class='rt-container-fluid rt-tpg-container tpg-shortcode-main-wrapper ' id='rt-tpg-container-85580872'   data-layout='layout9' data-grid-style='even' data-desktop-col='3'  data-tab-col='2'  data-mobile-col='1' data-sc-id='8880'><div data-title='Loading ...' class='rt-row rt-content-loader   layout9 tpg-even '><div class=\"rt-col-md-4 rt-col-sm-6 rt-col-xs-12 even-grid-item rt-grid-item img_zoom_in\" data-id=\"7019\"><div class=\"rt-holder\"><div class='overlay'><a data-id='7019' class=' tpg-single-popup' href='https:\/\/meeplendice.net\/?page_id=7019'><img loading=\"lazy\" decoding=\"async\" width=\"350\" height=\"350\" src=\"https:\/\/meeplendice.net\/wp-content\/uploads\/2021\/12\/Railroadink_Underground.png\" class=\"rt-img-responsive \" alt=\"\" \/><\/a><\/div><div class='post-info'><h3 class=\"entry-title\"><a data-id=\"7019\" class=\" tpg-single-popup\" href=\"https:\/\/meeplendice.net\/?page_id=7019\">Underground<\/a><\/h3><div class='post-meta-user '><\/div><\/div><\/div><\/div><div class=\"rt-col-md-4 rt-col-sm-6 rt-col-xs-12 even-grid-item rt-grid-item img_zoom_in\" data-id=\"8895\"><div class=\"rt-holder\"><div class='overlay'><a data-id='8895' class=' tpg-single-popup' href='https:\/\/meeplendice.net\/?page_id=8895'><img loading=\"lazy\" decoding=\"async\" width=\"350\" height=\"350\" src=\"https:\/\/meeplendice.net\/wp-content\/uploads\/2021\/12\/Railroadink_Arcade.png\" class=\"rt-img-responsive \" alt=\"\" \/><\/a><\/div><div class='post-info'><h3 class=\"entry-title\"><a data-id=\"8895\" class=\" tpg-single-popup\" href=\"https:\/\/meeplendice.net\/?page_id=8895\">Arcade<\/a><\/h3><div class='post-meta-user '><\/div><\/div><\/div><\/div><div class=\"rt-col-md-4 rt-col-sm-6 rt-col-xs-12 even-grid-item rt-grid-item img_zoom_in\" data-id=\"8897\"><div class=\"rt-holder\"><div class='overlay'><a data-id='8897' class=' tpg-single-popup' href='https:\/\/meeplendice.net\/?page_id=8897'><img loading=\"lazy\" decoding=\"async\" width=\"350\" height=\"350\" src=\"https:\/\/meeplendice.net\/wp-content\/uploads\/2021\/12\/Railroadink_Engineer.png\" class=\"rt-img-responsive \" alt=\"\" \/><\/a><\/div><div class='post-info'><h3 class=\"entry-title\"><a data-id=\"8897\" class=\" tpg-single-popup\" href=\"https:\/\/meeplendice.net\/?page_id=8897\">Engineer<\/a><\/h3><div class='post-meta-user '><\/div><\/div><\/div><\/div><\/div><div class='rt-pagination-wrap' data-total-pages='3' data-posts-per-page='3' data-type='pagination_ajax'  ><div class='rt-page-numbers'><\/div><\/div><\/div><\/p>\n<\/div>\n<\/div><\/div><\/div><\/div><div id=\"pg-4922-5\"  class=\"panel-grid panel-no-style\" ><div id=\"pgc-4922-5-0\"  class=\"panel-grid-cell\" ><div id=\"panel-4922-5-0-0\" class=\"so-panel widget widget_sow-editor panel-first-child panel-last-child\" data-index=\"10\" ><div\n\t\t\t\n\t\t\tclass=\"so-widget-sow-editor so-widget-sow-editor-base\"\n\t\t\t\n\t\t>\n<div class=\"siteorigin-widget-tinymce textwidget\">\n\t<hr \/>\n<h3 style=\"text-align: center;\">Pour aller plus loin<\/h3>\n<\/div>\n<\/div><\/div><\/div><\/div><\/div>","protected":false},"excerpt":{"rendered":"<p>Nombre de joueurs : 2 &#8211; 6 Dur\u00e9e moyenne : 30 min Age : 8 ans et plus Auteur(s) : Lorenzo Silva Hjalmar Hach Illustrations : Marta Tanquilli \u00c9dition : Horrible Games Edge Entertainment 2019 Version : Fran\u00e7aise<\/p>\n","protected":false},"author":2,"featured_media":4908,"parent":0,"menu_order":0,"comment_status":"closed","ping_status":"closed","template":"","meta":{"footnotes":""},"class_list":["post-4922","page","type-page","status-publish","has-post-thumbnail","hentry"],"acf":[],"rttpg_featured_image_url":{"full":["https:\/\/meeplendice.net\/wp-content\/uploads\/2019\/04\/Railroadink_red.png",350,350,false],"landscape":["https:\/\/meeplendice.net\/wp-content\/uploads\/2019\/04\/Railroadink_red.png",350,350,false],"portraits":["https:\/\/meeplendice.net\/wp-content\/uploads\/2019\/04\/Railroadink_red.png",350,350,false],"thumbnail":["https:\/\/meeplendice.net\/wp-content\/uploads\/2019\/04\/Railroadink_red-150x150.png",150,150,true],"medium":["https:\/\/meeplendice.net\/wp-content\/uploads\/2019\/04\/Railroadink_red-300x300.png",300,300,true],"large":["https:\/\/meeplendice.net\/wp-content\/uploads\/2019\/04\/Railroadink_red.png",350,350,false],"ug_big":["https:\/\/meeplendice.net\/wp-content\/uploads\/2019\/04\/Railroadink_red.png",350,350,false],"1536x1536":["https:\/\/meeplendice.net\/wp-content\/uploads\/2019\/04\/Railroadink_red.png",350,350,false],"2048x2048":["https:\/\/meeplendice.net\/wp-content\/uploads\/2019\/04\/Railroadink_red.png",350,350,false],"ashe-slider-grid-thumbnail":["https:\/\/meeplendice.net\/wp-content\/uploads\/2019\/04\/Railroadink_red.png",350,350,false],"ashe-full-thumbnail":["https:\/\/meeplendice.net\/wp-content\/uploads\/2019\/04\/Railroadink_red.png",350,350,false],"ashe-grid-thumbnail":["https:\/\/meeplendice.net\/wp-content\/uploads\/2019\/04\/Railroadink_red-350x330.png",350,330,true],"ashe-list-thumbnail":["https:\/\/meeplendice.net\/wp-content\/uploads\/2019\/04\/Railroadink_red-300x300.png",300,300,true],"ashe-single-navigation":["https:\/\/meeplendice.net\/wp-content\/uploads\/2019\/04\/Railroadink_red-75x75.png",75,75,true],"mailpoet_newsletter_max":["https:\/\/meeplendice.net\/wp-content\/uploads\/2019\/04\/Railroadink_red.png",350,350,false],"rpwe-thumbnail":["https:\/\/meeplendice.net\/wp-content\/uploads\/2019\/04\/Railroadink_red-45x45.png",45,45,true],"sow-carousel-default":["https:\/\/meeplendice.net\/wp-content\/uploads\/2019\/04\/Railroadink_red-272x182.png",272,182,true],"rt_custom":["https:\/\/meeplendice.net\/wp-content\/uploads\/2019\/04\/Railroadink_red.png",350,350,false]},"rttpg_author":{"display_name":"Karnby","author_link":"https:\/\/meeplendice.net\/?author=2"},"rttpg_comment":0,"rttpg_category":null,"rttpg_excerpt":"Nombre de joueurs : 2 - 6 Dur\u00e9e moyenne : 30 min Age : 8 ans et plus Auteur(s) : Lorenzo Silva Hjalmar Hach Illustrations : Marta Tanquilli \u00c9dition : Horrible Games Edge Entertainment 2019 Version : Fran\u00e7aise","_links":{"self":[{"href":"https:\/\/meeplendice.net\/index.php?rest_route=\/wp\/v2\/pages\/4922","targetHints":{"allow":["GET"]}}],"collection":[{"href":"https:\/\/meeplendice.net\/index.php?rest_route=\/wp\/v2\/pages"}],"about":[{"href":"https:\/\/meeplendice.net\/index.php?rest_route=\/wp\/v2\/types\/page"}],"author":[{"embeddable":true,"href":"https:\/\/meeplendice.net\/index.php?rest_route=\/wp\/v2\/users\/2"}],"replies":[{"embeddable":true,"href":"https:\/\/meeplendice.net\/index.php?rest_route=%2Fwp%2Fv2%2Fcomments&post=4922"}],"version-history":[{"count":9,"href":"https:\/\/meeplendice.net\/index.php?rest_route=\/wp\/v2\/pages\/4922\/revisions"}],"predecessor-version":[{"id":9473,"href":"https:\/\/meeplendice.net\/index.php?rest_route=\/wp\/v2\/pages\/4922\/revisions\/9473"}],"wp:featuredmedia":[{"embeddable":true,"href":"https:\/\/meeplendice.net\/index.php?rest_route=\/wp\/v2\/media\/4908"}],"wp:attachment":[{"href":"https:\/\/meeplendice.net\/index.php?rest_route=%2Fwp%2Fv2%2Fmedia&parent=4922"}],"curies":[{"name":"wp","href":"https:\/\/api.w.org\/{rel}","templated":true}]}}