{"id":4924,"date":"2019-04-24T19:52:18","date_gmt":"2019-04-24T18:52:18","guid":{"rendered":"http:\/\/meeplendice.net\/?page_id=4924"},"modified":"2020-11-13T16:33:22","modified_gmt":"2020-11-13T15:33:22","slug":"fallout","status":"publish","type":"page","link":"https:\/\/meeplendice.net\/?page_id=4924","title":{"rendered":"Fallout"},"content":{"rendered":"<div id=\"pl-4924\"  class=\"panel-layout\" ><div id=\"pg-4924-0\"  class=\"panel-grid panel-no-style\" ><div id=\"pgc-4924-0-0\"  class=\"panel-grid-cell\" ><div id=\"panel-4924-0-0-0\" class=\"so-panel widget widget_sow-editor panel-first-child panel-last-child\" data-index=\"0\" ><div\n\t\t\t\n\t\t\tclass=\"so-widget-sow-editor so-widget-sow-editor-base\"\n\t\t\t\n\t\t>\n<div class=\"siteorigin-widget-tinymce textwidget\">\n\t<p style=\"text-align: center;\"><strong>Nombre de joueurs :<\/strong><br \/>\n1 - 4<\/p>\n<\/div>\n<\/div><\/div><\/div><div id=\"pgc-4924-0-1\"  class=\"panel-grid-cell\" ><div id=\"panel-4924-0-1-0\" class=\"so-panel widget widget_sow-editor panel-first-child panel-last-child\" data-index=\"1\" ><div\n\t\t\t\n\t\t\tclass=\"so-widget-sow-editor so-widget-sow-editor-base\"\n\t\t\t\n\t\t>\n<div class=\"siteorigin-widget-tinymce textwidget\">\n\t<p style=\"text-align: center;\"><strong>Dur\u00e9e moyenne :<\/strong><br \/>\n180 min<\/p>\n<\/div>\n<\/div><\/div><\/div><div id=\"pgc-4924-0-2\"  class=\"panel-grid-cell\" ><div id=\"panel-4924-0-2-0\" class=\"so-panel widget widget_sow-editor panel-first-child panel-last-child\" data-index=\"2\" ><div\n\t\t\t\n\t\t\tclass=\"so-widget-sow-editor so-widget-sow-editor-base\"\n\t\t\t\n\t\t>\n<div class=\"siteorigin-widget-tinymce textwidget\">\n\t<p style=\"text-align: center;\"><strong>Age :<\/strong><br \/>\n14 ans et plus<\/p>\n<\/div>\n<\/div><\/div><\/div><\/div><div id=\"pg-4924-1\"  class=\"panel-grid panel-no-style\" ><div id=\"pgc-4924-1-0\"  class=\"panel-grid-cell\" ><div id=\"panel-4924-1-0-0\" class=\"so-panel widget widget_sow-editor panel-first-child panel-last-child\" data-index=\"3\" ><div\n\t\t\t\n\t\t\tclass=\"so-widget-sow-editor so-widget-sow-editor-base\"\n\t\t\t\n\t\t>\n<div class=\"siteorigin-widget-tinymce textwidget\">\n\t<p style=\"text-align: center;\"><strong>Auteur(s) :<br \/>\n<\/strong>Nathan Hajek<br \/>\nAndrew Fischer<\/p>\n<\/div>\n<\/div><\/div><\/div><div id=\"pgc-4924-1-1\"  class=\"panel-grid-cell\" ><div id=\"panel-4924-1-1-0\" class=\"so-panel widget widget_sow-editor panel-first-child panel-last-child\" data-index=\"4\" ><div\n\t\t\t\n\t\t\tclass=\"so-widget-sow-editor so-widget-sow-editor-base\"\n\t\t\t\n\t\t>\n<div class=\"siteorigin-widget-tinymce textwidget\">\n\t<p style=\"text-align: center;\"><strong>Illustrations :<\/strong><br \/>\nJordan Kerbow<br \/>\nAlex Aparin<br \/>\nJacob Atienza<br \/>\nBeijing Novtilus...<\/p>\n<\/div>\n<\/div><\/div><\/div><div id=\"pgc-4924-1-2\"  class=\"panel-grid-cell\" ><div id=\"panel-4924-1-2-0\" class=\"so-panel widget widget_sow-editor panel-first-child panel-last-child\" data-index=\"5\" ><div\n\t\t\t\n\t\t\tclass=\"so-widget-sow-editor so-widget-sow-editor-base\"\n\t\t\t\n\t\t>\n<div class=\"siteorigin-widget-tinymce textwidget\">\n\t<p style=\"text-align: center;\"><strong>\u00c9dition :<\/strong><br \/>\nFantasy Flight Games<br \/>\nEdge Entertainment<br \/>\n2019<\/p>\n<\/div>\n<\/div><\/div><\/div><div id=\"pgc-4924-1-3\"  class=\"panel-grid-cell\" ><div id=\"panel-4924-1-3-0\" class=\"so-panel widget widget_sow-editor panel-first-child panel-last-child\" data-index=\"6\" ><div\n\t\t\t\n\t\t\tclass=\"so-widget-sow-editor so-widget-sow-editor-base\"\n\t\t\t\n\t\t>\n<div class=\"siteorigin-widget-tinymce textwidget\">\n\t<p style=\"text-align: center;\"><strong>Version :<\/strong><br \/>\nFran\u00e7aise<\/p>\n<\/div>\n<\/div><\/div><\/div><\/div><div id=\"pg-4924-2\"  class=\"panel-grid panel-no-style\" ><div id=\"pgc-4924-2-0\"  class=\"panel-grid-cell\" ><div id=\"panel-4924-2-0-0\" class=\"so-panel widget widget_sow-editor panel-first-child panel-last-child\" data-index=\"7\" ><div\n\t\t\t\n\t\t\tclass=\"so-widget-sow-editor so-widget-sow-editor-base\"\n\t\t\t\n\t\t>\n<div class=\"siteorigin-widget-tinymce textwidget\">\n\t<hr \/>\n<div>Bienvenue dans les Terres D\u00e9sol\u00e9es !<\/div>\n<p><em>La Grande Guerre de 2077 remonte \u00e0 tellement loin que ces \u00e9v\u00e9nements n\u2019ont m\u00eame plus de place dans votre m\u00e9moire, mais les paysages arides qui s\u2019\u00e9tendent devant vous ont leur propre histoire \u00e0 raconter. Ces maisons immacul\u00e9es qui abritaient ses familles parfaites et occupaient les Mister Handy, ne sont plus maintenant que des coquilles vides. Les humains errent \u00e0 travers les Terres D\u00e9sol\u00e9es parmi les cr\u00e9atures mutantes et les robots d\u00e9traqu\u00e9s, \u00e0 la recherche de quoi survivre. Vous \u00eates maintenant parmi eux. Ce monde n\u2019est peut-\u00eatre plus que l\u2019ombre de sa gloire pass\u00e9e, mais il cache encore de nombreuses aventures et de myst\u00e8res pour les voyageurs courageux. Et votre aventure ne fait que commencer\u2026<\/em><\/p>\n<p>Les Terres D\u00e9sol\u00e9es rec\u00e8lent de nombreux dangers ! Les ressources y sont rares, les magouilles abondantes et l'ennemi guette chacun de vos pas. Dans Fallout : Le Jeu de Plateau, vos actions peuvent entra\u00eener de terribles cons\u00e9quences ! Les qu\u00eates que vous accomplirez influeront sur le d\u00e9roulement de votre aventure et les choix que vous effectuerez lors de rencontres fortuites d\u00e9termineront la fa\u00e7on dont vous serez consid\u00e9r\u00e9 par la populace.<\/p>\n<p>Allez-vous soutenir le R\u00e9seau du Rail ou aider l'Institut ? La Confr\u00e9rie de l'Acier va-t-elle s'imposer sur l'Enclave ? Parviendrez-vous \u00e0 percer les secrets de l'Abri 84 ? R\u00e9unissez quelques amis, devenez S.P.E.C.I.A.L et exercez votre influence sur les Terres D\u00e9sol\u00e9es...<\/p>\n<\/div>\n<\/div><\/div><\/div><\/div><div id=\"pg-4924-3\"  class=\"panel-grid panel-no-style\" ><div id=\"pgc-4924-3-0\"  class=\"panel-grid-cell\" ><div id=\"panel-4924-3-0-0\" class=\"so-panel widget widget_sow-editor panel-first-child panel-last-child\" data-index=\"8\" ><div\n\t\t\t\n\t\t\tclass=\"so-widget-sow-editor so-widget-sow-editor-base\"\n\t\t\t\n\t\t>\n<div class=\"siteorigin-widget-tinymce textwidget\">\n\t<hr \/>\n<p style=\"text-align: center;\"><strong>En vid\u00e9o<\/strong><\/p>\n<p>De l'explication des r\u00e8gles :<\/p>\n<ul>\n<li>Tric Trac<\/li>\n<\/ul>\n<p><a href=\"https:\/\/www.trictrac.net\/actus\/fall-out-de-lexplication\" target=\"_blank\" rel=\"noopener noreferrer\"><img loading=\"lazy\" decoding=\"async\" class=\"alignnone size-full wp-image-107\" src=\"http:\/\/meeplendice.net\/wp-content\/uploads\/2016\/08\/TT_explication.png\" alt=\"TT_explication\" width=\"200\" height=\"170\" \/><\/a><\/p>\n<p>De la partie :<\/p>\n<ul>\n<li>Tric Trac<\/li>\n<\/ul>\n<p><a href=\"https:\/\/www.trictrac.net\/actus\/fall-out-de-la-partie\" target=\"_blank\" rel=\"noopener noreferrer\"><img loading=\"lazy\" decoding=\"async\" class=\"alignnone size-full wp-image-117\" src=\"http:\/\/meeplendice.net\/wp-content\/uploads\/2016\/08\/TT_partie_1.png\" alt=\"TT_partie_1\" width=\"200\" height=\"170\" \/><\/a><\/p>\n<\/div>\n<\/div><\/div><\/div><div id=\"pgc-4924-3-1\"  class=\"panel-grid-cell\" ><div id=\"panel-4924-3-1-0\" class=\"so-panel widget widget_sow-editor panel-first-child panel-last-child\" data-index=\"9\" ><div\n\t\t\t\n\t\t\tclass=\"so-widget-sow-editor so-widget-sow-editor-base\"\n\t\t\t\n\t\t>\n<div class=\"siteorigin-widget-tinymce textwidget\">\n\t<hr \/>\n<p style=\"text-align: center;\"><strong>Extension(s)<\/strong><\/p>\n<p style=\"text-align: center;\"><style type='text\/css' media='all'>#rt-tpg-container-114785316 .read-more a{border-radius:px;}#rt-tpg-container-114785316 .rt-img-holder img.rt-img-responsive,#rt-tpg-container-114785316 .rt-img-holder,\n\t\t\t\t\t#rt-tpg-container-114785316 .rt-post-overlay .post-img,\n\t\t\t\t\t#rt-tpg-container-114785316 .post-sm .post-img,\n\t\t\t\t\t#rt-tpg-container-114785316 .rt-post-grid .post-img,\n\t\t\t\t\t#rt-tpg-container-114785316 .post-img img {border-radius:px;}#rt-tpg-container-114785316 .layout9 .rt-holder h2.entry-title,\n\t\t\t\t\t#rt-tpg-container-114785316 .layout9 .rt-holder h3.entry-title,\n\t\t\t\t\t#rt-tpg-container-114785316 .layout9 .rt-holder h4.entry-title,\n\t\t\t\t\t#rt-tpg-container-114785316 .layout9 .rt-holder h2.entry-title a,\n\t\t\t\t\t#rt-tpg-container-114785316 .layout9 .rt-holder h3.entry-title a,\n\t\t\t\t\t#rt-tpg-container-114785316 .layout9 .rt-holder h4.entry-title a,\n\t\t\t\t\t#rt-tpg-container-114785316 .rt-holder .rt-woo-info h2 a,\n\t\t\t\t\t#rt-tpg-container-114785316 .rt-holder .rt-woo-info h3 a,\n\t\t\t\t\t#rt-tpg-container-114785316 .rt-holder .rt-woo-info h4 a,\n\t\t\t\t\t#rt-tpg-container-114785316 .post-content .post-title,\n\t\t\t\t\t#rt-tpg-container-114785316 .rt-post-grid .post-title,\n\t\t\t\t\t#rt-tpg-container-114785316 .rt-post-grid .post-title a,\n\t\t\t\t\t#rt-tpg-container-114785316 .post-content .post-title a,\n\t\t\t\t\t#rt-tpg-container-114785316 .rt-holder .rt-woo-info h2,\n\t\t\t\t\t#rt-tpg-container-114785316 .rt-holder .rt-woo-info h3,\n\t\t\t\t\t#rt-tpg-container-114785316 .rt-holder .rt-woo-info h4{font-size:16px;line-height:26px;font-weight:normal;text-align:center;}#rt-tpg-container-114785316 .post-grid-lg-style-1 .post-title,\n\t\t\t\t\t\t#rt-tpg-container-114785316 .post-grid-lg-style-1 .post-title a,\n\t\t\t\t\t\t#rt-tpg-container-114785316 .big-layout .post-title,\n\t\t\t\t\t\t#rt-tpg-container-114785316 .big-layout .post-title a,\n\t\t\t\t\t\t#rt-tpg-container-114785316 .post-grid-lg-style-1 .post-title,\n\t\t\t\t\t\t#rt-tpg-container-114785316 .post-grid-lg-style-1 .post-title a {font-size:24px;line-height:34px;}<\/style><div class='rt-container-fluid rt-tpg-container tpg-shortcode-main-wrapper ' id='rt-tpg-container-114785316'   data-layout='layout9' data-grid-style='even' data-desktop-col='3'  data-tab-col='2'  data-mobile-col='1' data-sc-id='5321'><div data-title='Loading ...' class='rt-row rt-content-loader   layout9 tpg-even '><div class=\"rt-col-md-4 rt-col-sm-6 rt-col-xs-12 even-grid-item rt-grid-item img_zoom_in\" data-id=\"5317\"><div class=\"rt-holder\"><div class='overlay'><a data-id='5317' class=' tpg-single-popup' href='https:\/\/meeplendice.net\/?page_id=5317'><img loading=\"lazy\" decoding=\"async\" width=\"350\" height=\"350\" src=\"https:\/\/meeplendice.net\/wp-content\/uploads\/2019\/11\/Fallout_NewCalifornie.png\" class=\"rt-img-responsive \" alt=\"\" \/><\/a><\/div><div class='post-info'><h2 class=\"entry-title\"><a data-id=\"5317\" class=\" tpg-single-popup\" href=\"https:\/\/meeplendice.net\/?page_id=5317\">Nouvelle Californie<\/a><\/h2><div class='post-meta-user '><\/div><\/div><\/div><\/div><div class=\"rt-col-md-4 rt-col-sm-6 rt-col-xs-12 even-grid-item rt-grid-item img_zoom_in\" data-id=\"8696\"><div class=\"rt-holder\"><div class='overlay'><a data-id='8696' class=' tpg-single-popup' href='https:\/\/meeplendice.net\/?page_id=8696'><img loading=\"lazy\" decoding=\"async\" width=\"350\" height=\"350\" src=\"https:\/\/meeplendice.net\/wp-content\/uploads\/2021\/08\/Fallout_LiensAtomiques.png\" class=\"rt-img-responsive \" alt=\"\" \/><\/a><\/div><div class='post-info'><h2 class=\"entry-title\"><a data-id=\"8696\" class=\" tpg-single-popup\" href=\"https:\/\/meeplendice.net\/?page_id=8696\">Liens Atomiques<\/a><\/h2><div class='post-meta-user '><\/div><\/div><\/div><\/div><\/div><div class='rt-pagination-wrap' data-total-pages='1' data-posts-per-page='3' data-type='pagination_ajax'  ><div class='rt-page-numbers'><\/div><\/div><\/div><\/p>\n<\/div>\n<\/div><\/div><\/div><\/div><div id=\"pg-4924-4\"  class=\"panel-grid panel-no-style\" ><div id=\"pgc-4924-4-0\"  class=\"panel-grid-cell\" ><div id=\"panel-4924-4-0-0\" class=\"so-panel widget widget_sow-editor panel-first-child panel-last-child\" data-index=\"10\" ><div\n\t\t\t\n\t\t\tclass=\"so-widget-sow-editor so-widget-sow-editor-base\"\n\t\t\t\n\t\t>\n<div class=\"siteorigin-widget-tinymce textwidget\">\n\t<hr \/>\n<p style=\"text-align: center;\"><strong>Pour aller plus loin<\/strong><\/p>\n<\/div>\n<\/div><\/div><\/div><\/div><\/div>","protected":false},"excerpt":{"rendered":"<p>Nombre de joueurs : 1 &#8211; 4 Dur\u00e9e moyenne : 180 min Age : 14 ans et plus Auteur(s) : Nathan Hajek Andrew Fischer Illustrations : Jordan Kerbow Alex Aparin Jacob Atienza Beijing Novtilus&#8230; \u00c9dition : Fantasy Flight Games Edge Entertainment 2019 Version : Fran\u00e7aise<\/p>\n","protected":false},"author":2,"featured_media":4903,"parent":0,"menu_order":0,"comment_status":"closed","ping_status":"closed","template":"","meta":{"footnotes":""},"class_list":["post-4924","page","type-page","status-publish","has-post-thumbnail","hentry"],"acf":[],"rttpg_featured_image_url":{"full":["https:\/\/meeplendice.net\/wp-content\/uploads\/2019\/04\/Fallout.png",350,350,false],"landscape":["https:\/\/meeplendice.net\/wp-content\/uploads\/2019\/04\/Fallout.png",350,350,false],"portraits":["https:\/\/meeplendice.net\/wp-content\/uploads\/2019\/04\/Fallout.png",350,350,false],"thumbnail":["https:\/\/meeplendice.net\/wp-content\/uploads\/2019\/04\/Fallout-150x150.png",150,150,true],"medium":["https:\/\/meeplendice.net\/wp-content\/uploads\/2019\/04\/Fallout-300x300.png",300,300,true],"large":["https:\/\/meeplendice.net\/wp-content\/uploads\/2019\/04\/Fallout.png",350,350,false],"ug_big":["https:\/\/meeplendice.net\/wp-content\/uploads\/2019\/04\/Fallout.png",350,350,false],"1536x1536":["https:\/\/meeplendice.net\/wp-content\/uploads\/2019\/04\/Fallout.png",350,350,false],"2048x2048":["https:\/\/meeplendice.net\/wp-content\/uploads\/2019\/04\/Fallout.png",350,350,false],"ashe-slider-grid-thumbnail":["https:\/\/meeplendice.net\/wp-content\/uploads\/2019\/04\/Fallout.png",350,350,false],"ashe-full-thumbnail":["https:\/\/meeplendice.net\/wp-content\/uploads\/2019\/04\/Fallout.png",350,350,false],"ashe-grid-thumbnail":["https:\/\/meeplendice.net\/wp-content\/uploads\/2019\/04\/Fallout-350x330.png",350,330,true],"ashe-list-thumbnail":["https:\/\/meeplendice.net\/wp-content\/uploads\/2019\/04\/Fallout-300x300.png",300,300,true],"ashe-single-navigation":["https:\/\/meeplendice.net\/wp-content\/uploads\/2019\/04\/Fallout-75x75.png",75,75,true],"mailpoet_newsletter_max":["https:\/\/meeplendice.net\/wp-content\/uploads\/2019\/04\/Fallout.png",350,350,false],"rpwe-thumbnail":["https:\/\/meeplendice.net\/wp-content\/uploads\/2019\/04\/Fallout-45x45.png",45,45,true],"sow-carousel-default":["https:\/\/meeplendice.net\/wp-content\/uploads\/2019\/04\/Fallout-272x182.png",272,182,true],"rt_custom":["https:\/\/meeplendice.net\/wp-content\/uploads\/2019\/04\/Fallout.png",350,350,false]},"rttpg_author":{"display_name":"Karnby","author_link":"https:\/\/meeplendice.net\/?author=2"},"rttpg_comment":0,"rttpg_category":null,"rttpg_excerpt":"Nombre de joueurs : 1 - 4 Dur\u00e9e moyenne : 180 min Age : 14 ans et plus Auteur(s) : Nathan Hajek Andrew Fischer Illustrations : Jordan Kerbow Alex Aparin Jacob Atienza Beijing Novtilus... \u00c9dition : Fantasy Flight Games Edge Entertainment 2019 Version : Fran\u00e7aise","_links":{"self":[{"href":"https:\/\/meeplendice.net\/index.php?rest_route=\/wp\/v2\/pages\/4924","targetHints":{"allow":["GET"]}}],"collection":[{"href":"https:\/\/meeplendice.net\/index.php?rest_route=\/wp\/v2\/pages"}],"about":[{"href":"https:\/\/meeplendice.net\/index.php?rest_route=\/wp\/v2\/types\/page"}],"author":[{"embeddable":true,"href":"https:\/\/meeplendice.net\/index.php?rest_route=\/wp\/v2\/users\/2"}],"replies":[{"embeddable":true,"href":"https:\/\/meeplendice.net\/index.php?rest_route=%2Fwp%2Fv2%2Fcomments&post=4924"}],"version-history":[{"count":9,"href":"https:\/\/meeplendice.net\/index.php?rest_route=\/wp\/v2\/pages\/4924\/revisions"}],"predecessor-version":[{"id":7249,"href":"https:\/\/meeplendice.net\/index.php?rest_route=\/wp\/v2\/pages\/4924\/revisions\/7249"}],"wp:featuredmedia":[{"embeddable":true,"href":"https:\/\/meeplendice.net\/index.php?rest_route=\/wp\/v2\/media\/4903"}],"wp:attachment":[{"href":"https:\/\/meeplendice.net\/index.php?rest_route=%2Fwp%2Fv2%2Fmedia&parent=4924"}],"curies":[{"name":"wp","href":"https:\/\/api.w.org\/{rel}","templated":true}]}}