{"id":4928,"date":"2019-04-24T20:03:08","date_gmt":"2019-04-24T19:03:08","guid":{"rendered":"http:\/\/meeplendice.net\/?page_id=4928"},"modified":"2022-01-22T21:56:14","modified_gmt":"2022-01-22T20:56:14","slug":"horreur-a-arkham-3eme-edition","status":"publish","type":"page","link":"https:\/\/meeplendice.net\/?page_id=4928","title":{"rendered":"Horreur \u00e0 Arkham &#8211; 3eme \u00e9dition"},"content":{"rendered":"<div id=\"pl-4928\"  class=\"panel-layout\" ><div id=\"pg-4928-0\"  class=\"panel-grid panel-no-style\" ><div id=\"pgc-4928-0-0\"  class=\"panel-grid-cell\" ><div id=\"panel-4928-0-0-0\" class=\"so-panel widget widget_sow-editor panel-first-child panel-last-child\" data-index=\"0\" ><div\n\t\t\t\n\t\t\tclass=\"so-widget-sow-editor so-widget-sow-editor-base\"\n\t\t\t\n\t\t>\n<div class=\"siteorigin-widget-tinymce textwidget\">\n\t<p style=\"text-align: center;\"><strong>Nombre de joueurs :<\/strong><br \/>\n1 - 6<\/p>\n<\/div>\n<\/div><\/div><\/div><div id=\"pgc-4928-0-1\"  class=\"panel-grid-cell\" ><div id=\"panel-4928-0-1-0\" class=\"so-panel widget widget_sow-editor panel-first-child panel-last-child\" data-index=\"1\" ><div\n\t\t\t\n\t\t\tclass=\"so-widget-sow-editor so-widget-sow-editor-base\"\n\t\t\t\n\t\t>\n<div class=\"siteorigin-widget-tinymce textwidget\">\n\t<p style=\"text-align: center;\"><strong>Dur\u00e9e moyenne :<\/strong><br \/>\n180 min<\/p>\n<\/div>\n<\/div><\/div><\/div><div id=\"pgc-4928-0-2\"  class=\"panel-grid-cell\" ><div id=\"panel-4928-0-2-0\" class=\"so-panel widget widget_sow-editor panel-first-child panel-last-child\" data-index=\"2\" ><div\n\t\t\t\n\t\t\tclass=\"so-widget-sow-editor so-widget-sow-editor-base\"\n\t\t\t\n\t\t>\n<div class=\"siteorigin-widget-tinymce textwidget\">\n\t<p style=\"text-align: center;\"><strong>Age :<\/strong><br \/>\n14 ans et plus<\/p>\n<\/div>\n<\/div><\/div><\/div><\/div><div id=\"pg-4928-1\"  class=\"panel-grid panel-no-style\" ><div id=\"pgc-4928-1-0\"  class=\"panel-grid-cell\" ><div id=\"panel-4928-1-0-0\" class=\"so-panel widget widget_sow-editor panel-first-child panel-last-child\" data-index=\"3\" ><div\n\t\t\t\n\t\t\tclass=\"so-widget-sow-editor so-widget-sow-editor-base\"\n\t\t\t\n\t\t>\n<div class=\"siteorigin-widget-tinymce textwidget\">\n\t<p style=\"text-align: center;\"><strong>Auteur(s) :<br \/>\n<\/strong>Kevin Wilson<br \/>\nRichard Launius<br \/>\nNikki Valens<\/p>\n<\/div>\n<\/div><\/div><\/div><div id=\"pgc-4928-1-1\"  class=\"panel-grid-cell\" ><div id=\"panel-4928-1-1-0\" class=\"so-panel widget widget_sow-editor panel-first-child panel-last-child\" data-index=\"4\" ><div\n\t\t\t\n\t\t\tclass=\"so-widget-sow-editor so-widget-sow-editor-base\"\n\t\t\t\n\t\t>\n<div class=\"siteorigin-widget-tinymce textwidget\">\n\t<p style=\"text-align: center;\"><strong>Illustrations :<\/strong><br \/>\nAnders Finer<br \/>\nJokubas Uoginas<br \/>\nJustin Adams<br \/>\nTommy Arnold<br \/>\n...<\/p>\n<\/div>\n<\/div><\/div><\/div><div id=\"pgc-4928-1-2\"  class=\"panel-grid-cell\" ><div id=\"panel-4928-1-2-0\" class=\"so-panel widget widget_sow-editor panel-first-child panel-last-child\" data-index=\"5\" ><div\n\t\t\t\n\t\t\tclass=\"so-widget-sow-editor so-widget-sow-editor-base\"\n\t\t\t\n\t\t>\n<div class=\"siteorigin-widget-tinymce textwidget\">\n\t<p style=\"text-align: center;\"><strong>\u00c9dition :<\/strong><br \/>\nFantasy Flight Games<br \/>\nEdge Entertainment<br \/>\n2019<\/p>\n<\/div>\n<\/div><\/div><\/div><div id=\"pgc-4928-1-3\"  class=\"panel-grid-cell\" ><div id=\"panel-4928-1-3-0\" class=\"so-panel widget widget_sow-editor panel-first-child panel-last-child\" data-index=\"6\" ><div\n\t\t\t\n\t\t\tclass=\"so-widget-sow-editor so-widget-sow-editor-base\"\n\t\t\t\n\t\t>\n<div class=\"siteorigin-widget-tinymce textwidget\">\n\t<p style=\"text-align: center;\"><strong>Version :<\/strong><br \/>\nFran\u00e7aise<\/p>\n<\/div>\n<\/div><\/div><\/div><\/div><div id=\"pg-4928-2\"  class=\"panel-grid panel-no-style\" ><div id=\"pgc-4928-2-0\"  class=\"panel-grid-cell\" ><div id=\"panel-4928-2-0-0\" class=\"so-panel widget widget_sow-editor panel-first-child panel-last-child\" data-index=\"7\" ><div\n\t\t\t\n\t\t\tclass=\"so-widget-sow-editor so-widget-sow-editor-base\"\n\t\t\t\n\t\t>\n<div class=\"siteorigin-widget-tinymce textwidget\">\n\t<hr \/>\n<div>La Fin est proche !<\/div>\n<p><em>Nous sommes en 1926, \u00e0 l\u2019apog\u00e9e des Ann\u00e9es folles. Des jeunes femmes d\u00e9lur\u00e9es dansent jusqu\u2019\u00e0 l\u2019aube dans des bars clandestins enfum\u00e9s, buvant de l\u2019alcool fourni par la p\u00e8gre et les contrebandiers. Au lendemain de la Der des Ders, l\u2019heure est \u00e0 la c\u00e9l\u00e9bration qui mettra fin \u00e0 toutes les festivit\u00e9s.<\/em><\/p>\n<p><em>Pourtant, une ombre sinistre grandit dans la ville d\u2019Arkham. Tapies dans le n\u00e9ant au-del\u00e0 du temps et de l\u2019espace, des entit\u00e9s extraterrestres connues sous le nom de Grands Anciens assaillent les seuils qui s\u00e9parent les mondes. Des rituels occultes doivent \u00eatre avort\u00e9s et toutes sortes de cr\u00e9atures surnaturelles d\u00e9truites avant que les Grands Anciens ne d\u00e9vastent notre plan\u00e8te.<\/em><\/p>\n<p><em>Seule une poign\u00e9e d\u2019investigateurs ose braver l\u2019Horreur \u00e0 Arkham. Ces \u00e2mes courageuses pourront-elles l\u2019emporter.<br \/>\n<\/em><\/p>\n<p>Horreur \u00e0 Arkham est un jeu coop\u00e9ratif alliant myst\u00e8re et terreur pour 1 \u00e0 6 joueurs. Inspir\u00e9 des \u00e9crit de H.P. Lovecraft, chaque sc\u00e9nario unique vous mettra dans la peau d'un investigateur d'Arkham qui explore les rues de la ville et oeuvre avec ses pairs pour sauver l'humanit\u00e9 d'indicibles horreurs...<\/p>\n<\/div>\n<\/div><\/div><\/div><\/div><div id=\"pg-4928-3\"  class=\"panel-grid panel-no-style\" ><div id=\"pgc-4928-3-0\"  class=\"panel-grid-cell\" ><div id=\"panel-4928-3-0-0\" class=\"so-panel widget widget_sow-editor panel-first-child panel-last-child\" data-index=\"8\" ><div\n\t\t\t\n\t\t\tclass=\"so-widget-sow-editor so-widget-sow-editor-base\"\n\t\t\t\n\t\t>\n<div class=\"siteorigin-widget-tinymce textwidget\">\n\t<hr \/>\n<h3 style=\"text-align: center;\">Extension(s)<\/h3>\n<p style=\"text-align: center;\"><style type='text\/css' media='all'>#rt-tpg-container-227776211 .read-more a{border-radius:px;}#rt-tpg-container-227776211 .rt-img-holder img.rt-img-responsive,#rt-tpg-container-227776211 .rt-img-holder,\n\t\t\t\t\t#rt-tpg-container-227776211 .rt-post-overlay .post-img,\n\t\t\t\t\t#rt-tpg-container-227776211 .post-sm .post-img,\n\t\t\t\t\t#rt-tpg-container-227776211 .rt-post-grid .post-img,\n\t\t\t\t\t#rt-tpg-container-227776211 .post-img img {border-radius:px;}#rt-tpg-container-227776211 .layout9 .rt-holder h2.entry-title,\n\t\t\t\t\t#rt-tpg-container-227776211 .layout9 .rt-holder h3.entry-title,\n\t\t\t\t\t#rt-tpg-container-227776211 .layout9 .rt-holder h4.entry-title,\n\t\t\t\t\t#rt-tpg-container-227776211 .layout9 .rt-holder h2.entry-title a,\n\t\t\t\t\t#rt-tpg-container-227776211 .layout9 .rt-holder h3.entry-title a,\n\t\t\t\t\t#rt-tpg-container-227776211 .layout9 .rt-holder h4.entry-title a,\n\t\t\t\t\t#rt-tpg-container-227776211 .rt-holder .rt-woo-info h2 a,\n\t\t\t\t\t#rt-tpg-container-227776211 .rt-holder .rt-woo-info h3 a,\n\t\t\t\t\t#rt-tpg-container-227776211 .rt-holder .rt-woo-info h4 a,\n\t\t\t\t\t#rt-tpg-container-227776211 .post-content .post-title,\n\t\t\t\t\t#rt-tpg-container-227776211 .rt-post-grid .post-title,\n\t\t\t\t\t#rt-tpg-container-227776211 .rt-post-grid .post-title a,\n\t\t\t\t\t#rt-tpg-container-227776211 .post-content .post-title a,\n\t\t\t\t\t#rt-tpg-container-227776211 .rt-holder .rt-woo-info h2,\n\t\t\t\t\t#rt-tpg-container-227776211 .rt-holder .rt-woo-info h3,\n\t\t\t\t\t#rt-tpg-container-227776211 .rt-holder .rt-woo-info h4{font-size:16px;line-height:26px;font-weight:normal;text-align:center;}#rt-tpg-container-227776211 .post-grid-lg-style-1 .post-title,\n\t\t\t\t\t\t#rt-tpg-container-227776211 .post-grid-lg-style-1 .post-title a,\n\t\t\t\t\t\t#rt-tpg-container-227776211 .big-layout .post-title,\n\t\t\t\t\t\t#rt-tpg-container-227776211 .big-layout .post-title a,\n\t\t\t\t\t\t#rt-tpg-container-227776211 .post-grid-lg-style-1 .post-title,\n\t\t\t\t\t\t#rt-tpg-container-227776211 .post-grid-lg-style-1 .post-title a {font-size:24px;line-height:34px;}<\/style><div class='rt-container-fluid rt-tpg-container tpg-shortcode-main-wrapper ' id='rt-tpg-container-227776211'   data-layout='layout9' data-grid-style='even' data-desktop-col='3'  data-tab-col='2'  data-mobile-col='1' data-sc-id='5328'><div data-title='Loading ...' class='rt-row rt-content-loader   layout9 tpg-even '><div class=\"rt-col-md-4 rt-col-sm-6 rt-col-xs-12 even-grid-item rt-grid-item img_zoom_in\" data-id=\"5326\"><div class=\"rt-holder\"><div class='overlay'><a data-id='5326' class=' tpg-single-popup' href='https:\/\/meeplendice.net\/?page_id=5326'><img loading=\"lazy\" decoding=\"async\" width=\"350\" height=\"350\" src=\"https:\/\/meeplendice.net\/wp-content\/uploads\/2019\/11\/HaAv3_TerreursNocturnes.png\" class=\"rt-img-responsive \" alt=\"\" \/><\/a><\/div><div class='post-info'><h2 class=\"entry-title\"><a data-id=\"5326\" class=\" tpg-single-popup\" href=\"https:\/\/meeplendice.net\/?page_id=5326\">Terreurs Nocturnes<\/a><\/h2><div class='post-meta-user '><\/div><\/div><\/div><\/div><div class=\"rt-col-md-4 rt-col-sm-6 rt-col-xs-12 even-grid-item rt-grid-item img_zoom_in\" data-id=\"8704\"><div class=\"rt-holder\"><div class='overlay'><a data-id='8704' class=' tpg-single-popup' href='https:\/\/meeplendice.net\/?page_id=8704'><img loading=\"lazy\" decoding=\"async\" width=\"350\" height=\"350\" src=\"https:\/\/meeplendice.net\/wp-content\/uploads\/2021\/08\/HaAv3_SecretsOrdre.png\" class=\"rt-img-responsive \" alt=\"\" \/><\/a><\/div><div class='post-info'><h2 class=\"entry-title\"><a data-id=\"8704\" class=\" tpg-single-popup\" href=\"https:\/\/meeplendice.net\/?page_id=8704\">Les Secrets de L&rsquo;Ordre<\/a><\/h2><div class='post-meta-user '><\/div><\/div><\/div><\/div><div class=\"rt-col-md-4 rt-col-sm-6 rt-col-xs-12 even-grid-item rt-grid-item img_zoom_in\" data-id=\"8706\"><div class=\"rt-holder\"><div class='overlay'><a data-id='8706' class=' tpg-single-popup' href='https:\/\/meeplendice.net\/?page_id=8706'><img loading=\"lazy\" decoding=\"async\" width=\"350\" height=\"350\" src=\"https:\/\/meeplendice.net\/wp-content\/uploads\/2021\/08\/HaAv3_ProfondeursInsondables.png\" class=\"rt-img-responsive \" alt=\"\" \/><\/a><\/div><div class='post-info'><h2 class=\"entry-title\"><a data-id=\"8706\" class=\" tpg-single-popup\" href=\"https:\/\/meeplendice.net\/?page_id=8706\">Profondeurs Insondables<\/a><\/h2><div class='post-meta-user '><\/div><\/div><\/div><\/div><\/div><div class='rt-pagination-wrap' data-total-pages='1' data-posts-per-page='3' data-type='pagination_ajax'  ><div class='rt-page-numbers'><\/div><\/div><\/div><\/p>\n<\/div>\n<\/div><\/div><\/div><\/div><div id=\"pg-4928-4\"  class=\"panel-grid panel-no-style\" ><div id=\"pgc-4928-4-0\"  class=\"panel-grid-cell\" ><div id=\"panel-4928-4-0-0\" class=\"so-panel widget widget_sow-editor panel-first-child panel-last-child\" data-index=\"9\" ><div\n\t\t\t\n\t\t\tclass=\"so-widget-sow-editor so-widget-sow-editor-base\"\n\t\t\t\n\t\t>\n<div class=\"siteorigin-widget-tinymce textwidget\">\n\t<hr \/>\n<h3 style=\"text-align: center;\">En vid\u00e9o<\/h3>\n<\/div>\n<\/div><\/div><\/div><\/div><div id=\"pg-4928-5\"  class=\"panel-grid panel-no-style\" ><div id=\"pgc-4928-5-0\"  class=\"panel-grid-cell\" ><div id=\"panel-4928-5-0-0\" class=\"so-panel widget widget_sow-editor panel-first-child panel-last-child\" data-index=\"10\" ><div\n\t\t\t\n\t\t\tclass=\"so-widget-sow-editor so-widget-sow-editor-base\"\n\t\t\t\n\t\t>\n<div class=\"siteorigin-widget-tinymce textwidget\">\n\t<hr \/>\n<h3 style=\"text-align: center;\">Pour aller plus loin<\/h3>\n<\/div>\n<\/div><\/div><\/div><\/div><\/div>","protected":false},"excerpt":{"rendered":"<p>Nombre de joueurs : 1 &#8211; 6 Dur\u00e9e moyenne : 180 min Age : 14 ans et plus Auteur(s) : Kevin Wilson Richard Launius Nikki Valens Illustrations : Anders Finer Jokubas Uoginas Justin Adams Tommy Arnold &#8230; \u00c9dition : Fantasy Flight Games Edge Entertainment 2019 Version : Fran\u00e7aise<\/p>\n","protected":false},"author":2,"featured_media":4902,"parent":0,"menu_order":0,"comment_status":"closed","ping_status":"closed","template":"","meta":{"footnotes":""},"class_list":["post-4928","page","type-page","status-publish","has-post-thumbnail","hentry"],"acf":[],"rttpg_featured_image_url":{"full":["https:\/\/meeplendice.net\/wp-content\/uploads\/2019\/04\/Horreuraarkham_v3.png",350,350,false],"landscape":["https:\/\/meeplendice.net\/wp-content\/uploads\/2019\/04\/Horreuraarkham_v3.png",350,350,false],"portraits":["https:\/\/meeplendice.net\/wp-content\/uploads\/2019\/04\/Horreuraarkham_v3.png",350,350,false],"thumbnail":["https:\/\/meeplendice.net\/wp-content\/uploads\/2019\/04\/Horreuraarkham_v3-150x150.png",150,150,true],"medium":["https:\/\/meeplendice.net\/wp-content\/uploads\/2019\/04\/Horreuraarkham_v3-300x300.png",300,300,true],"large":["https:\/\/meeplendice.net\/wp-content\/uploads\/2019\/04\/Horreuraarkham_v3.png",350,350,false],"ug_big":["https:\/\/meeplendice.net\/wp-content\/uploads\/2019\/04\/Horreuraarkham_v3.png",350,350,false],"1536x1536":["https:\/\/meeplendice.net\/wp-content\/uploads\/2019\/04\/Horreuraarkham_v3.png",350,350,false],"2048x2048":["https:\/\/meeplendice.net\/wp-content\/uploads\/2019\/04\/Horreuraarkham_v3.png",350,350,false],"ashe-slider-grid-thumbnail":["https:\/\/meeplendice.net\/wp-content\/uploads\/2019\/04\/Horreuraarkham_v3.png",350,350,false],"ashe-full-thumbnail":["https:\/\/meeplendice.net\/wp-content\/uploads\/2019\/04\/Horreuraarkham_v3.png",350,350,false],"ashe-grid-thumbnail":["https:\/\/meeplendice.net\/wp-content\/uploads\/2019\/04\/Horreuraarkham_v3-350x330.png",350,330,true],"ashe-list-thumbnail":["https:\/\/meeplendice.net\/wp-content\/uploads\/2019\/04\/Horreuraarkham_v3-300x300.png",300,300,true],"ashe-single-navigation":["https:\/\/meeplendice.net\/wp-content\/uploads\/2019\/04\/Horreuraarkham_v3-75x75.png",75,75,true],"mailpoet_newsletter_max":["https:\/\/meeplendice.net\/wp-content\/uploads\/2019\/04\/Horreuraarkham_v3.png",350,350,false],"rpwe-thumbnail":["https:\/\/meeplendice.net\/wp-content\/uploads\/2019\/04\/Horreuraarkham_v3-45x45.png",45,45,true],"sow-carousel-default":["https:\/\/meeplendice.net\/wp-content\/uploads\/2019\/04\/Horreuraarkham_v3-272x182.png",272,182,true],"rt_custom":["https:\/\/meeplendice.net\/wp-content\/uploads\/2019\/04\/Horreuraarkham_v3.png",350,350,false]},"rttpg_author":{"display_name":"Karnby","author_link":"https:\/\/meeplendice.net\/?author=2"},"rttpg_comment":0,"rttpg_category":null,"rttpg_excerpt":"Nombre de joueurs : 1 - 6 Dur\u00e9e moyenne : 180 min Age : 14 ans et plus Auteur(s) : Kevin Wilson Richard Launius Nikki Valens Illustrations : Anders Finer Jokubas Uoginas Justin Adams Tommy Arnold ... \u00c9dition : Fantasy Flight Games Edge Entertainment 2019 Version : Fran\u00e7aise","_links":{"self":[{"href":"https:\/\/meeplendice.net\/index.php?rest_route=\/wp\/v2\/pages\/4928","targetHints":{"allow":["GET"]}}],"collection":[{"href":"https:\/\/meeplendice.net\/index.php?rest_route=\/wp\/v2\/pages"}],"about":[{"href":"https:\/\/meeplendice.net\/index.php?rest_route=\/wp\/v2\/types\/page"}],"author":[{"embeddable":true,"href":"https:\/\/meeplendice.net\/index.php?rest_route=\/wp\/v2\/users\/2"}],"replies":[{"embeddable":true,"href":"https:\/\/meeplendice.net\/index.php?rest_route=%2Fwp%2Fv2%2Fcomments&post=4928"}],"version-history":[{"count":29,"href":"https:\/\/meeplendice.net\/index.php?rest_route=\/wp\/v2\/pages\/4928\/revisions"}],"predecessor-version":[{"id":9289,"href":"https:\/\/meeplendice.net\/index.php?rest_route=\/wp\/v2\/pages\/4928\/revisions\/9289"}],"wp:featuredmedia":[{"embeddable":true,"href":"https:\/\/meeplendice.net\/index.php?rest_route=\/wp\/v2\/media\/4902"}],"wp:attachment":[{"href":"https:\/\/meeplendice.net\/index.php?rest_route=%2Fwp%2Fv2%2Fmedia&parent=4928"}],"curies":[{"name":"wp","href":"https:\/\/api.w.org\/{rel}","templated":true}]}}