{"id":4942,"date":"2019-04-24T20:16:39","date_gmt":"2019-04-24T19:16:39","guid":{"rendered":"http:\/\/meeplendice.net\/?page_id=4942"},"modified":"2020-11-22T16:28:55","modified_gmt":"2020-11-22T15:28:55","slug":"the-faceless","status":"publish","type":"page","link":"https:\/\/meeplendice.net\/?page_id=4942","title":{"rendered":"The Faceless"},"content":{"rendered":"<div id=\"pl-4942\"  class=\"panel-layout\" ><div id=\"pg-4942-0\"  class=\"panel-grid panel-no-style\" ><div id=\"pgc-4942-0-0\"  class=\"panel-grid-cell\" ><div id=\"panel-4942-0-0-0\" class=\"so-panel widget widget_sow-editor panel-first-child panel-last-child\" data-index=\"0\" ><div\n\t\t\t\n\t\t\tclass=\"so-widget-sow-editor so-widget-sow-editor-base\"\n\t\t\t\n\t\t>\n<div class=\"siteorigin-widget-tinymce textwidget\">\n\t<p style=\"text-align: center;\"><strong>Nombre de joueurs :<\/strong><br \/>\n1 - 4<\/p>\n<\/div>\n<\/div><\/div><\/div><div id=\"pgc-4942-0-1\"  class=\"panel-grid-cell\" ><div id=\"panel-4942-0-1-0\" class=\"so-panel widget widget_sow-editor panel-first-child panel-last-child\" data-index=\"1\" ><div\n\t\t\t\n\t\t\tclass=\"so-widget-sow-editor so-widget-sow-editor-base\"\n\t\t\t\n\t\t>\n<div class=\"siteorigin-widget-tinymce textwidget\">\n\t<p style=\"text-align: center;\"><strong>Dur\u00e9e moyenne :<\/strong><br \/>\n45 min<\/p>\n<\/div>\n<\/div><\/div><\/div><div id=\"pgc-4942-0-2\"  class=\"panel-grid-cell\" ><div id=\"panel-4942-0-2-0\" class=\"so-panel widget widget_sow-editor panel-first-child panel-last-child\" data-index=\"2\" ><div\n\t\t\t\n\t\t\tclass=\"so-widget-sow-editor so-widget-sow-editor-base\"\n\t\t\t\n\t\t>\n<div class=\"siteorigin-widget-tinymce textwidget\">\n\t<p style=\"text-align: center;\"><strong>Age :<\/strong><br \/>\n14 ans et plus<\/p>\n<\/div>\n<\/div><\/div><\/div><\/div><div id=\"pg-4942-1\"  class=\"panel-grid panel-no-style\" ><div id=\"pgc-4942-1-0\"  class=\"panel-grid-cell\" ><div id=\"panel-4942-1-0-0\" class=\"so-panel widget widget_sow-editor panel-first-child panel-last-child\" data-index=\"3\" ><div\n\t\t\t\n\t\t\tclass=\"so-widget-sow-editor so-widget-sow-editor-base\"\n\t\t\t\n\t\t>\n<div class=\"siteorigin-widget-tinymce textwidget\">\n\t<p style=\"text-align: center;\"><strong>Auteur(s) :<br \/>\n<\/strong>Guido Albini<br \/>\nMartino Chiacchiera<\/p>\n<\/div>\n<\/div><\/div><\/div><div id=\"pgc-4942-1-1\"  class=\"panel-grid-cell\" ><div id=\"panel-4942-1-1-0\" class=\"so-panel widget widget_sow-editor panel-first-child panel-last-child\" data-index=\"4\" ><div\n\t\t\t\n\t\t\tclass=\"so-widget-sow-editor so-widget-sow-editor-base\"\n\t\t\t\n\t\t>\n<div class=\"siteorigin-widget-tinymce textwidget\">\n\t<p style=\"text-align: center;\"><strong>Illustrations :<\/strong><br \/>\nLassimo Fratini<br \/>\nCarlo Glannetti<\/p>\n<\/div>\n<\/div><\/div><\/div><div id=\"pgc-4942-1-2\"  class=\"panel-grid-cell\" ><div id=\"panel-4942-1-2-0\" class=\"so-panel widget widget_sow-editor panel-first-child panel-last-child\" data-index=\"5\" ><div\n\t\t\t\n\t\t\tclass=\"so-widget-sow-editor so-widget-sow-editor-base\"\n\t\t\t\n\t\t>\n<div class=\"siteorigin-widget-tinymce textwidget\">\n\t<p style=\"text-align: center;\"><strong>\u00c9dition :<\/strong><br \/>\nAlter Ego Games<br \/>\n2019<\/p>\n<\/div>\n<\/div><\/div><\/div><div id=\"pgc-4942-1-3\"  class=\"panel-grid-cell\" ><div id=\"panel-4942-1-3-0\" class=\"so-panel widget widget_sow-editor panel-first-child panel-last-child\" data-index=\"6\" ><div\n\t\t\t\n\t\t\tclass=\"so-widget-sow-editor so-widget-sow-editor-base\"\n\t\t\t\n\t\t>\n<div class=\"siteorigin-widget-tinymce textwidget\">\n\t<p style=\"text-align: center;\"><strong>Version :<\/strong><br \/>\nFran\u00e7aise<\/p>\n<\/div>\n<\/div><\/div><\/div><\/div><div id=\"pg-4942-2\"  class=\"panel-grid panel-no-style\" ><div id=\"pgc-4942-2-0\"  class=\"panel-grid-cell\" ><div id=\"panel-4942-2-0-0\" class=\"so-panel widget widget_sow-editor panel-first-child panel-last-child\" data-index=\"7\" ><div\n\t\t\t\n\t\t\tclass=\"so-widget-sow-editor so-widget-sow-editor-base\"\n\t\t\t\n\t\t>\n<div class=\"siteorigin-widget-tinymce textwidget\">\n\t<hr \/>\n<p><em>Ethan a disparu. Vous \u00eates un groupe d\u2019enfants qui avez trouv\u00e9, dans les affaires de votre ami, une boussole magique et son journal. Dans celui-ci, il y mentionne Billygoat, une m\u00e9chante cr\u00e9ature qui se nourrit de l\u2019innocence des enfants. Selon son journal, la boussole permettrait de trouver un arbre abattu dans les bois qui rendrait possible d\u2019entrer dans le Monde Cr\u00e9pusculaire, domaine de la sombre cr\u00e9ature. Les derniers mots griffonn\u00e9s \u00e0 la h\u00e2te dans le journal d\u2019Ethan sont : \u00ab Si je devais dispara\u00eetre, cherchez-moi dans le Monde Cr\u00e9pusculaire. Trouvez-y mes souvenirs et aidez moi \u00e0 m\u2019\u00e9chapper avant que Billygoat ne fasse de moi un autre Faceless.<\/em><\/p>\n<p>Dans The Faceless, plongez au coeur d'un jeu coop\u00e9ratif qui vous entrainera dans le Monde Cr\u00e9pusculaire o\u00f9 Billygoat vole les souvenirs des enfants qu'il a enlev\u00e9s. Utilisez la boussole et les champs magn\u00e9tiques pour vous y enfoncer et sauver Ethan avant qu'il ne soit transform\u00e9 ne un nouveau Faceless.<br \/>\nMais restez sur vos garde et soyez pr\u00eat \u00e0 affronter les Menaces de ce monde corrompu...<\/p>\n<\/div>\n<\/div><\/div><\/div><\/div><div id=\"pg-4942-3\"  class=\"panel-grid panel-no-style\" ><div id=\"pgc-4942-3-0\"  class=\"panel-grid-cell\" ><div id=\"panel-4942-3-0-0\" class=\"so-panel widget widget_sow-editor panel-first-child panel-last-child\" data-index=\"8\" ><div\n\t\t\t\n\t\t\tclass=\"so-widget-sow-editor so-widget-sow-editor-base\"\n\t\t\t\n\t\t>\n<div class=\"siteorigin-widget-tinymce textwidget\">\n\t<hr \/>\n<p style=\"text-align: center;\"><strong>En vid\u00e9o<\/strong><\/p>\n<\/div>\n<\/div><\/div><\/div><\/div><div id=\"pg-4942-4\"  class=\"panel-grid panel-no-style\" ><div id=\"pgc-4942-4-0\"  class=\"panel-grid-cell\" ><div id=\"panel-4942-4-0-0\" class=\"so-panel widget widget_sow-editor panel-first-child panel-last-child\" data-index=\"9\" ><div\n\t\t\t\n\t\t\tclass=\"so-widget-sow-editor so-widget-sow-editor-base\"\n\t\t\t\n\t\t>\n<div class=\"siteorigin-widget-tinymce textwidget\">\n\t<hr \/>\n<p style=\"text-align: center;\"><strong>Pour aller plus loin<\/strong><\/p>\n<\/div>\n<\/div><\/div><\/div><\/div><\/div>","protected":false},"excerpt":{"rendered":"<p>Nombre de joueurs : 1 &#8211; 4 Dur\u00e9e moyenne : 45 min Age : 14 ans et plus Auteur(s) : Guido Albini Martino Chiacchiera Illustrations : Lassimo Fratini Carlo Glannetti \u00c9dition : Alter Ego Games 2019 Version : Fran\u00e7aise<\/p>\n","protected":false},"author":2,"featured_media":4907,"parent":0,"menu_order":0,"comment_status":"closed","ping_status":"closed","template":"","meta":{"footnotes":""},"class_list":["post-4942","page","type-page","status-publish","has-post-thumbnail","hentry"],"acf":[],"rttpg_featured_image_url":{"full":["https:\/\/meeplendice.net\/wp-content\/uploads\/2019\/04\/The_Faceless.png",350,350,false],"landscape":["https:\/\/meeplendice.net\/wp-content\/uploads\/2019\/04\/The_Faceless.png",350,350,false],"portraits":["https:\/\/meeplendice.net\/wp-content\/uploads\/2019\/04\/The_Faceless.png",350,350,false],"thumbnail":["https:\/\/meeplendice.net\/wp-content\/uploads\/2019\/04\/The_Faceless-150x150.png",150,150,true],"medium":["https:\/\/meeplendice.net\/wp-content\/uploads\/2019\/04\/The_Faceless-300x300.png",300,300,true],"large":["https:\/\/meeplendice.net\/wp-content\/uploads\/2019\/04\/The_Faceless.png",350,350,false],"ug_big":["https:\/\/meeplendice.net\/wp-content\/uploads\/2019\/04\/The_Faceless.png",350,350,false],"1536x1536":["https:\/\/meeplendice.net\/wp-content\/uploads\/2019\/04\/The_Faceless.png",350,350,false],"2048x2048":["https:\/\/meeplendice.net\/wp-content\/uploads\/2019\/04\/The_Faceless.png",350,350,false],"ashe-slider-grid-thumbnail":["https:\/\/meeplendice.net\/wp-content\/uploads\/2019\/04\/The_Faceless.png",350,350,false],"ashe-full-thumbnail":["https:\/\/meeplendice.net\/wp-content\/uploads\/2019\/04\/The_Faceless.png",350,350,false],"ashe-grid-thumbnail":["https:\/\/meeplendice.net\/wp-content\/uploads\/2019\/04\/The_Faceless-350x330.png",350,330,true],"ashe-list-thumbnail":["https:\/\/meeplendice.net\/wp-content\/uploads\/2019\/04\/The_Faceless-300x300.png",300,300,true],"ashe-single-navigation":["https:\/\/meeplendice.net\/wp-content\/uploads\/2019\/04\/The_Faceless-75x75.png",75,75,true],"mailpoet_newsletter_max":["https:\/\/meeplendice.net\/wp-content\/uploads\/2019\/04\/The_Faceless.png",350,350,false],"rpwe-thumbnail":["https:\/\/meeplendice.net\/wp-content\/uploads\/2019\/04\/The_Faceless-45x45.png",45,45,true],"sow-carousel-default":["https:\/\/meeplendice.net\/wp-content\/uploads\/2019\/04\/The_Faceless-272x182.png",272,182,true],"rt_custom":["https:\/\/meeplendice.net\/wp-content\/uploads\/2019\/04\/The_Faceless.png",350,350,false]},"rttpg_author":{"display_name":"Karnby","author_link":"https:\/\/meeplendice.net\/?author=2"},"rttpg_comment":0,"rttpg_category":null,"rttpg_excerpt":"Nombre de joueurs : 1 - 4 Dur\u00e9e moyenne : 45 min Age : 14 ans et plus Auteur(s) : Guido Albini Martino Chiacchiera Illustrations : Lassimo Fratini Carlo Glannetti \u00c9dition : Alter Ego Games 2019 Version : Fran\u00e7aise","_links":{"self":[{"href":"https:\/\/meeplendice.net\/index.php?rest_route=\/wp\/v2\/pages\/4942","targetHints":{"allow":["GET"]}}],"collection":[{"href":"https:\/\/meeplendice.net\/index.php?rest_route=\/wp\/v2\/pages"}],"about":[{"href":"https:\/\/meeplendice.net\/index.php?rest_route=\/wp\/v2\/types\/page"}],"author":[{"embeddable":true,"href":"https:\/\/meeplendice.net\/index.php?rest_route=\/wp\/v2\/users\/2"}],"replies":[{"embeddable":true,"href":"https:\/\/meeplendice.net\/index.php?rest_route=%2Fwp%2Fv2%2Fcomments&post=4942"}],"version-history":[{"count":6,"href":"https:\/\/meeplendice.net\/index.php?rest_route=\/wp\/v2\/pages\/4942\/revisions"}],"predecessor-version":[{"id":7607,"href":"https:\/\/meeplendice.net\/index.php?rest_route=\/wp\/v2\/pages\/4942\/revisions\/7607"}],"wp:featuredmedia":[{"embeddable":true,"href":"https:\/\/meeplendice.net\/index.php?rest_route=\/wp\/v2\/media\/4907"}],"wp:attachment":[{"href":"https:\/\/meeplendice.net\/index.php?rest_route=%2Fwp%2Fv2%2Fmedia&parent=4942"}],"curies":[{"name":"wp","href":"https:\/\/api.w.org\/{rel}","templated":true}]}}