{"id":4948,"date":"2019-04-24T20:30:27","date_gmt":"2019-04-24T19:30:27","guid":{"rendered":"http:\/\/meeplendice.net\/?page_id=4948"},"modified":"2023-06-04T14:42:03","modified_gmt":"2023-06-04T13:42:03","slug":"sub-terra","status":"publish","type":"page","link":"https:\/\/meeplendice.net\/?page_id=4948","title":{"rendered":"Sub Terra"},"content":{"rendered":"<div id=\"pl-4948\"  class=\"panel-layout\" ><div id=\"pg-4948-0\"  class=\"panel-grid panel-no-style\" ><div id=\"pgc-4948-0-0\"  class=\"panel-grid-cell\" ><div id=\"panel-4948-0-0-0\" class=\"so-panel widget widget_sow-editor panel-first-child panel-last-child\" data-index=\"0\" ><div\n\t\t\t\n\t\t\tclass=\"so-widget-sow-editor so-widget-sow-editor-base\"\n\t\t\t\n\t\t>\n<div class=\"siteorigin-widget-tinymce textwidget\">\n\t<p style=\"text-align: center;\"><strong>Nombre de joueurs :<\/strong><br \/>\n1 - 6<\/p>\n<\/div>\n<\/div><\/div><\/div><div id=\"pgc-4948-0-1\"  class=\"panel-grid-cell\" ><div id=\"panel-4948-0-1-0\" class=\"so-panel widget widget_sow-editor panel-first-child panel-last-child\" data-index=\"1\" ><div\n\t\t\t\n\t\t\tclass=\"so-widget-sow-editor so-widget-sow-editor-base\"\n\t\t\t\n\t\t>\n<div class=\"siteorigin-widget-tinymce textwidget\">\n\t<p style=\"text-align: center;\"><strong>Dur\u00e9e moyenne :<\/strong><br \/>\n60 min<\/p>\n<\/div>\n<\/div><\/div><\/div><div id=\"pgc-4948-0-2\"  class=\"panel-grid-cell\" ><div id=\"panel-4948-0-2-0\" class=\"so-panel widget widget_sow-editor panel-first-child panel-last-child\" data-index=\"2\" ><div\n\t\t\t\n\t\t\tclass=\"so-widget-sow-editor so-widget-sow-editor-base\"\n\t\t\t\n\t\t>\n<div class=\"siteorigin-widget-tinymce textwidget\">\n\t<p style=\"text-align: center;\"><strong>Age :<\/strong><br \/>\n14 ans et plus<\/p>\n<\/div>\n<\/div><\/div><\/div><\/div><div id=\"pg-4948-1\"  class=\"panel-grid panel-no-style\" ><div id=\"pgc-4948-1-0\"  class=\"panel-grid-cell\" ><div id=\"panel-4948-1-0-0\" class=\"so-panel widget widget_sow-editor panel-first-child panel-last-child\" data-index=\"3\" ><div\n\t\t\t\n\t\t\tclass=\"so-widget-sow-editor so-widget-sow-editor-base\"\n\t\t\t\n\t\t>\n<div class=\"siteorigin-widget-tinymce textwidget\">\n\t<p style=\"text-align: center;\"><strong>Auteur(s) :<br \/>\n<\/strong>Tim Pinder<\/p>\n<\/div>\n<\/div><\/div><\/div><div id=\"pgc-4948-1-1\"  class=\"panel-grid-cell\" ><div id=\"panel-4948-1-1-0\" class=\"so-panel widget widget_sow-editor panel-first-child panel-last-child\" data-index=\"4\" ><div\n\t\t\t\n\t\t\tclass=\"so-widget-sow-editor so-widget-sow-editor-base\"\n\t\t\t\n\t\t>\n<div class=\"siteorigin-widget-tinymce textwidget\">\n\t<p style=\"text-align: center;\"><strong>Illustrations :<\/strong><br \/>\nDiana Franco Campos<br \/>\nZak Eidsvoog<\/p>\n<\/div>\n<\/div><\/div><\/div><div id=\"pgc-4948-1-2\"  class=\"panel-grid-cell\" ><div id=\"panel-4948-1-2-0\" class=\"so-panel widget widget_sow-editor panel-first-child panel-last-child\" data-index=\"5\" ><div\n\t\t\t\n\t\t\tclass=\"so-widget-sow-editor so-widget-sow-editor-base\"\n\t\t\t\n\t\t>\n<div class=\"siteorigin-widget-tinymce textwidget\">\n\t<p style=\"text-align: center;\"><strong>\u00c9dition :<\/strong><br \/>\nNuts! Publishing<br \/>\n2017<\/p>\n<\/div>\n<\/div><\/div><\/div><div id=\"pgc-4948-1-3\"  class=\"panel-grid-cell\" ><div id=\"panel-4948-1-3-0\" class=\"so-panel widget widget_sow-editor panel-first-child panel-last-child\" data-index=\"6\" ><div\n\t\t\t\n\t\t\tclass=\"so-widget-sow-editor so-widget-sow-editor-base\"\n\t\t\t\n\t\t>\n<div class=\"siteorigin-widget-tinymce textwidget\">\n\t<p style=\"text-align: center;\"><strong>Version :<\/strong><br \/>\nFran\u00e7aise<\/p>\n<\/div>\n<\/div><\/div><\/div><\/div><div id=\"pg-4948-2\"  class=\"panel-grid panel-no-style\" ><div id=\"pgc-4948-2-0\"  class=\"panel-grid-cell\" ><div id=\"panel-4948-2-0-0\" class=\"so-panel widget widget_sow-editor panel-first-child panel-last-child\" data-index=\"7\" ><div\n\t\t\t\n\t\t\tclass=\"so-widget-sow-editor so-widget-sow-editor-base\"\n\t\t\t\n\t\t>\n<div class=\"siteorigin-widget-tinymce textwidget\">\n\t<hr \/>\n<p>Les joueurs sont des explorateurs de cavernes : des sp\u00e9l\u00e9ologues. Lors de l'exploration d'un r\u00e9seau de grottes inconnu, les sp\u00e9l\u00e9os sont tomb\u00e9s dans un gouffre et ils sont maintenant pris au pi\u00e8ge dans les profondeurs souterraines.<\/p>\n<p>Ensemble, vous devez trouver la sortie avant que vos lampes ne soient \u00e9puis\u00e9es et que vous ne soyez perdus pour toujours dans les t\u00e9n\u00e8bres. Vous devrez travailler en \u00e9quipe pour entreprendre rapidement l'exploration et \u00e9viter une s\u00e9rie de dangers mortels. Et pire que tout, vous pensez ne pas \u00eatre seuls sous terre...<\/p>\n<\/div>\n<\/div><\/div><\/div><\/div><div id=\"pg-4948-3\"  class=\"panel-grid panel-no-style\" ><div id=\"pgc-4948-3-0\"  class=\"panel-grid-cell\" ><div id=\"panel-4948-3-0-0\" class=\"so-panel widget widget_sow-editor panel-first-child panel-last-child\" data-index=\"8\" ><div\n\t\t\t\n\t\t\tclass=\"so-widget-sow-editor so-widget-sow-editor-base\"\n\t\t\t\n\t\t>\n<div class=\"siteorigin-widget-tinymce textwidget\">\n\t<hr \/>\n<h3 style=\"text-align: center;\">En vid\u00e9o<\/h3>\n<\/div>\n<\/div><\/div><\/div><\/div><div id=\"pg-4948-4\"  class=\"panel-grid panel-no-style\" ><div id=\"pgc-4948-4-0\"  class=\"panel-grid-cell\" ><div id=\"panel-4948-4-0-0\" class=\"so-panel widget widget_sow-editor panel-first-child panel-last-child\" data-index=\"9\" ><div\n\t\t\t\n\t\t\tclass=\"so-widget-sow-editor so-widget-sow-editor-base\"\n\t\t\t\n\t\t>\n<div class=\"siteorigin-widget-tinymce textwidget\">\n\t<hr \/>\n<h3 style=\"text-align: center;\">Extension(s)<\/h3>\n<p>&nbsp;<\/p>\n<style type='text\/css' media='all'>#rt-tpg-container-236383377 .read-more a{border-radius:px;}#rt-tpg-container-236383377 .rt-img-holder img.rt-img-responsive,#rt-tpg-container-236383377 .rt-img-holder,\n\t\t\t\t\t#rt-tpg-container-236383377 .rt-post-overlay .post-img,\n\t\t\t\t\t#rt-tpg-container-236383377 .post-sm .post-img,\n\t\t\t\t\t#rt-tpg-container-236383377 .rt-post-grid .post-img,\n\t\t\t\t\t#rt-tpg-container-236383377 .post-img img {border-radius:px;}#rt-tpg-container-236383377 .layout9 .rt-holder h2.entry-title,\n\t\t\t\t\t#rt-tpg-container-236383377 .layout9 .rt-holder h3.entry-title,\n\t\t\t\t\t#rt-tpg-container-236383377 .layout9 .rt-holder h4.entry-title,\n\t\t\t\t\t#rt-tpg-container-236383377 .layout9 .rt-holder h2.entry-title a,\n\t\t\t\t\t#rt-tpg-container-236383377 .layout9 .rt-holder h3.entry-title a,\n\t\t\t\t\t#rt-tpg-container-236383377 .layout9 .rt-holder h4.entry-title a,\n\t\t\t\t\t#rt-tpg-container-236383377 .rt-holder .rt-woo-info h2 a,\n\t\t\t\t\t#rt-tpg-container-236383377 .rt-holder .rt-woo-info h3 a,\n\t\t\t\t\t#rt-tpg-container-236383377 .rt-holder .rt-woo-info h4 a,\n\t\t\t\t\t#rt-tpg-container-236383377 .post-content .post-title,\n\t\t\t\t\t#rt-tpg-container-236383377 .rt-post-grid .post-title,\n\t\t\t\t\t#rt-tpg-container-236383377 .rt-post-grid .post-title a,\n\t\t\t\t\t#rt-tpg-container-236383377 .post-content .post-title a,\n\t\t\t\t\t#rt-tpg-container-236383377 .rt-holder .rt-woo-info h2,\n\t\t\t\t\t#rt-tpg-container-236383377 .rt-holder .rt-woo-info h3,\n\t\t\t\t\t#rt-tpg-container-236383377 .rt-holder .rt-woo-info h4{font-size:16px;line-height:26px;font-weight:normal;text-align:center;}#rt-tpg-container-236383377 .post-grid-lg-style-1 .post-title,\n\t\t\t\t\t\t#rt-tpg-container-236383377 .post-grid-lg-style-1 .post-title a,\n\t\t\t\t\t\t#rt-tpg-container-236383377 .big-layout .post-title,\n\t\t\t\t\t\t#rt-tpg-container-236383377 .big-layout .post-title a,\n\t\t\t\t\t\t#rt-tpg-container-236383377 .post-grid-lg-style-1 .post-title,\n\t\t\t\t\t\t#rt-tpg-container-236383377 .post-grid-lg-style-1 .post-title a {font-size:24px;line-height:34px;}<\/style><div class='rt-container-fluid rt-tpg-container tpg-shortcode-main-wrapper ' id='rt-tpg-container-236383377'   data-layout='layout9' data-grid-style='even' data-desktop-col='3'  data-tab-col='2'  data-mobile-col='1' data-sc-id='4970'><div data-title='Loading ...' class='rt-row rt-content-loader   layout9 tpg-even '><div class=\"rt-col-md-4 rt-col-sm-6 rt-col-xs-12 even-grid-item rt-grid-item img_zoom_in\" data-id=\"4961\"><div class=\"rt-holder\"><div class='overlay'><a data-id='4961' class=' tpg-single-popup' href='https:\/\/meeplendice.net\/?page_id=4961'><img loading=\"lazy\" decoding=\"async\" width=\"350\" height=\"350\" src=\"https:\/\/meeplendice.net\/wp-content\/uploads\/2019\/04\/Subterra_Annihilation.png\" class=\"rt-img-responsive \" alt=\"\" \/><\/a><\/div><div class='post-info'><h2 class=\"entry-title\"><a data-id=\"4961\" class=\" tpg-single-popup\" href=\"https:\/\/meeplendice.net\/?page_id=4961\">Annihilation<\/a><\/h2><div class='post-meta-user '><\/div><\/div><\/div><\/div><div class=\"rt-col-md-4 rt-col-sm-6 rt-col-xs-12 even-grid-item rt-grid-item img_zoom_in\" data-id=\"4963\"><div class=\"rt-holder\"><div class='overlay'><a data-id='4963' class=' tpg-single-popup' href='https:\/\/meeplendice.net\/?page_id=4963'><img loading=\"lazy\" decoding=\"async\" width=\"350\" height=\"350\" src=\"https:\/\/meeplendice.net\/wp-content\/uploads\/2019\/04\/Subterra_Investigation.png\" class=\"rt-img-responsive \" alt=\"\" \/><\/a><\/div><div class='post-info'><h2 class=\"entry-title\"><a data-id=\"4963\" class=\" tpg-single-popup\" href=\"https:\/\/meeplendice.net\/?page_id=4963\">Investigation<\/a><\/h2><div class='post-meta-user '><\/div><\/div><\/div><\/div><div class=\"rt-col-md-4 rt-col-sm-6 rt-col-xs-12 even-grid-item rt-grid-item img_zoom_in\" data-id=\"4968\"><div class=\"rt-holder\"><div class='overlay'><a data-id='4968' class=' tpg-single-popup' href='https:\/\/meeplendice.net\/?page_id=4968'><img loading=\"lazy\" decoding=\"async\" width=\"350\" height=\"350\" src=\"https:\/\/meeplendice.net\/wp-content\/uploads\/2019\/04\/Subterra_Extration.png\" class=\"rt-img-responsive \" alt=\"\" \/><\/a><\/div><div class='post-info'><h2 class=\"entry-title\"><a data-id=\"4968\" class=\" tpg-single-popup\" href=\"https:\/\/meeplendice.net\/?page_id=4968\">Extraction<\/a><\/h2><div class='post-meta-user '><\/div><\/div><\/div><\/div><\/div><div class='rt-pagination-wrap' data-total-pages='2' data-posts-per-page='3' data-type='pagination_ajax'  ><div class='rt-page-numbers'><\/div><\/div><\/div>\n<\/div>\n<\/div><\/div><\/div><\/div><div id=\"pg-4948-5\"  class=\"panel-grid panel-no-style\" ><div id=\"pgc-4948-5-0\"  class=\"panel-grid-cell\" ><div id=\"panel-4948-5-0-0\" class=\"so-panel widget widget_sow-editor panel-first-child panel-last-child\" data-index=\"10\" ><div\n\t\t\t\n\t\t\tclass=\"so-widget-sow-editor so-widget-sow-editor-base\"\n\t\t\t\n\t\t>\n<div class=\"siteorigin-widget-tinymce textwidget\">\n\t<hr \/>\n<h3 style=\"text-align: center;\">Pour aller plus loin<\/h3>\n<\/div>\n<\/div><\/div><\/div><\/div><\/div>","protected":false},"excerpt":{"rendered":"<p>Nombre de joueurs : 1 &#8211; 6 Dur\u00e9e moyenne : 60 min Age : 14 ans et plus Auteur(s) : Tim Pinder Illustrations : Diana Franco Campos Zak Eidsvoog \u00c9dition : Nuts! Publishing 2017 Version : Fran\u00e7aise<\/p>\n","protected":false},"author":2,"featured_media":4954,"parent":0,"menu_order":0,"comment_status":"closed","ping_status":"closed","template":"","meta":{"footnotes":""},"class_list":["post-4948","page","type-page","status-publish","has-post-thumbnail","hentry"],"acf":[],"rttpg_featured_image_url":{"full":["https:\/\/meeplendice.net\/wp-content\/uploads\/2019\/04\/Subterra.png",350,350,false],"landscape":["https:\/\/meeplendice.net\/wp-content\/uploads\/2019\/04\/Subterra.png",350,350,false],"portraits":["https:\/\/meeplendice.net\/wp-content\/uploads\/2019\/04\/Subterra.png",350,350,false],"thumbnail":["https:\/\/meeplendice.net\/wp-content\/uploads\/2019\/04\/Subterra-150x150.png",150,150,true],"medium":["https:\/\/meeplendice.net\/wp-content\/uploads\/2019\/04\/Subterra-300x300.png",300,300,true],"large":["https:\/\/meeplendice.net\/wp-content\/uploads\/2019\/04\/Subterra.png",350,350,false],"ug_big":["https:\/\/meeplendice.net\/wp-content\/uploads\/2019\/04\/Subterra.png",350,350,false],"1536x1536":["https:\/\/meeplendice.net\/wp-content\/uploads\/2019\/04\/Subterra.png",350,350,false],"2048x2048":["https:\/\/meeplendice.net\/wp-content\/uploads\/2019\/04\/Subterra.png",350,350,false],"ashe-slider-grid-thumbnail":["https:\/\/meeplendice.net\/wp-content\/uploads\/2019\/04\/Subterra.png",350,350,false],"ashe-full-thumbnail":["https:\/\/meeplendice.net\/wp-content\/uploads\/2019\/04\/Subterra.png",350,350,false],"ashe-grid-thumbnail":["https:\/\/meeplendice.net\/wp-content\/uploads\/2019\/04\/Subterra-350x330.png",350,330,true],"ashe-list-thumbnail":["https:\/\/meeplendice.net\/wp-content\/uploads\/2019\/04\/Subterra-300x300.png",300,300,true],"ashe-single-navigation":["https:\/\/meeplendice.net\/wp-content\/uploads\/2019\/04\/Subterra-75x75.png",75,75,true],"mailpoet_newsletter_max":["https:\/\/meeplendice.net\/wp-content\/uploads\/2019\/04\/Subterra.png",350,350,false],"rpwe-thumbnail":["https:\/\/meeplendice.net\/wp-content\/uploads\/2019\/04\/Subterra-45x45.png",45,45,true],"sow-carousel-default":["https:\/\/meeplendice.net\/wp-content\/uploads\/2019\/04\/Subterra-272x182.png",272,182,true],"rt_custom":["https:\/\/meeplendice.net\/wp-content\/uploads\/2019\/04\/Subterra.png",350,350,false]},"rttpg_author":{"display_name":"Karnby","author_link":"https:\/\/meeplendice.net\/?author=2"},"rttpg_comment":0,"rttpg_category":null,"rttpg_excerpt":"Nombre de joueurs : 1 - 6 Dur\u00e9e moyenne : 60 min Age : 14 ans et plus Auteur(s) : Tim Pinder Illustrations : Diana Franco Campos Zak Eidsvoog \u00c9dition : Nuts! Publishing 2017 Version : Fran\u00e7aise","_links":{"self":[{"href":"https:\/\/meeplendice.net\/index.php?rest_route=\/wp\/v2\/pages\/4948","targetHints":{"allow":["GET"]}}],"collection":[{"href":"https:\/\/meeplendice.net\/index.php?rest_route=\/wp\/v2\/pages"}],"about":[{"href":"https:\/\/meeplendice.net\/index.php?rest_route=\/wp\/v2\/types\/page"}],"author":[{"embeddable":true,"href":"https:\/\/meeplendice.net\/index.php?rest_route=\/wp\/v2\/users\/2"}],"replies":[{"embeddable":true,"href":"https:\/\/meeplendice.net\/index.php?rest_route=%2Fwp%2Fv2%2Fcomments&post=4948"}],"version-history":[{"count":13,"href":"https:\/\/meeplendice.net\/index.php?rest_route=\/wp\/v2\/pages\/4948\/revisions"}],"predecessor-version":[{"id":10865,"href":"https:\/\/meeplendice.net\/index.php?rest_route=\/wp\/v2\/pages\/4948\/revisions\/10865"}],"wp:featuredmedia":[{"embeddable":true,"href":"https:\/\/meeplendice.net\/index.php?rest_route=\/wp\/v2\/media\/4954"}],"wp:attachment":[{"href":"https:\/\/meeplendice.net\/index.php?rest_route=%2Fwp%2Fv2%2Fmedia&parent=4948"}],"curies":[{"name":"wp","href":"https:\/\/api.w.org\/{rel}","templated":true}]}}