{"id":4961,"date":"2019-04-24T21:26:49","date_gmt":"2019-04-24T20:26:49","guid":{"rendered":"http:\/\/meeplendice.net\/?page_id=4961"},"modified":"2020-11-20T18:32:41","modified_gmt":"2020-11-20T17:32:41","slug":"annihilation","status":"publish","type":"page","link":"https:\/\/meeplendice.net\/?page_id=4961","title":{"rendered":"Annihilation"},"content":{"rendered":"<p><span id=\"result_box\" class=\"\" lang=\"fr\">Vous \u00eates compl\u00e8tement d\u00e9pass\u00e9s !<\/span><\/p>\n<p><span id=\"result_box\" class=\"\" lang=\"fr\"><span class=\"\">Les cauchemars de ces cavernes doivent \u00eatre \u00e9radiqu\u00e9es, co\u00fbte que co\u00fbte. Aid\u00e9 par le sinistre Exterminateur, transportez de puissants explosifs jusqu&rsquo;aux points de faiblesse structurelle des grottes, puis \u00e9chappez-vous avant la d\u00e9tonation finale. \u00c7a ne va pas \u00eatre de tout repos !<\/span><\/span><em><span id=\"result_box\" class=\"\" lang=\"fr\"><span class=\"\"><br \/>\n<\/span><\/span><\/em><\/p>\n","protected":false},"excerpt":{"rendered":"<p>Vous \u00eates compl\u00e8tement d\u00e9pass\u00e9s ! Les cauchemars de ces cavernes doivent \u00eatre \u00e9radiqu\u00e9es, co\u00fbte que co\u00fbte. Aid\u00e9 par le sinistre Exterminateur, transportez de puissants explosifs jusqu&rsquo;aux points de faiblesse structurelle des grottes, puis \u00e9chappez-vous avant la d\u00e9tonation finale. \u00c7a ne va pas \u00eatre de tout repos !<\/p>\n","protected":false},"author":2,"featured_media":4958,"parent":4948,"menu_order":1,"comment_status":"closed","ping_status":"closed","template":"","meta":{"footnotes":""},"class_list":["post-4961","page","type-page","status-publish","has-post-thumbnail","hentry"],"acf":[],"rttpg_featured_image_url":{"full":["https:\/\/meeplendice.net\/wp-content\/uploads\/2019\/04\/Subterra_Annihilation.png",350,350,false],"landscape":["https:\/\/meeplendice.net\/wp-content\/uploads\/2019\/04\/Subterra_Annihilation.png",350,350,false],"portraits":["https:\/\/meeplendice.net\/wp-content\/uploads\/2019\/04\/Subterra_Annihilation.png",350,350,false],"thumbnail":["https:\/\/meeplendice.net\/wp-content\/uploads\/2019\/04\/Subterra_Annihilation-150x150.png",150,150,true],"medium":["https:\/\/meeplendice.net\/wp-content\/uploads\/2019\/04\/Subterra_Annihilation-300x300.png",300,300,true],"large":["https:\/\/meeplendice.net\/wp-content\/uploads\/2019\/04\/Subterra_Annihilation.png",350,350,false],"ug_big":["https:\/\/meeplendice.net\/wp-content\/uploads\/2019\/04\/Subterra_Annihilation.png",350,350,false],"1536x1536":["https:\/\/meeplendice.net\/wp-content\/uploads\/2019\/04\/Subterra_Annihilation.png",350,350,false],"2048x2048":["https:\/\/meeplendice.net\/wp-content\/uploads\/2019\/04\/Subterra_Annihilation.png",350,350,false],"ashe-slider-grid-thumbnail":["https:\/\/meeplendice.net\/wp-content\/uploads\/2019\/04\/Subterra_Annihilation.png",350,350,false],"ashe-full-thumbnail":["https:\/\/meeplendice.net\/wp-content\/uploads\/2019\/04\/Subterra_Annihilation.png",350,350,false],"ashe-grid-thumbnail":["https:\/\/meeplendice.net\/wp-content\/uploads\/2019\/04\/Subterra_Annihilation-350x330.png",350,330,true],"ashe-list-thumbnail":["https:\/\/meeplendice.net\/wp-content\/uploads\/2019\/04\/Subterra_Annihilation-300x300.png",300,300,true],"ashe-single-navigation":["https:\/\/meeplendice.net\/wp-content\/uploads\/2019\/04\/Subterra_Annihilation-75x75.png",75,75,true],"mailpoet_newsletter_max":["https:\/\/meeplendice.net\/wp-content\/uploads\/2019\/04\/Subterra_Annihilation.png",350,350,false],"rpwe-thumbnail":["https:\/\/meeplendice.net\/wp-content\/uploads\/2019\/04\/Subterra_Annihilation-45x45.png",45,45,true],"sow-carousel-default":["https:\/\/meeplendice.net\/wp-content\/uploads\/2019\/04\/Subterra_Annihilation-272x182.png",272,182,true],"rt_custom":["https:\/\/meeplendice.net\/wp-content\/uploads\/2019\/04\/Subterra_Annihilation.png",350,350,false]},"rttpg_author":{"display_name":"Karnby","author_link":"https:\/\/meeplendice.net\/?author=2"},"rttpg_comment":0,"rttpg_category":null,"rttpg_excerpt":"Vous \u00eates compl\u00e8tement d\u00e9pass\u00e9s ! Les cauchemars de ces cavernes doivent \u00eatre \u00e9radiqu\u00e9es, co\u00fbte que co\u00fbte. Aid\u00e9 par le sinistre Exterminateur, transportez de puissants explosifs jusqu&rsquo;aux points de faiblesse structurelle des grottes, puis \u00e9chappez-vous avant la d\u00e9tonation finale. \u00c7a ne va pas \u00eatre de tout repos !","_links":{"self":[{"href":"https:\/\/meeplendice.net\/index.php?rest_route=\/wp\/v2\/pages\/4961","targetHints":{"allow":["GET"]}}],"collection":[{"href":"https:\/\/meeplendice.net\/index.php?rest_route=\/wp\/v2\/pages"}],"about":[{"href":"https:\/\/meeplendice.net\/index.php?rest_route=\/wp\/v2\/types\/page"}],"author":[{"embeddable":true,"href":"https:\/\/meeplendice.net\/index.php?rest_route=\/wp\/v2\/users\/2"}],"replies":[{"embeddable":true,"href":"https:\/\/meeplendice.net\/index.php?rest_route=%2Fwp%2Fv2%2Fcomments&post=4961"}],"version-history":[{"count":3,"href":"https:\/\/meeplendice.net\/index.php?rest_route=\/wp\/v2\/pages\/4961\/revisions"}],"predecessor-version":[{"id":7489,"href":"https:\/\/meeplendice.net\/index.php?rest_route=\/wp\/v2\/pages\/4961\/revisions\/7489"}],"up":[{"embeddable":true,"href":"https:\/\/meeplendice.net\/index.php?rest_route=\/wp\/v2\/pages\/4948"}],"wp:featuredmedia":[{"embeddable":true,"href":"https:\/\/meeplendice.net\/index.php?rest_route=\/wp\/v2\/media\/4958"}],"wp:attachment":[{"href":"https:\/\/meeplendice.net\/index.php?rest_route=%2Fwp%2Fv2%2Fmedia&parent=4961"}],"curies":[{"name":"wp","href":"https:\/\/api.w.org\/{rel}","templated":true}]}}