{"id":4963,"date":"2019-04-24T21:27:30","date_gmt":"2019-04-24T20:27:30","guid":{"rendered":"http:\/\/meeplendice.net\/?page_id=4963"},"modified":"2020-11-20T18:32:51","modified_gmt":"2020-11-20T17:32:51","slug":"investigation","status":"publish","type":"page","link":"https:\/\/meeplendice.net\/?page_id=4963","title":{"rendered":"Investigation"},"content":{"rendered":"<p><span id=\"result_box\" class=\"\" lang=\"fr\">Vous n&rsquo;avez pas tous surv\u00e9cu.<\/span><\/p>\n<p><span id=\"result_box\" class=\"\" lang=\"fr\"><span class=\"\">Avec l&rsquo;aide d&rsquo;un myst\u00e9rieux commanditaire, vous retournez dans les cavernes \u00e0 la recherche de vos compagnons disparu. Engagez l&rsquo;implacable Agent et munissez-vous d&rsquo;objets qui vous seront pr\u00e9cieux pour faire face aux nombreuses \u00e9preuves qui vous attendent sous terre. <\/span><\/span><\/p>\n<p><span id=\"result_box\" class=\"\" lang=\"fr\"><span class=\"\">Les t\u00e9n\u00e8bres rec\u00e8lent de nombreux dangers. Partez pr\u00e9par\u00e9s !<\/span><\/span><em><span id=\"result_box\" class=\"\" lang=\"fr\"><span class=\"\"><br \/>\n<\/span><\/span><\/em><\/p>\n","protected":false},"excerpt":{"rendered":"<p>Vous n&rsquo;avez pas tous surv\u00e9cu. Avec l&rsquo;aide d&rsquo;un myst\u00e9rieux commanditaire, vous retournez dans les cavernes \u00e0 la recherche de vos compagnons disparu. Engagez l&rsquo;implacable Agent et munissez-vous d&rsquo;objets qui vous seront pr\u00e9cieux pour faire face aux nombreuses \u00e9preuves qui vous attendent sous terre. Les t\u00e9n\u00e8bres rec\u00e8lent de nombreux dangers. Partez pr\u00e9par\u00e9s !<\/p>\n","protected":false},"author":2,"featured_media":4960,"parent":4948,"menu_order":2,"comment_status":"closed","ping_status":"closed","template":"","meta":{"footnotes":""},"class_list":["post-4963","page","type-page","status-publish","has-post-thumbnail","hentry"],"acf":[],"rttpg_featured_image_url":{"full":["https:\/\/meeplendice.net\/wp-content\/uploads\/2019\/04\/Subterra_Investigation.png",350,350,false],"landscape":["https:\/\/meeplendice.net\/wp-content\/uploads\/2019\/04\/Subterra_Investigation.png",350,350,false],"portraits":["https:\/\/meeplendice.net\/wp-content\/uploads\/2019\/04\/Subterra_Investigation.png",350,350,false],"thumbnail":["https:\/\/meeplendice.net\/wp-content\/uploads\/2019\/04\/Subterra_Investigation-150x150.png",150,150,true],"medium":["https:\/\/meeplendice.net\/wp-content\/uploads\/2019\/04\/Subterra_Investigation-300x300.png",300,300,true],"large":["https:\/\/meeplendice.net\/wp-content\/uploads\/2019\/04\/Subterra_Investigation.png",350,350,false],"ug_big":["https:\/\/meeplendice.net\/wp-content\/uploads\/2019\/04\/Subterra_Investigation.png",350,350,false],"1536x1536":["https:\/\/meeplendice.net\/wp-content\/uploads\/2019\/04\/Subterra_Investigation.png",350,350,false],"2048x2048":["https:\/\/meeplendice.net\/wp-content\/uploads\/2019\/04\/Subterra_Investigation.png",350,350,false],"ashe-slider-grid-thumbnail":["https:\/\/meeplendice.net\/wp-content\/uploads\/2019\/04\/Subterra_Investigation.png",350,350,false],"ashe-full-thumbnail":["https:\/\/meeplendice.net\/wp-content\/uploads\/2019\/04\/Subterra_Investigation.png",350,350,false],"ashe-grid-thumbnail":["https:\/\/meeplendice.net\/wp-content\/uploads\/2019\/04\/Subterra_Investigation-350x330.png",350,330,true],"ashe-list-thumbnail":["https:\/\/meeplendice.net\/wp-content\/uploads\/2019\/04\/Subterra_Investigation-300x300.png",300,300,true],"ashe-single-navigation":["https:\/\/meeplendice.net\/wp-content\/uploads\/2019\/04\/Subterra_Investigation-75x75.png",75,75,true],"mailpoet_newsletter_max":["https:\/\/meeplendice.net\/wp-content\/uploads\/2019\/04\/Subterra_Investigation.png",350,350,false],"rpwe-thumbnail":["https:\/\/meeplendice.net\/wp-content\/uploads\/2019\/04\/Subterra_Investigation-45x45.png",45,45,true],"sow-carousel-default":["https:\/\/meeplendice.net\/wp-content\/uploads\/2019\/04\/Subterra_Investigation-272x182.png",272,182,true],"rt_custom":["https:\/\/meeplendice.net\/wp-content\/uploads\/2019\/04\/Subterra_Investigation.png",350,350,false]},"rttpg_author":{"display_name":"Karnby","author_link":"https:\/\/meeplendice.net\/?author=2"},"rttpg_comment":0,"rttpg_category":null,"rttpg_excerpt":"Vous n&rsquo;avez pas tous surv\u00e9cu. Avec l&rsquo;aide d&rsquo;un myst\u00e9rieux commanditaire, vous retournez dans les cavernes \u00e0 la recherche de vos compagnons disparu. Engagez l&rsquo;implacable Agent et munissez-vous d&rsquo;objets qui vous seront pr\u00e9cieux pour faire face aux nombreuses \u00e9preuves qui vous attendent sous terre. Les t\u00e9n\u00e8bres rec\u00e8lent de nombreux dangers. Partez pr\u00e9par\u00e9s !","_links":{"self":[{"href":"https:\/\/meeplendice.net\/index.php?rest_route=\/wp\/v2\/pages\/4963","targetHints":{"allow":["GET"]}}],"collection":[{"href":"https:\/\/meeplendice.net\/index.php?rest_route=\/wp\/v2\/pages"}],"about":[{"href":"https:\/\/meeplendice.net\/index.php?rest_route=\/wp\/v2\/types\/page"}],"author":[{"embeddable":true,"href":"https:\/\/meeplendice.net\/index.php?rest_route=\/wp\/v2\/users\/2"}],"replies":[{"embeddable":true,"href":"https:\/\/meeplendice.net\/index.php?rest_route=%2Fwp%2Fv2%2Fcomments&post=4963"}],"version-history":[{"count":4,"href":"https:\/\/meeplendice.net\/index.php?rest_route=\/wp\/v2\/pages\/4963\/revisions"}],"predecessor-version":[{"id":7490,"href":"https:\/\/meeplendice.net\/index.php?rest_route=\/wp\/v2\/pages\/4963\/revisions\/7490"}],"up":[{"embeddable":true,"href":"https:\/\/meeplendice.net\/index.php?rest_route=\/wp\/v2\/pages\/4948"}],"wp:featuredmedia":[{"embeddable":true,"href":"https:\/\/meeplendice.net\/index.php?rest_route=\/wp\/v2\/media\/4960"}],"wp:attachment":[{"href":"https:\/\/meeplendice.net\/index.php?rest_route=%2Fwp%2Fv2%2Fmedia&parent=4963"}],"curies":[{"name":"wp","href":"https:\/\/api.w.org\/{rel}","templated":true}]}}