{"id":4968,"date":"2019-04-24T21:30:53","date_gmt":"2019-04-24T20:30:53","guid":{"rendered":"http:\/\/meeplendice.net\/?page_id=4968"},"modified":"2020-11-20T18:33:04","modified_gmt":"2020-11-20T17:33:04","slug":"extraction","status":"publish","type":"page","link":"https:\/\/meeplendice.net\/?page_id=4968","title":{"rendered":"Extraction"},"content":{"rendered":"<p><span id=\"result_box\" class=\"\" lang=\"fr\">Vous \u00eates retourn\u00e9s dans les cavernes, et vous n\u2019\u00eates pas seuls !<\/span><\/p>\n<p>Une nouvelle menace a \u00e9merg\u00e9 des t\u00e9n\u00e8bres, plus rapide, plus dangereuse et pr\u00eate \u00e0 vous pourchasser\u2026 Employez un puissant Mercenaire pour vous d\u00e9fendre contre cette invasion et pour ramener \u00e0 la surface les preuves de son \u00e9mergence. Vous n\u2019avez pas le droit \u00e0 l\u2019\u00e9chec !<\/p>\n","protected":false},"excerpt":{"rendered":"<p>Vous \u00eates retourn\u00e9s dans les cavernes, et vous n\u2019\u00eates pas seuls ! Une nouvelle menace a \u00e9merg\u00e9 des t\u00e9n\u00e8bres, plus rapide, plus dangereuse et pr\u00eate \u00e0 vous pourchasser\u2026 Employez un puissant Mercenaire pour vous d\u00e9fendre contre cette invasion et pour ramener \u00e0 la surface les preuves de son \u00e9mergence. Vous n\u2019avez pas le droit \u00e0 l\u2019\u00e9chec !<\/p>\n","protected":false},"author":2,"featured_media":4959,"parent":4948,"menu_order":3,"comment_status":"closed","ping_status":"closed","template":"","meta":{"footnotes":""},"class_list":["post-4968","page","type-page","status-publish","has-post-thumbnail","hentry"],"acf":[],"rttpg_featured_image_url":{"full":["https:\/\/meeplendice.net\/wp-content\/uploads\/2019\/04\/Subterra_Extration.png",350,350,false],"landscape":["https:\/\/meeplendice.net\/wp-content\/uploads\/2019\/04\/Subterra_Extration.png",350,350,false],"portraits":["https:\/\/meeplendice.net\/wp-content\/uploads\/2019\/04\/Subterra_Extration.png",350,350,false],"thumbnail":["https:\/\/meeplendice.net\/wp-content\/uploads\/2019\/04\/Subterra_Extration-150x150.png",150,150,true],"medium":["https:\/\/meeplendice.net\/wp-content\/uploads\/2019\/04\/Subterra_Extration-300x300.png",300,300,true],"large":["https:\/\/meeplendice.net\/wp-content\/uploads\/2019\/04\/Subterra_Extration.png",350,350,false],"ug_big":["https:\/\/meeplendice.net\/wp-content\/uploads\/2019\/04\/Subterra_Extration.png",350,350,false],"1536x1536":["https:\/\/meeplendice.net\/wp-content\/uploads\/2019\/04\/Subterra_Extration.png",350,350,false],"2048x2048":["https:\/\/meeplendice.net\/wp-content\/uploads\/2019\/04\/Subterra_Extration.png",350,350,false],"ashe-slider-grid-thumbnail":["https:\/\/meeplendice.net\/wp-content\/uploads\/2019\/04\/Subterra_Extration.png",350,350,false],"ashe-full-thumbnail":["https:\/\/meeplendice.net\/wp-content\/uploads\/2019\/04\/Subterra_Extration.png",350,350,false],"ashe-grid-thumbnail":["https:\/\/meeplendice.net\/wp-content\/uploads\/2019\/04\/Subterra_Extration-350x330.png",350,330,true],"ashe-list-thumbnail":["https:\/\/meeplendice.net\/wp-content\/uploads\/2019\/04\/Subterra_Extration-300x300.png",300,300,true],"ashe-single-navigation":["https:\/\/meeplendice.net\/wp-content\/uploads\/2019\/04\/Subterra_Extration-75x75.png",75,75,true],"mailpoet_newsletter_max":["https:\/\/meeplendice.net\/wp-content\/uploads\/2019\/04\/Subterra_Extration.png",350,350,false],"rpwe-thumbnail":["https:\/\/meeplendice.net\/wp-content\/uploads\/2019\/04\/Subterra_Extration-45x45.png",45,45,true],"sow-carousel-default":["https:\/\/meeplendice.net\/wp-content\/uploads\/2019\/04\/Subterra_Extration-272x182.png",272,182,true],"rt_custom":["https:\/\/meeplendice.net\/wp-content\/uploads\/2019\/04\/Subterra_Extration.png",350,350,false]},"rttpg_author":{"display_name":"Karnby","author_link":"https:\/\/meeplendice.net\/?author=2"},"rttpg_comment":0,"rttpg_category":null,"rttpg_excerpt":"Vous \u00eates retourn\u00e9s dans les cavernes, et vous n\u2019\u00eates pas seuls ! Une nouvelle menace a \u00e9merg\u00e9 des t\u00e9n\u00e8bres, plus rapide, plus dangereuse et pr\u00eate \u00e0 vous pourchasser\u2026 Employez un puissant Mercenaire pour vous d\u00e9fendre contre cette invasion et pour ramener \u00e0 la surface les preuves de son \u00e9mergence. Vous n\u2019avez pas le droit \u00e0\u2026","_links":{"self":[{"href":"https:\/\/meeplendice.net\/index.php?rest_route=\/wp\/v2\/pages\/4968","targetHints":{"allow":["GET"]}}],"collection":[{"href":"https:\/\/meeplendice.net\/index.php?rest_route=\/wp\/v2\/pages"}],"about":[{"href":"https:\/\/meeplendice.net\/index.php?rest_route=\/wp\/v2\/types\/page"}],"author":[{"embeddable":true,"href":"https:\/\/meeplendice.net\/index.php?rest_route=\/wp\/v2\/users\/2"}],"replies":[{"embeddable":true,"href":"https:\/\/meeplendice.net\/index.php?rest_route=%2Fwp%2Fv2%2Fcomments&post=4968"}],"version-history":[{"count":2,"href":"https:\/\/meeplendice.net\/index.php?rest_route=\/wp\/v2\/pages\/4968\/revisions"}],"predecessor-version":[{"id":7491,"href":"https:\/\/meeplendice.net\/index.php?rest_route=\/wp\/v2\/pages\/4968\/revisions\/7491"}],"up":[{"embeddable":true,"href":"https:\/\/meeplendice.net\/index.php?rest_route=\/wp\/v2\/pages\/4948"}],"wp:featuredmedia":[{"embeddable":true,"href":"https:\/\/meeplendice.net\/index.php?rest_route=\/wp\/v2\/media\/4959"}],"wp:attachment":[{"href":"https:\/\/meeplendice.net\/index.php?rest_route=%2Fwp%2Fv2%2Fmedia&parent=4968"}],"curies":[{"name":"wp","href":"https:\/\/api.w.org\/{rel}","templated":true}]}}