{"id":4987,"date":"2019-04-28T18:11:09","date_gmt":"2019-04-28T17:11:09","guid":{"rendered":"http:\/\/meeplendice.net\/?page_id=4987"},"modified":"2020-09-03T10:31:10","modified_gmt":"2020-09-03T09:31:10","slug":"le-6eme-apprenti","status":"publish","type":"page","link":"https:\/\/meeplendice.net\/?page_id=4987","title":{"rendered":"Le 6eme Apprenti"},"content":{"rendered":"<p><em>Chers \u00e9l\u00e8ves, <\/em><\/p>\n<p><em>L\u2019Acad\u00e9mie a \u00e9t\u00e9 enti\u00e8rement r\u00e9nov\u00e9e ! Nous avons agrandi nos salles de classe pour accueillir davantage d\u2019apprentis sorciers et nous nous sommes m\u00eame offert un Distributeur d\u2019Ingr\u00e9dients dernier cri ! Le programme de cette ann\u00e9e sera plus charg\u00e9, et vous devrez changer de salle de classe lorsque la cloche retenti ra ! Vous apprendrez \u00e9galement \u00e0 pr\u00e9parer de nouvelles Potions, ainsi qu\u2019\u00e0 utiliser un nouvel Ingr\u00e9dient joker : les Feuilles de Mandragore. <\/em><\/p>\n<p><em>Bonne chance !<\/em><\/p>\n<p><em><br \/>\n<\/em><span id=\"result_box\" class=\"\" lang=\"fr\"><\/span><\/p>\n","protected":false},"excerpt":{"rendered":"<p>Chers \u00e9l\u00e8ves, L\u2019Acad\u00e9mie a \u00e9t\u00e9 enti\u00e8rement r\u00e9nov\u00e9e ! Nous avons agrandi nos salles de classe pour accueillir davantage d\u2019apprentis sorciers et nous nous sommes m\u00eame offert un Distributeur d\u2019Ingr\u00e9dients dernier cri ! Le programme de cette ann\u00e9e sera plus charg\u00e9, et vous devrez changer de salle de classe lorsque la cloche retenti ra ! Vous apprendrez \u00e9galement \u00e0 pr\u00e9parer de nouvelles Potions, ainsi qu\u2019\u00e0 utiliser un nouvel Ingr\u00e9dient joker : les Feuilles de Mandragore. Bonne chance !<\/p>\n","protected":false},"author":2,"featured_media":4985,"parent":390,"menu_order":2,"comment_status":"closed","ping_status":"closed","template":"","meta":{"footnotes":""},"class_list":["post-4987","page","type-page","status-publish","has-post-thumbnail","hentry"],"acf":[],"rttpg_featured_image_url":{"full":["https:\/\/meeplendice.net\/wp-content\/uploads\/2019\/04\/PE_6emeapprenti.png",350,350,false],"landscape":["https:\/\/meeplendice.net\/wp-content\/uploads\/2019\/04\/PE_6emeapprenti.png",350,350,false],"portraits":["https:\/\/meeplendice.net\/wp-content\/uploads\/2019\/04\/PE_6emeapprenti.png",350,350,false],"thumbnail":["https:\/\/meeplendice.net\/wp-content\/uploads\/2019\/04\/PE_6emeapprenti-150x150.png",150,150,true],"medium":["https:\/\/meeplendice.net\/wp-content\/uploads\/2019\/04\/PE_6emeapprenti-300x300.png",300,300,true],"large":["https:\/\/meeplendice.net\/wp-content\/uploads\/2019\/04\/PE_6emeapprenti.png",350,350,false],"ug_big":["https:\/\/meeplendice.net\/wp-content\/uploads\/2019\/04\/PE_6emeapprenti.png",350,350,false],"1536x1536":["https:\/\/meeplendice.net\/wp-content\/uploads\/2019\/04\/PE_6emeapprenti.png",350,350,false],"2048x2048":["https:\/\/meeplendice.net\/wp-content\/uploads\/2019\/04\/PE_6emeapprenti.png",350,350,false],"ashe-slider-grid-thumbnail":["https:\/\/meeplendice.net\/wp-content\/uploads\/2019\/04\/PE_6emeapprenti.png",350,350,false],"ashe-full-thumbnail":["https:\/\/meeplendice.net\/wp-content\/uploads\/2019\/04\/PE_6emeapprenti.png",350,350,false],"ashe-grid-thumbnail":["https:\/\/meeplendice.net\/wp-content\/uploads\/2019\/04\/PE_6emeapprenti-350x330.png",350,330,true],"ashe-list-thumbnail":["https:\/\/meeplendice.net\/wp-content\/uploads\/2019\/04\/PE_6emeapprenti-300x300.png",300,300,true],"ashe-single-navigation":["https:\/\/meeplendice.net\/wp-content\/uploads\/2019\/04\/PE_6emeapprenti-75x75.png",75,75,true],"mailpoet_newsletter_max":["https:\/\/meeplendice.net\/wp-content\/uploads\/2019\/04\/PE_6emeapprenti.png",350,350,false],"rpwe-thumbnail":["https:\/\/meeplendice.net\/wp-content\/uploads\/2019\/04\/PE_6emeapprenti-45x45.png",45,45,true],"sow-carousel-default":["https:\/\/meeplendice.net\/wp-content\/uploads\/2019\/04\/PE_6emeapprenti-272x182.png",272,182,true],"rt_custom":["https:\/\/meeplendice.net\/wp-content\/uploads\/2019\/04\/PE_6emeapprenti.png",350,350,false]},"rttpg_author":{"display_name":"Karnby","author_link":"https:\/\/meeplendice.net\/?author=2"},"rttpg_comment":0,"rttpg_category":null,"rttpg_excerpt":"Chers \u00e9l\u00e8ves, L\u2019Acad\u00e9mie a \u00e9t\u00e9 enti\u00e8rement r\u00e9nov\u00e9e ! Nous avons agrandi nos salles de classe pour accueillir davantage d\u2019apprentis sorciers et nous nous sommes m\u00eame offert un Distributeur d\u2019Ingr\u00e9dients dernier cri ! Le programme de cette ann\u00e9e sera plus charg\u00e9, et vous devrez changer de salle de classe lorsque la cloche retenti ra ! Vous\u2026","_links":{"self":[{"href":"https:\/\/meeplendice.net\/index.php?rest_route=\/wp\/v2\/pages\/4987","targetHints":{"allow":["GET"]}}],"collection":[{"href":"https:\/\/meeplendice.net\/index.php?rest_route=\/wp\/v2\/pages"}],"about":[{"href":"https:\/\/meeplendice.net\/index.php?rest_route=\/wp\/v2\/types\/page"}],"author":[{"embeddable":true,"href":"https:\/\/meeplendice.net\/index.php?rest_route=\/wp\/v2\/users\/2"}],"replies":[{"embeddable":true,"href":"https:\/\/meeplendice.net\/index.php?rest_route=%2Fwp%2Fv2%2Fcomments&post=4987"}],"version-history":[{"count":2,"href":"https:\/\/meeplendice.net\/index.php?rest_route=\/wp\/v2\/pages\/4987\/revisions"}],"predecessor-version":[{"id":6716,"href":"https:\/\/meeplendice.net\/index.php?rest_route=\/wp\/v2\/pages\/4987\/revisions\/6716"}],"up":[{"embeddable":true,"href":"https:\/\/meeplendice.net\/index.php?rest_route=\/wp\/v2\/pages\/390"}],"wp:featuredmedia":[{"embeddable":true,"href":"https:\/\/meeplendice.net\/index.php?rest_route=\/wp\/v2\/media\/4985"}],"wp:attachment":[{"href":"https:\/\/meeplendice.net\/index.php?rest_route=%2Fwp%2Fv2%2Fmedia&parent=4987"}],"curies":[{"name":"wp","href":"https:\/\/api.w.org\/{rel}","templated":true}]}}