{"id":4991,"date":"2019-04-28T18:16:38","date_gmt":"2019-04-28T17:16:38","guid":{"rendered":"http:\/\/meeplendice.net\/?page_id=4991"},"modified":"2020-11-22T16:00:33","modified_gmt":"2020-11-22T15:00:33","slug":"beyond-the-black","status":"publish","type":"page","link":"https:\/\/meeplendice.net\/?page_id=4991","title":{"rendered":"Beyond the Black"},"content":{"rendered":"<p><span id=\"result_box\" lang=\"fr\"><span class=\"hps\">Votre galaxie s&rsquo;est \u00e9tendue jusqu&rsquo;aux confins de l&rsquo;espace connu. Vous rivalisez avec vos ennemis et vous battez bec et ongles pour les plan\u00e8tes fertiles. Il est grand temps d&rsquo;\u00e9largir vos horizons. Am\u00e9liorez vos vaisseaux gr\u00e2ce aux nouvelles technologie, engagez les pilotes les plus exp\u00e9riment\u00e9s, et avancez dans la noirceur la plus profonde de l&rsquo;univers&#8230;<\/span><\/span><span id=\"result_box\" class=\"\" lang=\"fr\"><\/span><\/p>\n","protected":false},"excerpt":{"rendered":"<p>Votre galaxie s&rsquo;est \u00e9tendue jusqu&rsquo;aux confins de l&rsquo;espace connu. Vous rivalisez avec vos ennemis et vous battez bec et ongles pour les plan\u00e8tes fertiles. Il est grand temps d&rsquo;\u00e9largir vos horizons. Am\u00e9liorez vos vaisseaux gr\u00e2ce aux nouvelles technologie, engagez les pilotes les plus exp\u00e9riment\u00e9s, et avancez dans la noirceur la plus profonde de l&rsquo;univers&#8230;<\/p>\n","protected":false},"author":2,"featured_media":4984,"parent":4069,"menu_order":1,"comment_status":"closed","ping_status":"closed","template":"","meta":{"footnotes":""},"class_list":["post-4991","page","type-page","status-publish","has-post-thumbnail","hentry"],"acf":[],"rttpg_featured_image_url":{"full":["https:\/\/meeplendice.net\/wp-content\/uploads\/2019\/04\/TEG_Beyondblack.png",350,350,false],"landscape":["https:\/\/meeplendice.net\/wp-content\/uploads\/2019\/04\/TEG_Beyondblack.png",350,350,false],"portraits":["https:\/\/meeplendice.net\/wp-content\/uploads\/2019\/04\/TEG_Beyondblack.png",350,350,false],"thumbnail":["https:\/\/meeplendice.net\/wp-content\/uploads\/2019\/04\/TEG_Beyondblack-150x150.png",150,150,true],"medium":["https:\/\/meeplendice.net\/wp-content\/uploads\/2019\/04\/TEG_Beyondblack-300x300.png",300,300,true],"large":["https:\/\/meeplendice.net\/wp-content\/uploads\/2019\/04\/TEG_Beyondblack.png",350,350,false],"ug_big":["https:\/\/meeplendice.net\/wp-content\/uploads\/2019\/04\/TEG_Beyondblack.png",350,350,false],"1536x1536":["https:\/\/meeplendice.net\/wp-content\/uploads\/2019\/04\/TEG_Beyondblack.png",350,350,false],"2048x2048":["https:\/\/meeplendice.net\/wp-content\/uploads\/2019\/04\/TEG_Beyondblack.png",350,350,false],"ashe-slider-grid-thumbnail":["https:\/\/meeplendice.net\/wp-content\/uploads\/2019\/04\/TEG_Beyondblack.png",350,350,false],"ashe-full-thumbnail":["https:\/\/meeplendice.net\/wp-content\/uploads\/2019\/04\/TEG_Beyondblack.png",350,350,false],"ashe-grid-thumbnail":["https:\/\/meeplendice.net\/wp-content\/uploads\/2019\/04\/TEG_Beyondblack-350x330.png",350,330,true],"ashe-list-thumbnail":["https:\/\/meeplendice.net\/wp-content\/uploads\/2019\/04\/TEG_Beyondblack-300x300.png",300,300,true],"ashe-single-navigation":["https:\/\/meeplendice.net\/wp-content\/uploads\/2019\/04\/TEG_Beyondblack-75x75.png",75,75,true],"mailpoet_newsletter_max":["https:\/\/meeplendice.net\/wp-content\/uploads\/2019\/04\/TEG_Beyondblack.png",350,350,false],"rpwe-thumbnail":["https:\/\/meeplendice.net\/wp-content\/uploads\/2019\/04\/TEG_Beyondblack-45x45.png",45,45,true],"sow-carousel-default":["https:\/\/meeplendice.net\/wp-content\/uploads\/2019\/04\/TEG_Beyondblack-272x182.png",272,182,true],"rt_custom":["https:\/\/meeplendice.net\/wp-content\/uploads\/2019\/04\/TEG_Beyondblack.png",350,350,false]},"rttpg_author":{"display_name":"Karnby","author_link":"https:\/\/meeplendice.net\/?author=2"},"rttpg_comment":0,"rttpg_category":null,"rttpg_excerpt":"Votre galaxie s&rsquo;est \u00e9tendue jusqu&rsquo;aux confins de l&rsquo;espace connu. Vous rivalisez avec vos ennemis et vous battez bec et ongles pour les plan\u00e8tes fertiles. Il est grand temps d&rsquo;\u00e9largir vos horizons. Am\u00e9liorez vos vaisseaux gr\u00e2ce aux nouvelles technologie, engagez les pilotes les plus exp\u00e9riment\u00e9s, et avancez dans la noirceur la plus profonde de l&rsquo;univers&#8230;","_links":{"self":[{"href":"https:\/\/meeplendice.net\/index.php?rest_route=\/wp\/v2\/pages\/4991","targetHints":{"allow":["GET"]}}],"collection":[{"href":"https:\/\/meeplendice.net\/index.php?rest_route=\/wp\/v2\/pages"}],"about":[{"href":"https:\/\/meeplendice.net\/index.php?rest_route=\/wp\/v2\/types\/page"}],"author":[{"embeddable":true,"href":"https:\/\/meeplendice.net\/index.php?rest_route=\/wp\/v2\/users\/2"}],"replies":[{"embeddable":true,"href":"https:\/\/meeplendice.net\/index.php?rest_route=%2Fwp%2Fv2%2Fcomments&post=4991"}],"version-history":[{"count":4,"href":"https:\/\/meeplendice.net\/index.php?rest_route=\/wp\/v2\/pages\/4991\/revisions"}],"predecessor-version":[{"id":7595,"href":"https:\/\/meeplendice.net\/index.php?rest_route=\/wp\/v2\/pages\/4991\/revisions\/7595"}],"up":[{"embeddable":true,"href":"https:\/\/meeplendice.net\/index.php?rest_route=\/wp\/v2\/pages\/4069"}],"wp:featuredmedia":[{"embeddable":true,"href":"https:\/\/meeplendice.net\/index.php?rest_route=\/wp\/v2\/media\/4984"}],"wp:attachment":[{"href":"https:\/\/meeplendice.net\/index.php?rest_route=%2Fwp%2Fv2%2Fmedia&parent=4991"}],"curies":[{"name":"wp","href":"https:\/\/api.w.org\/{rel}","templated":true}]}}