{"id":5020,"date":"2019-04-28T19:13:08","date_gmt":"2019-04-28T18:13:08","guid":{"rendered":"http:\/\/meeplendice.net\/?page_id=5020"},"modified":"2020-12-24T15:55:03","modified_gmt":"2020-12-24T14:55:03","slug":"res-arcana","status":"publish","type":"page","link":"https:\/\/meeplendice.net\/?page_id=5020","title":{"rendered":"Res Arcana"},"content":{"rendered":"<div id=\"pl-5020\"  class=\"panel-layout\" ><div id=\"pg-5020-0\"  class=\"panel-grid panel-no-style\" ><div id=\"pgc-5020-0-0\"  class=\"panel-grid-cell\" ><div id=\"panel-5020-0-0-0\" class=\"so-panel widget widget_sow-editor panel-first-child panel-last-child\" data-index=\"0\" ><div\n\t\t\t\n\t\t\tclass=\"so-widget-sow-editor so-widget-sow-editor-base\"\n\t\t\t\n\t\t>\n<div class=\"siteorigin-widget-tinymce textwidget\">\n\t<p style=\"text-align: center;\"><strong>Nombre de joueurs :<br \/>\n<\/strong>2 - 4 (5 avec extension)<\/p>\n<\/div>\n<\/div><\/div><\/div><div id=\"pgc-5020-0-1\"  class=\"panel-grid-cell\" ><div id=\"panel-5020-0-1-0\" class=\"so-panel widget widget_sow-editor panel-first-child panel-last-child\" data-index=\"1\" ><div\n\t\t\t\n\t\t\tclass=\"so-widget-sow-editor so-widget-sow-editor-base\"\n\t\t\t\n\t\t>\n<div class=\"siteorigin-widget-tinymce textwidget\">\n\t<p style=\"text-align: center;\"><strong>Dur\u00e9e moyenne :<\/strong><br \/>\n60 min<\/p>\n<\/div>\n<\/div><\/div><\/div><div id=\"pgc-5020-0-2\"  class=\"panel-grid-cell\" ><div id=\"panel-5020-0-2-0\" class=\"so-panel widget widget_sow-editor panel-first-child panel-last-child\" data-index=\"2\" ><div\n\t\t\t\n\t\t\tclass=\"so-widget-sow-editor so-widget-sow-editor-base\"\n\t\t\t\n\t\t>\n<div class=\"siteorigin-widget-tinymce textwidget\">\n\t<p style=\"text-align: center;\"><strong>Age :<\/strong><br \/>\n12 ans et plus<\/p>\n<\/div>\n<\/div><\/div><\/div><\/div><div id=\"pg-5020-1\"  class=\"panel-grid panel-no-style\" ><div id=\"pgc-5020-1-0\"  class=\"panel-grid-cell\" ><div id=\"panel-5020-1-0-0\" class=\"so-panel widget widget_sow-editor panel-first-child panel-last-child\" data-index=\"3\" ><div\n\t\t\t\n\t\t\tclass=\"so-widget-sow-editor so-widget-sow-editor-base\"\n\t\t\t\n\t\t>\n<div class=\"siteorigin-widget-tinymce textwidget\">\n\t<p style=\"text-align: center;\"><strong>Auteur(s) :<br \/>\n<\/strong>Tom Lehmann<\/p>\n<\/div>\n<\/div><\/div><\/div><div id=\"pgc-5020-1-1\"  class=\"panel-grid-cell\" ><div id=\"panel-5020-1-1-0\" class=\"so-panel widget widget_sow-editor panel-first-child panel-last-child\" data-index=\"4\" ><div\n\t\t\t\n\t\t\tclass=\"so-widget-sow-editor so-widget-sow-editor-base\"\n\t\t\t\n\t\t>\n<div class=\"siteorigin-widget-tinymce textwidget\">\n\t<p style=\"text-align: center;\"><strong>Illustrations :<\/strong><br \/>\nJulien Delval<\/p>\n<\/div>\n<\/div><\/div><\/div><div id=\"pgc-5020-1-2\"  class=\"panel-grid-cell\" ><div id=\"panel-5020-1-2-0\" class=\"so-panel widget widget_sow-editor panel-first-child panel-last-child\" data-index=\"5\" ><div\n\t\t\t\n\t\t\tclass=\"so-widget-sow-editor so-widget-sow-editor-base\"\n\t\t\t\n\t\t>\n<div class=\"siteorigin-widget-tinymce textwidget\">\n\t<p style=\"text-align: center;\"><strong>\u00c9dition :<\/strong><br \/>\nSand Castle Games<br \/>\n2019<\/p>\n<\/div>\n<\/div><\/div><\/div><div id=\"pgc-5020-1-3\"  class=\"panel-grid-cell\" ><div id=\"panel-5020-1-3-0\" class=\"so-panel widget widget_sow-editor panel-first-child panel-last-child\" data-index=\"6\" ><div\n\t\t\t\n\t\t\tclass=\"so-widget-sow-editor so-widget-sow-editor-base\"\n\t\t\t\n\t\t>\n<div class=\"siteorigin-widget-tinymce textwidget\">\n\t<p style=\"text-align: center;\"><strong>Version :<\/strong><br \/>\nFran\u00e7aise<\/p>\n<\/div>\n<\/div><\/div><\/div><\/div><div id=\"pg-5020-2\"  class=\"panel-grid panel-no-style\" ><div id=\"pgc-5020-2-0\"  class=\"panel-grid-cell\" ><div id=\"panel-5020-2-0-0\" class=\"so-panel widget widget_sow-editor panel-first-child panel-last-child\" data-index=\"7\" ><div\n\t\t\t\n\t\t\tclass=\"so-widget-sow-editor so-widget-sow-editor-base\"\n\t\t\t\n\t\t>\n<div class=\"siteorigin-widget-tinymce textwidget\">\n\t<hr \/>\n<p>Reclus dans sa haute tour, un Alchimiste pr\u00e9pare d'\u00e9tranges d\u00e9coctions. Au coeur d'une for\u00eat sacr\u00e9e, une Druidesse broie des herbes pour son prochain rituel mystiques. Dans les tr\u00e9fonds silencieux des catacombes, une N\u00e9cromancienne fait surgir du n\u00e9ant un dragon d'os.<\/p>\n<p>Bienvenue dans Res Arcana o\u00f9 la Vie, la Mort, la Vigueur, la S\u00e9r\u00e9nit\u00e9 et l'Or sont les essences magiques qui gouvernent le monde. Choisissez votre mage, collectez des essences et fabriquez de puissants artefacts pour invoquer des cr\u00e9atures et des dragons, conqu\u00e9rir des lieux de puissance et remporter la victoire !<\/p>\n<\/div>\n<\/div><\/div><\/div><\/div><div id=\"pg-5020-3\"  class=\"panel-grid panel-no-style\" ><div id=\"pgc-5020-3-0\"  class=\"panel-grid-cell\" ><div id=\"panel-5020-3-0-0\" class=\"so-panel widget widget_sow-editor panel-first-child panel-last-child\" data-index=\"8\" ><div\n\t\t\t\n\t\t\tclass=\"so-widget-sow-editor so-widget-sow-editor-base\"\n\t\t\t\n\t\t>\n<div class=\"siteorigin-widget-tinymce textwidget\">\n\t<hr \/>\n<p style=\"text-align: center;\"><strong>En vid\u00e9o<\/strong><\/p>\n<p>De l'explication des r\u00e8gles :<\/p>\n<ul>\n<li>Tric Trac<\/li>\n<\/ul>\n<p><a href=\"https:\/\/www.trictrac.net\/actus\/res-arcana-de-lexplication\" target=\"_blank\" rel=\"noopener noreferrer\"><img loading=\"lazy\" decoding=\"async\" class=\"alignnone size-full wp-image-107\" src=\"http:\/\/meeplendice.net\/wp-content\/uploads\/2016\/08\/TT_explication.png\" alt=\"TT_explication\" width=\"200\" height=\"170\" \/><\/a><\/p>\n<p>De la partie :<\/p>\n<ul>\n<li>Tric Trac<\/li>\n<\/ul>\n<p><a href=\"https:\/\/www.trictrac.net\/actus\/res-arcana-de-la-partie\" target=\"_blank\" rel=\"noopener noreferrer\"><img loading=\"lazy\" decoding=\"async\" class=\"alignnone size-full wp-image-117\" src=\"http:\/\/meeplendice.net\/wp-content\/uploads\/2016\/08\/TT_partie_1.png\" alt=\"TT_partie_1\" width=\"200\" height=\"170\" \/><\/a><\/p>\n<\/div>\n<\/div><\/div><\/div><div id=\"pgc-5020-3-1\"  class=\"panel-grid-cell\" ><div id=\"panel-5020-3-1-0\" class=\"so-panel widget widget_sow-editor panel-first-child panel-last-child\" data-index=\"9\" ><div\n\t\t\t\n\t\t\tclass=\"so-widget-sow-editor so-widget-sow-editor-base\"\n\t\t\t\n\t\t>\n<div class=\"siteorigin-widget-tinymce textwidget\">\n\t<hr \/>\n<p style=\"text-align: center;\"><strong>Extension(s)<\/strong><\/p>\n<p>&nbsp;<\/p>\n<p style=\"text-align: center;\"><style type='text\/css' media='all'>#rt-tpg-container-3424981467 .read-more a{border-radius:px;}#rt-tpg-container-3424981467 .rt-img-holder img.rt-img-responsive,#rt-tpg-container-3424981467 .rt-img-holder,\n\t\t\t\t\t#rt-tpg-container-3424981467 .rt-post-overlay .post-img,\n\t\t\t\t\t#rt-tpg-container-3424981467 .post-sm .post-img,\n\t\t\t\t\t#rt-tpg-container-3424981467 .rt-post-grid .post-img,\n\t\t\t\t\t#rt-tpg-container-3424981467 .post-img img {border-radius:px;}#rt-tpg-container-3424981467 .layout9 .rt-holder h2.entry-title,\n\t\t\t\t\t#rt-tpg-container-3424981467 .layout9 .rt-holder h3.entry-title,\n\t\t\t\t\t#rt-tpg-container-3424981467 .layout9 .rt-holder h4.entry-title,\n\t\t\t\t\t#rt-tpg-container-3424981467 .layout9 .rt-holder h2.entry-title a,\n\t\t\t\t\t#rt-tpg-container-3424981467 .layout9 .rt-holder h3.entry-title a,\n\t\t\t\t\t#rt-tpg-container-3424981467 .layout9 .rt-holder h4.entry-title a,\n\t\t\t\t\t#rt-tpg-container-3424981467 .rt-holder .rt-woo-info h2 a,\n\t\t\t\t\t#rt-tpg-container-3424981467 .rt-holder .rt-woo-info h3 a,\n\t\t\t\t\t#rt-tpg-container-3424981467 .rt-holder .rt-woo-info h4 a,\n\t\t\t\t\t#rt-tpg-container-3424981467 .post-content .post-title,\n\t\t\t\t\t#rt-tpg-container-3424981467 .rt-post-grid .post-title,\n\t\t\t\t\t#rt-tpg-container-3424981467 .rt-post-grid .post-title a,\n\t\t\t\t\t#rt-tpg-container-3424981467 .post-content .post-title a,\n\t\t\t\t\t#rt-tpg-container-3424981467 .rt-holder .rt-woo-info h2,\n\t\t\t\t\t#rt-tpg-container-3424981467 .rt-holder .rt-woo-info h3,\n\t\t\t\t\t#rt-tpg-container-3424981467 .rt-holder .rt-woo-info h4{font-size:16px;line-height:26px;font-weight:normal;text-align:center;}#rt-tpg-container-3424981467 .post-grid-lg-style-1 .post-title,\n\t\t\t\t\t\t#rt-tpg-container-3424981467 .post-grid-lg-style-1 .post-title a,\n\t\t\t\t\t\t#rt-tpg-container-3424981467 .big-layout .post-title,\n\t\t\t\t\t\t#rt-tpg-container-3424981467 .big-layout .post-title a,\n\t\t\t\t\t\t#rt-tpg-container-3424981467 .post-grid-lg-style-1 .post-title,\n\t\t\t\t\t\t#rt-tpg-container-3424981467 .post-grid-lg-style-1 .post-title a {font-size:24px;line-height:34px;}<\/style><div class='rt-container-fluid rt-tpg-container tpg-shortcode-main-wrapper ' id='rt-tpg-container-3424981467'   data-layout='layout9' data-grid-style='even' data-desktop-col='2'  data-tab-col='2'  data-mobile-col='1' data-sc-id='5469'><div data-title='Loading ...' class='rt-row rt-content-loader   layout9 tpg-even '><div class=\"rt-col-md-6 rt-col-sm-6 rt-col-xs-12 even-grid-item rt-grid-item img_zoom_in\" data-id=\"5460\"><div class=\"rt-holder\"><div class='overlay'><a data-id='5460' class=' tpg-single-popup' href='https:\/\/meeplendice.net\/?page_id=5460'><img loading=\"lazy\" decoding=\"async\" width=\"350\" height=\"350\" src=\"https:\/\/meeplendice.net\/wp-content\/uploads\/2019\/12\/ResArcana_LT.png\" class=\"rt-img-responsive \" alt=\"\" \/><\/a><\/div><div class='post-info'><h2 class=\"entry-title\"><a data-id=\"5460\" class=\" tpg-single-popup\" href=\"https:\/\/meeplendice.net\/?page_id=5460\">Lux et Tenebrae<\/a><\/h2><div class='post-meta-user '><\/div><\/div><\/div><\/div><div class=\"rt-col-md-6 rt-col-sm-6 rt-col-xs-12 even-grid-item rt-grid-item img_zoom_in\" data-id=\"8912\"><div class=\"rt-holder\"><div class='overlay'><a data-id='8912' class=' tpg-single-popup' href='https:\/\/meeplendice.net\/?page_id=8912'><img loading=\"lazy\" decoding=\"async\" width=\"350\" height=\"350\" src=\"https:\/\/meeplendice.net\/wp-content\/uploads\/2021\/12\/ResArcana_Perlaeimperii.png\" class=\"rt-img-responsive \" alt=\"\" \/><\/a><\/div><div class='post-info'><h2 class=\"entry-title\"><a data-id=\"8912\" class=\" tpg-single-popup\" href=\"https:\/\/meeplendice.net\/?page_id=8912\">Perlae Imperii<\/a><\/h2><div class='post-meta-user '><\/div><\/div><\/div><\/div><\/div><div class='rt-pagination-wrap' data-total-pages='1' data-posts-per-page='3' data-type='pagination_ajax'  ><div class='rt-page-numbers'><\/div><\/div><\/div><\/p>\n<\/div>\n<\/div><\/div><\/div><\/div><div id=\"pg-5020-4\"  class=\"panel-grid panel-no-style\" ><div id=\"pgc-5020-4-0\"  class=\"panel-grid-cell\" ><div id=\"panel-5020-4-0-0\" class=\"so-panel widget widget_sow-editor panel-first-child panel-last-child\" data-index=\"10\" ><div\n\t\t\t\n\t\t\tclass=\"so-widget-sow-editor so-widget-sow-editor-base\"\n\t\t\t\n\t\t>\n<div class=\"siteorigin-widget-tinymce textwidget\">\n\t<hr \/>\n<p style=\"text-align: center;\"><strong>Pour aller plus loin<\/strong><\/p>\n<\/div>\n<\/div><\/div><\/div><\/div><\/div>","protected":false},"excerpt":{"rendered":"<p>Nombre de joueurs : 2 &#8211; 4 (5 avec extension) Dur\u00e9e moyenne : 60 min Age : 12 ans et plus Auteur(s) : Tom Lehmann Illustrations : Julien Delval \u00c9dition : Sand Castle Games 2019 Version : Fran\u00e7aise<\/p>\n","protected":false},"author":2,"featured_media":5005,"parent":0,"menu_order":0,"comment_status":"closed","ping_status":"closed","template":"","meta":{"footnotes":""},"class_list":["post-5020","page","type-page","status-publish","has-post-thumbnail","hentry"],"acf":[],"rttpg_featured_image_url":{"full":["https:\/\/meeplendice.net\/wp-content\/uploads\/2019\/04\/ResArcana.png",350,350,false],"landscape":["https:\/\/meeplendice.net\/wp-content\/uploads\/2019\/04\/ResArcana.png",350,350,false],"portraits":["https:\/\/meeplendice.net\/wp-content\/uploads\/2019\/04\/ResArcana.png",350,350,false],"thumbnail":["https:\/\/meeplendice.net\/wp-content\/uploads\/2019\/04\/ResArcana-150x150.png",150,150,true],"medium":["https:\/\/meeplendice.net\/wp-content\/uploads\/2019\/04\/ResArcana-300x300.png",300,300,true],"large":["https:\/\/meeplendice.net\/wp-content\/uploads\/2019\/04\/ResArcana.png",350,350,false],"ug_big":["https:\/\/meeplendice.net\/wp-content\/uploads\/2019\/04\/ResArcana.png",350,350,false],"1536x1536":["https:\/\/meeplendice.net\/wp-content\/uploads\/2019\/04\/ResArcana.png",350,350,false],"2048x2048":["https:\/\/meeplendice.net\/wp-content\/uploads\/2019\/04\/ResArcana.png",350,350,false],"ashe-slider-grid-thumbnail":["https:\/\/meeplendice.net\/wp-content\/uploads\/2019\/04\/ResArcana.png",350,350,false],"ashe-full-thumbnail":["https:\/\/meeplendice.net\/wp-content\/uploads\/2019\/04\/ResArcana.png",350,350,false],"ashe-grid-thumbnail":["https:\/\/meeplendice.net\/wp-content\/uploads\/2019\/04\/ResArcana-350x330.png",350,330,true],"ashe-list-thumbnail":["https:\/\/meeplendice.net\/wp-content\/uploads\/2019\/04\/ResArcana-300x300.png",300,300,true],"ashe-single-navigation":["https:\/\/meeplendice.net\/wp-content\/uploads\/2019\/04\/ResArcana-75x75.png",75,75,true],"mailpoet_newsletter_max":["https:\/\/meeplendice.net\/wp-content\/uploads\/2019\/04\/ResArcana.png",350,350,false],"rpwe-thumbnail":["https:\/\/meeplendice.net\/wp-content\/uploads\/2019\/04\/ResArcana-45x45.png",45,45,true],"sow-carousel-default":["https:\/\/meeplendice.net\/wp-content\/uploads\/2019\/04\/ResArcana-272x182.png",272,182,true],"rt_custom":["https:\/\/meeplendice.net\/wp-content\/uploads\/2019\/04\/ResArcana.png",350,350,false]},"rttpg_author":{"display_name":"Karnby","author_link":"https:\/\/meeplendice.net\/?author=2"},"rttpg_comment":0,"rttpg_category":null,"rttpg_excerpt":"Nombre de joueurs : 2 - 4 (5 avec extension) Dur\u00e9e moyenne : 60 min Age : 12 ans et plus Auteur(s) : Tom Lehmann Illustrations : Julien Delval \u00c9dition : Sand Castle Games 2019 Version : Fran\u00e7aise","_links":{"self":[{"href":"https:\/\/meeplendice.net\/index.php?rest_route=\/wp\/v2\/pages\/5020","targetHints":{"allow":["GET"]}}],"collection":[{"href":"https:\/\/meeplendice.net\/index.php?rest_route=\/wp\/v2\/pages"}],"about":[{"href":"https:\/\/meeplendice.net\/index.php?rest_route=\/wp\/v2\/types\/page"}],"author":[{"embeddable":true,"href":"https:\/\/meeplendice.net\/index.php?rest_route=\/wp\/v2\/users\/2"}],"replies":[{"embeddable":true,"href":"https:\/\/meeplendice.net\/index.php?rest_route=%2Fwp%2Fv2%2Fcomments&post=5020"}],"version-history":[{"count":10,"href":"https:\/\/meeplendice.net\/index.php?rest_route=\/wp\/v2\/pages\/5020\/revisions"}],"predecessor-version":[{"id":7892,"href":"https:\/\/meeplendice.net\/index.php?rest_route=\/wp\/v2\/pages\/5020\/revisions\/7892"}],"wp:featuredmedia":[{"embeddable":true,"href":"https:\/\/meeplendice.net\/index.php?rest_route=\/wp\/v2\/media\/5005"}],"wp:attachment":[{"href":"https:\/\/meeplendice.net\/index.php?rest_route=%2Fwp%2Fv2%2Fmedia&parent=5020"}],"curies":[{"name":"wp","href":"https:\/\/api.w.org\/{rel}","templated":true}]}}