{"id":5025,"date":"2019-04-28T19:28:25","date_gmt":"2019-04-28T18:28:25","guid":{"rendered":"http:\/\/meeplendice.net\/?page_id=5025"},"modified":"2020-11-13T14:59:28","modified_gmt":"2020-11-13T13:59:28","slug":"culte","status":"publish","type":"page","link":"https:\/\/meeplendice.net\/?page_id=5025","title":{"rendered":"Culte"},"content":{"rendered":"<div id=\"pl-5025\"  class=\"panel-layout\" ><div id=\"pg-5025-0\"  class=\"panel-grid panel-no-style\" ><div id=\"pgc-5025-0-0\"  class=\"panel-grid-cell\" ><div id=\"panel-5025-0-0-0\" class=\"so-panel widget widget_sow-editor panel-first-child panel-last-child\" data-index=\"0\" ><div\n\t\t\t\n\t\t\tclass=\"so-widget-sow-editor so-widget-sow-editor-base\"\n\t\t\t\n\t\t>\n<div class=\"siteorigin-widget-tinymce textwidget\">\n\t<p style=\"text-align: center;\"><strong>Nombre de joueurs :<\/strong><br \/>\n2 - 5<\/p>\n<\/div>\n<\/div><\/div><\/div><div id=\"pgc-5025-0-1\"  class=\"panel-grid-cell\" ><div id=\"panel-5025-0-1-0\" class=\"so-panel widget widget_sow-editor panel-first-child panel-last-child\" data-index=\"1\" ><div\n\t\t\t\n\t\t\tclass=\"so-widget-sow-editor so-widget-sow-editor-base\"\n\t\t\t\n\t\t>\n<div class=\"siteorigin-widget-tinymce textwidget\">\n\t<p style=\"text-align: center;\"><strong>Dur\u00e9e moyenne :<br \/>\n<\/strong> 120 min<\/p>\n<\/div>\n<\/div><\/div><\/div><div id=\"pgc-5025-0-2\"  class=\"panel-grid-cell\" ><div id=\"panel-5025-0-2-0\" class=\"so-panel widget widget_sow-editor panel-first-child panel-last-child\" data-index=\"2\" ><div\n\t\t\t\n\t\t\tclass=\"so-widget-sow-editor so-widget-sow-editor-base\"\n\t\t\t\n\t\t>\n<div class=\"siteorigin-widget-tinymce textwidget\">\n\t<p style=\"text-align: center;\"><strong>Age :<\/strong><br \/>\n14 ans et plus<\/p>\n<\/div>\n<\/div><\/div><\/div><\/div><div id=\"pg-5025-1\"  class=\"panel-grid panel-no-style\" ><div id=\"pgc-5025-1-0\"  class=\"panel-grid-cell\" ><div id=\"panel-5025-1-0-0\" class=\"so-panel widget widget_sow-editor panel-first-child panel-last-child\" data-index=\"3\" ><div\n\t\t\t\n\t\t\tclass=\"so-widget-sow-editor so-widget-sow-editor-base\"\n\t\t\t\n\t\t>\n<div class=\"siteorigin-widget-tinymce textwidget\">\n\t<p style=\"text-align: center;\"><strong>Auteur(s) :<br \/>\n<\/strong>Konstantin Seleznev<\/p>\n<\/div>\n<\/div><\/div><\/div><div id=\"pgc-5025-1-1\"  class=\"panel-grid-cell\" ><div id=\"panel-5025-1-1-0\" class=\"so-panel widget widget_sow-editor panel-first-child panel-last-child\" data-index=\"4\" ><div\n\t\t\t\n\t\t\tclass=\"so-widget-sow-editor so-widget-sow-editor-base\"\n\t\t\t\n\t\t>\n<div class=\"siteorigin-widget-tinymce textwidget\">\n\t<p style=\"text-align: center;\"><strong>Illustrations :<\/strong><br \/>\nAnton Kvasovarov<\/p>\n<\/div>\n<\/div><\/div><\/div><div id=\"pgc-5025-1-2\"  class=\"panel-grid-cell\" ><div id=\"panel-5025-1-2-0\" class=\"so-panel widget widget_sow-editor panel-first-child panel-last-child\" data-index=\"5\" ><div\n\t\t\t\n\t\t\tclass=\"so-widget-sow-editor so-widget-sow-editor-base\"\n\t\t\t\n\t\t>\n<div class=\"siteorigin-widget-tinymce textwidget\">\n\t<p style=\"text-align: center;\"><strong>\u00c9dition :<\/strong><br \/>\nIgrology<br \/>\nBragelone<br \/>\n2019<\/p>\n<\/div>\n<\/div><\/div><\/div><div id=\"pgc-5025-1-3\"  class=\"panel-grid-cell\" ><div id=\"panel-5025-1-3-0\" class=\"so-panel widget widget_sow-editor panel-first-child panel-last-child\" data-index=\"6\" ><div\n\t\t\t\n\t\t\tclass=\"so-widget-sow-editor so-widget-sow-editor-base\"\n\t\t\t\n\t\t>\n<div class=\"siteorigin-widget-tinymce textwidget\">\n\t<p style=\"text-align: center;\"><strong>Version :<\/strong><br \/>\nFran\u00e7aise<\/p>\n<\/div>\n<\/div><\/div><\/div><\/div><div id=\"pg-5025-2\"  class=\"panel-grid panel-no-style\" ><div id=\"pgc-5025-2-0\"  class=\"panel-grid-cell\" ><div id=\"panel-5025-2-0-0\" class=\"so-panel widget widget_sow-editor panel-first-child panel-last-child\" data-index=\"7\" ><div\n\t\t\t\n\t\t\tclass=\"so-widget-sow-editor so-widget-sow-editor-base\"\n\t\t\t\n\t\t>\n<div class=\"siteorigin-widget-tinymce textwidget\">\n\t<hr \/>\n<p>Les forces des t\u00e9n\u00e8bres sont impitoyables m\u00eame avec leurs fid\u00e8les !<\/p>\n<p>La fin du monde est proche ! Choisissez judicieusement parmi les divinit\u00e9s mal\u00e9fiques qui sommeillent au plus profond du monde celle \u00e0 laquelle vous allez pr\u00eater all\u00e9geance et offrir votre \u00e2me. Vous allez devoir invoquer et renforcer votre d\u00e9it\u00e9 plus vite que vos rivaux. L\u2019heure est au recrutement de Fid\u00e8les, aux rituels sombres, aux pots-de-vin et au soul\u00e8vement de foules rageuses.<\/p>\n<p>Utilisez vos Pr\u00eatres les plus loyaux afin qu'ils prennent possession des lieux le plus importants de la Cit\u00e9 \u00c9ternelle. Ils se battront contre les autres cultes afin d'asseoir votre influence, de recruter des Fid\u00e8les et de vous apporter de nombreux avantages, pour que votre divinit\u00e9 puisse imposer sa domination sur les esprits et les \u00e2mes de ce monde<\/p>\n<\/div>\n<\/div><\/div><\/div><\/div><div id=\"pg-5025-3\"  class=\"panel-grid panel-no-style\" ><div id=\"pgc-5025-3-0\"  class=\"panel-grid-cell\" ><div id=\"panel-5025-3-0-0\" class=\"so-panel widget widget_sow-editor panel-first-child panel-last-child\" data-index=\"8\" ><div\n\t\t\t\n\t\t\tclass=\"so-widget-sow-editor so-widget-sow-editor-base\"\n\t\t\t\n\t\t>\n<div class=\"siteorigin-widget-tinymce textwidget\">\n\t<hr \/>\n<p style=\"text-align: center;\"><strong>En vid\u00e9o<\/strong><\/p>\n<\/div>\n<\/div><\/div><\/div><\/div><div id=\"pg-5025-4\"  class=\"panel-grid panel-no-style\" ><div id=\"pgc-5025-4-0\"  class=\"panel-grid-cell\" ><div id=\"panel-5025-4-0-0\" class=\"so-panel widget widget_sow-editor panel-first-child panel-last-child\" data-index=\"9\" ><div\n\t\t\t\n\t\t\tclass=\"so-widget-sow-editor so-widget-sow-editor-base\"\n\t\t\t\n\t\t>\n<div class=\"siteorigin-widget-tinymce textwidget\">\n\t<hr \/>\n<p style=\"text-align: center;\"><strong>Pour aller plus loin<\/strong><\/p>\n<\/div>\n<\/div><\/div><\/div><\/div><\/div>","protected":false},"excerpt":{"rendered":"<p>Nombre de joueurs : 2 &#8211; 5 Dur\u00e9e moyenne : 120 min Age : 14 ans et plus Auteur(s) : Konstantin Seleznev Illustrations : Anton Kvasovarov \u00c9dition : Igrology Bragelone 2019 Version : Fran\u00e7aise<\/p>\n","protected":false},"author":2,"featured_media":5003,"parent":0,"menu_order":0,"comment_status":"closed","ping_status":"closed","template":"","meta":{"footnotes":""},"class_list":["post-5025","page","type-page","status-publish","has-post-thumbnail","hentry"],"acf":[],"rttpg_featured_image_url":{"full":["https:\/\/meeplendice.net\/wp-content\/uploads\/2019\/04\/Culte.png",350,350,false],"landscape":["https:\/\/meeplendice.net\/wp-content\/uploads\/2019\/04\/Culte.png",350,350,false],"portraits":["https:\/\/meeplendice.net\/wp-content\/uploads\/2019\/04\/Culte.png",350,350,false],"thumbnail":["https:\/\/meeplendice.net\/wp-content\/uploads\/2019\/04\/Culte-150x150.png",150,150,true],"medium":["https:\/\/meeplendice.net\/wp-content\/uploads\/2019\/04\/Culte-300x300.png",300,300,true],"large":["https:\/\/meeplendice.net\/wp-content\/uploads\/2019\/04\/Culte.png",350,350,false],"ug_big":["https:\/\/meeplendice.net\/wp-content\/uploads\/2019\/04\/Culte.png",350,350,false],"1536x1536":["https:\/\/meeplendice.net\/wp-content\/uploads\/2019\/04\/Culte.png",350,350,false],"2048x2048":["https:\/\/meeplendice.net\/wp-content\/uploads\/2019\/04\/Culte.png",350,350,false],"ashe-slider-grid-thumbnail":["https:\/\/meeplendice.net\/wp-content\/uploads\/2019\/04\/Culte.png",350,350,false],"ashe-full-thumbnail":["https:\/\/meeplendice.net\/wp-content\/uploads\/2019\/04\/Culte.png",350,350,false],"ashe-grid-thumbnail":["https:\/\/meeplendice.net\/wp-content\/uploads\/2019\/04\/Culte-350x330.png",350,330,true],"ashe-list-thumbnail":["https:\/\/meeplendice.net\/wp-content\/uploads\/2019\/04\/Culte-300x300.png",300,300,true],"ashe-single-navigation":["https:\/\/meeplendice.net\/wp-content\/uploads\/2019\/04\/Culte-75x75.png",75,75,true],"mailpoet_newsletter_max":["https:\/\/meeplendice.net\/wp-content\/uploads\/2019\/04\/Culte.png",350,350,false],"rpwe-thumbnail":["https:\/\/meeplendice.net\/wp-content\/uploads\/2019\/04\/Culte-45x45.png",45,45,true],"sow-carousel-default":["https:\/\/meeplendice.net\/wp-content\/uploads\/2019\/04\/Culte-272x182.png",272,182,true],"rt_custom":["https:\/\/meeplendice.net\/wp-content\/uploads\/2019\/04\/Culte.png",350,350,false]},"rttpg_author":{"display_name":"Karnby","author_link":"https:\/\/meeplendice.net\/?author=2"},"rttpg_comment":0,"rttpg_category":null,"rttpg_excerpt":"Nombre de joueurs : 2 - 5 Dur\u00e9e moyenne : 120 min Age : 14 ans et plus Auteur(s) : Konstantin Seleznev Illustrations : Anton Kvasovarov \u00c9dition : Igrology Bragelone 2019 Version : Fran\u00e7aise","_links":{"self":[{"href":"https:\/\/meeplendice.net\/index.php?rest_route=\/wp\/v2\/pages\/5025","targetHints":{"allow":["GET"]}}],"collection":[{"href":"https:\/\/meeplendice.net\/index.php?rest_route=\/wp\/v2\/pages"}],"about":[{"href":"https:\/\/meeplendice.net\/index.php?rest_route=\/wp\/v2\/types\/page"}],"author":[{"embeddable":true,"href":"https:\/\/meeplendice.net\/index.php?rest_route=\/wp\/v2\/users\/2"}],"replies":[{"embeddable":true,"href":"https:\/\/meeplendice.net\/index.php?rest_route=%2Fwp%2Fv2%2Fcomments&post=5025"}],"version-history":[{"count":7,"href":"https:\/\/meeplendice.net\/index.php?rest_route=\/wp\/v2\/pages\/5025\/revisions"}],"predecessor-version":[{"id":7217,"href":"https:\/\/meeplendice.net\/index.php?rest_route=\/wp\/v2\/pages\/5025\/revisions\/7217"}],"wp:featuredmedia":[{"embeddable":true,"href":"https:\/\/meeplendice.net\/index.php?rest_route=\/wp\/v2\/media\/5003"}],"wp:attachment":[{"href":"https:\/\/meeplendice.net\/index.php?rest_route=%2Fwp%2Fv2%2Fmedia&parent=5025"}],"curies":[{"name":"wp","href":"https:\/\/api.w.org\/{rel}","templated":true}]}}