{"id":5077,"date":"2019-07-30T11:12:39","date_gmt":"2019-07-30T10:12:39","guid":{"rendered":"http:\/\/meeplendice.net\/?page_id=5077"},"modified":"2022-01-24T15:44:37","modified_gmt":"2022-01-24T14:44:37","slug":"black-wars-roses","status":"publish","type":"page","link":"https:\/\/meeplendice.net\/?page_id=5077","title":{"rendered":"Black Rose Wars"},"content":{"rendered":"<div id=\"pl-5077\"  class=\"panel-layout\" ><div id=\"pg-5077-0\"  class=\"panel-grid panel-no-style\" ><div id=\"pgc-5077-0-0\"  class=\"panel-grid-cell\" ><div id=\"panel-5077-0-0-0\" class=\"so-panel widget widget_sow-editor panel-first-child panel-last-child\" data-index=\"0\" ><div\n\t\t\t\n\t\t\tclass=\"so-widget-sow-editor so-widget-sow-editor-base\"\n\t\t\t\n\t\t>\n<div class=\"siteorigin-widget-tinymce textwidget\">\n\t<p style=\"text-align: center;\"><strong>Nombre de joueurs :<\/strong><br \/>\n2 - 4 (6 avec extension)<\/p>\n<\/div>\n<\/div><\/div><\/div><div id=\"pgc-5077-0-1\"  class=\"panel-grid-cell\" ><div id=\"panel-5077-0-1-0\" class=\"so-panel widget widget_sow-editor panel-first-child panel-last-child\" data-index=\"1\" ><div\n\t\t\t\n\t\t\tclass=\"so-widget-sow-editor so-widget-sow-editor-base\"\n\t\t\t\n\t\t>\n<div class=\"siteorigin-widget-tinymce textwidget\">\n\t<p style=\"text-align: center;\"><strong>Dur\u00e9e moyenne :<\/strong><br \/>\n90 min<\/p>\n<\/div>\n<\/div><\/div><\/div><div id=\"pgc-5077-0-2\"  class=\"panel-grid-cell\" ><div id=\"panel-5077-0-2-0\" class=\"so-panel widget widget_sow-editor panel-first-child panel-last-child\" data-index=\"2\" ><div\n\t\t\t\n\t\t\tclass=\"so-widget-sow-editor so-widget-sow-editor-base\"\n\t\t\t\n\t\t>\n<div class=\"siteorigin-widget-tinymce textwidget\">\n\t<p style=\"text-align: center;\"><strong>Age :<\/strong><br \/>\n14 ans et plus<\/p>\n<\/div>\n<\/div><\/div><\/div><\/div><div id=\"pg-5077-1\"  class=\"panel-grid panel-no-style\" ><div id=\"pgc-5077-1-0\"  class=\"panel-grid-cell\" ><div id=\"panel-5077-1-0-0\" class=\"so-panel widget widget_sow-editor panel-first-child panel-last-child\" data-index=\"3\" ><div\n\t\t\t\n\t\t\tclass=\"so-widget-sow-editor so-widget-sow-editor-base\"\n\t\t\t\n\t\t>\n<div class=\"siteorigin-widget-tinymce textwidget\">\n\t<p style=\"text-align: center;\"><strong>Auteur(s) :<br \/>\n<\/strong>Marco Montanaro<\/p>\n<\/div>\n<\/div><\/div><\/div><div id=\"pgc-5077-1-1\"  class=\"panel-grid-cell\" ><div id=\"panel-5077-1-1-0\" class=\"so-panel widget widget_sow-editor panel-first-child panel-last-child\" data-index=\"4\" ><div\n\t\t\t\n\t\t\tclass=\"so-widget-sow-editor so-widget-sow-editor-base\"\n\t\t\t\n\t\t>\n<div class=\"siteorigin-widget-tinymce textwidget\">\n\t<p style=\"text-align: center;\"><strong>Illustrations :<br \/>\n<\/strong>Giovanni Pirrotta<br \/>\nHenning Ludvigsen<\/p>\n<\/div>\n<\/div><\/div><\/div><div id=\"pgc-5077-1-2\"  class=\"panel-grid-cell\" ><div id=\"panel-5077-1-2-0\" class=\"so-panel widget widget_sow-editor panel-first-child panel-last-child\" data-index=\"5\" ><div\n\t\t\t\n\t\t\tclass=\"so-widget-sow-editor so-widget-sow-editor-base\"\n\t\t\t\n\t\t>\n<div class=\"siteorigin-widget-tinymce textwidget\">\n\t<p style=\"text-align: center;\"><strong>\u00c9dition :<\/strong><br \/>\nLudus Magnus<br \/>\n2019<\/p>\n<\/div>\n<\/div><\/div><\/div><div id=\"pgc-5077-1-3\"  class=\"panel-grid-cell\" ><div id=\"panel-5077-1-3-0\" class=\"so-panel widget widget_sow-editor panel-first-child panel-last-child\" data-index=\"6\" ><div\n\t\t\t\n\t\t\tclass=\"so-widget-sow-editor so-widget-sow-editor-base\"\n\t\t\t\n\t\t>\n<div class=\"siteorigin-widget-tinymce textwidget\">\n\t<p style=\"text-align: center;\"><strong>Version :<\/strong><br \/>\nFran\u00e7aise<\/p>\n<\/div>\n<\/div><\/div><\/div><\/div><div id=\"pg-5077-2\"  class=\"panel-grid panel-no-style\" ><div id=\"pgc-5077-2-0\"  class=\"panel-grid-cell\" ><div id=\"panel-5077-2-0-0\" class=\"so-panel widget widget_sow-editor panel-first-child panel-last-child\" data-index=\"7\" ><div\n\t\t\t\n\t\t\tclass=\"so-widget-sow-editor so-widget-sow-editor-base\"\n\t\t\t\n\t\t>\n<div class=\"siteorigin-widget-tinymce textwidget\">\n\t<hr \/>\n<p>Turin, 1490.<\/p>\n<p>Une des Loges les plus puissantes et secr\u00e8tes de tous les temps s'est install\u00e9e dans la contr\u00e9e magique. Tous les dix ans, la Loge de la Rose Noire h\u00e9berge des Mages venus des quatre coins du monde, pour d\u00e9signer le nouveau Grand Ma\u00eetre qui dirigera la Loge durant la prochaine d\u00e9cade. Plusieurs Ecoles non-affili\u00e9es cherchent \u00e0 se faire un nom parmi les grands Magisters de la Loge afin d'acc\u00e8der aux secrets de ses arcanes.<\/p>\n<p>Venez participer \u00e0 la bataille. Choisissez votre \u00c9cole de Magie et d\u00e9cha\u00eenez votre fureur sur le champ de bataille. Mais, m\u00e9fiez-vous car la Loge est vivante en aucun Mage ne sera autoris\u00e9 \u00e0 s\u2019asseoir sur le tr\u00f4ne du Grand Ma\u00eetre s'il ne le m\u00e9rite pas.<\/p>\n<\/div>\n<\/div><\/div><\/div><\/div><div id=\"pg-5077-3\"  class=\"panel-grid panel-no-style\" ><div id=\"pgc-5077-3-0\"  class=\"panel-grid-cell\" ><div id=\"panel-5077-3-0-0\" class=\"so-panel widget widget_sow-editor panel-first-child panel-last-child\" data-index=\"8\" ><div\n\t\t\t\n\t\t\tclass=\"so-widget-sow-editor so-widget-sow-editor-base\"\n\t\t\t\n\t\t>\n<div class=\"siteorigin-widget-tinymce textwidget\">\n\t<hr \/>\n<h3 style=\"text-align: center;\">En vid\u00e9o<\/h3>\n<\/div>\n<\/div><\/div><\/div><\/div><div id=\"pg-5077-4\"  class=\"panel-grid panel-no-style\" ><div id=\"pgc-5077-4-0\"  class=\"panel-grid-cell\" ><div id=\"panel-5077-4-0-0\" class=\"so-panel widget widget_sow-editor panel-first-child panel-last-child\" data-index=\"9\" ><div\n\t\t\t\n\t\t\tclass=\"so-widget-sow-editor so-widget-sow-editor-base\"\n\t\t\t\n\t\t>\n<div class=\"siteorigin-widget-tinymce textwidget\">\n\t<hr \/>\n<h3 style=\"text-align: center;\">Extension(s)<\/h3>\n<p style=\"text-align: center;\"><style type='text\/css' media='all'>#rt-tpg-container-2382208305 .read-more a{border-radius:px;}#rt-tpg-container-2382208305 .rt-img-holder img.rt-img-responsive,#rt-tpg-container-2382208305 .rt-img-holder,\n\t\t\t\t\t#rt-tpg-container-2382208305 .rt-post-overlay .post-img,\n\t\t\t\t\t#rt-tpg-container-2382208305 .post-sm .post-img,\n\t\t\t\t\t#rt-tpg-container-2382208305 .rt-post-grid .post-img,\n\t\t\t\t\t#rt-tpg-container-2382208305 .post-img img {border-radius:px;}#rt-tpg-container-2382208305 .layout9 .rt-holder h2.entry-title,\n\t\t\t\t\t#rt-tpg-container-2382208305 .layout9 .rt-holder h3.entry-title,\n\t\t\t\t\t#rt-tpg-container-2382208305 .layout9 .rt-holder h4.entry-title,\n\t\t\t\t\t#rt-tpg-container-2382208305 .layout9 .rt-holder h2.entry-title a,\n\t\t\t\t\t#rt-tpg-container-2382208305 .layout9 .rt-holder h3.entry-title a,\n\t\t\t\t\t#rt-tpg-container-2382208305 .layout9 .rt-holder h4.entry-title a,\n\t\t\t\t\t#rt-tpg-container-2382208305 .rt-holder .rt-woo-info h2 a,\n\t\t\t\t\t#rt-tpg-container-2382208305 .rt-holder .rt-woo-info h3 a,\n\t\t\t\t\t#rt-tpg-container-2382208305 .rt-holder .rt-woo-info h4 a,\n\t\t\t\t\t#rt-tpg-container-2382208305 .post-content .post-title,\n\t\t\t\t\t#rt-tpg-container-2382208305 .rt-post-grid .post-title,\n\t\t\t\t\t#rt-tpg-container-2382208305 .rt-post-grid .post-title a,\n\t\t\t\t\t#rt-tpg-container-2382208305 .post-content .post-title a,\n\t\t\t\t\t#rt-tpg-container-2382208305 .rt-holder .rt-woo-info h2,\n\t\t\t\t\t#rt-tpg-container-2382208305 .rt-holder .rt-woo-info h3,\n\t\t\t\t\t#rt-tpg-container-2382208305 .rt-holder .rt-woo-info h4{font-size:16px;line-height:26px;font-weight:normal;text-align:center;}#rt-tpg-container-2382208305 .post-grid-lg-style-1 .post-title,\n\t\t\t\t\t\t#rt-tpg-container-2382208305 .post-grid-lg-style-1 .post-title a,\n\t\t\t\t\t\t#rt-tpg-container-2382208305 .big-layout .post-title,\n\t\t\t\t\t\t#rt-tpg-container-2382208305 .big-layout .post-title a,\n\t\t\t\t\t\t#rt-tpg-container-2382208305 .post-grid-lg-style-1 .post-title,\n\t\t\t\t\t\t#rt-tpg-container-2382208305 .post-grid-lg-style-1 .post-title a {font-size:24px;line-height:34px;}<\/style><div class='rt-container-fluid rt-tpg-container tpg-shortcode-main-wrapper ' id='rt-tpg-container-2382208305'   data-layout='layout9' data-grid-style='even' data-desktop-col='3'  data-tab-col='2'  data-mobile-col='1' data-sc-id='5085'><div data-title='Loading ...' class='rt-row rt-content-loader   layout9 tpg-even '><div class=\"rt-col-md-4 rt-col-sm-6 rt-col-xs-12 even-grid-item rt-grid-item img_zoom_in\" data-id=\"5081\"><div class=\"rt-holder\"><div class='overlay'><a data-id='5081' class=' tpg-single-popup' href='https:\/\/meeplendice.net\/?page_id=5081'><img loading=\"lazy\" decoding=\"async\" width=\"350\" height=\"350\" src=\"https:\/\/meeplendice.net\/wp-content\/uploads\/2020\/06\/BRW_Hiddenthorns.png\" class=\"rt-img-responsive \" alt=\"\" \/><\/a><\/div><div class='post-info'><h2 class=\"entry-title\"><a data-id=\"5081\" class=\" tpg-single-popup\" href=\"https:\/\/meeplendice.net\/?page_id=5081\">Hidden Thorns<\/a><\/h2><div class='post-meta-user '><\/div><\/div><\/div><\/div><div class=\"rt-col-md-4 rt-col-sm-6 rt-col-xs-12 even-grid-item rt-grid-item img_zoom_in\" data-id=\"5083\"><div class=\"rt-holder\"><div class='overlay'><a data-id='5083' class=' tpg-single-popup' href='https:\/\/meeplendice.net\/?page_id=5083'><img loading=\"lazy\" decoding=\"async\" width=\"350\" height=\"350\" src=\"https:\/\/meeplendice.net\/wp-content\/uploads\/2020\/06\/BRW_Crono.png\" class=\"rt-img-responsive \" alt=\"\" \/><\/a><\/div><div class='post-info'><h2 class=\"entry-title\"><a data-id=\"5083\" class=\" tpg-single-popup\" href=\"https:\/\/meeplendice.net\/?page_id=5083\">Crono<\/a><\/h2><div class='post-meta-user '><\/div><\/div><\/div><\/div><div class=\"rt-col-md-4 rt-col-sm-6 rt-col-xs-12 even-grid-item rt-grid-item img_zoom_in\" data-id=\"9805\"><div class=\"rt-holder\"><div class='overlay'><a data-id='9805' class=' tpg-single-popup' href='https:\/\/meeplendice.net\/?page_id=9805'><img loading=\"lazy\" decoding=\"async\" width=\"350\" height=\"350\" src=\"https:\/\/meeplendice.net\/wp-content\/uploads\/2022\/05\/BRW_Cerberus.png\" class=\"rt-img-responsive \" alt=\"\" \/><\/a><\/div><div class='post-info'><h2 class=\"entry-title\"><a data-id=\"9805\" class=\" tpg-single-popup\" href=\"https:\/\/meeplendice.net\/?page_id=9805\">Cerberus<\/a><\/h2><div class='post-meta-user '><\/div><\/div><\/div><\/div><\/div><div class='rt-pagination-wrap' data-total-pages='2' data-posts-per-page='3' data-type='pagination_ajax'  ><div class='rt-page-numbers'><\/div><\/div><\/div><\/p>\n<\/div>\n<\/div><\/div><\/div><\/div><div id=\"pg-5077-5\"  class=\"panel-grid panel-no-style\" ><div id=\"pgc-5077-5-0\"  class=\"panel-grid-cell\" ><div id=\"panel-5077-5-0-0\" class=\"so-panel widget widget_sow-editor panel-first-child panel-last-child\" data-index=\"10\" ><div\n\t\t\t\n\t\t\tclass=\"so-widget-sow-editor so-widget-sow-editor-base\"\n\t\t\t\n\t\t>\n<div class=\"siteorigin-widget-tinymce textwidget\">\n\t<hr \/>\n<h3 style=\"text-align: center;\">Pour aller plus loin<strong><br \/>\n<\/strong><\/h3>\n<p>&nbsp;<\/p>\n<\/div>\n<\/div><\/div><\/div><\/div><\/div>","protected":false},"excerpt":{"rendered":"<p>Nombre de joueurs : 2 &#8211; 4 (6 avec extension) Dur\u00e9e moyenne : 90 min Age : 14 ans et plus Auteur(s) : Marco Montanaro Illustrations : Giovanni Pirrotta Henning Ludvigsen \u00c9dition : Ludus Magnus 2019 Version : Fran\u00e7aise<\/p>\n","protected":false},"author":2,"featured_media":5840,"parent":0,"menu_order":0,"comment_status":"closed","ping_status":"closed","template":"","meta":{"footnotes":""},"class_list":["post-5077","page","type-page","status-publish","has-post-thumbnail","hentry"],"acf":[],"rttpg_featured_image_url":{"full":["https:\/\/meeplendice.net\/wp-content\/uploads\/2020\/06\/BlackRoseWars.png",350,350,false],"landscape":["https:\/\/meeplendice.net\/wp-content\/uploads\/2020\/06\/BlackRoseWars.png",350,350,false],"portraits":["https:\/\/meeplendice.net\/wp-content\/uploads\/2020\/06\/BlackRoseWars.png",350,350,false],"thumbnail":["https:\/\/meeplendice.net\/wp-content\/uploads\/2020\/06\/BlackRoseWars-150x150.png",150,150,true],"medium":["https:\/\/meeplendice.net\/wp-content\/uploads\/2020\/06\/BlackRoseWars-300x300.png",300,300,true],"large":["https:\/\/meeplendice.net\/wp-content\/uploads\/2020\/06\/BlackRoseWars.png",350,350,false],"ug_big":["https:\/\/meeplendice.net\/wp-content\/uploads\/2020\/06\/BlackRoseWars.png",350,350,false],"1536x1536":["https:\/\/meeplendice.net\/wp-content\/uploads\/2020\/06\/BlackRoseWars.png",350,350,false],"2048x2048":["https:\/\/meeplendice.net\/wp-content\/uploads\/2020\/06\/BlackRoseWars.png",350,350,false],"ashe-slider-grid-thumbnail":["https:\/\/meeplendice.net\/wp-content\/uploads\/2020\/06\/BlackRoseWars.png",350,350,false],"ashe-full-thumbnail":["https:\/\/meeplendice.net\/wp-content\/uploads\/2020\/06\/BlackRoseWars.png",350,350,false],"ashe-grid-thumbnail":["https:\/\/meeplendice.net\/wp-content\/uploads\/2020\/06\/BlackRoseWars-350x330.png",350,330,true],"ashe-list-thumbnail":["https:\/\/meeplendice.net\/wp-content\/uploads\/2020\/06\/BlackRoseWars-300x300.png",300,300,true],"ashe-single-navigation":["https:\/\/meeplendice.net\/wp-content\/uploads\/2020\/06\/BlackRoseWars-75x75.png",75,75,true],"mailpoet_newsletter_max":["https:\/\/meeplendice.net\/wp-content\/uploads\/2020\/06\/BlackRoseWars.png",350,350,false],"rpwe-thumbnail":["https:\/\/meeplendice.net\/wp-content\/uploads\/2020\/06\/BlackRoseWars-45x45.png",45,45,true],"sow-carousel-default":["https:\/\/meeplendice.net\/wp-content\/uploads\/2020\/06\/BlackRoseWars-272x182.png",272,182,true],"rt_custom":["https:\/\/meeplendice.net\/wp-content\/uploads\/2020\/06\/BlackRoseWars.png",350,350,false]},"rttpg_author":{"display_name":"Karnby","author_link":"https:\/\/meeplendice.net\/?author=2"},"rttpg_comment":0,"rttpg_category":null,"rttpg_excerpt":"Nombre de joueurs : 2 - 4 (6 avec extension) Dur\u00e9e moyenne : 90 min Age : 14 ans et plus Auteur(s) : Marco Montanaro Illustrations : Giovanni Pirrotta Henning Ludvigsen \u00c9dition : Ludus Magnus 2019 Version : Fran\u00e7aise","_links":{"self":[{"href":"https:\/\/meeplendice.net\/index.php?rest_route=\/wp\/v2\/pages\/5077","targetHints":{"allow":["GET"]}}],"collection":[{"href":"https:\/\/meeplendice.net\/index.php?rest_route=\/wp\/v2\/pages"}],"about":[{"href":"https:\/\/meeplendice.net\/index.php?rest_route=\/wp\/v2\/types\/page"}],"author":[{"embeddable":true,"href":"https:\/\/meeplendice.net\/index.php?rest_route=\/wp\/v2\/users\/2"}],"replies":[{"embeddable":true,"href":"https:\/\/meeplendice.net\/index.php?rest_route=%2Fwp%2Fv2%2Fcomments&post=5077"}],"version-history":[{"count":20,"href":"https:\/\/meeplendice.net\/index.php?rest_route=\/wp\/v2\/pages\/5077\/revisions"}],"predecessor-version":[{"id":9516,"href":"https:\/\/meeplendice.net\/index.php?rest_route=\/wp\/v2\/pages\/5077\/revisions\/9516"}],"wp:featuredmedia":[{"embeddable":true,"href":"https:\/\/meeplendice.net\/index.php?rest_route=\/wp\/v2\/media\/5840"}],"wp:attachment":[{"href":"https:\/\/meeplendice.net\/index.php?rest_route=%2Fwp%2Fv2%2Fmedia&parent=5077"}],"curies":[{"name":"wp","href":"https:\/\/api.w.org\/{rel}","templated":true}]}}