{"id":5114,"date":"2019-09-25T09:05:37","date_gmt":"2019-09-25T08:05:37","guid":{"rendered":"http:\/\/meeplendice.net\/?page_id=5114"},"modified":"2019-09-25T22:27:35","modified_gmt":"2019-09-25T21:27:35","slug":"warcry","status":"publish","type":"page","link":"https:\/\/meeplendice.net\/?page_id=5114","title":{"rendered":"Warcry"},"content":{"rendered":"<div id=\"pl-5114\"  class=\"panel-layout\" ><div id=\"pg-5114-0\"  class=\"panel-grid panel-no-style\" ><div id=\"pgc-5114-0-0\"  class=\"panel-grid-cell\" ><div id=\"panel-5114-0-0-0\" class=\"so-panel widget widget_sow-editor panel-first-child panel-last-child\" data-index=\"0\" ><div\n\t\t\t\n\t\t\tclass=\"so-widget-sow-editor so-widget-sow-editor-base\"\n\t\t\t\n\t\t>\n<div class=\"siteorigin-widget-tinymce textwidget\">\n\t<p><img loading=\"lazy\" decoding=\"async\" class=\"alignleft wp-image-5119 size-full\" src=\"http:\/\/meeplendice.net\/wp-content\/uploads\/2019\/09\/Warcry.png\" alt=\"\" width=\"350\" height=\"350\" srcset=\"https:\/\/meeplendice.net\/wp-content\/uploads\/2019\/09\/Warcry.png 350w, https:\/\/meeplendice.net\/wp-content\/uploads\/2019\/09\/Warcry-300x300.png 300w, https:\/\/meeplendice.net\/wp-content\/uploads\/2019\/09\/Warcry-150x150.png 150w, https:\/\/meeplendice.net\/wp-content\/uploads\/2019\/09\/Warcry-75x75.png 75w, https:\/\/meeplendice.net\/wp-content\/uploads\/2019\/09\/Warcry-45x45.png 45w, https:\/\/meeplendice.net\/wp-content\/uploads\/2019\/09\/Warcry-80x80.png 80w, https:\/\/meeplendice.net\/wp-content\/uploads\/2019\/09\/Warcry-118x118.png 118w, https:\/\/meeplendice.net\/wp-content\/uploads\/2019\/09\/Warcry-239x239.png 239w\" sizes=\"auto, (max-width: 350px) 100vw, 350px\" \/><br \/>\n<strong>Nombre de joueurs :<\/strong> 2 - 4<strong>\u00a0\u00a0\u00a0\u00a0\u00a0\u00a0\u00a0\u00a0\u00a0\u00a0\u00a0\u00a0\u00a0\u00a0\u00a0\u00a0\u00a0\u00a0\u00a0\u00a0\u00a0\u00a0\u00a0 <\/strong><strong>Dur\u00e9e moyenne :<\/strong> 45 min<strong>\u00a0\u00a0\u00a0\u00a0\u00a0\u00a0\u00a0\u00a0\u00a0 Age :<\/strong> 14 ans et plus<\/p>\n<p><strong>\u00c9dition :<\/strong> GamesWorkshop - 2019<br \/>\n<strong>Distribution :<\/strong> GamesWorkshop<\/p>\n<p style=\"text-align: justify;\">Venues des Huit Royaumes, des bandes disparates s\u2019embarquent pour le sombre p\u00e8lerinage aux Huit-points pour tenter de s'attirer la faveur d'Archaon l\u2019\u00c9lu \u00c9ternel. Les \u00e9p\u00e9es s'entrechoqueront, les lances voleront, et le sang des tu\u00e9s imbibera le sol \u2013 seuls les plus grands guerriers triompheront!<\/p>\n<p style=\"text-align: justify;\">Entrez dans le monde t\u00e9n\u00e9breux de Warcry \u2013 un nouveau jeu d'escarmouche situ\u00e9 dans le monde de Warhammer Age of Sigmar. Choisissez votre bande, et battez-vous dans des escarmouches tactiques et effr\u00e9n\u00e9es, qui peuvent \u00eatre ponctuelles ou reli\u00e9es dans des campagnes narratives \u00e9piques au fil desquelles vos h\u00e9ros progressent et se d\u00e9veloppent.<\/p>\n<\/div>\n<\/div><\/div><\/div><\/div><div id=\"pg-5114-1\"  class=\"panel-grid panel-no-style\" ><div id=\"pgc-5114-1-0\"  class=\"panel-grid-cell\" ><div id=\"panel-5114-1-0-0\" class=\"so-panel widget widget_sow-editor panel-first-child panel-last-child\" data-index=\"1\" ><div\n\t\t\t\n\t\t\tclass=\"so-widget-sow-editor so-widget-sow-editor-base\"\n\t\t\t\n\t\t>\n<div class=\"siteorigin-widget-tinymce textwidget\">\n\t<hr \/>\n<p style=\"text-align: center;\"><strong>En vid\u00e9o<\/strong><\/p>\n<\/div>\n<\/div><\/div><\/div><div id=\"pgc-5114-1-1\"  class=\"panel-grid-cell\" ><div id=\"panel-5114-1-1-0\" class=\"so-panel widget widget_sow-editor panel-first-child panel-last-child\" data-index=\"2\" ><div\n\t\t\t\n\t\t\tclass=\"so-widget-sow-editor so-widget-sow-editor-base\"\n\t\t\t\n\t\t>\n<div class=\"siteorigin-widget-tinymce textwidget\">\n\t<hr \/>\n<p style=\"text-align: center;\"><strong>Les Warbands de K.<br \/>\n<\/strong><\/p>\n<\/div>\n<\/div><\/div><\/div><\/div><div id=\"pg-5114-2\"  class=\"panel-grid panel-no-style\" ><div id=\"pgc-5114-2-0\"  class=\"panel-grid-cell\" ><div id=\"panel-5114-2-0-0\" class=\"so-panel widget widget_sow-editor panel-first-child panel-last-child\" data-index=\"3\" ><div\n\t\t\t\n\t\t\tclass=\"so-widget-sow-editor so-widget-sow-editor-base\"\n\t\t\t\n\t\t>\n<div class=\"siteorigin-widget-tinymce textwidget\">\n\t<hr \/>\n<p style=\"text-align: center;\"><strong>Pour aller plus loin...<\/strong><\/p>\n<\/div>\n<\/div><\/div><\/div><\/div><div id=\"pg-5114-3\"  class=\"panel-grid panel-no-style\" ><div id=\"pgc-5114-3-0\"  class=\"panel-grid-cell panel-grid-cell-empty\" ><\/div><div id=\"pgc-5114-3-1\"  class=\"panel-grid-cell panel-grid-cell-mobile-last\" ><div id=\"panel-5114-3-1-0\" class=\"so-panel widget panel-first-child panel-last-child\" data-index=\"4\" ><\/div><\/div><div id=\"pgc-5114-3-2\"  class=\"panel-grid-cell panel-grid-cell-empty\" ><\/div><\/div><\/div>","protected":false},"excerpt":{"rendered":"<p>Nombre de joueurs : 2 &#8211; 4\u00a0\u00a0\u00a0\u00a0\u00a0\u00a0\u00a0\u00a0\u00a0\u00a0\u00a0\u00a0\u00a0\u00a0\u00a0\u00a0\u00a0\u00a0\u00a0\u00a0\u00a0\u00a0\u00a0 Dur\u00e9e moyenne : 45 min\u00a0\u00a0\u00a0\u00a0\u00a0\u00a0\u00a0\u00a0\u00a0 Age : 14 ans et plus \u00c9dition : GamesWorkshop &#8211; 2019 Distribution : GamesWorkshop Venues des Huit Royaumes, des bandes disparates s\u2019embarquent pour le sombre p\u00e8lerinage aux Huit-points pour tenter de s&rsquo;attirer la faveur d&rsquo;Archaon l\u2019\u00c9lu \u00c9ternel. Les \u00e9p\u00e9es s&rsquo;entrechoqueront, les lances voleront, et le sang des tu\u00e9s imbibera le sol \u2013 seuls les plus grands guerriers triompheront! Entrez dans le monde t\u00e9n\u00e9breux de Warcry \u2013 un nouveau jeu d&rsquo;escarmouche situ\u00e9 dans le monde de Warhammer Age of Sigmar. Choisissez votre bande, et battez-vous dans des escarmouches tactiques et effr\u00e9n\u00e9es, qui peuvent \u00eatre ponctuelles ou reli\u00e9es dans des campagnes narratives \u00e9piques au fil desquelles vos h\u00e9ros progressent et se d\u00e9veloppent. En vid\u00e9o Les Warbands de K.<\/p>\n","protected":false},"author":2,"featured_media":0,"parent":0,"menu_order":0,"comment_status":"closed","ping_status":"closed","template":"","meta":{"footnotes":""},"class_list":["post-5114","page","type-page","status-publish","hentry"],"acf":[],"rttpg_featured_image_url":null,"rttpg_author":{"display_name":"Karnby","author_link":"https:\/\/meeplendice.net\/?author=2"},"rttpg_comment":0,"rttpg_category":null,"rttpg_excerpt":"Nombre de joueurs : 2 - 4\u00a0\u00a0\u00a0\u00a0\u00a0\u00a0\u00a0\u00a0\u00a0\u00a0\u00a0\u00a0\u00a0\u00a0\u00a0\u00a0\u00a0\u00a0\u00a0\u00a0\u00a0\u00a0\u00a0 Dur\u00e9e moyenne : 45 min\u00a0\u00a0\u00a0\u00a0\u00a0\u00a0\u00a0\u00a0\u00a0 Age : 14 ans et plus \u00c9dition : GamesWorkshop - 2019 Distribution : GamesWorkshop Venues des Huit Royaumes, des bandes disparates s\u2019embarquent pour le sombre p\u00e8lerinage aux Huit-points pour tenter de s'attirer la faveur d'Archaon l\u2019\u00c9lu \u00c9ternel. Les \u00e9p\u00e9es s'entrechoqueront, les lances voleront,\u2026","_links":{"self":[{"href":"https:\/\/meeplendice.net\/index.php?rest_route=\/wp\/v2\/pages\/5114","targetHints":{"allow":["GET"]}}],"collection":[{"href":"https:\/\/meeplendice.net\/index.php?rest_route=\/wp\/v2\/pages"}],"about":[{"href":"https:\/\/meeplendice.net\/index.php?rest_route=\/wp\/v2\/types\/page"}],"author":[{"embeddable":true,"href":"https:\/\/meeplendice.net\/index.php?rest_route=\/wp\/v2\/users\/2"}],"replies":[{"embeddable":true,"href":"https:\/\/meeplendice.net\/index.php?rest_route=%2Fwp%2Fv2%2Fcomments&post=5114"}],"version-history":[{"count":23,"href":"https:\/\/meeplendice.net\/index.php?rest_route=\/wp\/v2\/pages\/5114\/revisions"}],"predecessor-version":[{"id":5177,"href":"https:\/\/meeplendice.net\/index.php?rest_route=\/wp\/v2\/pages\/5114\/revisions\/5177"}],"wp:attachment":[{"href":"https:\/\/meeplendice.net\/index.php?rest_route=%2Fwp%2Fv2%2Fmedia&parent=5114"}],"curies":[{"name":"wp","href":"https:\/\/api.w.org\/{rel}","templated":true}]}}