{"id":5250,"date":"2019-11-09T15:45:36","date_gmt":"2019-11-09T14:45:36","guid":{"rendered":"http:\/\/meeplendice.net\/?page_id=5250"},"modified":"2020-11-13T17:09:42","modified_gmt":"2020-11-13T16:09:42","slug":"5250-2","status":"publish","type":"page","link":"https:\/\/meeplendice.net\/?page_id=5250","title":{"rendered":"Potions &#038; Sortil\u00e8ges"},"content":{"rendered":"<div id=\"pl-5250\"  class=\"panel-layout\" ><div id=\"pg-5250-0\"  class=\"panel-grid panel-no-style\" ><div id=\"pgc-5250-0-0\"  class=\"panel-grid-cell\" ><div id=\"panel-5250-0-0-0\" class=\"so-panel widget widget_sow-editor panel-first-child panel-last-child\" data-index=\"0\" ><div\n\t\t\t\n\t\t\tclass=\"so-widget-sow-editor so-widget-sow-editor-base\"\n\t\t\t\n\t\t>\n<div class=\"siteorigin-widget-tinymce textwidget\">\n\t<p style=\"text-align: center;\"><strong>Nombre de joueurs :<\/strong><br \/>\n3 - 4<\/p>\n<\/div>\n<\/div><\/div><\/div><div id=\"pgc-5250-0-1\"  class=\"panel-grid-cell\" ><div id=\"panel-5250-0-1-0\" class=\"so-panel widget widget_sow-editor panel-first-child panel-last-child\" data-index=\"1\" ><div\n\t\t\t\n\t\t\tclass=\"so-widget-sow-editor so-widget-sow-editor-base\"\n\t\t\t\n\t\t>\n<div class=\"siteorigin-widget-tinymce textwidget\">\n\t<p style=\"text-align: center;\"><strong>Dur\u00e9e moyenne :<\/strong><br \/>\n30 min<\/p>\n<\/div>\n<\/div><\/div><\/div><div id=\"pgc-5250-0-2\"  class=\"panel-grid-cell\" ><div id=\"panel-5250-0-2-0\" class=\"so-panel widget widget_sow-editor panel-first-child panel-last-child\" data-index=\"2\" ><div\n\t\t\t\n\t\t\tclass=\"so-widget-sow-editor so-widget-sow-editor-base\"\n\t\t\t\n\t\t>\n<div class=\"siteorigin-widget-tinymce textwidget\">\n\t<p style=\"text-align: center;\"><strong>Age :<\/strong><br \/>\n12 ans et plus<\/p>\n<\/div>\n<\/div><\/div><\/div><\/div><div id=\"pg-5250-1\"  class=\"panel-grid panel-no-style\" ><div id=\"pgc-5250-1-0\"  class=\"panel-grid-cell\" ><div id=\"panel-5250-1-0-0\" class=\"so-panel widget widget_sow-editor panel-first-child panel-last-child\" data-index=\"3\" ><div\n\t\t\t\n\t\t\tclass=\"so-widget-sow-editor so-widget-sow-editor-base\"\n\t\t\t\n\t\t>\n<div class=\"siteorigin-widget-tinymce textwidget\">\n\t<p style=\"text-align: center;\"><strong>Auteur(s) :<br \/>\n<\/strong>Sophie Terrades<br \/>\nMurielle Garrigue<br \/>\nCorinne Cazade<\/p>\n<\/div>\n<\/div><\/div><\/div><div id=\"pgc-5250-1-1\"  class=\"panel-grid-cell\" ><div id=\"panel-5250-1-1-0\" class=\"so-panel widget widget_sow-editor panel-first-child panel-last-child\" data-index=\"4\" ><div\n\t\t\t\n\t\t\tclass=\"so-widget-sow-editor so-widget-sow-editor-base\"\n\t\t\t\n\t\t>\n<div class=\"siteorigin-widget-tinymce textwidget\">\n\t<p style=\"text-align: center;\"><strong>Illustrations :<\/strong><br \/>\nAlexandre Erceau<\/p>\n<\/div>\n<\/div><\/div><\/div><div id=\"pgc-5250-1-2\"  class=\"panel-grid-cell\" ><div id=\"panel-5250-1-2-0\" class=\"so-panel widget widget_sow-editor panel-first-child panel-last-child\" data-index=\"5\" ><div\n\t\t\t\n\t\t\tclass=\"so-widget-sow-editor so-widget-sow-editor-base\"\n\t\t\t\n\t\t>\n<div class=\"siteorigin-widget-tinymce textwidget\">\n\t<p style=\"text-align: center;\"><strong>\u00c9dition :<\/strong><br \/>\nSoMuKo<br \/>\n2018<\/p>\n<\/div>\n<\/div><\/div><\/div><div id=\"pgc-5250-1-3\"  class=\"panel-grid-cell\" ><div id=\"panel-5250-1-3-0\" class=\"so-panel widget widget_sow-editor panel-first-child panel-last-child\" data-index=\"6\" ><div\n\t\t\t\n\t\t\tclass=\"so-widget-sow-editor so-widget-sow-editor-base\"\n\t\t\t\n\t\t>\n<div class=\"siteorigin-widget-tinymce textwidget\">\n\t<p style=\"text-align: center;\"><strong>Version :<\/strong><br \/>\nFran\u00e7aise<\/p>\n<\/div>\n<\/div><\/div><\/div><\/div><div id=\"pg-5250-2\"  class=\"panel-grid panel-no-style\" ><div id=\"pgc-5250-2-0\"  class=\"panel-grid-cell\" ><div id=\"panel-5250-2-0-0\" class=\"so-panel widget widget_sow-editor panel-first-child panel-last-child\" data-index=\"7\" ><div\n\t\t\t\n\t\t\tclass=\"so-widget-sow-editor so-widget-sow-editor-base\"\n\t\t\t\n\t\t>\n<div class=\"siteorigin-widget-tinymce textwidget\">\n\t<hr \/>\n<p>Au sommet du crat\u00e8re d'un tr\u00e8s ancien volcan \u00e9teint depuis des mill\u00e9naires, un insolite concours oppose tous les cent ans les enchanteresses venues de divers horizons.<\/p>\n<p>Apr\u00e8s de nombreuses \u00e9preuves seules quatre d'entre elles seront s\u00e9lectionn\u00e9es pour tenter de gagner la r\u00e9compense du concours : le Balais d'Or d\u00e9tenu par la gagnante pr\u00e9c\u00e9dente, la sorci\u00e8re Brossetoi.<br \/>\nGr\u00e2ce \u00e0 lui, la nouvelle gagnante poss\u00e9dera pour les cent ans \u00e0 venir les six pouvoir supr\u00eames : Enchantement, Invisibilit\u00e9, L\u00e9vitation, P\u00e9trifiction, Pr\u00e9monition, R\u00e9g\u00e9n\u00e9ration.<\/p>\n<p>En cette nuit de la Lune Bleue, les sorci\u00e8res C\u00e9pakoul, Manjunra, Yapafoto et Yapluka vont s'affronter afin de pr\u00e9parer la recette de la potion magique qui fera de l'une d'elles la meilleur sorci\u00e8re du si\u00e8cle. La gagnante prendre alors possession du Balais d'Or.<\/p>\n<p>Tous \u00e0 vos chaudrons, tous \u00e0 vos formules, et que la bataille commence !<\/p>\n<\/div>\n<\/div><\/div><\/div><\/div><div id=\"pg-5250-3\"  class=\"panel-grid panel-no-style\" ><div id=\"pgc-5250-3-0\"  class=\"panel-grid-cell\" ><div id=\"panel-5250-3-0-0\" class=\"so-panel widget widget_sow-editor panel-first-child panel-last-child\" data-index=\"8\" ><div\n\t\t\t\n\t\t\tclass=\"so-widget-sow-editor so-widget-sow-editor-base\"\n\t\t\t\n\t\t>\n<div class=\"siteorigin-widget-tinymce textwidget\">\n\t<hr \/>\n<p style=\"text-align: center;\"><strong>En vid\u00e9o<\/strong><\/p>\n<\/div>\n<\/div><\/div><\/div><\/div><div id=\"pg-5250-4\"  class=\"panel-grid panel-no-style\" ><div id=\"pgc-5250-4-0\"  class=\"panel-grid-cell\" ><div id=\"panel-5250-4-0-0\" class=\"so-panel widget widget_sow-editor panel-first-child panel-last-child\" data-index=\"9\" ><div\n\t\t\t\n\t\t\tclass=\"so-widget-sow-editor so-widget-sow-editor-base\"\n\t\t\t\n\t\t>\n<div class=\"siteorigin-widget-tinymce textwidget\">\n\t<hr \/>\n<p style=\"text-align: center;\"><strong>Pour aller plus loin<\/strong><\/p>\n<\/div>\n<\/div><\/div><\/div><\/div><\/div>","protected":false},"excerpt":{"rendered":"<p>Nombre de joueurs : 3 &#8211; 4 Dur\u00e9e moyenne : 30 min Age : 12 ans et plus Auteur(s) : Sophie Terrades Murielle Garrigue Corinne Cazade Illustrations : Alexandre Erceau \u00c9dition : SoMuKo 2018 Version : Fran\u00e7aise<\/p>\n","protected":false},"author":2,"featured_media":5210,"parent":0,"menu_order":0,"comment_status":"closed","ping_status":"closed","template":"","meta":{"footnotes":""},"class_list":["post-5250","page","type-page","status-publish","has-post-thumbnail","hentry"],"acf":[],"rttpg_featured_image_url":{"full":["https:\/\/meeplendice.net\/wp-content\/uploads\/2019\/11\/Potionssortil\u00e8ges.png",350,350,false],"landscape":["https:\/\/meeplendice.net\/wp-content\/uploads\/2019\/11\/Potionssortil\u00e8ges.png",350,350,false],"portraits":["https:\/\/meeplendice.net\/wp-content\/uploads\/2019\/11\/Potionssortil\u00e8ges.png",350,350,false],"thumbnail":["https:\/\/meeplendice.net\/wp-content\/uploads\/2019\/11\/Potionssortil\u00e8ges-150x150.png",150,150,true],"medium":["https:\/\/meeplendice.net\/wp-content\/uploads\/2019\/11\/Potionssortil\u00e8ges-300x300.png",300,300,true],"large":["https:\/\/meeplendice.net\/wp-content\/uploads\/2019\/11\/Potionssortil\u00e8ges.png",350,350,false],"ug_big":["https:\/\/meeplendice.net\/wp-content\/uploads\/2019\/11\/Potionssortil\u00e8ges.png",350,350,false],"1536x1536":["https:\/\/meeplendice.net\/wp-content\/uploads\/2019\/11\/Potionssortil\u00e8ges.png",350,350,false],"2048x2048":["https:\/\/meeplendice.net\/wp-content\/uploads\/2019\/11\/Potionssortil\u00e8ges.png",350,350,false],"ashe-slider-grid-thumbnail":["https:\/\/meeplendice.net\/wp-content\/uploads\/2019\/11\/Potionssortil\u00e8ges.png",350,350,false],"ashe-full-thumbnail":["https:\/\/meeplendice.net\/wp-content\/uploads\/2019\/11\/Potionssortil\u00e8ges.png",350,350,false],"ashe-grid-thumbnail":["https:\/\/meeplendice.net\/wp-content\/uploads\/2019\/11\/Potionssortil\u00e8ges-350x330.png",350,330,true],"ashe-list-thumbnail":["https:\/\/meeplendice.net\/wp-content\/uploads\/2019\/11\/Potionssortil\u00e8ges-300x300.png",300,300,true],"ashe-single-navigation":["https:\/\/meeplendice.net\/wp-content\/uploads\/2019\/11\/Potionssortil\u00e8ges-75x75.png",75,75,true],"mailpoet_newsletter_max":["https:\/\/meeplendice.net\/wp-content\/uploads\/2019\/11\/Potionssortil\u00e8ges.png",350,350,false],"rpwe-thumbnail":["https:\/\/meeplendice.net\/wp-content\/uploads\/2019\/11\/Potionssortil\u00e8ges-45x45.png",45,45,true],"sow-carousel-default":["https:\/\/meeplendice.net\/wp-content\/uploads\/2019\/11\/Potionssortil\u00e8ges-272x182.png",272,182,true],"rt_custom":["https:\/\/meeplendice.net\/wp-content\/uploads\/2019\/11\/Potionssortil\u00e8ges.png",350,350,false]},"rttpg_author":{"display_name":"Karnby","author_link":"https:\/\/meeplendice.net\/?author=2"},"rttpg_comment":0,"rttpg_category":null,"rttpg_excerpt":"Nombre de joueurs : 3 - 4 Dur\u00e9e moyenne : 30 min Age : 12 ans et plus Auteur(s) : Sophie Terrades Murielle Garrigue Corinne Cazade Illustrations : Alexandre Erceau \u00c9dition : SoMuKo 2018 Version : Fran\u00e7aise","_links":{"self":[{"href":"https:\/\/meeplendice.net\/index.php?rest_route=\/wp\/v2\/pages\/5250","targetHints":{"allow":["GET"]}}],"collection":[{"href":"https:\/\/meeplendice.net\/index.php?rest_route=\/wp\/v2\/pages"}],"about":[{"href":"https:\/\/meeplendice.net\/index.php?rest_route=\/wp\/v2\/types\/page"}],"author":[{"embeddable":true,"href":"https:\/\/meeplendice.net\/index.php?rest_route=\/wp\/v2\/users\/2"}],"replies":[{"embeddable":true,"href":"https:\/\/meeplendice.net\/index.php?rest_route=%2Fwp%2Fv2%2Fcomments&post=5250"}],"version-history":[{"count":8,"href":"https:\/\/meeplendice.net\/index.php?rest_route=\/wp\/v2\/pages\/5250\/revisions"}],"predecessor-version":[{"id":7354,"href":"https:\/\/meeplendice.net\/index.php?rest_route=\/wp\/v2\/pages\/5250\/revisions\/7354"}],"wp:featuredmedia":[{"embeddable":true,"href":"https:\/\/meeplendice.net\/index.php?rest_route=\/wp\/v2\/media\/5210"}],"wp:attachment":[{"href":"https:\/\/meeplendice.net\/index.php?rest_route=%2Fwp%2Fv2%2Fmedia&parent=5250"}],"curies":[{"name":"wp","href":"https:\/\/api.w.org\/{rel}","templated":true}]}}