{"id":5262,"date":"2019-11-09T16:14:55","date_gmt":"2019-11-09T15:14:55","guid":{"rendered":"http:\/\/meeplendice.net\/?page_id=5262"},"modified":"2025-12-15T17:07:54","modified_gmt":"2025-12-15T15:07:54","slug":"5262-2","status":"publish","type":"page","link":"https:\/\/meeplendice.net\/?page_id=5262","title":{"rendered":"Timeless Adventures"},"content":{"rendered":"<div id=\"pl-5262\"  class=\"panel-layout\" ><div id=\"pg-5262-0\"  class=\"panel-grid panel-no-style\" ><div id=\"pgc-5262-0-0\"  class=\"panel-grid-cell\" ><div id=\"panel-5262-0-0-0\" class=\"so-panel widget widget_sow-editor panel-first-child panel-last-child\" data-index=\"0\" ><div\n\t\t\t\n\t\t\tclass=\"so-widget-sow-editor so-widget-sow-editor-base\"\n\t\t\t\n\t\t>\n<div class=\"siteorigin-widget-tinymce textwidget\">\n\t<p style=\"text-align: center;\"><strong>Auteur(s) :<br \/>\n<\/strong>Cyril Demaegd<br \/>\nYohan Servais<br \/>\nAristide Bruyant<br \/>\nGuillaume Montiage<\/p>\n<\/div>\n<\/div><\/div><\/div><div id=\"pgc-5262-0-1\"  class=\"panel-grid-cell\" ><div id=\"panel-5262-0-1-0\" class=\"so-panel widget widget_sow-editor panel-first-child panel-last-child\" data-index=\"1\" ><div\n\t\t\t\n\t\t\tclass=\"so-widget-sow-editor so-widget-sow-editor-base\"\n\t\t\t\n\t\t>\n<div class=\"siteorigin-widget-tinymce textwidget\">\n\t<p style=\"text-align: center;\"><strong>Illustrations :<\/strong><br \/>\nCyrille Bertin<br \/>\nPierre Santamaria<br \/>\nLegruth<\/p>\n<\/div>\n<\/div><\/div><\/div><div id=\"pgc-5262-0-2\"  class=\"panel-grid-cell\" ><div id=\"panel-5262-0-2-0\" class=\"so-panel widget widget_sow-editor panel-first-child panel-last-child\" data-index=\"2\" ><div\n\t\t\t\n\t\t\tclass=\"so-widget-sow-editor so-widget-sow-editor-base\"\n\t\t\t\n\t\t>\n<div class=\"siteorigin-widget-tinymce textwidget\">\n\t<p style=\"text-align: center;\"><strong>\u00c9dition :<\/strong><br \/>\nSpace Cowboys<br \/>\n2019<\/p>\n<\/div>\n<\/div><\/div><\/div><div id=\"pgc-5262-0-3\"  class=\"panel-grid-cell\" ><div id=\"panel-5262-0-3-0\" class=\"so-panel widget widget_sow-editor panel-first-child panel-last-child\" data-index=\"3\" ><div\n\t\t\t\n\t\t\tclass=\"so-widget-sow-editor so-widget-sow-editor-base\"\n\t\t\t\n\t\t>\n<div class=\"siteorigin-widget-tinymce textwidget\">\n\t<p style=\"text-align: center;\"><strong>Version :<\/strong><br \/>\nFran\u00e7aise<\/p>\n<\/div>\n<\/div><\/div><\/div><\/div><div id=\"pg-5262-1\"  class=\"panel-grid panel-no-style\" ><div id=\"pgc-5262-1-0\"  class=\"panel-grid-cell\" ><div id=\"panel-5262-1-0-0\" class=\"so-panel widget widget_sow-editor panel-first-child panel-last-child\" data-index=\"4\" ><div\n\t\t\t\n\t\t\tclass=\"so-widget-sow-editor so-widget-sow-editor-base\"\n\t\t\t\n\t\t>\n<div class=\"siteorigin-widget-tinymce textwidget\">\n\t<p>La bo\u00eete <em>Unlock! Timeless Adventures<\/em> contient trois aventures :<\/p>\n<p><strong><em>The Noside Show<\/em><\/strong><br \/>\nLe cirque Diosen arrive en ville, mais le professeur Noside a pr\u00e9vu un grand num\u00e9ro de sabotage. Arr\u00eatez-le : le spectacle doit continuer !<\/p>\n<p><strong><em>Ars\u00e8ne Lupin et le Grand Diamant Blanc<br \/>\n<\/em><\/strong>Vivrez une course au joyau dans le Paris du d\u00e9but du XXE si\u00e8cle et relevez le d\u00e9fi d'Ars\u00e8ne Lupin !<\/p>\n<p><em><strong>Perdus dans le ChronoWarp !<\/strong><br \/>\n<\/em>La machine \u00e0 voyager dans le temps du professeur Alcibiade Tempus s'emballe et c'est \u00e0 vous qu'il revient de tout remettre en ordre !<\/p>\n<\/div>\n<\/div><\/div><\/div><\/div><\/div>","protected":false},"excerpt":{"rendered":"<p>Auteur(s) : Cyril Demaegd Yohan Servais Aristide Bruyant Guillaume Montiage Illustrations : Cyrille Bertin Pierre Santamaria Legruth \u00c9dition : Space Cowboys 2019 Version : Fran\u00e7aise La bo\u00eete Unlock! Timeless Adventures contient trois aventures : The Noside Show Le cirque Diosen arrive en ville, mais le professeur Noside a pr\u00e9vu un grand num\u00e9ro de sabotage. Arr\u00eatez-le : le spectacle doit continuer ! Ars\u00e8ne Lupin et le Grand Diamant Blanc Vivrez une course au joyau dans le Paris du d\u00e9but du XXE si\u00e8cle et relevez le d\u00e9fi d&rsquo;Ars\u00e8ne Lupin ! Perdus dans le ChronoWarp ! La machine \u00e0 voyager dans le temps du professeur Alcibiade Tempus s&#8217;emballe et c&rsquo;est \u00e0 vous qu&rsquo;il revient de tout remettre en ordre !<\/p>\n","protected":false},"author":2,"featured_media":13787,"parent":2446,"menu_order":6,"comment_status":"closed","ping_status":"closed","template":"","meta":{"footnotes":""},"class_list":["post-5262","page","type-page","status-publish","has-post-thumbnail","hentry"],"acf":[],"rttpg_featured_image_url":{"full":["https:\/\/meeplendice.net\/wp-content\/uploads\/2025\/12\/Unlock_Timeless.png",350,350,false],"landscape":["https:\/\/meeplendice.net\/wp-content\/uploads\/2025\/12\/Unlock_Timeless.png",350,350,false],"portraits":["https:\/\/meeplendice.net\/wp-content\/uploads\/2025\/12\/Unlock_Timeless.png",350,350,false],"thumbnail":["https:\/\/meeplendice.net\/wp-content\/uploads\/2025\/12\/Unlock_Timeless-150x150.png",150,150,true],"medium":["https:\/\/meeplendice.net\/wp-content\/uploads\/2025\/12\/Unlock_Timeless-300x300.png",300,300,true],"large":["https:\/\/meeplendice.net\/wp-content\/uploads\/2025\/12\/Unlock_Timeless.png",350,350,false],"ug_big":["https:\/\/meeplendice.net\/wp-content\/uploads\/2025\/12\/Unlock_Timeless.png",350,350,false],"1536x1536":["https:\/\/meeplendice.net\/wp-content\/uploads\/2025\/12\/Unlock_Timeless.png",350,350,false],"2048x2048":["https:\/\/meeplendice.net\/wp-content\/uploads\/2025\/12\/Unlock_Timeless.png",350,350,false],"ashe-slider-grid-thumbnail":["https:\/\/meeplendice.net\/wp-content\/uploads\/2025\/12\/Unlock_Timeless.png",350,350,false],"ashe-full-thumbnail":["https:\/\/meeplendice.net\/wp-content\/uploads\/2025\/12\/Unlock_Timeless.png",350,350,false],"ashe-grid-thumbnail":["https:\/\/meeplendice.net\/wp-content\/uploads\/2025\/12\/Unlock_Timeless-350x330.png",350,330,true],"ashe-list-thumbnail":["https:\/\/meeplendice.net\/wp-content\/uploads\/2025\/12\/Unlock_Timeless-300x300.png",300,300,true],"ashe-single-navigation":["https:\/\/meeplendice.net\/wp-content\/uploads\/2025\/12\/Unlock_Timeless-75x75.png",75,75,true],"mailpoet_newsletter_max":["https:\/\/meeplendice.net\/wp-content\/uploads\/2025\/12\/Unlock_Timeless.png",350,350,false],"rpwe-thumbnail":["https:\/\/meeplendice.net\/wp-content\/uploads\/2025\/12\/Unlock_Timeless-45x45.png",45,45,true],"sow-carousel-default":["https:\/\/meeplendice.net\/wp-content\/uploads\/2025\/12\/Unlock_Timeless-272x182.png",272,182,true],"rt_custom":["https:\/\/meeplendice.net\/wp-content\/uploads\/2025\/12\/Unlock_Timeless.png",350,350,false]},"rttpg_author":{"display_name":"Karnby","author_link":"https:\/\/meeplendice.net\/?author=2"},"rttpg_comment":0,"rttpg_category":null,"rttpg_excerpt":"Auteur(s) : Cyril Demaegd Yohan Servais Aristide Bruyant Guillaume Montiage Illustrations : Cyrille Bertin Pierre Santamaria Legruth \u00c9dition : Space Cowboys 2019 Version : Fran\u00e7aise La bo\u00eete Unlock! Timeless Adventures contient trois aventures : The Noside Show Le cirque Diosen arrive en ville, mais le professeur Noside a pr\u00e9vu un grand num\u00e9ro de sabotage. Arr\u00eatez-le\u2026","_links":{"self":[{"href":"https:\/\/meeplendice.net\/index.php?rest_route=\/wp\/v2\/pages\/5262","targetHints":{"allow":["GET"]}}],"collection":[{"href":"https:\/\/meeplendice.net\/index.php?rest_route=\/wp\/v2\/pages"}],"about":[{"href":"https:\/\/meeplendice.net\/index.php?rest_route=\/wp\/v2\/types\/page"}],"author":[{"embeddable":true,"href":"https:\/\/meeplendice.net\/index.php?rest_route=\/wp\/v2\/users\/2"}],"replies":[{"embeddable":true,"href":"https:\/\/meeplendice.net\/index.php?rest_route=%2Fwp%2Fv2%2Fcomments&post=5262"}],"version-history":[{"count":11,"href":"https:\/\/meeplendice.net\/index.php?rest_route=\/wp\/v2\/pages\/5262\/revisions"}],"predecessor-version":[{"id":13809,"href":"https:\/\/meeplendice.net\/index.php?rest_route=\/wp\/v2\/pages\/5262\/revisions\/13809"}],"up":[{"embeddable":true,"href":"https:\/\/meeplendice.net\/index.php?rest_route=\/wp\/v2\/pages\/2446"}],"wp:featuredmedia":[{"embeddable":true,"href":"https:\/\/meeplendice.net\/index.php?rest_route=\/wp\/v2\/media\/13787"}],"wp:attachment":[{"href":"https:\/\/meeplendice.net\/index.php?rest_route=%2Fwp%2Fv2%2Fmedia&parent=5262"}],"curies":[{"name":"wp","href":"https:\/\/api.w.org\/{rel}","templated":true}]}}