{"id":5271,"date":"2019-11-09T16:30:20","date_gmt":"2019-11-09T15:30:20","guid":{"rendered":"http:\/\/meeplendice.net\/?page_id=5271"},"modified":"2020-11-13T16:38:08","modified_gmt":"2020-11-13T15:38:08","slug":"dernier-heure","status":"publish","type":"page","link":"https:\/\/meeplendice.net\/?page_id=5271","title":{"rendered":"Horreur \u00e0 Arkham : Dernier Heure"},"content":{"rendered":"<div id=\"pl-5271\"  class=\"panel-layout\" ><div id=\"pg-5271-0\"  class=\"panel-grid panel-no-style\" ><div id=\"pgc-5271-0-0\"  class=\"panel-grid-cell\" ><div id=\"panel-5271-0-0-0\" class=\"so-panel widget widget_sow-editor panel-first-child panel-last-child\" data-index=\"0\" ><div\n\t\t\t\n\t\t\tclass=\"so-widget-sow-editor so-widget-sow-editor-base\"\n\t\t\t\n\t\t>\n<div class=\"siteorigin-widget-tinymce textwidget\">\n\t<p style=\"text-align: center;\"><strong>Nombre de joueurs :<\/strong><br \/>\n1 - 4<\/p>\n<\/div>\n<\/div><\/div><\/div><div id=\"pgc-5271-0-1\"  class=\"panel-grid-cell\" ><div id=\"panel-5271-0-1-0\" class=\"so-panel widget widget_sow-editor panel-first-child panel-last-child\" data-index=\"1\" ><div\n\t\t\t\n\t\t\tclass=\"so-widget-sow-editor so-widget-sow-editor-base\"\n\t\t\t\n\t\t>\n<div class=\"siteorigin-widget-tinymce textwidget\">\n\t<p style=\"text-align: center;\"><strong>Dur\u00e9e moyenne :<\/strong><br \/>\n60 min<\/p>\n<\/div>\n<\/div><\/div><\/div><div id=\"pgc-5271-0-2\"  class=\"panel-grid-cell\" ><div id=\"panel-5271-0-2-0\" class=\"so-panel widget widget_sow-editor panel-first-child panel-last-child\" data-index=\"2\" ><div\n\t\t\t\n\t\t\tclass=\"so-widget-sow-editor so-widget-sow-editor-base\"\n\t\t\t\n\t\t>\n<div class=\"siteorigin-widget-tinymce textwidget\">\n\t<p style=\"text-align: center;\"><strong>Age :<\/strong><br \/>\n14 ans et plus<\/p>\n<\/div>\n<\/div><\/div><\/div><\/div><div id=\"pg-5271-1\"  class=\"panel-grid panel-no-style\" ><div id=\"pgc-5271-1-0\"  class=\"panel-grid-cell\" ><div id=\"panel-5271-1-0-0\" class=\"so-panel widget widget_sow-editor panel-first-child panel-last-child\" data-index=\"3\" ><div\n\t\t\t\n\t\t\tclass=\"so-widget-sow-editor so-widget-sow-editor-base\"\n\t\t\t\n\t\t>\n<div class=\"siteorigin-widget-tinymce textwidget\">\n\t<p style=\"text-align: center;\"><strong>Auteur(s) :<br \/>\n<\/strong>Carlo A. Rossi<\/p>\n<\/div>\n<\/div><\/div><\/div><div id=\"pgc-5271-1-1\"  class=\"panel-grid-cell\" ><div id=\"panel-5271-1-1-0\" class=\"so-panel widget widget_sow-editor panel-first-child panel-last-child\" data-index=\"4\" ><div\n\t\t\t\n\t\t\tclass=\"so-widget-sow-editor so-widget-sow-editor-base\"\n\t\t\t\n\t\t>\n<div class=\"siteorigin-widget-tinymce textwidget\">\n\t<p style=\"text-align: center;\"><strong>Illustrations :<\/strong><br \/>\nDiego Gisbert Llorens<br \/>\nYoann Boissonnet<br \/>\nCristi Balanescu<br \/>\nMark Behm<br \/>\nChristopher Burdett...<\/p>\n<\/div>\n<\/div><\/div><\/div><div id=\"pgc-5271-1-2\"  class=\"panel-grid-cell\" ><div id=\"panel-5271-1-2-0\" class=\"so-panel widget widget_sow-editor panel-first-child panel-last-child\" data-index=\"5\" ><div\n\t\t\t\n\t\t\tclass=\"so-widget-sow-editor so-widget-sow-editor-base\"\n\t\t\t\n\t\t>\n<div class=\"siteorigin-widget-tinymce textwidget\">\n\t<p style=\"text-align: center;\"><strong>\u00c9dition :<\/strong><br \/>\nFantasy Flight Games<br \/>\nEdge Entertainment<br \/>\n2019<\/p>\n<\/div>\n<\/div><\/div><\/div><div id=\"pgc-5271-1-3\"  class=\"panel-grid-cell\" ><div id=\"panel-5271-1-3-0\" class=\"so-panel widget widget_sow-editor panel-first-child panel-last-child\" data-index=\"6\" ><div\n\t\t\t\n\t\t\tclass=\"so-widget-sow-editor so-widget-sow-editor-base\"\n\t\t\t\n\t\t>\n<div class=\"siteorigin-widget-tinymce textwidget\">\n\t<p style=\"text-align: center;\"><strong>Version :<\/strong><br \/>\nFran\u00e7aise<\/p>\n<\/div>\n<\/div><\/div><\/div><\/div><div id=\"pg-5271-2\"  class=\"panel-grid panel-no-style\" ><div id=\"pgc-5271-2-0\"  class=\"panel-grid-cell\" ><div id=\"panel-5271-2-0-0\" class=\"so-panel widget widget_sow-editor panel-first-child panel-last-child\" data-index=\"7\" ><div\n\t\t\t\n\t\t\tclass=\"so-widget-sow-editor so-widget-sow-editor-base\"\n\t\t\t\n\t\t>\n<div class=\"siteorigin-widget-tinymce textwidget\">\n\t<hr \/>\n<p>Vous \u00eates arriv\u00e9s trop tard pour suspendre l\u2019ignoble rituel ; un monstrueux Grand Ancien venu d\u2019une autre dimension a commenc\u00e9 \u00e0 lac\u00e9rer la r\u00e9alit\u00e9. Une faille iridescente dans le ciel nocturne annonce l\u2019invasion des v\u00e9n\u00e9rables b\u00e2timents de l\u2019Universit\u00e9 Miskatonic par une nu\u00e9e de cr\u00e9atures cauchemardesques. Au milieu des cris et des hurlements qui d\u00e9chirent la nuit, vos courageux investigateurs n\u2019ont plus qu\u2019une seule solution : contenir la horde suffisamment longtemps pour que quelqu\u2019un annule le rituel.<\/p>\n<\/div>\n<\/div><\/div><\/div><\/div><div id=\"pg-5271-3\"  class=\"panel-grid panel-no-style\" ><div id=\"pgc-5271-3-0\"  class=\"panel-grid-cell\" ><div id=\"panel-5271-3-0-0\" class=\"so-panel widget widget_sow-editor panel-first-child panel-last-child\" data-index=\"8\" ><div\n\t\t\t\n\t\t\tclass=\"so-widget-sow-editor so-widget-sow-editor-base\"\n\t\t\t\n\t\t>\n<div class=\"siteorigin-widget-tinymce textwidget\">\n\t<hr \/>\n<p style=\"text-align: center;\"><strong>En vid\u00e9o<\/strong><\/p>\n<\/div>\n<\/div><\/div><\/div><\/div><div id=\"pg-5271-4\"  class=\"panel-grid panel-no-style\" ><div id=\"pgc-5271-4-0\"  class=\"panel-grid-cell\" ><div id=\"panel-5271-4-0-0\" class=\"so-panel widget widget_sow-editor panel-first-child panel-last-child\" data-index=\"9\" ><div\n\t\t\t\n\t\t\tclass=\"so-widget-sow-editor so-widget-sow-editor-base\"\n\t\t\t\n\t\t>\n<div class=\"siteorigin-widget-tinymce textwidget\">\n\t<hr \/>\n<p style=\"text-align: center;\"><strong>Pour aller plus loin<\/strong><\/p>\n<\/div>\n<\/div><\/div><\/div><\/div><\/div>","protected":false},"excerpt":{"rendered":"<p>Nombre de joueurs : 1 &#8211; 4 Dur\u00e9e moyenne : 60 min Age : 14 ans et plus Auteur(s) : Carlo A. Rossi Illustrations : Diego Gisbert Llorens Yoann Boissonnet Cristi Balanescu Mark Behm Christopher Burdett&#8230; \u00c9dition : Fantasy Flight Games Edge Entertainment 2019 Version : Fran\u00e7aise<\/p>\n","protected":false},"author":2,"featured_media":5219,"parent":0,"menu_order":0,"comment_status":"closed","ping_status":"closed","template":"","meta":{"footnotes":""},"class_list":["post-5271","page","type-page","status-publish","has-post-thumbnail","hentry"],"acf":[],"rttpg_featured_image_url":{"full":["https:\/\/meeplendice.net\/wp-content\/uploads\/2019\/11\/Derniereheure.png",350,350,false],"landscape":["https:\/\/meeplendice.net\/wp-content\/uploads\/2019\/11\/Derniereheure.png",350,350,false],"portraits":["https:\/\/meeplendice.net\/wp-content\/uploads\/2019\/11\/Derniereheure.png",350,350,false],"thumbnail":["https:\/\/meeplendice.net\/wp-content\/uploads\/2019\/11\/Derniereheure-150x150.png",150,150,true],"medium":["https:\/\/meeplendice.net\/wp-content\/uploads\/2019\/11\/Derniereheure-300x300.png",300,300,true],"large":["https:\/\/meeplendice.net\/wp-content\/uploads\/2019\/11\/Derniereheure.png",350,350,false],"ug_big":["https:\/\/meeplendice.net\/wp-content\/uploads\/2019\/11\/Derniereheure.png",350,350,false],"1536x1536":["https:\/\/meeplendice.net\/wp-content\/uploads\/2019\/11\/Derniereheure.png",350,350,false],"2048x2048":["https:\/\/meeplendice.net\/wp-content\/uploads\/2019\/11\/Derniereheure.png",350,350,false],"ashe-slider-grid-thumbnail":["https:\/\/meeplendice.net\/wp-content\/uploads\/2019\/11\/Derniereheure.png",350,350,false],"ashe-full-thumbnail":["https:\/\/meeplendice.net\/wp-content\/uploads\/2019\/11\/Derniereheure.png",350,350,false],"ashe-grid-thumbnail":["https:\/\/meeplendice.net\/wp-content\/uploads\/2019\/11\/Derniereheure-350x330.png",350,330,true],"ashe-list-thumbnail":["https:\/\/meeplendice.net\/wp-content\/uploads\/2019\/11\/Derniereheure-300x300.png",300,300,true],"ashe-single-navigation":["https:\/\/meeplendice.net\/wp-content\/uploads\/2019\/11\/Derniereheure-75x75.png",75,75,true],"mailpoet_newsletter_max":["https:\/\/meeplendice.net\/wp-content\/uploads\/2019\/11\/Derniereheure.png",350,350,false],"rpwe-thumbnail":["https:\/\/meeplendice.net\/wp-content\/uploads\/2019\/11\/Derniereheure-45x45.png",45,45,true],"sow-carousel-default":["https:\/\/meeplendice.net\/wp-content\/uploads\/2019\/11\/Derniereheure-272x182.png",272,182,true],"rt_custom":["https:\/\/meeplendice.net\/wp-content\/uploads\/2019\/11\/Derniereheure.png",350,350,false]},"rttpg_author":{"display_name":"Karnby","author_link":"https:\/\/meeplendice.net\/?author=2"},"rttpg_comment":0,"rttpg_category":null,"rttpg_excerpt":"Nombre de joueurs : 1 - 4 Dur\u00e9e moyenne : 60 min Age : 14 ans et plus Auteur(s) : Carlo A. Rossi Illustrations : Diego Gisbert Llorens Yoann Boissonnet Cristi Balanescu Mark Behm Christopher Burdett... \u00c9dition : Fantasy Flight Games Edge Entertainment 2019 Version : Fran\u00e7aise","_links":{"self":[{"href":"https:\/\/meeplendice.net\/index.php?rest_route=\/wp\/v2\/pages\/5271","targetHints":{"allow":["GET"]}}],"collection":[{"href":"https:\/\/meeplendice.net\/index.php?rest_route=\/wp\/v2\/pages"}],"about":[{"href":"https:\/\/meeplendice.net\/index.php?rest_route=\/wp\/v2\/types\/page"}],"author":[{"embeddable":true,"href":"https:\/\/meeplendice.net\/index.php?rest_route=\/wp\/v2\/users\/2"}],"replies":[{"embeddable":true,"href":"https:\/\/meeplendice.net\/index.php?rest_route=%2Fwp%2Fv2%2Fcomments&post=5271"}],"version-history":[{"count":9,"href":"https:\/\/meeplendice.net\/index.php?rest_route=\/wp\/v2\/pages\/5271\/revisions"}],"predecessor-version":[{"id":7268,"href":"https:\/\/meeplendice.net\/index.php?rest_route=\/wp\/v2\/pages\/5271\/revisions\/7268"}],"wp:featuredmedia":[{"embeddable":true,"href":"https:\/\/meeplendice.net\/index.php?rest_route=\/wp\/v2\/media\/5219"}],"wp:attachment":[{"href":"https:\/\/meeplendice.net\/index.php?rest_route=%2Fwp%2Fv2%2Fmedia&parent=5271"}],"curies":[{"name":"wp","href":"https:\/\/api.w.org\/{rel}","templated":true}]}}