{"id":5279,"date":"2019-11-09T16:39:37","date_gmt":"2019-11-09T15:39:37","guid":{"rendered":"http:\/\/meeplendice.net\/?page_id=5279"},"modified":"2022-07-29T14:31:05","modified_gmt":"2022-07-29T13:31:05","slug":"star-wars-bordure-exterieure","status":"publish","type":"page","link":"https:\/\/meeplendice.net\/?page_id=5279","title":{"rendered":"Star Wars : Bordure Ext\u00e9rieure"},"content":{"rendered":"<div id=\"pl-5279\"  class=\"panel-layout\" ><div id=\"pg-5279-0\"  class=\"panel-grid panel-no-style\" ><div id=\"pgc-5279-0-0\"  class=\"panel-grid-cell\" ><div id=\"panel-5279-0-0-0\" class=\"so-panel widget widget_sow-editor panel-first-child panel-last-child\" data-index=\"0\" ><div\n\t\t\t\n\t\t\tclass=\"so-widget-sow-editor so-widget-sow-editor-base\"\n\t\t\t\n\t\t>\n<div class=\"siteorigin-widget-tinymce textwidget\">\n\t<p style=\"text-align: center;\"><strong>Nombre de joueurs :<br \/>\n<\/strong> 1 - 4<\/p>\n<\/div>\n<\/div><\/div><\/div><div id=\"pgc-5279-0-1\"  class=\"panel-grid-cell\" ><div id=\"panel-5279-0-1-0\" class=\"so-panel widget widget_sow-editor panel-first-child panel-last-child\" data-index=\"1\" ><div\n\t\t\t\n\t\t\tclass=\"so-widget-sow-editor so-widget-sow-editor-base\"\n\t\t\t\n\t\t>\n<div class=\"siteorigin-widget-tinymce textwidget\">\n\t<p style=\"text-align: center;\"><strong>Dur\u00e9e moyenne :<\/strong><br \/>\n180 min<\/p>\n<\/div>\n<\/div><\/div><\/div><div id=\"pgc-5279-0-2\"  class=\"panel-grid-cell\" ><div id=\"panel-5279-0-2-0\" class=\"so-panel widget widget_sow-editor panel-first-child panel-last-child\" data-index=\"2\" ><div\n\t\t\t\n\t\t\tclass=\"so-widget-sow-editor so-widget-sow-editor-base\"\n\t\t\t\n\t\t>\n<div class=\"siteorigin-widget-tinymce textwidget\">\n\t<p style=\"text-align: center;\"><strong>Age :<\/strong><br \/>\n14 ans et plus<\/p>\n<\/div>\n<\/div><\/div><\/div><\/div><div id=\"pg-5279-1\"  class=\"panel-grid panel-no-style\" ><div id=\"pgc-5279-1-0\"  class=\"panel-grid-cell\" ><div id=\"panel-5279-1-0-0\" class=\"so-panel widget widget_sow-editor panel-first-child panel-last-child\" data-index=\"3\" ><div\n\t\t\t\n\t\t\tclass=\"so-widget-sow-editor so-widget-sow-editor-base\"\n\t\t\t\n\t\t>\n<div class=\"siteorigin-widget-tinymce textwidget\">\n\t<p style=\"text-align: center;\"><strong>Auteur(s) :<br \/>\n<\/strong>Corey Konieczka<br \/>\nTony Fanchi<\/p>\n<\/div>\n<\/div><\/div><\/div><div id=\"pgc-5279-1-1\"  class=\"panel-grid-cell\" ><div id=\"panel-5279-1-1-0\" class=\"so-panel widget widget_sow-editor panel-first-child panel-last-child\" data-index=\"4\" ><div\n\t\t\t\n\t\t\tclass=\"so-widget-sow-editor so-widget-sow-editor-base\"\n\t\t\t\n\t\t>\n<div class=\"siteorigin-widget-tinymce textwidget\">\n\t<p style=\"text-align: center;\"><strong>Illustrations :<\/strong><br \/>\nDarren Tan<br \/>\nBernard Bittler Arias<br \/>\nJacob Atienza<br \/>\nChristopher Balaska<br \/>\nTiziano Baracchi<br \/>\n...<\/p>\n<\/div>\n<\/div><\/div><\/div><div id=\"pgc-5279-1-2\"  class=\"panel-grid-cell\" ><div id=\"panel-5279-1-2-0\" class=\"so-panel widget widget_sow-editor panel-first-child panel-last-child\" data-index=\"5\" ><div\n\t\t\t\n\t\t\tclass=\"so-widget-sow-editor so-widget-sow-editor-base\"\n\t\t\t\n\t\t>\n<div class=\"siteorigin-widget-tinymce textwidget\">\n\t<p style=\"text-align: center;\"><strong>\u00c9dition :<\/strong><br \/>\nFantasy Flight Games<br \/>\nEdge Entertainment<br \/>\n2019<\/p>\n<\/div>\n<\/div><\/div><\/div><div id=\"pgc-5279-1-3\"  class=\"panel-grid-cell\" ><div id=\"panel-5279-1-3-0\" class=\"so-panel widget widget_sow-editor panel-first-child panel-last-child\" data-index=\"6\" ><div\n\t\t\t\n\t\t\tclass=\"so-widget-sow-editor so-widget-sow-editor-base\"\n\t\t\t\n\t\t>\n<div class=\"siteorigin-widget-tinymce textwidget\">\n\t<p style=\"text-align: center;\"><strong>Version :<\/strong><br \/>\nFran\u00e7aise<\/p>\n<\/div>\n<\/div><\/div><\/div><\/div><div id=\"pg-5279-2\"  class=\"panel-grid panel-no-style\" ><div id=\"pgc-5279-2-0\"  class=\"panel-grid-cell\" ><div id=\"panel-5279-2-0-0\" class=\"so-panel widget widget_sow-editor panel-first-child panel-last-child\" data-index=\"7\" ><div\n\t\t\t\n\t\t\tclass=\"so-widget-sow-editor so-widget-sow-editor-base\"\n\t\t\t\n\t\t>\n<div class=\"siteorigin-widget-tinymce textwidget\">\n\t<hr \/>\n<p><em>\u00ab Tout ce qu\u2019on dit de moi est vrai. \u00bb - Lando Calrissian<\/em><\/p>\n<p>Vous incarnez des chasseurs de primes, des contrebandiers et des mercenaires pr\u00eats \u00e0 tout pour que leurs exploits entrent dans l\u2019histoire galactique. Vous sillonnerez la Bordure Ext\u00e9rieure aux commandes de votre vaisseau et recruterez un \u00e9quipage compos\u00e9 de personnages l\u00e9gendaires de Star Wars. Votre objectif est de devenir le hors-la-loi le plus c\u00e9l\u00e8bre (ou le plus ha\u00ef) de la galaxie\u00a0?<\/p>\n<p>Traquerez-vous les individus dont la t\u00eate a \u00e9t\u00e9 mise \u00e0 prix par les Hutts\u00a0? Commettrez-vous des larcins pour le compte des syndicats du crime ou transporterez-vous ill\u00e9galement des marchandises en d\u00e9jouant la vigilance des patrouilles Imp\u00e9riales\u00a0? Tout est possible \u00e0 ceux qui osent parcourir les confins de l\u2019espace connu\u00a0! Rassemblez votre \u00e9quipage, entrez les coordonn\u00e9es de votre destination et pr\u00e9parez votre saut dans l\u2019hyperespace avec <em>Star Wars\u00a0: Bordure Ext\u00e9rieure<\/em>\u00a0!<\/p>\n<\/div>\n<\/div><\/div><\/div><\/div><div id=\"pg-5279-3\"  class=\"panel-grid panel-no-style\" ><div id=\"pgc-5279-3-0\"  class=\"panel-grid-cell\" ><div id=\"panel-5279-3-0-0\" class=\"so-panel widget widget_sow-editor panel-first-child panel-last-child\" data-index=\"8\" ><div\n\t\t\t\n\t\t\tclass=\"so-widget-sow-editor so-widget-sow-editor-base\"\n\t\t\t\n\t\t>\n<div class=\"siteorigin-widget-tinymce textwidget\">\n\t<hr \/>\n<h3 style=\"text-align: center;\">En vid\u00e9o<\/h3>\n<\/div>\n<\/div><\/div><\/div><\/div><div id=\"pg-5279-4\"  class=\"panel-grid panel-no-style\" ><div id=\"pgc-5279-4-0\"  class=\"panel-grid-cell\" ><div id=\"panel-5279-4-0-0\" class=\"so-panel widget widget_sow-editor panel-first-child panel-last-child\" data-index=\"9\" ><div\n\t\t\t\n\t\t\tclass=\"so-widget-sow-editor so-widget-sow-editor-base\"\n\t\t\t\n\t\t>\n<div class=\"siteorigin-widget-tinymce textwidget\">\n\t<hr \/>\n<h3 style=\"text-align: center;\">Extension(s)<\/h3>\n<style type='text\/css' media='all'>#rt-tpg-container-3824771973 .read-more a{border-radius:px;}#rt-tpg-container-3824771973 .rt-img-holder img.rt-img-responsive,#rt-tpg-container-3824771973 .rt-img-holder,\n\t\t\t\t\t#rt-tpg-container-3824771973 .rt-post-overlay .post-img,\n\t\t\t\t\t#rt-tpg-container-3824771973 .post-sm .post-img,\n\t\t\t\t\t#rt-tpg-container-3824771973 .rt-post-grid .post-img,\n\t\t\t\t\t#rt-tpg-container-3824771973 .post-img img {border-radius:px;}#rt-tpg-container-3824771973 .layout9 .rt-holder h2.entry-title,\n\t\t\t\t\t#rt-tpg-container-3824771973 .layout9 .rt-holder h3.entry-title,\n\t\t\t\t\t#rt-tpg-container-3824771973 .layout9 .rt-holder h4.entry-title,\n\t\t\t\t\t#rt-tpg-container-3824771973 .layout9 .rt-holder h2.entry-title a,\n\t\t\t\t\t#rt-tpg-container-3824771973 .layout9 .rt-holder h3.entry-title a,\n\t\t\t\t\t#rt-tpg-container-3824771973 .layout9 .rt-holder h4.entry-title a,\n\t\t\t\t\t#rt-tpg-container-3824771973 .rt-holder .rt-woo-info h2 a,\n\t\t\t\t\t#rt-tpg-container-3824771973 .rt-holder .rt-woo-info h3 a,\n\t\t\t\t\t#rt-tpg-container-3824771973 .rt-holder .rt-woo-info h4 a,\n\t\t\t\t\t#rt-tpg-container-3824771973 .post-content .post-title,\n\t\t\t\t\t#rt-tpg-container-3824771973 .rt-post-grid .post-title,\n\t\t\t\t\t#rt-tpg-container-3824771973 .rt-post-grid .post-title a,\n\t\t\t\t\t#rt-tpg-container-3824771973 .post-content .post-title a,\n\t\t\t\t\t#rt-tpg-container-3824771973 .rt-holder .rt-woo-info h2,\n\t\t\t\t\t#rt-tpg-container-3824771973 .rt-holder .rt-woo-info h3,\n\t\t\t\t\t#rt-tpg-container-3824771973 .rt-holder .rt-woo-info h4{font-size:16px;line-height:26px;font-weight:normal;text-align:center;}#rt-tpg-container-3824771973 .post-grid-lg-style-1 .post-title,\n\t\t\t\t\t\t#rt-tpg-container-3824771973 .post-grid-lg-style-1 .post-title a,\n\t\t\t\t\t\t#rt-tpg-container-3824771973 .big-layout .post-title,\n\t\t\t\t\t\t#rt-tpg-container-3824771973 .big-layout .post-title a,\n\t\t\t\t\t\t#rt-tpg-container-3824771973 .post-grid-lg-style-1 .post-title,\n\t\t\t\t\t\t#rt-tpg-container-3824771973 .post-grid-lg-style-1 .post-title a {font-size:24px;line-height:34px;}<\/style><div class='rt-container-fluid rt-tpg-container tpg-shortcode-main-wrapper ' id='rt-tpg-container-3824771973'   data-layout='layout9' data-grid-style='masonry' data-desktop-col='3'  data-tab-col='2'  data-mobile-col='1' data-sc-id='10194'><div data-title='Loading ...' class='rt-row rt-content-loader   layout9 tpg-masonry '><div class=\"rt-col-md-4 rt-col-sm-6 rt-col-xs-12 masonry-grid-item rt-grid-item img_zoom_in\" data-id=\"10192\"><div class=\"rt-holder\"><div class='overlay'><a data-id='10192' class=' tpg-single-popup' href='https:\/\/meeplendice.net\/?page_id=10192'><img loading=\"lazy\" decoding=\"async\" width=\"350\" height=\"350\" src=\"https:\/\/meeplendice.net\/wp-content\/uploads\/2022\/07\/SWBE_Affaires.png\" class=\"rt-img-responsive \" alt=\"\" \/><\/a><\/div><div class='post-info'><h3 class=\"entry-title\"><a data-id=\"10192\" class=\" tpg-single-popup\" href=\"https:\/\/meeplendice.net\/?page_id=10192\">Affaires en suspens<\/a><\/h3><div class='post-meta-user '><\/div><\/div><\/div><\/div><\/div><div class='rt-pagination-wrap' data-total-pages='1' data-posts-per-page='3' data-type='pagination_ajax'  ><div class='rt-page-numbers'><\/div><\/div><\/div>\n<\/div>\n<\/div><\/div><\/div><\/div><div id=\"pg-5279-5\"  class=\"panel-grid panel-no-style\" ><div id=\"pgc-5279-5-0\"  class=\"panel-grid-cell\" ><div id=\"panel-5279-5-0-0\" class=\"so-panel widget widget_sow-editor panel-first-child panel-last-child\" data-index=\"10\" ><div\n\t\t\t\n\t\t\tclass=\"so-widget-sow-editor so-widget-sow-editor-base\"\n\t\t\t\n\t\t>\n<div class=\"siteorigin-widget-tinymce textwidget\">\n\t<hr \/>\n<h3 style=\"text-align: center;\">Pour aller plus loin<\/h3>\n<\/div>\n<\/div><\/div><\/div><\/div><\/div>","protected":false},"excerpt":{"rendered":"<p>Nombre de joueurs : 1 &#8211; 4 Dur\u00e9e moyenne : 180 min Age : 14 ans et plus Auteur(s) : Corey Konieczka Tony Fanchi Illustrations : Darren Tan Bernard Bittler Arias Jacob Atienza Christopher Balaska Tiziano Baracchi &#8230; \u00c9dition : Fantasy Flight Games Edge Entertainment 2019 Version : Fran\u00e7aise<\/p>\n","protected":false},"author":2,"featured_media":5217,"parent":0,"menu_order":0,"comment_status":"closed","ping_status":"closed","template":"","meta":{"footnotes":""},"class_list":["post-5279","page","type-page","status-publish","has-post-thumbnail","hentry"],"acf":[],"rttpg_featured_image_url":{"full":["https:\/\/meeplendice.net\/wp-content\/uploads\/2019\/11\/SWbordureexterieur.png",350,350,false],"landscape":["https:\/\/meeplendice.net\/wp-content\/uploads\/2019\/11\/SWbordureexterieur.png",350,350,false],"portraits":["https:\/\/meeplendice.net\/wp-content\/uploads\/2019\/11\/SWbordureexterieur.png",350,350,false],"thumbnail":["https:\/\/meeplendice.net\/wp-content\/uploads\/2019\/11\/SWbordureexterieur-150x150.png",150,150,true],"medium":["https:\/\/meeplendice.net\/wp-content\/uploads\/2019\/11\/SWbordureexterieur-300x300.png",300,300,true],"large":["https:\/\/meeplendice.net\/wp-content\/uploads\/2019\/11\/SWbordureexterieur.png",350,350,false],"ug_big":["https:\/\/meeplendice.net\/wp-content\/uploads\/2019\/11\/SWbordureexterieur.png",350,350,false],"1536x1536":["https:\/\/meeplendice.net\/wp-content\/uploads\/2019\/11\/SWbordureexterieur.png",350,350,false],"2048x2048":["https:\/\/meeplendice.net\/wp-content\/uploads\/2019\/11\/SWbordureexterieur.png",350,350,false],"ashe-slider-grid-thumbnail":["https:\/\/meeplendice.net\/wp-content\/uploads\/2019\/11\/SWbordureexterieur.png",350,350,false],"ashe-full-thumbnail":["https:\/\/meeplendice.net\/wp-content\/uploads\/2019\/11\/SWbordureexterieur.png",350,350,false],"ashe-grid-thumbnail":["https:\/\/meeplendice.net\/wp-content\/uploads\/2019\/11\/SWbordureexterieur-350x330.png",350,330,true],"ashe-list-thumbnail":["https:\/\/meeplendice.net\/wp-content\/uploads\/2019\/11\/SWbordureexterieur-300x300.png",300,300,true],"ashe-single-navigation":["https:\/\/meeplendice.net\/wp-content\/uploads\/2019\/11\/SWbordureexterieur-75x75.png",75,75,true],"mailpoet_newsletter_max":["https:\/\/meeplendice.net\/wp-content\/uploads\/2019\/11\/SWbordureexterieur.png",350,350,false],"rpwe-thumbnail":["https:\/\/meeplendice.net\/wp-content\/uploads\/2019\/11\/SWbordureexterieur-45x45.png",45,45,true],"sow-carousel-default":["https:\/\/meeplendice.net\/wp-content\/uploads\/2019\/11\/SWbordureexterieur-272x182.png",272,182,true],"rt_custom":["https:\/\/meeplendice.net\/wp-content\/uploads\/2019\/11\/SWbordureexterieur.png",350,350,false]},"rttpg_author":{"display_name":"Karnby","author_link":"https:\/\/meeplendice.net\/?author=2"},"rttpg_comment":0,"rttpg_category":null,"rttpg_excerpt":"Nombre de joueurs : 1 - 4 Dur\u00e9e moyenne : 180 min Age : 14 ans et plus Auteur(s) : Corey Konieczka Tony Fanchi Illustrations : Darren Tan Bernard Bittler Arias Jacob Atienza Christopher Balaska Tiziano Baracchi ... \u00c9dition : Fantasy Flight Games Edge Entertainment 2019 Version : Fran\u00e7aise","_links":{"self":[{"href":"https:\/\/meeplendice.net\/index.php?rest_route=\/wp\/v2\/pages\/5279","targetHints":{"allow":["GET"]}}],"collection":[{"href":"https:\/\/meeplendice.net\/index.php?rest_route=\/wp\/v2\/pages"}],"about":[{"href":"https:\/\/meeplendice.net\/index.php?rest_route=\/wp\/v2\/types\/page"}],"author":[{"embeddable":true,"href":"https:\/\/meeplendice.net\/index.php?rest_route=\/wp\/v2\/users\/2"}],"replies":[{"embeddable":true,"href":"https:\/\/meeplendice.net\/index.php?rest_route=%2Fwp%2Fv2%2Fcomments&post=5279"}],"version-history":[{"count":8,"href":"https:\/\/meeplendice.net\/index.php?rest_route=\/wp\/v2\/pages\/5279\/revisions"}],"predecessor-version":[{"id":10197,"href":"https:\/\/meeplendice.net\/index.php?rest_route=\/wp\/v2\/pages\/5279\/revisions\/10197"}],"wp:featuredmedia":[{"embeddable":true,"href":"https:\/\/meeplendice.net\/index.php?rest_route=\/wp\/v2\/media\/5217"}],"wp:attachment":[{"href":"https:\/\/meeplendice.net\/index.php?rest_route=%2Fwp%2Fv2%2Fmedia&parent=5279"}],"curies":[{"name":"wp","href":"https:\/\/api.w.org\/{rel}","templated":true}]}}