{"id":5284,"date":"2019-11-09T16:48:45","date_gmt":"2019-11-09T15:48:45","guid":{"rendered":"http:\/\/meeplendice.net\/?page_id=5284"},"modified":"2020-11-13T16:29:17","modified_gmt":"2020-11-13T15:29:17","slug":"dark-soul","status":"publish","type":"page","link":"https:\/\/meeplendice.net\/?page_id=5284","title":{"rendered":"Dark Souls"},"content":{"rendered":"<div id=\"pl-5284\"  class=\"panel-layout\" ><div id=\"pg-5284-0\"  class=\"panel-grid panel-no-style\" ><div id=\"pgc-5284-0-0\"  class=\"panel-grid-cell\" ><div id=\"panel-5284-0-0-0\" class=\"so-panel widget widget_sow-editor panel-first-child panel-last-child\" data-index=\"0\" ><div\n\t\t\t\n\t\t\tclass=\"so-widget-sow-editor so-widget-sow-editor-base\"\n\t\t\t\n\t\t>\n<div class=\"siteorigin-widget-tinymce textwidget\">\n\t<p style=\"text-align: center;\"><strong>Nombre de joueurs :<\/strong><br \/>\n1 - 4<strong><br \/>\n<\/strong><\/p>\n<\/div>\n<\/div><\/div><\/div><div id=\"pgc-5284-0-1\"  class=\"panel-grid-cell\" ><div id=\"panel-5284-0-1-0\" class=\"so-panel widget widget_sow-editor panel-first-child panel-last-child\" data-index=\"1\" ><div\n\t\t\t\n\t\t\tclass=\"so-widget-sow-editor so-widget-sow-editor-base\"\n\t\t\t\n\t\t>\n<div class=\"siteorigin-widget-tinymce textwidget\">\n\t<p style=\"text-align: center;\"><strong>Dur\u00e9e moyenne :<\/strong><br \/>\n120 min<\/p>\n<\/div>\n<\/div><\/div><\/div><div id=\"pgc-5284-0-2\"  class=\"panel-grid-cell\" ><div id=\"panel-5284-0-2-0\" class=\"so-panel widget widget_sow-editor panel-first-child panel-last-child\" data-index=\"2\" ><div\n\t\t\t\n\t\t\tclass=\"so-widget-sow-editor so-widget-sow-editor-base\"\n\t\t\t\n\t\t>\n<div class=\"siteorigin-widget-tinymce textwidget\">\n\t<p style=\"text-align: center;\"><strong>Age :<\/strong><br \/>\n14 ans et plus<\/p>\n<\/div>\n<\/div><\/div><\/div><\/div><div id=\"pg-5284-1\"  class=\"panel-grid panel-no-style\" ><div id=\"pgc-5284-1-0\"  class=\"panel-grid-cell\" ><div id=\"panel-5284-1-0-0\" class=\"so-panel widget widget_sow-editor panel-first-child panel-last-child\" data-index=\"3\" ><div\n\t\t\t\n\t\t\tclass=\"so-widget-sow-editor so-widget-sow-editor-base\"\n\t\t\t\n\t\t>\n<div class=\"siteorigin-widget-tinymce textwidget\">\n\t<p style=\"text-align: center;\"><strong>Auteur(s) :<br \/>\n<\/strong>Mat Hart<br \/>\nRich Loxam<\/p>\n<\/div>\n<\/div><\/div><\/div><div id=\"pgc-5284-1-1\"  class=\"panel-grid-cell\" ><div id=\"panel-5284-1-1-0\" class=\"so-panel widget widget_sow-editor panel-first-child panel-last-child\" data-index=\"4\" ><div\n\t\t\t\n\t\t\tclass=\"so-widget-sow-editor so-widget-sow-editor-base\"\n\t\t\t\n\t\t>\n<div class=\"siteorigin-widget-tinymce textwidget\">\n\t<p style=\"text-align: center;\"><strong>Illustrations :<\/strong><br \/>\nTom Hutchings...<\/p>\n<\/div>\n<\/div><\/div><\/div><div id=\"pgc-5284-1-2\"  class=\"panel-grid-cell\" ><div id=\"panel-5284-1-2-0\" class=\"so-panel widget widget_sow-editor panel-first-child panel-last-child\" data-index=\"5\" ><div\n\t\t\t\n\t\t\tclass=\"so-widget-sow-editor so-widget-sow-editor-base\"\n\t\t\t\n\t\t>\n<div class=\"siteorigin-widget-tinymce textwidget\">\n\t<p style=\"text-align: center;\"><strong>\u00c9dition :<\/strong><br \/>\nSteamforged Games<br \/>\n2019<\/p>\n<\/div>\n<\/div><\/div><\/div><div id=\"pgc-5284-1-3\"  class=\"panel-grid-cell\" ><div id=\"panel-5284-1-3-0\" class=\"so-panel widget widget_sow-editor panel-first-child panel-last-child\" data-index=\"6\" ><div\n\t\t\t\n\t\t\tclass=\"so-widget-sow-editor so-widget-sow-editor-base\"\n\t\t\t\n\t\t>\n<div class=\"siteorigin-widget-tinymce textwidget\">\n\t<p style=\"text-align: center;\"><strong>Version :<\/strong><br \/>\nFran\u00e7aise<\/p>\n<\/div>\n<\/div><\/div><\/div><\/div><div id=\"pg-5284-2\"  class=\"panel-grid panel-no-style\" ><div id=\"pgc-5284-2-0\"  class=\"panel-grid-cell\" ><div id=\"panel-5284-2-0-0\" class=\"so-panel widget widget_sow-editor panel-first-child panel-last-child\" data-index=\"7\" ><div\n\t\t\t\n\t\t\tclass=\"so-widget-sow-editor so-widget-sow-editor-base\"\n\t\t\t\n\t\t>\n<div class=\"siteorigin-widget-tinymce textwidget\">\n\t<hr \/>\n<p>Pr\u00e9parez-vous \u00e0 Mourir !<\/p>\n<p>Afin d'emp\u00eacher l'arriv\u00e9e des T\u00e9n\u00e8bres, l'humanit\u00e9 a \u00e9t\u00e9 maudite. Vous \u00eates les Morts-vivants \u00c9lus, porteur de la Mal\u00e9diction, c'est sur vous que repose le destin du monde.<\/p>\n<p>Rejoindrez-vous l'\u00e2me de Cendre pour l'\u00e9ternit\u00e9 en prolongeant le tourment ou ferez-vous naitre l'Age de l'Humanit\u00e9, levant enfin la mal\u00e9diction des morts-vivant ?<\/p>\n<\/div>\n<\/div><\/div><\/div><\/div><div id=\"pg-5284-3\"  class=\"panel-grid panel-no-style\" ><div id=\"pgc-5284-3-0\"  class=\"panel-grid-cell\" ><div id=\"panel-5284-3-0-0\" class=\"so-panel widget widget_sow-editor panel-first-child panel-last-child\" data-index=\"8\" ><div\n\t\t\t\n\t\t\tclass=\"so-widget-sow-editor so-widget-sow-editor-base\"\n\t\t\t\n\t\t>\n<div class=\"siteorigin-widget-tinymce textwidget\">\n\t<hr \/>\n<p style=\"text-align: center;\"><strong>En vid\u00e9o<\/strong><\/p>\n<\/div>\n<\/div><\/div><\/div><div id=\"pgc-5284-3-1\"  class=\"panel-grid-cell\" ><div id=\"panel-5284-3-1-0\" class=\"so-panel widget widget_sow-editor panel-first-child panel-last-child\" data-index=\"9\" ><div\n\t\t\t\n\t\t\tclass=\"so-widget-sow-editor so-widget-sow-editor-base\"\n\t\t\t\n\t\t>\n<div class=\"siteorigin-widget-tinymce textwidget\">\n\t<hr \/>\n<p style=\"text-align: center;\"><strong>Extension(s)<\/strong><\/p>\n<p style=\"text-align: center;\"><style type='text\/css' media='all'>#rt-tpg-container-888750229 .read-more a{border-radius:px;}#rt-tpg-container-888750229 .rt-img-holder img.rt-img-responsive,#rt-tpg-container-888750229 .rt-img-holder,\n\t\t\t\t\t#rt-tpg-container-888750229 .rt-post-overlay .post-img,\n\t\t\t\t\t#rt-tpg-container-888750229 .post-sm .post-img,\n\t\t\t\t\t#rt-tpg-container-888750229 .rt-post-grid .post-img,\n\t\t\t\t\t#rt-tpg-container-888750229 .post-img img {border-radius:px;}#rt-tpg-container-888750229 .layout9 .rt-holder h2.entry-title,\n\t\t\t\t\t#rt-tpg-container-888750229 .layout9 .rt-holder h3.entry-title,\n\t\t\t\t\t#rt-tpg-container-888750229 .layout9 .rt-holder h4.entry-title,\n\t\t\t\t\t#rt-tpg-container-888750229 .layout9 .rt-holder h2.entry-title a,\n\t\t\t\t\t#rt-tpg-container-888750229 .layout9 .rt-holder h3.entry-title a,\n\t\t\t\t\t#rt-tpg-container-888750229 .layout9 .rt-holder h4.entry-title a,\n\t\t\t\t\t#rt-tpg-container-888750229 .rt-holder .rt-woo-info h2 a,\n\t\t\t\t\t#rt-tpg-container-888750229 .rt-holder .rt-woo-info h3 a,\n\t\t\t\t\t#rt-tpg-container-888750229 .rt-holder .rt-woo-info h4 a,\n\t\t\t\t\t#rt-tpg-container-888750229 .post-content .post-title,\n\t\t\t\t\t#rt-tpg-container-888750229 .rt-post-grid .post-title,\n\t\t\t\t\t#rt-tpg-container-888750229 .rt-post-grid .post-title a,\n\t\t\t\t\t#rt-tpg-container-888750229 .post-content .post-title a,\n\t\t\t\t\t#rt-tpg-container-888750229 .rt-holder .rt-woo-info h2,\n\t\t\t\t\t#rt-tpg-container-888750229 .rt-holder .rt-woo-info h3,\n\t\t\t\t\t#rt-tpg-container-888750229 .rt-holder .rt-woo-info h4{font-size:16px;line-height:26px;font-weight:normal;text-align:center;}#rt-tpg-container-888750229 .post-grid-lg-style-1 .post-title,\n\t\t\t\t\t\t#rt-tpg-container-888750229 .post-grid-lg-style-1 .post-title a,\n\t\t\t\t\t\t#rt-tpg-container-888750229 .big-layout .post-title,\n\t\t\t\t\t\t#rt-tpg-container-888750229 .big-layout .post-title a,\n\t\t\t\t\t\t#rt-tpg-container-888750229 .post-grid-lg-style-1 .post-title,\n\t\t\t\t\t\t#rt-tpg-container-888750229 .post-grid-lg-style-1 .post-title a {font-size:24px;line-height:34px;}<\/style><div class='rt-container-fluid rt-tpg-container tpg-shortcode-main-wrapper ' id='rt-tpg-container-888750229'   data-layout='layout9' data-grid-style='even' data-desktop-col='3'  data-tab-col='2'  data-mobile-col='1' data-sc-id='5795'><div data-title='Loading ...' class='rt-row rt-content-loader   layout9 tpg-even '><div class=\"rt-col-md-4 rt-col-sm-6 rt-col-xs-12 even-grid-item rt-grid-item img_zoom_in\" data-id=\"5772\"><div class=\"rt-holder\"><div class='overlay'><a data-id='5772' class=' tpg-single-popup' href='https:\/\/meeplendice.net\/?page_id=5772'><img loading=\"lazy\" decoding=\"async\" width=\"350\" height=\"350\" src=\"https:\/\/meeplendice.net\/wp-content\/uploads\/2020\/04\/DS_Characters.png\" class=\"rt-img-responsive \" alt=\"\" \/><\/a><\/div><div class='post-info'><h2 class=\"entry-title\"><a data-id=\"5772\" class=\" tpg-single-popup\" href=\"https:\/\/meeplendice.net\/?page_id=5772\">Characters Expansion<\/a><\/h2><div class='post-meta-user '><\/div><\/div><\/div><\/div><div class=\"rt-col-md-4 rt-col-sm-6 rt-col-xs-12 even-grid-item rt-grid-item img_zoom_in\" data-id=\"5774\"><div class=\"rt-holder\"><div class='overlay'><a data-id='5774' class=' tpg-single-popup' href='https:\/\/meeplendice.net\/?page_id=5774'><img loading=\"lazy\" decoding=\"async\" width=\"350\" height=\"350\" src=\"https:\/\/meeplendice.net\/wp-content\/uploads\/2020\/04\/DS_Phantoms.png\" class=\"rt-img-responsive \" alt=\"\" \/><\/a><\/div><div class='post-info'><h2 class=\"entry-title\"><a data-id=\"5774\" class=\" tpg-single-popup\" href=\"https:\/\/meeplendice.net\/?page_id=5774\">Phantoms Expansion<\/a><\/h2><div class='post-meta-user '><\/div><\/div><\/div><\/div><div class=\"rt-col-md-4 rt-col-sm-6 rt-col-xs-12 even-grid-item rt-grid-item img_zoom_in\" data-id=\"5776\"><div class=\"rt-holder\"><div class='overlay'><a data-id='5776' class=' tpg-single-popup' href='https:\/\/meeplendice.net\/?page_id=5776'><img loading=\"lazy\" decoding=\"async\" width=\"350\" height=\"350\" src=\"https:\/\/meeplendice.net\/wp-content\/uploads\/2020\/04\/DS_Explorers.png\" class=\"rt-img-responsive \" alt=\"\" \/><\/a><\/div><div class='post-info'><h2 class=\"entry-title\"><a data-id=\"5776\" class=\" tpg-single-popup\" href=\"https:\/\/meeplendice.net\/?page_id=5776\">Explorers Expansion<\/a><\/h2><div class='post-meta-user '><\/div><\/div><\/div><\/div><\/div><div class='rt-pagination-wrap' data-total-pages='2' data-posts-per-page='3' data-type='pagination_ajax'  ><div class='rt-page-numbers'><\/div><\/div><\/div><\/p>\n<\/div>\n<\/div><\/div><\/div><\/div><div id=\"pg-5284-4\"  class=\"panel-grid panel-no-style\" ><div id=\"pgc-5284-4-0\"  class=\"panel-grid-cell\" ><div id=\"panel-5284-4-0-0\" class=\"so-panel widget widget_sow-editor panel-first-child panel-last-child\" data-index=\"10\" ><div\n\t\t\t\n\t\t\tclass=\"so-widget-sow-editor so-widget-sow-editor-base\"\n\t\t\t\n\t\t>\n<div class=\"siteorigin-widget-tinymce textwidget\">\n\t<hr \/>\n<p style=\"text-align: center;\"><strong>Pour aller plus loin<\/strong><\/p>\n<\/div>\n<\/div><\/div><\/div><\/div><\/div>","protected":false},"excerpt":{"rendered":"<p>Nombre de joueurs : 1 &#8211; 4 Dur\u00e9e moyenne : 120 min Age : 14 ans et plus Auteur(s) : Mat Hart Rich Loxam Illustrations : Tom Hutchings&#8230; \u00c9dition : Steamforged Games 2019 Version : Fran\u00e7aise<\/p>\n","protected":false},"author":2,"featured_media":5220,"parent":0,"menu_order":0,"comment_status":"closed","ping_status":"closed","template":"","meta":{"footnotes":""},"class_list":["post-5284","page","type-page","status-publish","has-post-thumbnail","hentry"],"acf":[],"rttpg_featured_image_url":{"full":["https:\/\/meeplendice.net\/wp-content\/uploads\/2019\/11\/Darksouls.png",350,350,false],"landscape":["https:\/\/meeplendice.net\/wp-content\/uploads\/2019\/11\/Darksouls.png",350,350,false],"portraits":["https:\/\/meeplendice.net\/wp-content\/uploads\/2019\/11\/Darksouls.png",350,350,false],"thumbnail":["https:\/\/meeplendice.net\/wp-content\/uploads\/2019\/11\/Darksouls-150x150.png",150,150,true],"medium":["https:\/\/meeplendice.net\/wp-content\/uploads\/2019\/11\/Darksouls-300x300.png",300,300,true],"large":["https:\/\/meeplendice.net\/wp-content\/uploads\/2019\/11\/Darksouls.png",350,350,false],"ug_big":["https:\/\/meeplendice.net\/wp-content\/uploads\/2019\/11\/Darksouls.png",350,350,false],"1536x1536":["https:\/\/meeplendice.net\/wp-content\/uploads\/2019\/11\/Darksouls.png",350,350,false],"2048x2048":["https:\/\/meeplendice.net\/wp-content\/uploads\/2019\/11\/Darksouls.png",350,350,false],"ashe-slider-grid-thumbnail":["https:\/\/meeplendice.net\/wp-content\/uploads\/2019\/11\/Darksouls.png",350,350,false],"ashe-full-thumbnail":["https:\/\/meeplendice.net\/wp-content\/uploads\/2019\/11\/Darksouls.png",350,350,false],"ashe-grid-thumbnail":["https:\/\/meeplendice.net\/wp-content\/uploads\/2019\/11\/Darksouls-350x330.png",350,330,true],"ashe-list-thumbnail":["https:\/\/meeplendice.net\/wp-content\/uploads\/2019\/11\/Darksouls-300x300.png",300,300,true],"ashe-single-navigation":["https:\/\/meeplendice.net\/wp-content\/uploads\/2019\/11\/Darksouls-75x75.png",75,75,true],"mailpoet_newsletter_max":["https:\/\/meeplendice.net\/wp-content\/uploads\/2019\/11\/Darksouls.png",350,350,false],"rpwe-thumbnail":["https:\/\/meeplendice.net\/wp-content\/uploads\/2019\/11\/Darksouls-45x45.png",45,45,true],"sow-carousel-default":["https:\/\/meeplendice.net\/wp-content\/uploads\/2019\/11\/Darksouls-272x182.png",272,182,true],"rt_custom":["https:\/\/meeplendice.net\/wp-content\/uploads\/2019\/11\/Darksouls.png",350,350,false]},"rttpg_author":{"display_name":"Karnby","author_link":"https:\/\/meeplendice.net\/?author=2"},"rttpg_comment":0,"rttpg_category":null,"rttpg_excerpt":"Nombre de joueurs : 1 - 4 Dur\u00e9e moyenne : 120 min Age : 14 ans et plus Auteur(s) : Mat Hart Rich Loxam Illustrations : Tom Hutchings... \u00c9dition : Steamforged Games 2019 Version : Fran\u00e7aise","_links":{"self":[{"href":"https:\/\/meeplendice.net\/index.php?rest_route=\/wp\/v2\/pages\/5284","targetHints":{"allow":["GET"]}}],"collection":[{"href":"https:\/\/meeplendice.net\/index.php?rest_route=\/wp\/v2\/pages"}],"about":[{"href":"https:\/\/meeplendice.net\/index.php?rest_route=\/wp\/v2\/types\/page"}],"author":[{"embeddable":true,"href":"https:\/\/meeplendice.net\/index.php?rest_route=\/wp\/v2\/users\/2"}],"replies":[{"embeddable":true,"href":"https:\/\/meeplendice.net\/index.php?rest_route=%2Fwp%2Fv2%2Fcomments&post=5284"}],"version-history":[{"count":11,"href":"https:\/\/meeplendice.net\/index.php?rest_route=\/wp\/v2\/pages\/5284\/revisions"}],"predecessor-version":[{"id":7235,"href":"https:\/\/meeplendice.net\/index.php?rest_route=\/wp\/v2\/pages\/5284\/revisions\/7235"}],"wp:featuredmedia":[{"embeddable":true,"href":"https:\/\/meeplendice.net\/index.php?rest_route=\/wp\/v2\/media\/5220"}],"wp:attachment":[{"href":"https:\/\/meeplendice.net\/index.php?rest_route=%2Fwp%2Fv2%2Fmedia&parent=5284"}],"curies":[{"name":"wp","href":"https:\/\/api.w.org\/{rel}","templated":true}]}}