{"id":5305,"date":"2019-11-09T17:34:45","date_gmt":"2019-11-09T16:34:45","guid":{"rendered":"http:\/\/meeplendice.net\/?page_id=5305"},"modified":"2020-09-01T15:26:31","modified_gmt":"2020-09-01T14:26:31","slug":"chasse-aux-oeufs-guerre-atomique","status":"publish","type":"page","link":"https:\/\/meeplendice.net\/?page_id=5305","title":{"rendered":"Chasse aux Oeufs &#038; Guerre Atomique"},"content":{"rendered":"<section id=\"tab-description\" class=\"page-product-box r-tabs-panel r-tabs-state-active\">\n<div class=\"rte\">\n<div>Avec cette premi\u00e8re mini extension pour Welcome, d\u00e9couvrez un nouveau Mode Solo o\u00f9 vous affronterez les architectes de la AAA (diff\u00e9rents niveaux de difficult\u00e9 sont disponibles et davantage de choix seront n\u00e9cessaires).<\/div>\n<div><\/div>\n<div>\n<div>R\u00e9coltez des oeufs de p\u00e2ques et construisez des abris antiatomiques dans votre jardin avec nos 2 nouvelles th\u00e9matiques. De nouvelles illustrations de feuilles accompagn\u00e9es d\u2019une petite r\u00e8gle sp\u00e9cifique suppl\u00e9mentaire, ainsi que de nouvelles cartes plans, renouvelleront la fa\u00e7on de jouer, tout en restant aussi accessible que le jeu de base.<\/div>\n<\/div>\n<\/div>\n<\/section>\n<p>&nbsp;<\/p>\n<p><span id=\"result_box\" class=\"\" lang=\"fr\"><span class=\"\">\u00a0<\/span><\/span><\/p>\n","protected":false},"excerpt":{"rendered":"<p>Avec cette premi\u00e8re mini extension pour Welcome, d\u00e9couvrez un nouveau Mode Solo o\u00f9 vous affronterez les architectes de la AAA (diff\u00e9rents niveaux de difficult\u00e9 sont disponibles et davantage de choix seront n\u00e9cessaires). R\u00e9coltez des oeufs de p\u00e2ques et construisez des abris antiatomiques dans votre jardin avec nos 2 nouvelles th\u00e9matiques. De nouvelles illustrations de feuilles accompagn\u00e9es d\u2019une petite r\u00e8gle sp\u00e9cifique suppl\u00e9mentaire, ainsi que de nouvelles cartes plans, renouvelleront la fa\u00e7on de jouer, tout en restant aussi accessible que le jeu de base. &nbsp; \u00a0<\/p>\n","protected":false},"author":2,"featured_media":5298,"parent":4062,"menu_order":1,"comment_status":"closed","ping_status":"closed","template":"","meta":{"footnotes":""},"class_list":["post-5305","page","type-page","status-publish","has-post-thumbnail","hentry"],"acf":[],"rttpg_featured_image_url":{"full":["https:\/\/meeplendice.net\/wp-content\/uploads\/2019\/11\/Welcome_OeufGuerre.png",350,350,false],"landscape":["https:\/\/meeplendice.net\/wp-content\/uploads\/2019\/11\/Welcome_OeufGuerre.png",350,350,false],"portraits":["https:\/\/meeplendice.net\/wp-content\/uploads\/2019\/11\/Welcome_OeufGuerre.png",350,350,false],"thumbnail":["https:\/\/meeplendice.net\/wp-content\/uploads\/2019\/11\/Welcome_OeufGuerre-150x150.png",150,150,true],"medium":["https:\/\/meeplendice.net\/wp-content\/uploads\/2019\/11\/Welcome_OeufGuerre-300x300.png",300,300,true],"large":["https:\/\/meeplendice.net\/wp-content\/uploads\/2019\/11\/Welcome_OeufGuerre.png",350,350,false],"ug_big":["https:\/\/meeplendice.net\/wp-content\/uploads\/2019\/11\/Welcome_OeufGuerre.png",350,350,false],"1536x1536":["https:\/\/meeplendice.net\/wp-content\/uploads\/2019\/11\/Welcome_OeufGuerre.png",350,350,false],"2048x2048":["https:\/\/meeplendice.net\/wp-content\/uploads\/2019\/11\/Welcome_OeufGuerre.png",350,350,false],"ashe-slider-grid-thumbnail":["https:\/\/meeplendice.net\/wp-content\/uploads\/2019\/11\/Welcome_OeufGuerre.png",350,350,false],"ashe-full-thumbnail":["https:\/\/meeplendice.net\/wp-content\/uploads\/2019\/11\/Welcome_OeufGuerre.png",350,350,false],"ashe-grid-thumbnail":["https:\/\/meeplendice.net\/wp-content\/uploads\/2019\/11\/Welcome_OeufGuerre-350x330.png",350,330,true],"ashe-list-thumbnail":["https:\/\/meeplendice.net\/wp-content\/uploads\/2019\/11\/Welcome_OeufGuerre-300x300.png",300,300,true],"ashe-single-navigation":["https:\/\/meeplendice.net\/wp-content\/uploads\/2019\/11\/Welcome_OeufGuerre-75x75.png",75,75,true],"mailpoet_newsletter_max":["https:\/\/meeplendice.net\/wp-content\/uploads\/2019\/11\/Welcome_OeufGuerre.png",350,350,false],"rpwe-thumbnail":["https:\/\/meeplendice.net\/wp-content\/uploads\/2019\/11\/Welcome_OeufGuerre-45x45.png",45,45,true],"sow-carousel-default":["https:\/\/meeplendice.net\/wp-content\/uploads\/2019\/11\/Welcome_OeufGuerre-272x182.png",272,182,true],"rt_custom":["https:\/\/meeplendice.net\/wp-content\/uploads\/2019\/11\/Welcome_OeufGuerre.png",350,350,false]},"rttpg_author":{"display_name":"Karnby","author_link":"https:\/\/meeplendice.net\/?author=2"},"rttpg_comment":0,"rttpg_category":null,"rttpg_excerpt":"Avec cette premi\u00e8re mini extension pour Welcome, d\u00e9couvrez un nouveau Mode Solo o\u00f9 vous affronterez les architectes de la AAA (diff\u00e9rents niveaux de difficult\u00e9 sont disponibles et davantage de choix seront n\u00e9cessaires). R\u00e9coltez des oeufs de p\u00e2ques et construisez des abris antiatomiques dans votre jardin avec nos 2 nouvelles th\u00e9matiques. De nouvelles illustrations de feuilles\u2026","_links":{"self":[{"href":"https:\/\/meeplendice.net\/index.php?rest_route=\/wp\/v2\/pages\/5305","targetHints":{"allow":["GET"]}}],"collection":[{"href":"https:\/\/meeplendice.net\/index.php?rest_route=\/wp\/v2\/pages"}],"about":[{"href":"https:\/\/meeplendice.net\/index.php?rest_route=\/wp\/v2\/types\/page"}],"author":[{"embeddable":true,"href":"https:\/\/meeplendice.net\/index.php?rest_route=\/wp\/v2\/users\/2"}],"replies":[{"embeddable":true,"href":"https:\/\/meeplendice.net\/index.php?rest_route=%2Fwp%2Fv2%2Fcomments&post=5305"}],"version-history":[{"count":2,"href":"https:\/\/meeplendice.net\/index.php?rest_route=\/wp\/v2\/pages\/5305\/revisions"}],"predecessor-version":[{"id":6588,"href":"https:\/\/meeplendice.net\/index.php?rest_route=\/wp\/v2\/pages\/5305\/revisions\/6588"}],"up":[{"embeddable":true,"href":"https:\/\/meeplendice.net\/index.php?rest_route=\/wp\/v2\/pages\/4062"}],"wp:featuredmedia":[{"embeddable":true,"href":"https:\/\/meeplendice.net\/index.php?rest_route=\/wp\/v2\/media\/5298"}],"wp:attachment":[{"href":"https:\/\/meeplendice.net\/index.php?rest_route=%2Fwp%2Fv2%2Fmedia&parent=5305"}],"curies":[{"name":"wp","href":"https:\/\/api.w.org\/{rel}","templated":true}]}}