{"id":5309,"date":"2019-11-09T17:37:54","date_gmt":"2019-11-09T16:37:54","guid":{"rendered":"http:\/\/meeplendice.net\/?page_id=5309"},"modified":"2020-09-01T14:33:48","modified_gmt":"2020-09-01T13:33:48","slug":"yokai","status":"publish","type":"page","link":"https:\/\/meeplendice.net\/?page_id=5309","title":{"rendered":"Yokai"},"content":{"rendered":"<p>Dans l&rsquo;atelier, le ma\u00eetre murmure : \u00ab\u00a0Il viendra un jour o\u00f9 votre estampe vous laissera insatisfaits. Vous la contemplerez, la corrigerez et la d\u00e9truirez sans pouvoir \u00e9vacuer ce lourd sentiment de vide. Votre art est vivant. Il doit \u00eatre nourri. Ma\u00eetriser le trait de la mer et des montagnes ne vous suffira plus. Sous vos doigts, votre pinceau formera alors des dessins jusque-l\u00e0 inconnus. Des ombrelles, des lanternes. Peut-\u00eatre des cerfs-volants. Et tout cela est pour le mieux. Mais&#8230; (et il prononce ces mots avec une gravit\u00e9 in\u00e9dite) Mais prenez garde aux Yokai\u201d<span id=\"result_box\" class=\"\" lang=\"fr\"><\/span><\/p>\n","protected":false},"excerpt":{"rendered":"<p>Dans l&rsquo;atelier, le ma\u00eetre murmure : \u00ab\u00a0Il viendra un jour o\u00f9 votre estampe vous laissera insatisfaits. Vous la contemplerez, la corrigerez et la d\u00e9truirez sans pouvoir \u00e9vacuer ce lourd sentiment de vide. Votre art est vivant. Il doit \u00eatre nourri. Ma\u00eetriser le trait de la mer et des montagnes ne vous suffira plus. Sous vos doigts, votre pinceau formera alors des dessins jusque-l\u00e0 inconnus. Des ombrelles, des lanternes. Peut-\u00eatre des cerfs-volants. Et tout cela est pour le mieux. Mais&#8230; (et il prononce ces mots avec une gravit\u00e9 in\u00e9dite) Mais prenez garde aux Yokai\u201d<\/p>\n","protected":false},"author":2,"featured_media":5295,"parent":2321,"menu_order":1,"comment_status":"closed","ping_status":"closed","template":"","meta":{"footnotes":""},"class_list":["post-5309","page","type-page","status-publish","has-post-thumbnail","hentry"],"acf":[],"rttpg_featured_image_url":{"full":["https:\/\/meeplendice.net\/wp-content\/uploads\/2019\/11\/Kanagawa_Yokai.png",350,350,false],"landscape":["https:\/\/meeplendice.net\/wp-content\/uploads\/2019\/11\/Kanagawa_Yokai.png",350,350,false],"portraits":["https:\/\/meeplendice.net\/wp-content\/uploads\/2019\/11\/Kanagawa_Yokai.png",350,350,false],"thumbnail":["https:\/\/meeplendice.net\/wp-content\/uploads\/2019\/11\/Kanagawa_Yokai-150x150.png",150,150,true],"medium":["https:\/\/meeplendice.net\/wp-content\/uploads\/2019\/11\/Kanagawa_Yokai-300x300.png",300,300,true],"large":["https:\/\/meeplendice.net\/wp-content\/uploads\/2019\/11\/Kanagawa_Yokai.png",350,350,false],"ug_big":["https:\/\/meeplendice.net\/wp-content\/uploads\/2019\/11\/Kanagawa_Yokai.png",350,350,false],"1536x1536":["https:\/\/meeplendice.net\/wp-content\/uploads\/2019\/11\/Kanagawa_Yokai.png",350,350,false],"2048x2048":["https:\/\/meeplendice.net\/wp-content\/uploads\/2019\/11\/Kanagawa_Yokai.png",350,350,false],"ashe-slider-grid-thumbnail":["https:\/\/meeplendice.net\/wp-content\/uploads\/2019\/11\/Kanagawa_Yokai.png",350,350,false],"ashe-full-thumbnail":["https:\/\/meeplendice.net\/wp-content\/uploads\/2019\/11\/Kanagawa_Yokai.png",350,350,false],"ashe-grid-thumbnail":["https:\/\/meeplendice.net\/wp-content\/uploads\/2019\/11\/Kanagawa_Yokai-350x330.png",350,330,true],"ashe-list-thumbnail":["https:\/\/meeplendice.net\/wp-content\/uploads\/2019\/11\/Kanagawa_Yokai-300x300.png",300,300,true],"ashe-single-navigation":["https:\/\/meeplendice.net\/wp-content\/uploads\/2019\/11\/Kanagawa_Yokai-75x75.png",75,75,true],"mailpoet_newsletter_max":["https:\/\/meeplendice.net\/wp-content\/uploads\/2019\/11\/Kanagawa_Yokai.png",350,350,false],"rpwe-thumbnail":["https:\/\/meeplendice.net\/wp-content\/uploads\/2019\/11\/Kanagawa_Yokai-45x45.png",45,45,true],"sow-carousel-default":["https:\/\/meeplendice.net\/wp-content\/uploads\/2019\/11\/Kanagawa_Yokai-272x182.png",272,182,true],"rt_custom":["https:\/\/meeplendice.net\/wp-content\/uploads\/2019\/11\/Kanagawa_Yokai.png",350,350,false]},"rttpg_author":{"display_name":"Karnby","author_link":"https:\/\/meeplendice.net\/?author=2"},"rttpg_comment":0,"rttpg_category":null,"rttpg_excerpt":"Dans l&rsquo;atelier, le ma\u00eetre murmure : \u00ab\u00a0Il viendra un jour o\u00f9 votre estampe vous laissera insatisfaits. Vous la contemplerez, la corrigerez et la d\u00e9truirez sans pouvoir \u00e9vacuer ce lourd sentiment de vide. Votre art est vivant. Il doit \u00eatre nourri. Ma\u00eetriser le trait de la mer et des montagnes ne vous suffira plus. Sous vos\u2026","_links":{"self":[{"href":"https:\/\/meeplendice.net\/index.php?rest_route=\/wp\/v2\/pages\/5309","targetHints":{"allow":["GET"]}}],"collection":[{"href":"https:\/\/meeplendice.net\/index.php?rest_route=\/wp\/v2\/pages"}],"about":[{"href":"https:\/\/meeplendice.net\/index.php?rest_route=\/wp\/v2\/types\/page"}],"author":[{"embeddable":true,"href":"https:\/\/meeplendice.net\/index.php?rest_route=\/wp\/v2\/users\/2"}],"replies":[{"embeddable":true,"href":"https:\/\/meeplendice.net\/index.php?rest_route=%2Fwp%2Fv2%2Fcomments&post=5309"}],"version-history":[{"count":2,"href":"https:\/\/meeplendice.net\/index.php?rest_route=\/wp\/v2\/pages\/5309\/revisions"}],"predecessor-version":[{"id":6552,"href":"https:\/\/meeplendice.net\/index.php?rest_route=\/wp\/v2\/pages\/5309\/revisions\/6552"}],"up":[{"embeddable":true,"href":"https:\/\/meeplendice.net\/index.php?rest_route=\/wp\/v2\/pages\/2321"}],"wp:featuredmedia":[{"embeddable":true,"href":"https:\/\/meeplendice.net\/index.php?rest_route=\/wp\/v2\/media\/5295"}],"wp:attachment":[{"href":"https:\/\/meeplendice.net\/index.php?rest_route=%2Fwp%2Fv2%2Fmedia&parent=5309"}],"curies":[{"name":"wp","href":"https:\/\/api.w.org\/{rel}","templated":true}]}}