{"id":5312,"date":"2019-11-09T17:43:26","date_gmt":"2019-11-09T16:43:26","guid":{"rendered":"http:\/\/meeplendice.net\/?page_id=5312"},"modified":"2020-09-01T13:05:40","modified_gmt":"2020-09-01T12:05:40","slug":"moon","status":"publish","type":"page","link":"https:\/\/meeplendice.net\/?page_id=5312","title":{"rendered":"Moon"},"content":{"rendered":"<p>Le p\u00f4le sud de la Lune est d\u00e9sormais habit\u00e9 : la Terre a d\u00e9cid\u00e9 d&rsquo;y construire des \u00e9coles et universit\u00e9s du futur pour former celles et ceux qui mod\u00e8leront notre syst\u00e8me plan\u00e9taire.<br \/>\nL&rsquo;une d&rsquo;elles formes des Conseillers que vous devrez transporter vers Ganym\u00e8de. Une fois sur Ganym\u00e8de, ces Conseillers vous feront profiter de leur expertise et de leurs capacit\u00e9s&#8230;<span id=\"result_box\" class=\"\" lang=\"fr\"><\/span><\/p>\n","protected":false},"excerpt":{"rendered":"<p>Le p\u00f4le sud de la Lune est d\u00e9sormais habit\u00e9 : la Terre a d\u00e9cid\u00e9 d&rsquo;y construire des \u00e9coles et universit\u00e9s du futur pour former celles et ceux qui mod\u00e8leront notre syst\u00e8me plan\u00e9taire. L&rsquo;une d&rsquo;elles formes des Conseillers que vous devrez transporter vers Ganym\u00e8de. Une fois sur Ganym\u00e8de, ces Conseillers vous feront profiter de leur expertise et de leurs capacit\u00e9s&#8230;<\/p>\n","protected":false},"author":2,"featured_media":5293,"parent":4473,"menu_order":1,"comment_status":"closed","ping_status":"closed","template":"","meta":{"footnotes":""},"class_list":["post-5312","page","type-page","status-publish","has-post-thumbnail","hentry"],"acf":[],"rttpg_featured_image_url":{"full":["https:\/\/meeplendice.net\/wp-content\/uploads\/2019\/11\/Ganymede_Moon.png",350,350,false],"landscape":["https:\/\/meeplendice.net\/wp-content\/uploads\/2019\/11\/Ganymede_Moon.png",350,350,false],"portraits":["https:\/\/meeplendice.net\/wp-content\/uploads\/2019\/11\/Ganymede_Moon.png",350,350,false],"thumbnail":["https:\/\/meeplendice.net\/wp-content\/uploads\/2019\/11\/Ganymede_Moon-150x150.png",150,150,true],"medium":["https:\/\/meeplendice.net\/wp-content\/uploads\/2019\/11\/Ganymede_Moon-300x300.png",300,300,true],"large":["https:\/\/meeplendice.net\/wp-content\/uploads\/2019\/11\/Ganymede_Moon.png",350,350,false],"ug_big":["https:\/\/meeplendice.net\/wp-content\/uploads\/2019\/11\/Ganymede_Moon.png",350,350,false],"1536x1536":["https:\/\/meeplendice.net\/wp-content\/uploads\/2019\/11\/Ganymede_Moon.png",350,350,false],"2048x2048":["https:\/\/meeplendice.net\/wp-content\/uploads\/2019\/11\/Ganymede_Moon.png",350,350,false],"ashe-slider-grid-thumbnail":["https:\/\/meeplendice.net\/wp-content\/uploads\/2019\/11\/Ganymede_Moon.png",350,350,false],"ashe-full-thumbnail":["https:\/\/meeplendice.net\/wp-content\/uploads\/2019\/11\/Ganymede_Moon.png",350,350,false],"ashe-grid-thumbnail":["https:\/\/meeplendice.net\/wp-content\/uploads\/2019\/11\/Ganymede_Moon-350x330.png",350,330,true],"ashe-list-thumbnail":["https:\/\/meeplendice.net\/wp-content\/uploads\/2019\/11\/Ganymede_Moon-300x300.png",300,300,true],"ashe-single-navigation":["https:\/\/meeplendice.net\/wp-content\/uploads\/2019\/11\/Ganymede_Moon-75x75.png",75,75,true],"mailpoet_newsletter_max":["https:\/\/meeplendice.net\/wp-content\/uploads\/2019\/11\/Ganymede_Moon.png",350,350,false],"rpwe-thumbnail":["https:\/\/meeplendice.net\/wp-content\/uploads\/2019\/11\/Ganymede_Moon-45x45.png",45,45,true],"sow-carousel-default":["https:\/\/meeplendice.net\/wp-content\/uploads\/2019\/11\/Ganymede_Moon-272x182.png",272,182,true],"rt_custom":["https:\/\/meeplendice.net\/wp-content\/uploads\/2019\/11\/Ganymede_Moon.png",350,350,false]},"rttpg_author":{"display_name":"Karnby","author_link":"https:\/\/meeplendice.net\/?author=2"},"rttpg_comment":0,"rttpg_category":null,"rttpg_excerpt":"Le p\u00f4le sud de la Lune est d\u00e9sormais habit\u00e9 : la Terre a d\u00e9cid\u00e9 d&rsquo;y construire des \u00e9coles et universit\u00e9s du futur pour former celles et ceux qui mod\u00e8leront notre syst\u00e8me plan\u00e9taire. L&rsquo;une d&rsquo;elles formes des Conseillers que vous devrez transporter vers Ganym\u00e8de. Une fois sur Ganym\u00e8de, ces Conseillers vous feront profiter de leur expertise\u2026","_links":{"self":[{"href":"https:\/\/meeplendice.net\/index.php?rest_route=\/wp\/v2\/pages\/5312","targetHints":{"allow":["GET"]}}],"collection":[{"href":"https:\/\/meeplendice.net\/index.php?rest_route=\/wp\/v2\/pages"}],"about":[{"href":"https:\/\/meeplendice.net\/index.php?rest_route=\/wp\/v2\/types\/page"}],"author":[{"embeddable":true,"href":"https:\/\/meeplendice.net\/index.php?rest_route=\/wp\/v2\/users\/2"}],"replies":[{"embeddable":true,"href":"https:\/\/meeplendice.net\/index.php?rest_route=%2Fwp%2Fv2%2Fcomments&post=5312"}],"version-history":[{"count":2,"href":"https:\/\/meeplendice.net\/index.php?rest_route=\/wp\/v2\/pages\/5312\/revisions"}],"predecessor-version":[{"id":6534,"href":"https:\/\/meeplendice.net\/index.php?rest_route=\/wp\/v2\/pages\/5312\/revisions\/6534"}],"up":[{"embeddable":true,"href":"https:\/\/meeplendice.net\/index.php?rest_route=\/wp\/v2\/pages\/4473"}],"wp:featuredmedia":[{"embeddable":true,"href":"https:\/\/meeplendice.net\/index.php?rest_route=\/wp\/v2\/media\/5293"}],"wp:attachment":[{"href":"https:\/\/meeplendice.net\/index.php?rest_route=%2Fwp%2Fv2%2Fmedia&parent=5312"}],"curies":[{"name":"wp","href":"https:\/\/api.w.org\/{rel}","templated":true}]}}