{"id":5317,"date":"2019-11-09T17:51:39","date_gmt":"2019-11-09T16:51:39","guid":{"rendered":"http:\/\/meeplendice.net\/?page_id=5317"},"modified":"2020-08-31T16:38:49","modified_gmt":"2020-08-31T15:38:49","slug":"nouvelle-californie","status":"publish","type":"page","link":"https:\/\/meeplendice.net\/?page_id=5317","title":{"rendered":"Nouvelle Californie"},"content":{"rendered":"<div class=\"p_collection\">\n<p><em>Bienvenue sous le soleil de Californie !<\/em><\/p>\n<p><em>Ah, la Californie\u00a0: le soleil, la brise marine\u2026 et le d\u00e9sert radioactif qui s\u2019\u00e9tend aussi loin que porte le regard. Cet \u00e9tat c\u00f4tier, aujourd\u2019hui d\u00e9vast\u00e9, \u00e9tait jadis un v\u00e9ritable joyau. Mais, depuis la Grande Guerre, la r\u00e9gion connue sous le nom de Nouvelle Californie est en proie au chaos. Et \u00e7a, c\u2019est une bonne nouvelle\u00a0! Car, l\u00e0 o\u00f9 r\u00e8gne le chaos, il est facile de s\u2019en mettre plein les poches\u00a0!<\/em><\/p>\n<p>L\u2019extension Nouvelle Californie permet d\u2019ajouter des qu\u00eates, des compagnons, des abris et des objets \u00e0 Fallout\u00a0: Le Jeu de Plateau. Un nouveau sc\u00e9nario en coop\u00e9ration permet aux survivants d\u2019\u0153uvrer de concert et les nouvelles tuiles de plateau multiplient les possibilit\u00e9s d\u2019exploration. Le soleil brille, les flingues aussi\u00a0!<\/p>\n<\/div>\n<p>&nbsp;<\/p>\n<p><span id=\"result_box\" class=\"\" lang=\"fr\"><span class=\"\">\u00a0<\/span><\/span><\/p>\n","protected":false},"excerpt":{"rendered":"<p>Bienvenue sous le soleil de Californie ! Ah, la Californie\u00a0: le soleil, la brise marine\u2026 et le d\u00e9sert radioactif qui s\u2019\u00e9tend aussi loin que porte le regard. Cet \u00e9tat c\u00f4tier, aujourd\u2019hui d\u00e9vast\u00e9, \u00e9tait jadis un v\u00e9ritable joyau. Mais, depuis la Grande Guerre, la r\u00e9gion connue sous le nom de Nouvelle Californie est en proie au chaos. Et \u00e7a, c\u2019est une bonne nouvelle\u00a0! Car, l\u00e0 o\u00f9 r\u00e8gne le chaos, il est facile de s\u2019en mettre plein les poches\u00a0! L\u2019extension Nouvelle Californie permet d\u2019ajouter des qu\u00eates, des compagnons, des abris et des objets \u00e0 Fallout\u00a0: Le Jeu de Plateau. Un nouveau sc\u00e9nario en coop\u00e9ration permet aux survivants d\u2019\u0153uvrer de concert et les nouvelles tuiles de plateau multiplient les possibilit\u00e9s d\u2019exploration. Le soleil brille, les flingues aussi\u00a0! &nbsp; \u00a0<\/p>\n","protected":false},"author":2,"featured_media":5319,"parent":4924,"menu_order":1,"comment_status":"closed","ping_status":"closed","template":"","meta":{"footnotes":""},"class_list":["post-5317","page","type-page","status-publish","has-post-thumbnail","hentry"],"acf":[],"rttpg_featured_image_url":{"full":["https:\/\/meeplendice.net\/wp-content\/uploads\/2019\/11\/Fallout_NewCalifornie.png",350,350,false],"landscape":["https:\/\/meeplendice.net\/wp-content\/uploads\/2019\/11\/Fallout_NewCalifornie.png",350,350,false],"portraits":["https:\/\/meeplendice.net\/wp-content\/uploads\/2019\/11\/Fallout_NewCalifornie.png",350,350,false],"thumbnail":["https:\/\/meeplendice.net\/wp-content\/uploads\/2019\/11\/Fallout_NewCalifornie-150x150.png",150,150,true],"medium":["https:\/\/meeplendice.net\/wp-content\/uploads\/2019\/11\/Fallout_NewCalifornie-300x300.png",300,300,true],"large":["https:\/\/meeplendice.net\/wp-content\/uploads\/2019\/11\/Fallout_NewCalifornie.png",350,350,false],"ug_big":["https:\/\/meeplendice.net\/wp-content\/uploads\/2019\/11\/Fallout_NewCalifornie.png",350,350,false],"1536x1536":["https:\/\/meeplendice.net\/wp-content\/uploads\/2019\/11\/Fallout_NewCalifornie.png",350,350,false],"2048x2048":["https:\/\/meeplendice.net\/wp-content\/uploads\/2019\/11\/Fallout_NewCalifornie.png",350,350,false],"ashe-slider-grid-thumbnail":["https:\/\/meeplendice.net\/wp-content\/uploads\/2019\/11\/Fallout_NewCalifornie.png",350,350,false],"ashe-full-thumbnail":["https:\/\/meeplendice.net\/wp-content\/uploads\/2019\/11\/Fallout_NewCalifornie.png",350,350,false],"ashe-grid-thumbnail":["https:\/\/meeplendice.net\/wp-content\/uploads\/2019\/11\/Fallout_NewCalifornie-350x330.png",350,330,true],"ashe-list-thumbnail":["https:\/\/meeplendice.net\/wp-content\/uploads\/2019\/11\/Fallout_NewCalifornie-300x300.png",300,300,true],"ashe-single-navigation":["https:\/\/meeplendice.net\/wp-content\/uploads\/2019\/11\/Fallout_NewCalifornie-75x75.png",75,75,true],"mailpoet_newsletter_max":["https:\/\/meeplendice.net\/wp-content\/uploads\/2019\/11\/Fallout_NewCalifornie.png",350,350,false],"rpwe-thumbnail":["https:\/\/meeplendice.net\/wp-content\/uploads\/2019\/11\/Fallout_NewCalifornie-45x45.png",45,45,true],"sow-carousel-default":["https:\/\/meeplendice.net\/wp-content\/uploads\/2019\/11\/Fallout_NewCalifornie-272x182.png",272,182,true],"rt_custom":["https:\/\/meeplendice.net\/wp-content\/uploads\/2019\/11\/Fallout_NewCalifornie.png",350,350,false]},"rttpg_author":{"display_name":"Karnby","author_link":"https:\/\/meeplendice.net\/?author=2"},"rttpg_comment":0,"rttpg_category":null,"rttpg_excerpt":"Bienvenue sous le soleil de Californie ! Ah, la Californie\u00a0: le soleil, la brise marine\u2026 et le d\u00e9sert radioactif qui s\u2019\u00e9tend aussi loin que porte le regard. Cet \u00e9tat c\u00f4tier, aujourd\u2019hui d\u00e9vast\u00e9, \u00e9tait jadis un v\u00e9ritable joyau. Mais, depuis la Grande Guerre, la r\u00e9gion connue sous le nom de Nouvelle Californie est en proie au\u2026","_links":{"self":[{"href":"https:\/\/meeplendice.net\/index.php?rest_route=\/wp\/v2\/pages\/5317","targetHints":{"allow":["GET"]}}],"collection":[{"href":"https:\/\/meeplendice.net\/index.php?rest_route=\/wp\/v2\/pages"}],"about":[{"href":"https:\/\/meeplendice.net\/index.php?rest_route=\/wp\/v2\/types\/page"}],"author":[{"embeddable":true,"href":"https:\/\/meeplendice.net\/index.php?rest_route=\/wp\/v2\/users\/2"}],"replies":[{"embeddable":true,"href":"https:\/\/meeplendice.net\/index.php?rest_route=%2Fwp%2Fv2%2Fcomments&post=5317"}],"version-history":[{"count":2,"href":"https:\/\/meeplendice.net\/index.php?rest_route=\/wp\/v2\/pages\/5317\/revisions"}],"predecessor-version":[{"id":6358,"href":"https:\/\/meeplendice.net\/index.php?rest_route=\/wp\/v2\/pages\/5317\/revisions\/6358"}],"up":[{"embeddable":true,"href":"https:\/\/meeplendice.net\/index.php?rest_route=\/wp\/v2\/pages\/4924"}],"wp:featuredmedia":[{"embeddable":true,"href":"https:\/\/meeplendice.net\/index.php?rest_route=\/wp\/v2\/media\/5319"}],"wp:attachment":[{"href":"https:\/\/meeplendice.net\/index.php?rest_route=%2Fwp%2Fv2%2Fmedia&parent=5317"}],"curies":[{"name":"wp","href":"https:\/\/api.w.org\/{rel}","templated":true}]}}