{"id":5324,"date":"2019-11-09T17:58:34","date_gmt":"2019-11-09T16:58:34","guid":{"rendered":"http:\/\/meeplendice.net\/?page_id=5324"},"modified":"2020-09-07T16:12:24","modified_gmt":"2020-09-07T15:12:24","slug":"le-sentier-du-serpent","status":"publish","type":"page","link":"https:\/\/meeplendice.net\/?page_id=5324","title":{"rendered":"Le Sentier du Serpent"},"content":{"rendered":"<div class=\"p_collection\">\n<div class=\"p_collection\">\n<p><em>Bienvenue dans la Jungle\u2026<\/em><\/p>\n<p><em>En d\u00e9pit de sa beaut\u00e9 primitive, la jungle cache de nombreux p\u00e9rils sous ses frondaisons verdoyantes et ses arbres majestueux. La chaleur \u00e9crasante, les provisions limit\u00e9es et les b\u00eates aux crocs ac\u00e9r\u00e9s suffiraient \u00e0 renvoyer n\u2019importe quel explorateur intr\u00e9pide vers le confort de la civilisation. Ceux qui survivent \u00e0 ces dangers ordinaires sont r\u00e9compens\u00e9s par des d\u00e9fis encore plus \u00e9prouvants : idoles maudites, temples truff\u00e9s de pi\u00e8ges et dieux oubli\u00e9s depuis des \u00e2ges attendent quiconque osera percer leurs secrets.<\/em><\/p>\n<p>L\u2019extension <em>Le Sentier du Serpent<\/em> envoie les investigateurs dans les \u00e9tendues inexplor\u00e9es de la jungle amazonienne. Ils devront d\u00e9couvrir les secrets ancestraux de civilisations perdues, mettre un terme \u00e0 la mal\u00e9diction d\u2019un dieu reptilien et explorer des ruines croulantes envahies par le lierre. Livrez bataille contre d\u2019horribles cr\u00e9atures serpentines, affrontez des monstruosit\u00e9s de pierre qui s\u2019\u00e9veillent \u00e0 la vie et triomphez du danger permanent de vous perdre \u00e0 tout jamais dans la jungle au fil de trois nouveaux sc\u00e9narios. Les investigateurs devront se d\u00e9fendre bec et ongles pour survivre \u00e0 leur exp\u00e9dition dans les profondeurs oubli\u00e9es de ce monde !<\/p>\n<\/div>\n<\/div>\n<p>&nbsp;<\/p>\n<p><span id=\"result_box\" class=\"\" lang=\"fr\"><span class=\"\">\u00a0<\/span><\/span><\/p>\n","protected":false},"excerpt":{"rendered":"<p>Bienvenue dans la Jungle\u2026 En d\u00e9pit de sa beaut\u00e9 primitive, la jungle cache de nombreux p\u00e9rils sous ses frondaisons verdoyantes et ses arbres majestueux. La chaleur \u00e9crasante, les provisions limit\u00e9es et les b\u00eates aux crocs ac\u00e9r\u00e9s suffiraient \u00e0 renvoyer n\u2019importe quel explorateur intr\u00e9pide vers le confort de la civilisation. Ceux qui survivent \u00e0 ces dangers ordinaires sont r\u00e9compens\u00e9s par des d\u00e9fis encore plus \u00e9prouvants : idoles maudites, temples truff\u00e9s de pi\u00e8ges et dieux oubli\u00e9s depuis des \u00e2ges attendent quiconque osera percer leurs secrets. L\u2019extension Le Sentier du Serpent envoie les investigateurs dans les \u00e9tendues inexplor\u00e9es de la jungle amazonienne. Ils devront d\u00e9couvrir les secrets ancestraux de civilisations perdues, mettre un terme \u00e0 la mal\u00e9diction d\u2019un dieu reptilien et explorer des ruines croulantes envahies par le lierre. Livrez bataille contre d\u2019horribles cr\u00e9atures serpentines, affrontez des monstruosit\u00e9s de pierre qui s\u2019\u00e9veillent \u00e0 la vie et triomphez du danger permanent de vous perdre \u00e0 tout jamais dans la jungle au fil de trois nouveaux sc\u00e9narios. Les investigateurs devront se d\u00e9fendre bec et ongles pour survivre \u00e0 leur exp\u00e9dition dans les profondeurs oubli\u00e9es de ce monde ! &nbsp; \u00a0<\/p>\n","protected":false},"author":2,"featured_media":5292,"parent":4340,"menu_order":5,"comment_status":"closed","ping_status":"closed","template":"","meta":{"footnotes":""},"class_list":["post-5324","page","type-page","status-publish","has-post-thumbnail","hentry"],"acf":[],"rttpg_featured_image_url":{"full":["https:\/\/meeplendice.net\/wp-content\/uploads\/2019\/11\/LdLv2_Sentierserpent.png",350,350,false],"landscape":["https:\/\/meeplendice.net\/wp-content\/uploads\/2019\/11\/LdLv2_Sentierserpent.png",350,350,false],"portraits":["https:\/\/meeplendice.net\/wp-content\/uploads\/2019\/11\/LdLv2_Sentierserpent.png",350,350,false],"thumbnail":["https:\/\/meeplendice.net\/wp-content\/uploads\/2019\/11\/LdLv2_Sentierserpent-150x150.png",150,150,true],"medium":["https:\/\/meeplendice.net\/wp-content\/uploads\/2019\/11\/LdLv2_Sentierserpent-300x300.png",300,300,true],"large":["https:\/\/meeplendice.net\/wp-content\/uploads\/2019\/11\/LdLv2_Sentierserpent.png",350,350,false],"ug_big":["https:\/\/meeplendice.net\/wp-content\/uploads\/2019\/11\/LdLv2_Sentierserpent.png",350,350,false],"1536x1536":["https:\/\/meeplendice.net\/wp-content\/uploads\/2019\/11\/LdLv2_Sentierserpent.png",350,350,false],"2048x2048":["https:\/\/meeplendice.net\/wp-content\/uploads\/2019\/11\/LdLv2_Sentierserpent.png",350,350,false],"ashe-slider-grid-thumbnail":["https:\/\/meeplendice.net\/wp-content\/uploads\/2019\/11\/LdLv2_Sentierserpent.png",350,350,false],"ashe-full-thumbnail":["https:\/\/meeplendice.net\/wp-content\/uploads\/2019\/11\/LdLv2_Sentierserpent.png",350,350,false],"ashe-grid-thumbnail":["https:\/\/meeplendice.net\/wp-content\/uploads\/2019\/11\/LdLv2_Sentierserpent-350x330.png",350,330,true],"ashe-list-thumbnail":["https:\/\/meeplendice.net\/wp-content\/uploads\/2019\/11\/LdLv2_Sentierserpent-300x300.png",300,300,true],"ashe-single-navigation":["https:\/\/meeplendice.net\/wp-content\/uploads\/2019\/11\/LdLv2_Sentierserpent-75x75.png",75,75,true],"mailpoet_newsletter_max":["https:\/\/meeplendice.net\/wp-content\/uploads\/2019\/11\/LdLv2_Sentierserpent.png",350,350,false],"rpwe-thumbnail":["https:\/\/meeplendice.net\/wp-content\/uploads\/2019\/11\/LdLv2_Sentierserpent-45x45.png",45,45,true],"sow-carousel-default":["https:\/\/meeplendice.net\/wp-content\/uploads\/2019\/11\/LdLv2_Sentierserpent-272x182.png",272,182,true],"rt_custom":["https:\/\/meeplendice.net\/wp-content\/uploads\/2019\/11\/LdLv2_Sentierserpent.png",350,350,false]},"rttpg_author":{"display_name":"Karnby","author_link":"https:\/\/meeplendice.net\/?author=2"},"rttpg_comment":0,"rttpg_category":null,"rttpg_excerpt":"Bienvenue dans la Jungle\u2026 En d\u00e9pit de sa beaut\u00e9 primitive, la jungle cache de nombreux p\u00e9rils sous ses frondaisons verdoyantes et ses arbres majestueux. La chaleur \u00e9crasante, les provisions limit\u00e9es et les b\u00eates aux crocs ac\u00e9r\u00e9s suffiraient \u00e0 renvoyer n\u2019importe quel explorateur intr\u00e9pide vers le confort de la civilisation. Ceux qui survivent \u00e0 ces dangers\u2026","_links":{"self":[{"href":"https:\/\/meeplendice.net\/index.php?rest_route=\/wp\/v2\/pages\/5324","targetHints":{"allow":["GET"]}}],"collection":[{"href":"https:\/\/meeplendice.net\/index.php?rest_route=\/wp\/v2\/pages"}],"about":[{"href":"https:\/\/meeplendice.net\/index.php?rest_route=\/wp\/v2\/types\/page"}],"author":[{"embeddable":true,"href":"https:\/\/meeplendice.net\/index.php?rest_route=\/wp\/v2\/users\/2"}],"replies":[{"embeddable":true,"href":"https:\/\/meeplendice.net\/index.php?rest_route=%2Fwp%2Fv2%2Fcomments&post=5324"}],"version-history":[{"count":2,"href":"https:\/\/meeplendice.net\/index.php?rest_route=\/wp\/v2\/pages\/5324\/revisions"}],"predecessor-version":[{"id":6860,"href":"https:\/\/meeplendice.net\/index.php?rest_route=\/wp\/v2\/pages\/5324\/revisions\/6860"}],"up":[{"embeddable":true,"href":"https:\/\/meeplendice.net\/index.php?rest_route=\/wp\/v2\/pages\/4340"}],"wp:featuredmedia":[{"embeddable":true,"href":"https:\/\/meeplendice.net\/index.php?rest_route=\/wp\/v2\/media\/5292"}],"wp:attachment":[{"href":"https:\/\/meeplendice.net\/index.php?rest_route=%2Fwp%2Fv2%2Fmedia&parent=5324"}],"curies":[{"name":"wp","href":"https:\/\/api.w.org\/{rel}","templated":true}]}}